{"id":21610,"date":"2023-12-28T11:44:39","date_gmt":"2023-12-28T10:44:39","guid":{"rendered":"https:\/\/www.wepaflyer.com\/?post_type=product&#038;p=21610"},"modified":"2026-02-18T18:29:43","modified_gmt":"2026-02-18T17:29:43","slug":"dodo-the-craft-kite-tyvek-25-stueck","status":"publish","type":"product","link":"https:\/\/www.wepaflyer.com\/de\/produkt\/dodo-the-craft-kite-tyvek-25-stueck\/","title":{"rendered":"DODO D\u00e9r Basteldrachen Tyvek 25 St\u00fcck"},"content":{"rendered":"<h3>DODO, der Basteldrachen aus Tyvek! VPE 25 St\u00fcck<\/h3>\n<h4>A4 Blatt Tyvek | Drachen 27 x 19 cm. | R2F | VPE von 25 St\u00fcck<\/h4>\n<p>Sehr sch\u00f6ner Basteldrachen aus rei\u00dffestem Tyvek DRY f\u00fcr die Kinder! Was gibt es Sch\u00f6neres, als seinen eigenen Drachen zu bemalen, ihn auszuschneiden, zusammenzusetzen und ihn dann fliegen zu lassen?!<\/p>\n<p>Komplet R2F (Ready-to-Fly) mit Schnur auf einem Griff, verschiedenem Zubeh\u00f6r, einschlie\u00dflich Glasfaserst\u00e4ben, Verbindungsh\u00fclse, Schwanz und super deutlicher Anleitung auf Deutsch, wie Sie Ihren Drachen in die Luft bringen! Sie m\u00fcssen sich noch eine Schere und ein paar St\u00fccke Klebeband besorgen, aber dann kann es losgehen.<\/p>\n<p>Verpackung mit 25 St\u00fcck, ideal f\u00fcr jede Kinderparty. Perfekt zum Ausmalen mit Buntstift, Filzstift, Wachskreide oder Farbe. Ideal f\u00fcr preisg\u00fcnstige Kinderfeste, Schulen, Vereine und Vereine.<\/p>\n<h3><b>Super Drachen, super Preis, super Spa\u00df, super Angebot!<\/b><\/h3>\n<p>Auch der DODO Basteldrachen erfreut sich bei Jung und Alt gro\u00dfer Beliebtheit. Der DODO braucht etwas Wind, tanzt dann aber fr\u00f6hlich an der Drachenleine.<\/p>\n<p>Befolgen Sie die gedruckte Anleitung (auf Deutsch) und achten Sie auf die Symmetrie. Man kann nichts falsch machen, einfach einen Drachen steigen lassen!<\/p>\n<p>Der Drachen wird in R2F-Ausf\u00fchrung (Ready-to-Fly) mit Drachenschnur auf Griff, einem Schwanz und einer Anleitung geliefert. Einzeln verpackt in einer PE-H\u00fclle. VE = 25 St\u00fcck.<\/p>\n<p><b>Mengenrabatte<\/b>; Beim Kauf gr\u00f6\u00dferer Mengen gew\u00e4hren wir folgende Mengenrabatte:<\/p>\n<ul>\n<li><b>ab 5 VPE: 5 %<\/b><\/li>\n<li><b>ab 10 VPE: 7,5 %<\/b><\/li>\n<li><b>ab 25 VPE: 10 %<\/b><\/li>\n<\/ul>\n<p>Der Mengenrabatt wird direkt im Warenkorb abgerechnet.<\/p>\n","protected":false},"excerpt":{"rendered":"<p>A4 Blatt Tyvek | Drachen 27 x 19 cm. | R2F | VPE von 25 St\u00fcck<\/p>\n","protected":false},"featured_media":10408,"comment_status":"closed","ping_status":"closed","template":"","meta":{"_acf_changed":false},"product_brand":[],"product_cat":[2185,1396,3553,2184,1348,2165],"product_tag":[],"class_list":{"0":"post-21610","1":"product","2":"type-product","3":"status-publish","4":"has-post-thumbnail","6":"product_cat-basteldrachen","7":"product_cat-drachen","8":"product_cat-drachenpakete","9":"product_cat-kinderdrachen","10":"product_cat-marken","11":"product_cat-wepa","12":"pa_breedte-cm-19-de","13":"pa_lengte-cm-27-de","15":"first","16":"instock","17":"sale","18":"taxable","19":"shipping-taxable","20":"purchasable","21":"product-type-simple"},"acf":[],"_links":{"self":[{"href":"https:\/\/www.wepaflyer.com\/de\/wp-json\/wp\/v2\/product\/21610","targetHints":{"allow":["GET"]}}],"collection":[{"href":"https:\/\/www.wepaflyer.com\/de\/wp-json\/wp\/v2\/product"}],"about":[{"href":"https:\/\/www.wepaflyer.com\/de\/wp-json\/wp\/v2\/types\/product"}],"replies":[{"embeddable":true,"href":"https:\/\/www.wepaflyer.com\/de\/wp-json\/wp\/v2\/comments?post=21610"}],"wp:featuredmedia":[{"embeddable":true,"href":"https:\/\/www.wepaflyer.com\/de\/wp-json\/wp\/v2\/media\/10408"}],"wp:attachment":[{"href":"https:\/\/www.wepaflyer.com\/de\/wp-json\/wp\/v2\/media?parent=21610"}],"wp:term":[{"taxonomy":"product_brand","embeddable":true,"href":"https:\/\/www.wepaflyer.com\/de\/wp-json\/wp\/v2\/product_brand?post=21610"},{"taxonomy":"product_cat","embeddable":true,"href":"https:\/\/www.wepaflyer.com\/de\/wp-json\/wp\/v2\/product_cat?post=21610"},{"taxonomy":"product_tag","embeddable":true,"href":"https:\/\/www.wepaflyer.com\/de\/wp-json\/wp\/v2\/product_tag?post=21610"}],"curies":[{"name":"wp","href":"https:\/\/api.w.org\/{rel}","templated":true}]}}