{"id":21604,"date":"2023-12-22T13:26:18","date_gmt":"2023-12-22T12:26:18","guid":{"rendered":"https:\/\/www.wepaflyer.com\/?post_type=product&#038;p=21604"},"modified":"2026-04-06T12:41:05","modified_gmt":"2026-04-06T10:41:05","slug":"cim-ws-kaulquappe","status":"publish","type":"product","link":"https:\/\/www.wepaflyer.com\/de\/produkt\/cim-ws-kaulquappe\/","title":{"rendered":"CiM Kaulquappe WindSock"},"content":{"rendered":"<h3>CiM WindSock Kaulquappe<\/h3>\n<h4>Windsock | \u00f8 25 x 240 cm.<\/h4>\n<p>Die Kaulquappen sind echte Hingucker an der Drachenleine oder am Fahnenmast. Mit einer L\u00e4nge von 2,4 m und einem Durchmesser von 25 cm sind die Kaulquappen besonders in der Gruppe ein sch\u00f6ner Anblick.<\/p>\n<p>Aus rei\u00dffestem Taffeta-Nylongewebe; Erh\u00e4ltlich in 4 Farben: <b>Gelb, Rot, Wei\u00df<\/b> und <b>Schwarz (Achtung! Schwarz ist NICHT mehr lieferbar!)<\/b>. Bitte Farbe im Warenkorb w\u00e4hlen. Kugelgelagerter Wirbel mit Aluminiumkarabiner ist im Lieferumfang enthalten.<\/p>\n","protected":false},"excerpt":{"rendered":"<p>Windsock | \u00f8 25 x 240 cm.<\/p>\n","protected":false},"featured_media":12140,"comment_status":"closed","ping_status":"closed","template":"","meta":{"_acf_changed":false},"product_brand":[],"product_cat":[2187,1348,1384,1403,2188],"product_tag":[],"class_list":{"0":"post-21604","1":"product","2":"type-product","3":"status-publish","4":"has-post-thumbnail","6":"product_cat-colours-in-motion","7":"product_cat-marken","8":"product_cat-sale","9":"product_cat-windspiele","10":"product_cat-windspiele-garten","11":"pa_kleur-geel-de","12":"pa_kleur-rood-de","13":"pa_kleur-zwart-de","14":"pa_kleur-wit-de","16":"first","17":"instock","18":"sale","19":"taxable","20":"shipping-taxable","21":"purchasable","22":"product-type-variable"},"acf":[],"_links":{"self":[{"href":"https:\/\/www.wepaflyer.com\/de\/wp-json\/wp\/v2\/product\/21604","targetHints":{"allow":["GET"]}}],"collection":[{"href":"https:\/\/www.wepaflyer.com\/de\/wp-json\/wp\/v2\/product"}],"about":[{"href":"https:\/\/www.wepaflyer.com\/de\/wp-json\/wp\/v2\/types\/product"}],"replies":[{"embeddable":true,"href":"https:\/\/www.wepaflyer.com\/de\/wp-json\/wp\/v2\/comments?post=21604"}],"wp:featuredmedia":[{"embeddable":true,"href":"https:\/\/www.wepaflyer.com\/de\/wp-json\/wp\/v2\/media\/12140"}],"wp:attachment":[{"href":"https:\/\/www.wepaflyer.com\/de\/wp-json\/wp\/v2\/media?parent=21604"}],"wp:term":[{"taxonomy":"product_brand","embeddable":true,"href":"https:\/\/www.wepaflyer.com\/de\/wp-json\/wp\/v2\/product_brand?post=21604"},{"taxonomy":"product_cat","embeddable":true,"href":"https:\/\/www.wepaflyer.com\/de\/wp-json\/wp\/v2\/product_cat?post=21604"},{"taxonomy":"product_tag","embeddable":true,"href":"https:\/\/www.wepaflyer.com\/de\/wp-json\/wp\/v2\/product_tag?post=21604"}],"curies":[{"name":"wp","href":"https:\/\/api.w.org\/{rel}","templated":true}]}}