{"id":21597,"date":"2023-12-22T13:26:16","date_gmt":"2023-12-22T12:26:16","guid":{"rendered":"https:\/\/www.wepaflyer.com\/?post_type=product&#038;p=21597"},"modified":"2026-01-21T13:29:48","modified_gmt":"2026-01-21T12:29:48","slug":"nylonpolyestergarnspule","status":"publish","type":"product","link":"https:\/\/www.wepaflyer.com\/de\/produkt\/nylonpolyestergarnspule\/","title":{"rendered":"NylonPolyesterSchnur Spule"},"content":{"rendered":"<h3>NYLONPOLYESTERSCHNUR SPULE<\/h3>\n<h5>Gezwirnte NylonPolyesterschnur in kleiner Aufmachung | In 3 St\u00e4rken<\/h5>\n<p>Kleine Spulen Drachenschnur in NylonPolyster Qualit\u00e4t.<br \/>\nDiese Schnur ist gedreht oder gezwirnt und ist gedacht f\u00fcr nicht sehr gro\u00dfe Einleiner-Drachen und auch f\u00fcr Kinder- und Anf\u00e4ngerlenkdrachen.<br \/>\nDiese Nylonschnur besteht zum gr\u00f6\u00dften Teil aus Polyester, hat einigerma\u00dfen Dehnung und ist eine Schnur von tauglicher Qualit\u00e2t.<\/p>\n<p><strong>NylonPolyesterschnur<\/strong><span>\u00a0<\/span>bieten wir auf Kleinspulen von 35 und 100 Meter in nachfolgenden Schnurst\u00e4rken an:<\/p>\n<ul>\n<li><strong>15daN<\/strong><\/li>\n<li><strong>26daN<\/strong><\/li>\n<li><strong>48daN<\/strong><\/li>\n<\/ul>\n<p><b>Mengenrabatte<\/b>; Beim Kauf gr\u00f6\u00dferer Mengen gew\u00e4hren wir folgende Mengenrabatte:<\/p>\n<ul>\n<li><b>ab\u00a0 \u00a0 \u00a0 10 St\u00fcck: 5%<\/b><\/li>\n<li><b>ab\u00a0 \u00a0 \u00a025 St\u00fcck: 7,5%<\/b><\/li>\n<li><b>ab\u00a0 \u00a0 \u00a050 St\u00fcck: 10%<\/b><\/li>\n<li><b>ab\u00a0 \u00a0 100 St\u00fcck: 15%<\/b><\/li>\n<li><b>ab\u00a0 \u00a0250 St\u00fcck: 20%<\/b><\/li>\n<li><b>ab\u00a0 \u00a0500 St\u00fcck: 25%<\/b><\/li>\n<\/ul>\n<p>Der Mengenrabatt wird direkt im Warenkorb verrechnet.<\/p>\n","protected":false},"excerpt":{"rendered":"<p>Gezwirnte NylonPolyesterschnur in kleiner Aufmachung | In 3 St\u00e4rken<\/p>\n","protected":false},"featured_media":12124,"comment_status":"closed","ping_status":"closed","template":"","meta":{"_acf_changed":false},"product_brand":[],"product_cat":[1385,2171,1348,2165],"product_tag":[],"class_list":{"0":"post-21597","1":"product","2":"type-product","3":"status-publish","4":"has-post-thumbnail","6":"product_cat-drachen-zubehor","7":"product_cat-drachenschnure","8":"product_cat-marken","9":"product_cat-wepa","10":"pa_editie-spule-100m-15dan-de","11":"pa_editie-spule-100m-26dan-de","12":"pa_editie-spule-100m-48dan-de","13":"pa_editie-spule-35m-15dan-de","14":"pa_editie-spule-35m-26dan-de","15":"pa_editie-spule-35m-48dan-de","17":"first","18":"instock","19":"taxable","20":"shipping-taxable","21":"purchasable","22":"product-type-variable"},"acf":[],"_links":{"self":[{"href":"https:\/\/www.wepaflyer.com\/de\/wp-json\/wp\/v2\/product\/21597","targetHints":{"allow":["GET"]}}],"collection":[{"href":"https:\/\/www.wepaflyer.com\/de\/wp-json\/wp\/v2\/product"}],"about":[{"href":"https:\/\/www.wepaflyer.com\/de\/wp-json\/wp\/v2\/types\/product"}],"replies":[{"embeddable":true,"href":"https:\/\/www.wepaflyer.com\/de\/wp-json\/wp\/v2\/comments?post=21597"}],"wp:featuredmedia":[{"embeddable":true,"href":"https:\/\/www.wepaflyer.com\/de\/wp-json\/wp\/v2\/media\/12124"}],"wp:attachment":[{"href":"https:\/\/www.wepaflyer.com\/de\/wp-json\/wp\/v2\/media?parent=21597"}],"wp:term":[{"taxonomy":"product_brand","embeddable":true,"href":"https:\/\/www.wepaflyer.com\/de\/wp-json\/wp\/v2\/product_brand?post=21597"},{"taxonomy":"product_cat","embeddable":true,"href":"https:\/\/www.wepaflyer.com\/de\/wp-json\/wp\/v2\/product_cat?post=21597"},{"taxonomy":"product_tag","embeddable":true,"href":"https:\/\/www.wepaflyer.com\/de\/wp-json\/wp\/v2\/product_tag?post=21597"}],"curies":[{"name":"wp","href":"https:\/\/api.w.org\/{rel}","templated":true}]}}