{"id":21593,"date":"2023-12-22T13:26:15","date_gmt":"2023-12-22T12:26:15","guid":{"rendered":"https:\/\/www.wepaflyer.com\/?post_type=product&#038;p=21593"},"modified":"2026-02-18T17:36:20","modified_gmt":"2026-02-18T16:36:20","slug":"promonylonkite-paket-lx-diamant","status":"publish","type":"product","link":"https:\/\/www.wepaflyer.com\/de\/produkt\/promonylonkite-paket-lx-diamant\/","title":{"rendered":"PromoNylonKite Paket LX-Diamant | 10 St. | 1-Leiner"},"content":{"rendered":"<h3>PROMO LX DIAMOND 65 \u2013 85 \u2013 95<\/h3>\n<h4>65 x 61 cm. &amp; 85 x 72 cm. &amp; 95 x 75 cm. | R2F | 1-Leiner Drachen | Paket 10 St\u00fcck<\/h4>\n<p>Sie m\u00f6chten einfach nur mit einer Gruppe von Freunden w\u00e4hrend eines Ausflugs an den Strand oder in die Heide einen Drachen steigen lassen, m\u00f6chten aber nicht wirklich zu viel Geld daf\u00fcr ausgeben. Es ist dir eigentlich egal, wie die Drachen aussehen, solange sie gut funktionieren und ihr alle einen Nachmittag lang gemeinsam Spa\u00df haben k\u00f6nnt&#8230;?! Dann bieten wir Ihnen ein <b>sch\u00f6nes Drachenpaket mit 10 Drachen<\/b> zu einem sehr kleinen Preis an. Erfolg garantiert!<\/p>\n<p>Hier finden Sie viele Werbedrachen vom Typ LX-Diamant-65 &amp; 85 &amp; 95. Diese Drachen bestehen aus robustem Spinnaker-Nylongewebe, sind sauber ums\u00e4umt und verarbeitet und mit Glasfaserstangen ausgestattet, sodass sie sehr robust sind und einiges aushalten k\u00f6nnen. Sie sind \u00dcberbleibsel von Produktionen, die wir in den letzten Jahren f\u00fcr viele Unternehmen gemacht haben. Es enth\u00e4lt allerlei Logos und Aufdrucke in allen erdenklichen Farbkombinationen.<\/p>\n<p>Alle diese Werbedrachen sind Ready-to-Fly (R2F) mit einem Drachengriff mit Drachenschnur und 1 oder 2 Schw\u00e4nzen. So k\u00f6nnen Sie sie sofort loslegen!<\/p>\n<p>Hervorragende Drachen, die auch f\u00fcr die j\u00fcngsten Kinder ganz einfach zu fliegen sind und stundenlangen Spa\u00df beim Drachensteigen bieten. Geeignet f\u00fcr Jung und Alt, lasst uns einen Drachen steigen!<\/p>\n<p><b>Dieses SALE-PACK-Angebot besteht aus 10 Drachen der Gr\u00f6\u00dfe \u201eLX-65\u201c &amp; &#8222;LX-85&#8220; &amp; &#8222;LX-95&#8220;, sortiert im Bundle verpackt. <\/b>So erh\u00e4ltst du immer eine ganze Reihe verschiedener Drachen in vielen Farben. Aus robustem Ripstop-Polyestergewebe mit Glasfaserst\u00e4ben, die klassische Drachenvariante.<\/p>\n<p>Wir haben alle diese Werbedrachen beim Verpacken sorgf\u00e4ltig gepr\u00fcft, aber Sie haben Verst\u00e4ndnis daf\u00fcr, dass wir hierf\u00fcr nicht die \u00fcbliche Garantie geben k\u00f6nnen&#8230;<\/p>\n","protected":false},"excerpt":{"rendered":"<p>65 x 61 cm. &amp; 85 x 72 cm. &amp; 95 x 75 cm. | R2F | 1-Leiner Drachen | Paket 10 St\u00fcck<\/p>\n","protected":false},"featured_media":12106,"comment_status":"closed","ping_status":"closed","template":"","meta":{"_acf_changed":false},"product_brand":[],"product_cat":[1396,3553,2184,1348,1384,2165],"product_tag":[],"class_list":{"0":"post-21593","1":"product","2":"type-product","3":"status-publish","4":"has-post-thumbnail","6":"product_cat-drachen","7":"product_cat-drachenpakete","8":"product_cat-kinderdrachen","9":"product_cat-marken","10":"product_cat-sale","11":"product_cat-wepa","12":"pa_editie-65-10-stuks-de","13":"pa_editie-85-10-stuks-de","14":"pa_editie-95-10-stuks-de","16":"first","17":"instock","18":"sale","19":"taxable","20":"shipping-taxable","21":"purchasable","22":"product-type-variable"},"acf":[],"_links":{"self":[{"href":"https:\/\/www.wepaflyer.com\/de\/wp-json\/wp\/v2\/product\/21593","targetHints":{"allow":["GET"]}}],"collection":[{"href":"https:\/\/www.wepaflyer.com\/de\/wp-json\/wp\/v2\/product"}],"about":[{"href":"https:\/\/www.wepaflyer.com\/de\/wp-json\/wp\/v2\/types\/product"}],"replies":[{"embeddable":true,"href":"https:\/\/www.wepaflyer.com\/de\/wp-json\/wp\/v2\/comments?post=21593"}],"wp:featuredmedia":[{"embeddable":true,"href":"https:\/\/www.wepaflyer.com\/de\/wp-json\/wp\/v2\/media\/12106"}],"wp:attachment":[{"href":"https:\/\/www.wepaflyer.com\/de\/wp-json\/wp\/v2\/media?parent=21593"}],"wp:term":[{"taxonomy":"product_brand","embeddable":true,"href":"https:\/\/www.wepaflyer.com\/de\/wp-json\/wp\/v2\/product_brand?post=21593"},{"taxonomy":"product_cat","embeddable":true,"href":"https:\/\/www.wepaflyer.com\/de\/wp-json\/wp\/v2\/product_cat?post=21593"},{"taxonomy":"product_tag","embeddable":true,"href":"https:\/\/www.wepaflyer.com\/de\/wp-json\/wp\/v2\/product_tag?post=21593"}],"curies":[{"name":"wp","href":"https:\/\/api.w.org\/{rel}","templated":true}]}}