{"id":21583,"date":"2023-12-22T13:26:10","date_gmt":"2023-12-22T12:26:10","guid":{"rendered":"https:\/\/www.wepaflyer.com\/?post_type=product&#038;p=21583"},"modified":"2026-02-18T17:30:45","modified_gmt":"2026-02-18T16:30:45","slug":"promonylonkite-paket-acro-fe-diamant","status":"publish","type":"product","link":"https:\/\/www.wepaflyer.com\/de\/produkt\/promonylonkite-paket-acro-fe-diamant\/","title":{"rendered":"PromoNylonKite Paket Acro FE Diamant 5 St. | Lenkdrachen"},"content":{"rendered":"<h3>PROMO ACRO FE DIAMOND<\/h3>\n<h4>75 x 70 cm. &amp; 95&#215;80 cm. | R2F | Lenkdrachen | Paket 5 St\u00fcck<\/h4>\n<p>Sie m\u00f6chten einfach nur mit einer Gruppe von Freunden w\u00e4hrend eines Ausflugs an den Strand oder in die Heide einen Drachen steigen lassen, m\u00f6chten aber nicht wirklich zu viel Geld daf\u00fcr ausgeben. Es ist dir eigentlich egal, wie die Drachen aussehen, solange sie gut funktionieren und ihr alle einen Nachmittag lang gemeinsam Spa\u00df haben k\u00f6nnt&#8230;?! Dann bieten wir Ihnen ein <b>sch\u00f6nes Lenkdrachen-Paket mit 5 Lenkdrachen<\/b> zu einem sehr kleinen Preis an. Erfolg garantiert!<\/p>\n<p>Hier finden Sie viele Werbedrachen vom Typ Acro FE Diamant 75 &amp; 95. Diese Drachen bestehen aus stabilem Spinnaker-Nylongewebe, sind sauber gekantet und versehen und haben Holzst\u00e4be. Sie sind \u00dcberbleibsel von Produktionen, die wir in den letzten Jahren f\u00fcr viele Unternehmen gemacht haben. Es enth\u00e4lt allerlei Logos und Aufdrucke in allen erdenklichen Farbkombinationen.<\/p>\n<p>Alle diese Werbedrachen sind Ready-to-Fly (R2F) mit zwei Drachenrollen mit Drachenfaden und 1 oder 2 Schw\u00e4nzen. So k\u00f6nnen Sie sie sofort freigeben!<\/p>\n<p>Hervorragende Drachen, die mit ein wenig Hilfe auch von den Kleinsten ganz einfach zu fliegen sind und stundenlangen Spa\u00df beim Drachensteigen bieten. Geeignet f\u00fcr Jung und Alt, lasst uns einen Drachen steigen lassen!<\/p>\n<p><b>Dieses SALE-PACK-Angebot besteht aus 5 Drachen der Gr\u00f6\u00dfe \u201e75\u201c oder &#8222;95&#8220;, sortiert im Bundle verpackt. <\/b>So erh\u00e4ltst du immer eine ganze Reihe verschiedener Drachen in vielen Farben. Hergestellt aus robustem Ripstop-Polyestergewebe mit runden Holzst\u00e4ben, dem klassischen Drachendesign.<\/p>\n<p>Wir haben alle diese Werbedrachen beim Verpacken sorgf\u00e4ltig gepr\u00fcft, aber Sie haben Verst\u00e4ndnis daf\u00fcr, dass wir hierf\u00fcr nicht die \u00fcbliche Garantie geben k\u00f6nnen&#8230;<\/p>\n","protected":false},"excerpt":{"rendered":"<p>75 x 70 cm. &amp; 95&#215;80 cm. | R2F | Lenkdrachen | Paket 5 St\u00fcck<\/p>\n","protected":false},"featured_media":12070,"comment_status":"closed","ping_status":"closed","template":"","meta":{"_acf_changed":false},"product_brand":[],"product_cat":[1396,3553,2184,1348,1384,2165],"product_tag":[],"class_list":{"0":"post-21583","1":"product","2":"type-product","3":"status-publish","4":"has-post-thumbnail","6":"product_cat-drachen","7":"product_cat-drachenpakete","8":"product_cat-kinderdrachen","9":"product_cat-marken","10":"product_cat-sale","11":"product_cat-wepa","12":"pa_editie-75-5-stuks-de","13":"pa_editie-95-5-stuks-de","15":"first","16":"instock","17":"sale","18":"taxable","19":"shipping-taxable","20":"purchasable","21":"product-type-variable"},"acf":[],"_links":{"self":[{"href":"https:\/\/www.wepaflyer.com\/de\/wp-json\/wp\/v2\/product\/21583","targetHints":{"allow":["GET"]}}],"collection":[{"href":"https:\/\/www.wepaflyer.com\/de\/wp-json\/wp\/v2\/product"}],"about":[{"href":"https:\/\/www.wepaflyer.com\/de\/wp-json\/wp\/v2\/types\/product"}],"replies":[{"embeddable":true,"href":"https:\/\/www.wepaflyer.com\/de\/wp-json\/wp\/v2\/comments?post=21583"}],"wp:featuredmedia":[{"embeddable":true,"href":"https:\/\/www.wepaflyer.com\/de\/wp-json\/wp\/v2\/media\/12070"}],"wp:attachment":[{"href":"https:\/\/www.wepaflyer.com\/de\/wp-json\/wp\/v2\/media?parent=21583"}],"wp:term":[{"taxonomy":"product_brand","embeddable":true,"href":"https:\/\/www.wepaflyer.com\/de\/wp-json\/wp\/v2\/product_brand?post=21583"},{"taxonomy":"product_cat","embeddable":true,"href":"https:\/\/www.wepaflyer.com\/de\/wp-json\/wp\/v2\/product_cat?post=21583"},{"taxonomy":"product_tag","embeddable":true,"href":"https:\/\/www.wepaflyer.com\/de\/wp-json\/wp\/v2\/product_tag?post=21583"}],"curies":[{"name":"wp","href":"https:\/\/api.w.org\/{rel}","templated":true}]}}