{"id":21581,"date":"2023-12-22T13:26:10","date_gmt":"2023-12-22T12:26:10","guid":{"rendered":"https:\/\/www.wepaflyer.com\/?post_type=product&#038;p=21581"},"modified":"2026-01-21T13:17:20","modified_gmt":"2026-01-21T12:17:20","slug":"quadhandles-pro-start","status":"publish","type":"product","link":"https:\/\/www.wepaflyer.com\/de\/produkt\/quadhandles-pro-start\/","title":{"rendered":"QuadHandles PRO Start"},"content":{"rendered":"<h1>VIERGRIFF-SET PRO START<\/h1>\n<h2>4-zeilige ALU-Griffe<\/h2>\n<p>Um Ihren 4-Leiner-Matratzendrachen fliegen zu lassen, ben\u00f6tigen Sie gute, starke und dennoch leichte 4-Leiner-Griffe. Diese Alu QuadHandles PRO Start sind hervorragende Quad-Griffe f\u00fcr bessere Einstiegsarbeiten, ausgestattet mit weichem Schaumstoff, sodass Sie den Druck des Aluminiums in Ihren H\u00e4nden auch nach stundenlangem Drachensteigen nicht sp\u00fcren. Enth\u00e4lt Schn\u00fcre an beiden Enden zur Befestigung der Lenk- und Bremsleitungen der Matratze. Hergestellt aus Aluminiumlegierungsmetall.<\/p>\n","protected":false},"excerpt":{"rendered":"<p>VIERGRIFF-SET PRO START 4-zeilige ALU-Griffe Um Ihren 4-Leiner-Matratzendrachen fliegen zu lassen, ben\u00f6tigen Sie gute, starke und dennoch leichte 4-Leiner-Griffe. Diese Alu QuadHandles PRO Start sind hervorragende Quad-Griffe f\u00fcr bessere Einstiegsarbeiten, ausgestattet mit weichem Schaumstoff, sodass Sie den Druck des Aluminiums in Ihren H\u00e4nden auch nach stundenlangem Drachensteigen nicht sp\u00fcren. Enth\u00e4lt Schn\u00fcre an beiden Enden zur&#8230;<\/p>\n","protected":false},"featured_media":12066,"comment_status":"closed","ping_status":"closed","template":"","meta":{"_acf_changed":false},"product_brand":[],"product_cat":[1385,2186],"product_tag":[],"class_list":{"0":"post-21581","1":"product","2":"type-product","3":"status-publish","4":"has-post-thumbnail","6":"product_cat-drachen-zubehor","7":"product_cat-drachen-lenkschlaufen","8":"pa_grootte-s-de-2","10":"first","11":"instock","12":"taxable","13":"shipping-taxable","14":"purchasable","15":"product-type-variable"},"acf":[],"_links":{"self":[{"href":"https:\/\/www.wepaflyer.com\/de\/wp-json\/wp\/v2\/product\/21581","targetHints":{"allow":["GET"]}}],"collection":[{"href":"https:\/\/www.wepaflyer.com\/de\/wp-json\/wp\/v2\/product"}],"about":[{"href":"https:\/\/www.wepaflyer.com\/de\/wp-json\/wp\/v2\/types\/product"}],"replies":[{"embeddable":true,"href":"https:\/\/www.wepaflyer.com\/de\/wp-json\/wp\/v2\/comments?post=21581"}],"wp:featuredmedia":[{"embeddable":true,"href":"https:\/\/www.wepaflyer.com\/de\/wp-json\/wp\/v2\/media\/12066"}],"wp:attachment":[{"href":"https:\/\/www.wepaflyer.com\/de\/wp-json\/wp\/v2\/media?parent=21581"}],"wp:term":[{"taxonomy":"product_brand","embeddable":true,"href":"https:\/\/www.wepaflyer.com\/de\/wp-json\/wp\/v2\/product_brand?post=21581"},{"taxonomy":"product_cat","embeddable":true,"href":"https:\/\/www.wepaflyer.com\/de\/wp-json\/wp\/v2\/product_cat?post=21581"},{"taxonomy":"product_tag","embeddable":true,"href":"https:\/\/www.wepaflyer.com\/de\/wp-json\/wp\/v2\/product_tag?post=21581"}],"curies":[{"name":"wp","href":"https:\/\/api.w.org\/{rel}","templated":true}]}}