{"id":21574,"date":"2023-12-22T13:26:09","date_gmt":"2023-12-22T12:26:09","guid":{"rendered":"https:\/\/www.wepaflyer.com\/?post_type=product&#038;p=21574"},"modified":"2026-05-04T12:39:50","modified_gmt":"2026-05-04T10:39:50","slug":"lenkerset-hi-dacron","status":"publish","type":"product","link":"https:\/\/www.wepaflyer.com\/de\/produkt\/lenkerset-hi-dacron\/","title":{"rendered":"Lenkerset HI-Dacron"},"content":{"rendered":"<h1>LENKERSATZ HI-DACRON<\/h1>\n<p>Geflochtenes HI-Dacroline mit einer Bruchfestigkeit von 120 kg, gewickelt auf 2 Drachenringen. Mit diesem Garn k\u00f6nnen Sie alle einfachen Lenkdrachen kraftvoll fliegen lassen, das Garn ist stark genug. Bei kleinen Drachen verwendest du nat\u00fcrlich eine d\u00fcnnere und leichtere Leine. Sie k\u00f6nnen auch mit gro\u00dfen Matratzen fliegen, kein Problem. Der HI-Dacroline ist die preisg\u00fcnstige Variante zum Lenkkiten. Dieses Garn ist recht glatt, dicht geflochten und relativ wenig dehnbar, au\u00dferdem hat es einen attraktiven Preis. Wenn Sie also auf der Suche nach guten Kiteleinen zu einem wettbewerbsf\u00e4higen Preis sind, sind die Lenks\u00e4tze von HI-Dacroline eine gute Option.<\/p>\n<p>ACHTUNG! Hinweis: Mit einer Bruchfestigkeit von 120 kg ist das Dacron-Garn etwas dicker und daher etwas schwerer, was sich nat\u00fcrlich auch auf die Kontrolle deines Kites auswirkt. Bei sehr starkem Wind merkt man davon nicht viel, aber bei schwachem bis m\u00e4\u00dfigem Wind kann das Garn durchh\u00e4ngen und sich negativ auf die Geschwindigkeit des Drachens auswirken. Man kann mit diesem Garn Schlaufen fliegen, aber den M\u00f6glichkeiten sind Grenzen gesetzt, es handelt sich nat\u00fcrlich nicht um Hightech-Dyneemaline. Die Kite-Ringe werden pro Lenkerset immer in 2 verschiedenen Farben geliefert.<\/p>\n<p>Drachenringe bestehen aus stabilem PE-Material, das Garn ist aus geflochtener HI-Dacroline-Qualit\u00e4t.<\/p>\n","protected":false},"excerpt":{"rendered":"<p>LENKERSATZ HI-DACRON Geflochtenes HI-Dacroline mit einer Bruchfestigkeit von 120 kg, gewickelt auf 2 Drachenringen. Mit diesem Garn k\u00f6nnen Sie alle einfachen Lenkdrachen kraftvoll fliegen lassen, das Garn ist stark genug. Bei kleinen Drachen verwendest du nat\u00fcrlich eine d\u00fcnnere und leichtere Leine. Sie k\u00f6nnen auch mit gro\u00dfen Matratzen fliegen, kein Problem. Der HI-Dacroline ist die preisg\u00fcnstige&#8230;<\/p>\n","protected":false},"featured_media":12052,"comment_status":"closed","ping_status":"closed","template":"","meta":{"_acf_changed":false},"product_brand":[],"product_cat":[1385,2710],"product_tag":[3637],"class_list":{"0":"post-21574","1":"product","2":"type-product","3":"status-publish","4":"has-post-thumbnail","6":"product_cat-drachen-zubehor","7":"product_cat-drachenringe","8":"product_tag-accessoires","9":"pa_editie-2x30m-120dan-dacronline-de-2","10":"pa_editie-2x30m-20dan-dacronline-de-2","11":"pa_editie-2x30m-40dan-dacronline-de-2","12":"pa_editie-2x30m-60dan-dacronline-de-2","13":"pa_editie-2x30m-90dan-dacronline-de-2","15":"first","16":"instock","17":"taxable","18":"shipping-taxable","19":"purchasable","20":"product-type-variable"},"acf":[],"_links":{"self":[{"href":"https:\/\/www.wepaflyer.com\/de\/wp-json\/wp\/v2\/product\/21574","targetHints":{"allow":["GET"]}}],"collection":[{"href":"https:\/\/www.wepaflyer.com\/de\/wp-json\/wp\/v2\/product"}],"about":[{"href":"https:\/\/www.wepaflyer.com\/de\/wp-json\/wp\/v2\/types\/product"}],"replies":[{"embeddable":true,"href":"https:\/\/www.wepaflyer.com\/de\/wp-json\/wp\/v2\/comments?post=21574"}],"wp:featuredmedia":[{"embeddable":true,"href":"https:\/\/www.wepaflyer.com\/de\/wp-json\/wp\/v2\/media\/12052"}],"wp:attachment":[{"href":"https:\/\/www.wepaflyer.com\/de\/wp-json\/wp\/v2\/media?parent=21574"}],"wp:term":[{"taxonomy":"product_brand","embeddable":true,"href":"https:\/\/www.wepaflyer.com\/de\/wp-json\/wp\/v2\/product_brand?post=21574"},{"taxonomy":"product_cat","embeddable":true,"href":"https:\/\/www.wepaflyer.com\/de\/wp-json\/wp\/v2\/product_cat?post=21574"},{"taxonomy":"product_tag","embeddable":true,"href":"https:\/\/www.wepaflyer.com\/de\/wp-json\/wp\/v2\/product_tag?post=21574"}],"curies":[{"name":"wp","href":"https:\/\/api.w.org\/{rel}","templated":true}]}}