{"id":21570,"date":"2023-12-22T13:26:08","date_gmt":"2023-12-22T12:26:08","guid":{"rendered":"https:\/\/www.wepaflyer.com\/?post_type=product&#038;p=21570"},"modified":"2026-01-21T13:17:11","modified_gmt":"2026-01-21T12:17:11","slug":"lenkerset-dyneema-x-line","status":"publish","type":"product","link":"https:\/\/www.wepaflyer.com\/de\/produkt\/lenkerset-dyneema-x-line\/","title":{"rendered":"Lenkerset Dyneema X-Line"},"content":{"rendered":"<h1>LENKSATZ DYNEEMA X-LINE\u00a010<\/h1>\n<p>Dyneema X-Line mit einer Bruchfestigkeit von 10 kg auf 2 Drachenringen gewickelt. Rein gedacht f\u00fcr das Indoor-Kiten und Windstille-Kiten. Von den kleinsten bis zu den gr\u00f6\u00dften Trick-Stuntdrachen sind diese Toplines leicht zu kontrollieren. Diese Leinen sind auf Drachenringen aufgewickelt, aber in 99 % der F\u00e4lle fliegen die Drachen, die an diesen Leinen fliegen, dar\u00fcber. Bei den Fingerschlaufen dienen die Ringe eigentlich nur der Aufbewahrung der Leinen.<\/p>\n<p>Die Dyneema X-Line ist ein Garn von ausgezeichneter Qualit\u00e4t, das seit Jahren sehr gefragt ist. Dieses Garn ist glatt, eng geflochten und nahezu dehnungsfrei. Der Trickkiter kann mit diesen Leinen alle Tricks ausf\u00fchren, die er will, sie werden dich nie im Stich lassen. ACHTUNG! : Wenn du drau\u00dfen bei etwas Wind einen Drachen steigen lassen m\u00f6chtest, l\u00e4ufst du nat\u00fcrlich Gefahr, die (Bruch-)Grenze zu \u00fcberschreiten, aber das macht es vielleicht noch spannender&#8230; Die Drachenringe werden pro Steuerung immer in 2 verschiedenen Farben geliefert Satz. Diese 10-kg-Lenkersets sind mit leichten Karabinerhaken ausgestattet. Es ist eine Frage des Geschmacks und des K\u00f6nnens, ob man mit diesen Karabinerwirbeln fliegen will oder kann. Du kannst sie jederzeit abholen&#8230;<\/p>\n<p>Drachenringe bestehen aus stabilem PE-Material, das Garn ist aus geflochtener Dyneema-Qualit\u00e4t.<\/p>\n","protected":false},"excerpt":{"rendered":"<p>LENKSATZ DYNEEMA X-LINE\u00a010 Dyneema X-Line mit einer Bruchfestigkeit von 10 kg auf 2 Drachenringen gewickelt. Rein gedacht f\u00fcr das Indoor-Kiten und Windstille-Kiten. Von den kleinsten bis zu den gr\u00f6\u00dften Trick-Stuntdrachen sind diese Toplines leicht zu kontrollieren. Diese Leinen sind auf Drachenringen aufgewickelt, aber in 99 % der F\u00e4lle fliegen die Drachen, die an diesen Leinen&#8230;<\/p>\n","protected":false},"featured_media":12048,"comment_status":"closed","ping_status":"closed","template":"","meta":{"_acf_changed":false},"product_brand":[],"product_cat":[1385,2710],"product_tag":[],"class_list":{"0":"post-21570","1":"product","2":"type-product","3":"status-publish","4":"has-post-thumbnail","6":"product_cat-drachen-zubehor","7":"product_cat-drachenringe","8":"pa_editie-2x25m-10dan-dyneemaline-de-2","9":"pa_editie-2x25m-25dan-dyneemaline-de-2","10":"pa_editie-2x25m-5dan-dyneemaline-de-2","12":"first","13":"instock","14":"taxable","15":"shipping-taxable","16":"purchasable","17":"product-type-variable"},"acf":[],"_links":{"self":[{"href":"https:\/\/www.wepaflyer.com\/de\/wp-json\/wp\/v2\/product\/21570","targetHints":{"allow":["GET"]}}],"collection":[{"href":"https:\/\/www.wepaflyer.com\/de\/wp-json\/wp\/v2\/product"}],"about":[{"href":"https:\/\/www.wepaflyer.com\/de\/wp-json\/wp\/v2\/types\/product"}],"replies":[{"embeddable":true,"href":"https:\/\/www.wepaflyer.com\/de\/wp-json\/wp\/v2\/comments?post=21570"}],"wp:featuredmedia":[{"embeddable":true,"href":"https:\/\/www.wepaflyer.com\/de\/wp-json\/wp\/v2\/media\/12048"}],"wp:attachment":[{"href":"https:\/\/www.wepaflyer.com\/de\/wp-json\/wp\/v2\/media?parent=21570"}],"wp:term":[{"taxonomy":"product_brand","embeddable":true,"href":"https:\/\/www.wepaflyer.com\/de\/wp-json\/wp\/v2\/product_brand?post=21570"},{"taxonomy":"product_cat","embeddable":true,"href":"https:\/\/www.wepaflyer.com\/de\/wp-json\/wp\/v2\/product_cat?post=21570"},{"taxonomy":"product_tag","embeddable":true,"href":"https:\/\/www.wepaflyer.com\/de\/wp-json\/wp\/v2\/product_tag?post=21570"}],"curies":[{"name":"wp","href":"https:\/\/api.w.org\/{rel}","templated":true}]}}