{"id":21567,"date":"2023-12-22T13:26:06","date_gmt":"2023-12-22T12:26:06","guid":{"rendered":"https:\/\/www.wepaflyer.com\/?post_type=product&#038;p=21567"},"modified":"2026-01-21T13:17:06","modified_gmt":"2026-01-21T12:17:06","slug":"bowtail-rotweissblau","status":"publish","type":"product","link":"https:\/\/www.wepaflyer.com\/de\/produkt\/bowtail-rotweissblau\/","title":{"rendered":"Bowtail RotWei\u00dfBlau"},"content":{"rendered":"<h1><span style=\"line-height: 1.5em;\">BOGENSCHWANZ RotWei\u00dfBlau<\/span><\/h1>\n<p>Wir alle kennen diesen klassischen Schleifen- oder Schmetterlingsschwanz aus der Vergangenheit, einen langen Schwanz mit aufgen\u00e4hten Schleifen in Form einer Fliege. Dieses Heck hat die Schleifen in den Farben Rot-Wei\u00df-Blau, den beliebtesten Farben in vielen L\u00e4ndern&#8230; Hergestellt aus echtem Spinnakerstoff, sehr robust und farbecht. Ein Muss f\u00fcr Ihren klassischen Eddy- oder Diamant-Drachen!<\/p>\n<p>Diese Fliege ist in der abgebildeten Farbgebung erh\u00e4ltlich.<\/p>\n","protected":false},"excerpt":{"rendered":"<p>BOGENSCHWANZ RotWei\u00dfBlau Wir alle kennen diesen klassischen Schleifen- oder Schmetterlingsschwanz aus der Vergangenheit, einen langen Schwanz mit aufgen\u00e4hten Schleifen in Form einer Fliege. Dieses Heck hat die Schleifen in den Farben Rot-Wei\u00df-Blau, den beliebtesten Farben in vielen L\u00e4ndern&#8230; Hergestellt aus echtem Spinnakerstoff, sehr robust und farbecht. Ein Muss f\u00fcr Ihren klassischen Eddy- oder Diamant-Drachen! Diese&#8230;<\/p>\n","protected":false},"featured_media":12044,"comment_status":"closed","ping_status":"closed","template":"","meta":{"_acf_changed":false},"product_brand":[],"product_cat":[1385,2174],"product_tag":[],"class_list":{"0":"post-21567","1":"product","2":"type-product","3":"status-publish","4":"has-post-thumbnail","6":"product_cat-drachen-zubehor","7":"product_cat-drachenteile-metall","8":"pa_lengte-cm-250-de","9":"pa_lengte-cm-500-de","11":"first","12":"instock","13":"taxable","14":"shipping-taxable","15":"purchasable","16":"product-type-variable"},"acf":[],"_links":{"self":[{"href":"https:\/\/www.wepaflyer.com\/de\/wp-json\/wp\/v2\/product\/21567","targetHints":{"allow":["GET"]}}],"collection":[{"href":"https:\/\/www.wepaflyer.com\/de\/wp-json\/wp\/v2\/product"}],"about":[{"href":"https:\/\/www.wepaflyer.com\/de\/wp-json\/wp\/v2\/types\/product"}],"replies":[{"embeddable":true,"href":"https:\/\/www.wepaflyer.com\/de\/wp-json\/wp\/v2\/comments?post=21567"}],"wp:featuredmedia":[{"embeddable":true,"href":"https:\/\/www.wepaflyer.com\/de\/wp-json\/wp\/v2\/media\/12044"}],"wp:attachment":[{"href":"https:\/\/www.wepaflyer.com\/de\/wp-json\/wp\/v2\/media?parent=21567"}],"wp:term":[{"taxonomy":"product_brand","embeddable":true,"href":"https:\/\/www.wepaflyer.com\/de\/wp-json\/wp\/v2\/product_brand?post=21567"},{"taxonomy":"product_cat","embeddable":true,"href":"https:\/\/www.wepaflyer.com\/de\/wp-json\/wp\/v2\/product_cat?post=21567"},{"taxonomy":"product_tag","embeddable":true,"href":"https:\/\/www.wepaflyer.com\/de\/wp-json\/wp\/v2\/product_tag?post=21567"}],"curies":[{"name":"wp","href":"https:\/\/api.w.org\/{rel}","templated":true}]}}