{"id":21561,"date":"2023-12-22T13:26:05","date_gmt":"2023-12-22T12:26:05","guid":{"rendered":"https:\/\/www.wepaflyer.com\/?post_type=product&#038;p=21561"},"modified":"2026-01-21T13:16:58","modified_gmt":"2026-01-21T12:16:58","slug":"lenkerset-nylongarn","status":"publish","type":"product","link":"https:\/\/www.wepaflyer.com\/de\/produkt\/lenkerset-nylongarn\/","title":{"rendered":"Lenkerset Nylongarn"},"content":{"rendered":"<h1>LENKERSATZ NYLONPOLYESTERGARN<\/h1>\n<p>Gedrehtes Nylon-Polyester-Garn mit einer Bruchfestigkeit von 15 kg, gewickelt auf 2 Drachenringen. Gut geeignet f\u00fcr kleine Diamond- und Delta-Lenkdrachen.<\/p>\n<p>ACHTUNG! : Das Polyestergarn ist ziemlich dehnbar, sodass der Drachen relativ langsam reagiert. Bei sehr starkem Wind muss man darauf achten, ob die Zugkraft des Drachens f\u00fcr diese Drachenleinen nicht zu gro\u00df ist.<\/p>\n<p>Dieses Garn darf bei der Herstellung von Schlaufen nicht sehr oft gedreht werden, da der Drachen dann nahezu unkontrollierbar wird. Die Drachenringe werden sortiert in allen Farben des Regenbogens geliefert, jedoch immer 2 verschiedene Farben pro Kontrollset.<\/p>\n<p>Drachenringe bestehen aus robustem PE-Material, das Garn ist aus gedrehter Polyester-Nylon-Qualit\u00e4t.<\/p>\n<p><b>Mengenrabatte<\/b>; Beim Kauf gr\u00f6\u00dferer Mengen gew\u00e4hren wir folgende Mengenrabatte:<\/p>\n<ul>\n<li><b>ab\u00a0 \u00a0 \u00a05 St\u00fcck: 2,5 %<\/b><\/li>\n<li><b>ab 10 St\u00fcck: 5%<\/b><\/li>\n<li><b>ab 25 St\u00fcck: 7,5%<\/b><\/li>\n<li><b>ab 50 St\u00fcck: 10%<\/b><\/li>\n<li><b>ab 100 St\u00fcck: 12,5%<\/b><\/li>\n<li><b>ab 250 St\u00fcck: 15%<\/b><\/li>\n<\/ul>\n<div>Der Mengenrabatt wird direkt im Warenkorb abgerechnet.<\/div>\n","protected":false},"excerpt":{"rendered":"<p>LENKERSATZ NYLONPOLYESTERGARN Gedrehtes Nylon-Polyester-Garn mit einer Bruchfestigkeit von 15 kg, gewickelt auf 2 Drachenringen. Gut geeignet f\u00fcr kleine Diamond- und Delta-Lenkdrachen. ACHTUNG! : Das Polyestergarn ist ziemlich dehnbar, sodass der Drachen relativ langsam reagiert. Bei sehr starkem Wind muss man darauf achten, ob die Zugkraft des Drachens f\u00fcr diese Drachenleinen nicht zu gro\u00df ist. Dieses&#8230;<\/p>\n","protected":false},"featured_media":12038,"comment_status":"closed","ping_status":"closed","template":"","meta":{"_acf_changed":false},"product_brand":[],"product_cat":[1385,2710],"product_tag":[],"class_list":{"0":"post-21561","1":"product","2":"type-product","3":"status-publish","4":"has-post-thumbnail","6":"product_cat-drachen-zubehor","7":"product_cat-drachenringe","8":"pa_editie-2x35m-15dan-polyesterline-de-2","9":"pa_editie-2x35m-26dan-polyesterline-de-2","11":"first","12":"instock","13":"taxable","14":"shipping-taxable","15":"purchasable","16":"product-type-variable"},"acf":[],"_links":{"self":[{"href":"https:\/\/www.wepaflyer.com\/de\/wp-json\/wp\/v2\/product\/21561","targetHints":{"allow":["GET"]}}],"collection":[{"href":"https:\/\/www.wepaflyer.com\/de\/wp-json\/wp\/v2\/product"}],"about":[{"href":"https:\/\/www.wepaflyer.com\/de\/wp-json\/wp\/v2\/types\/product"}],"replies":[{"embeddable":true,"href":"https:\/\/www.wepaflyer.com\/de\/wp-json\/wp\/v2\/comments?post=21561"}],"wp:featuredmedia":[{"embeddable":true,"href":"https:\/\/www.wepaflyer.com\/de\/wp-json\/wp\/v2\/media\/12038"}],"wp:attachment":[{"href":"https:\/\/www.wepaflyer.com\/de\/wp-json\/wp\/v2\/media?parent=21561"}],"wp:term":[{"taxonomy":"product_brand","embeddable":true,"href":"https:\/\/www.wepaflyer.com\/de\/wp-json\/wp\/v2\/product_brand?post=21561"},{"taxonomy":"product_cat","embeddable":true,"href":"https:\/\/www.wepaflyer.com\/de\/wp-json\/wp\/v2\/product_cat?post=21561"},{"taxonomy":"product_tag","embeddable":true,"href":"https:\/\/www.wepaflyer.com\/de\/wp-json\/wp\/v2\/product_tag?post=21561"}],"curies":[{"name":"wp","href":"https:\/\/api.w.org\/{rel}","templated":true}]}}