{"id":21560,"date":"2023-12-22T13:26:04","date_gmt":"2023-12-22T12:26:04","guid":{"rendered":"https:\/\/www.wepaflyer.com\/?post_type=product&#038;p=21560"},"modified":"2026-01-21T13:16:54","modified_gmt":"2026-01-21T12:16:54","slug":"tyvek-a4-blatt","status":"publish","type":"product","link":"https:\/\/www.wepaflyer.com\/de\/produkt\/tyvek-a4-blatt\/","title":{"rendered":"Tyvek A4-BLATT"},"content":{"rendered":"<h3>Tyvek\u00ae: BLATT im A4-Format<\/h3>\n<div>\n<div>\n<h5>Tyvek\u00ae BLATT im A4-Format ist in den folgenden Tyvek\u00ae-Qualit\u00e4ten erh\u00e4ltlich: Soft, Dry, Classic A &amp; Classic B.<\/h5>\n<\/div>\n<\/div>\n<h4><strong>ACHTUNG!: Classic A ist derzeit NICHT lieferbar!<\/strong><\/h4>\n<p><strong>Die spezifischen Besonderheiten und Eigenschaften der verschiedenen Tyvek\u00ae-Qualit\u00e4ten finden Sie in der Tyvek\u00ae-Kategorie unter der jeweiligen Qualit\u00e4t.<\/strong><\/p>\n<div>\n<p>Die Lieferung der <strong>Tyvek\u00ae BL\u00c4TTER im A4-Format<\/strong> erfolgt bei kleinen Mengen gerollt, bei gr\u00f6\u00dferen Mengen erfolgt die Lieferung der Bl\u00e4tter flach.<\/p>\n<p>Wenn Sie an gr\u00f6\u00dferen Mengen interessiert sind, beachten Sie bitte die Mengenrabatte unten.<\/p>\n<p><strong>TYVEK kann sowohl im klassischen Siebdruck als auch mit einem Tintenstrahldrucker bedruckt werden. Beim Drucken mit einem Tintenstrahldrucker ist eine UV-Trocknung erforderlich, wenn Sie verhindern m\u00f6chten, dass die Tinte ausl\u00e4uft, wenn das Tyvek nass wird.<\/strong><\/p>\n<p><strong>Mengenrabatte<\/strong>; Beim Kauf gr\u00f6\u00dferer Mengen gew\u00e4hren wir folgende Mengenrabatte:<\/p>\n<ul>\n<li><strong>ab\u00a0 \u00a010 Blatt: 5 %<\/strong><\/li>\n<li><strong> ab\u00a0 \u00a025 Blatt: 7,5 %<\/strong><\/li>\n<li><strong> ab\u00a0 \u00a050 Blatt: 10 %<\/strong><\/li>\n<li><strong> ab 100 Blatt: 15 %<\/strong><\/li>\n<li><strong> ab 250 Blatt: 20 %<\/strong><\/li>\n<li><strong> ab 500 Blatt: 25 %<\/strong><\/li>\n<\/ul>\n<p>Die Mengenrabatte gelten f\u00fcr einen Gesamtkauf der angegebenen Bl\u00e4tteranzahl und werden direkt im Warenkorb verrechnet.<\/p>\n<\/div>\n","protected":false},"excerpt":{"rendered":"<p>Tyvek\u00ae BLATT im A4-Format ist in den folgenden Tyvek\u00ae-Qualit\u00e4ten erh\u00e4ltlich: Soft, Dry, Classic A &amp; Classic B.<\/p>\n","protected":false},"featured_media":12030,"comment_status":"closed","ping_status":"closed","template":"","meta":{"_acf_changed":false},"product_brand":[],"product_cat":[1385,2170],"product_tag":[],"class_list":{"0":"post-21560","1":"product","2":"type-product","3":"status-publish","4":"has-post-thumbnail","6":"product_cat-drachen-zubehor","7":"product_cat-tyvek","8":"pa_grootte-per-vel-a-3-gr-soft-de-2","9":"pa_grootte-per-vel-a-4-gr-dry-de-2","10":"pa_grootte-per-vel-a-5-gr-classic-a-de-2","11":"pa_grootte-per-vel-a-7-gr-classic-b-de-2","13":"first","14":"instock","15":"taxable","16":"shipping-taxable","17":"purchasable","18":"product-type-variable"},"acf":[],"_links":{"self":[{"href":"https:\/\/www.wepaflyer.com\/de\/wp-json\/wp\/v2\/product\/21560","targetHints":{"allow":["GET"]}}],"collection":[{"href":"https:\/\/www.wepaflyer.com\/de\/wp-json\/wp\/v2\/product"}],"about":[{"href":"https:\/\/www.wepaflyer.com\/de\/wp-json\/wp\/v2\/types\/product"}],"replies":[{"embeddable":true,"href":"https:\/\/www.wepaflyer.com\/de\/wp-json\/wp\/v2\/comments?post=21560"}],"wp:featuredmedia":[{"embeddable":true,"href":"https:\/\/www.wepaflyer.com\/de\/wp-json\/wp\/v2\/media\/12030"}],"wp:attachment":[{"href":"https:\/\/www.wepaflyer.com\/de\/wp-json\/wp\/v2\/media?parent=21560"}],"wp:term":[{"taxonomy":"product_brand","embeddable":true,"href":"https:\/\/www.wepaflyer.com\/de\/wp-json\/wp\/v2\/product_brand?post=21560"},{"taxonomy":"product_cat","embeddable":true,"href":"https:\/\/www.wepaflyer.com\/de\/wp-json\/wp\/v2\/product_cat?post=21560"},{"taxonomy":"product_tag","embeddable":true,"href":"https:\/\/www.wepaflyer.com\/de\/wp-json\/wp\/v2\/product_tag?post=21560"}],"curies":[{"name":"wp","href":"https:\/\/api.w.org\/{rel}","templated":true}]}}