{"id":21559,"date":"2023-12-22T13:26:03","date_gmt":"2023-12-22T12:26:03","guid":{"rendered":"https:\/\/www.wepaflyer.com\/?post_type=product&#038;p=21559"},"modified":"2026-01-21T13:16:53","modified_gmt":"2026-01-21T12:16:53","slug":"tyvek-a3-blatt","status":"publish","type":"product","link":"https:\/\/www.wepaflyer.com\/de\/produkt\/tyvek-a3-blatt\/","title":{"rendered":"Tyvek A3-BLATT"},"content":{"rendered":"<h2>Tyvek\u00ae: BLATT im A3-Format<\/h2>\n<div>\n<p><b>Tyvek\u00ae VEL im A3-Format<\/b> ist in den folgenden Qualit\u00e4ten <b>Tyvek\u00ae erh\u00e4ltlich:<\/b> <b>Soft, Dry, Classic A und Classic B<\/b>.<\/p>\n<h4><strong>ACHTUNG!: Classic A ist derzeit NICHT lieferbar!<\/strong><\/h4>\n<div><b><br \/>\nDie spezifischen Besonderheiten und Eigenschaften der verschiedenen Tyvek\u00ae-Qualit\u00e4ten finden Sie in der Tyvek\u00ae-Kategorie der jeweiligen Qualit\u00e4t.<\/b><\/div>\n<div>\n<p>Das <b>Tyvek\u00ae-BLATT im A3-Format<\/b> wird bei kleinen Mengen aufgerollt geliefert, w\u00e4hrend bei gr\u00f6\u00dferen Mengen die Bl\u00e4tter flach geliefert werden.<\/p>\n<p>Wenn Sie an gr\u00f6\u00dferen Mengen interessiert sind, beachten Sie bitte die Mengenrabatte unten.<\/p>\n<p><strong>TYVEK kann sowohl im klassischen Siebdruck als auch mit einem Tintenstrahldrucker bedruckt werden. Beim Drucken mit einem Tintenstrahldrucker ist eine UV-Trocknung erforderlich, wenn Sie verhindern m\u00f6chten, dass die Tinte ausl\u00e4uft, wenn das Tyvek nass wird.<\/strong><\/p>\n<p><b>Mengenrabatte<\/b>; Beim Kauf gr\u00f6\u00dferer Mengen gew\u00e4hren wir folgende Mengenrabatte:<\/p>\n<ul>\n<li><b>ab\u00a0 \u00a010 Blatt: 5 %<\/b><\/li>\n<li><b>ab\u00a0 \u00a025 Blatt: 7,5 %<\/b><\/li>\n<li><b>ab\u00a0 \u00a050 Blatt: 10 %<\/b><\/li>\n<li><b>ab 100 Blatt: 15%<\/b><\/li>\n<li><b>ab 250 Blatt: 20 %<\/b><\/li>\n<li><b>ab 500 Blatt: 25 %<\/b><\/li>\n<\/ul>\n<p>Die Mengenrabatte gelten f\u00fcr einen Gesamtkauf der angegebenen Mengen und werden direkt im Warenkorb verrechnet.<\/p>\n<\/div>\n<\/div>\n","protected":false},"excerpt":{"rendered":"<p>Tyvek-Bl\u00e4tter im A3-Format<\/p>\n","protected":false},"featured_media":12021,"comment_status":"closed","ping_status":"closed","template":"","meta":{"_acf_changed":false},"product_brand":[],"product_cat":[1385,2170],"product_tag":[],"class_list":{"0":"post-21559","1":"product","2":"type-product","3":"status-publish","4":"has-post-thumbnail","6":"product_cat-drachen-zubehor","7":"product_cat-tyvek","8":"pa_grootte-per-vel-a-10-gr-classic-a-de-2","9":"pa_grootte-per-vel-a-13-gr-classic-b-de-2","10":"pa_grootte-per-vel-a-6-gr-soft-de-2","11":"pa_grootte-per-vel-a-8-gr-dry-de-2","13":"first","14":"instock","15":"taxable","16":"shipping-taxable","17":"purchasable","18":"product-type-variable"},"acf":[],"_links":{"self":[{"href":"https:\/\/www.wepaflyer.com\/de\/wp-json\/wp\/v2\/product\/21559","targetHints":{"allow":["GET"]}}],"collection":[{"href":"https:\/\/www.wepaflyer.com\/de\/wp-json\/wp\/v2\/product"}],"about":[{"href":"https:\/\/www.wepaflyer.com\/de\/wp-json\/wp\/v2\/types\/product"}],"replies":[{"embeddable":true,"href":"https:\/\/www.wepaflyer.com\/de\/wp-json\/wp\/v2\/comments?post=21559"}],"wp:featuredmedia":[{"embeddable":true,"href":"https:\/\/www.wepaflyer.com\/de\/wp-json\/wp\/v2\/media\/12021"}],"wp:attachment":[{"href":"https:\/\/www.wepaflyer.com\/de\/wp-json\/wp\/v2\/media?parent=21559"}],"wp:term":[{"taxonomy":"product_brand","embeddable":true,"href":"https:\/\/www.wepaflyer.com\/de\/wp-json\/wp\/v2\/product_brand?post=21559"},{"taxonomy":"product_cat","embeddable":true,"href":"https:\/\/www.wepaflyer.com\/de\/wp-json\/wp\/v2\/product_cat?post=21559"},{"taxonomy":"product_tag","embeddable":true,"href":"https:\/\/www.wepaflyer.com\/de\/wp-json\/wp\/v2\/product_tag?post=21559"}],"curies":[{"name":"wp","href":"https:\/\/api.w.org\/{rel}","templated":true}]}}