{"id":21555,"date":"2023-12-22T13:26:02","date_gmt":"2023-12-22T12:26:02","guid":{"rendered":"https:\/\/www.wepaflyer.com\/?post_type=product&#038;p=21555"},"modified":"2026-03-14T11:25:57","modified_gmt":"2026-03-14T10:25:57","slug":"wus-explosion-2-leinen-drachen","status":"publish","type":"product","link":"https:\/\/www.wepaflyer.com\/de\/produkt\/wus-explosion-2-leinen-drachen\/","title":{"rendered":"Wepa eXplosion 2-Lines Starter Kites"},"content":{"rendered":"<h3>eXplosion Rainbow | R2F | Easy 2-Leiner Lenkmatten<\/h3>\n<h4>2-Leiner-Lenkmatte f\u00fcr alle und \u00fcberall | | R2F | 3 Gr\u00f6\u00dfen<\/h4>\n<p align=\"justify\"><b>Die ideale Lenkmatten f\u00fcr Einsteiger!<\/b><\/p>\n<p align=\"justify\">Lenkmatte, 2-Leiner. Sch\u00f6ner Einsteigerdrachen. Auch f\u00fcr die Allerkleinsten geeignet. Hergestellt aus robustem Spinnakertuch in Regenbogenfarben, wie abgebildet.<\/p>\n<p align=\"justify\">Der Drachen wird R2F (Ready-to-Fly) mit entsprechenden Lenkschn\u00fcren auf 2 Drachenringen oder auf einem Wickelgriff mit Lenkschlaufen geliefert.<\/p>\n<p>Anweisungen im Paket enthalten. Verpackt in einer praktischen H\u00fcfttasche.<\/p>\n<h6><strong>Erh\u00e4ltlich in den folgenden Gr\u00f6\u00dfen:<\/strong><\/h6>\n<ul>\n<li><strong>WuS eXplosion Rainbow 0.5 | <span><\/span><\/strong><strong>120 x 55 cm. | 0,7m\u00b2 | R2F | Polyesterleinen 30daN auf Drachenringen | Alter 6+ | Windst\u00e4rke 2-6 Bft.<\/strong><\/li>\n<li><strong>WuS eXplosion Rainbow 0.8 | <span><\/span><\/strong><strong>145 x 59 cm. | 0,9m\u00b2 | R2F | DacronLines 45daN auf Wickelgriff &amp; Lenkschlaufen | Alter 8+ | Windst\u00e4rke 2-6 Bft.<\/strong><\/li>\n<li><strong>WuS eXplosion Rainbow 1.2 | <span><\/span><\/strong><strong>180 x 60 cm. | 1,1m\u00b2 | R2F | DacronLines 45daN auf Wickelgriff &amp; Lenkschlaufen | Alter 10+ | Windst\u00e4rke 2-6 Bft.<\/strong><\/li>\n<li><strong>Alle angegebenen Altersangaben sind Richtwerte<\/strong><\/li>\n<\/ul>\n<p><strong>Alle eXplosion Kites enthalten:<\/strong><\/p>\n<ul>\n<li><strong>Angemessene Flugleinen<\/strong><\/li>\n<li><strong>Drachenringe ODER Lenkschlaufen (Straps)<\/strong><\/li>\n<li><strong>Handbuch mit Anleitungen<\/strong><\/li>\n<li><strong>G\u00fcrteltasche<\/strong><\/li>\n<\/ul>\n","protected":false},"excerpt":{"rendered":"<p>2-Leiner-Lenkmatte f\u00fcr alle und \u00fcberall | | R2F | 3 Gr\u00f6\u00dfen<\/p>\n","protected":false},"featured_media":86704,"comment_status":"closed","ping_status":"closed","template":"","meta":{"_acf_changed":false},"product_brand":[],"product_cat":[2164,1347,1348,1372,2165],"product_tag":[],"class_list":{"0":"post-21555","1":"product","2":"type-product","3":"status-publish","4":"has-post-thumbnail","6":"product_cat-2-leiner-lenkmatten","7":"product_cat-angebote","8":"product_cat-marken","9":"product_cat-powerkites","10":"product_cat-wepa","11":"pa_editie-0-5-rainbow-de-2","12":"pa_editie-0-8-rainbow-de-2","13":"pa_editie-1-2-rainbow-de-2","15":"first","16":"instock","17":"sale","18":"taxable","19":"shipping-taxable","20":"purchasable","21":"product-type-variable"},"acf":[],"_links":{"self":[{"href":"https:\/\/www.wepaflyer.com\/de\/wp-json\/wp\/v2\/product\/21555","targetHints":{"allow":["GET"]}}],"collection":[{"href":"https:\/\/www.wepaflyer.com\/de\/wp-json\/wp\/v2\/product"}],"about":[{"href":"https:\/\/www.wepaflyer.com\/de\/wp-json\/wp\/v2\/types\/product"}],"replies":[{"embeddable":true,"href":"https:\/\/www.wepaflyer.com\/de\/wp-json\/wp\/v2\/comments?post=21555"}],"wp:featuredmedia":[{"embeddable":true,"href":"https:\/\/www.wepaflyer.com\/de\/wp-json\/wp\/v2\/media\/86704"}],"wp:attachment":[{"href":"https:\/\/www.wepaflyer.com\/de\/wp-json\/wp\/v2\/media?parent=21555"}],"wp:term":[{"taxonomy":"product_brand","embeddable":true,"href":"https:\/\/www.wepaflyer.com\/de\/wp-json\/wp\/v2\/product_brand?post=21555"},{"taxonomy":"product_cat","embeddable":true,"href":"https:\/\/www.wepaflyer.com\/de\/wp-json\/wp\/v2\/product_cat?post=21555"},{"taxonomy":"product_tag","embeddable":true,"href":"https:\/\/www.wepaflyer.com\/de\/wp-json\/wp\/v2\/product_tag?post=21555"}],"curies":[{"name":"wp","href":"https:\/\/api.w.org\/{rel}","templated":true}]}}