{"id":21552,"date":"2023-12-22T13:26:01","date_gmt":"2023-12-22T12:26:01","guid":{"rendered":"https:\/\/www.wepaflyer.com\/?post_type=product&#038;p=21552"},"modified":"2026-01-21T13:16:47","modified_gmt":"2026-01-21T12:16:47","slug":"wasco-buntstift-set","status":"publish","type":"product","link":"https:\/\/www.wepaflyer.com\/de\/produkt\/wasco-buntstift-set\/","title":{"rendered":"Wachskreide &#8211; Buntstift-Satz"},"content":{"rendered":"<h3><span style=\"line-height: 1.5em;\">Wachskreide \u2013 Buntstifte-Satz<\/span><\/h3>\n<h5>Satz mit 6 oder 8 Wachskreide-Buntstifte in verschiedenen Farben<\/h5>\n<p><span class=\"Y2IQFc\" lang=\"nl\">Wachskreide Malstifte-Set mit 6 oder 8 St\u00fcck in verschiedenen Farben. Ideal zum Bemalen eigener Tyvek-Hobbydrachen oder nat\u00fcrlich f\u00fcr viele andere Dinge. Ungiftig. Die Wachskreidemalstifte sind in einer kleinen Box verpackt und sofort einsatzbereit. Hergestellt in den Niederlanden.<\/span><\/p>\n<p>Im 8-teiligen Set sind auch einige kleine Malbl\u00e4tter f\u00fcr die Allerkleinsten enthalten.<\/p>\n<p><b>Mengenrabatte<\/b>; Beim Kauf gr\u00f6\u00dferer Mengen gew\u00e4hren wir folgende Mengenrabatte:<\/p>\n<ul>\n<li><b>ab 5 St\u00fcck: 5%<\/b><\/li>\n<li><b>ab 10 St\u00fcck: 7,5%<\/b><\/li>\n<li><b>ab 25 St\u00fcck: 10%<\/b><\/li>\n<\/ul>\n<p>Der Mengenrabatt wird direkt im Warenkorb abgerechnet.<\/p>\n","protected":false},"excerpt":{"rendered":"<p>Satz mit 6 oder 8 Wachskreide-Buntstifte in verschiedenen Farben<\/p>\n","protected":false},"featured_media":15714,"comment_status":"closed","ping_status":"closed","template":"","meta":{"_acf_changed":false},"product_brand":[],"product_cat":[2185,1348,2165],"product_tag":[],"class_list":{"0":"post-21552","1":"product","2":"type-product","3":"status-publish","4":"has-post-thumbnail","6":"product_cat-basteldrachen","7":"product_cat-marken","8":"product_cat-wepa","9":"pa_editie-6-stuks-in-doosje-de","10":"pa_editie-8-stuks-in-doosje-de","12":"first","13":"instock","14":"taxable","15":"shipping-taxable","16":"purchasable","17":"product-type-variable"},"acf":[],"_links":{"self":[{"href":"https:\/\/www.wepaflyer.com\/de\/wp-json\/wp\/v2\/product\/21552","targetHints":{"allow":["GET"]}}],"collection":[{"href":"https:\/\/www.wepaflyer.com\/de\/wp-json\/wp\/v2\/product"}],"about":[{"href":"https:\/\/www.wepaflyer.com\/de\/wp-json\/wp\/v2\/types\/product"}],"replies":[{"embeddable":true,"href":"https:\/\/www.wepaflyer.com\/de\/wp-json\/wp\/v2\/comments?post=21552"}],"wp:featuredmedia":[{"embeddable":true,"href":"https:\/\/www.wepaflyer.com\/de\/wp-json\/wp\/v2\/media\/15714"}],"wp:attachment":[{"href":"https:\/\/www.wepaflyer.com\/de\/wp-json\/wp\/v2\/media?parent=21552"}],"wp:term":[{"taxonomy":"product_brand","embeddable":true,"href":"https:\/\/www.wepaflyer.com\/de\/wp-json\/wp\/v2\/product_brand?post=21552"},{"taxonomy":"product_cat","embeddable":true,"href":"https:\/\/www.wepaflyer.com\/de\/wp-json\/wp\/v2\/product_cat?post=21552"},{"taxonomy":"product_tag","embeddable":true,"href":"https:\/\/www.wepaflyer.com\/de\/wp-json\/wp\/v2\/product_tag?post=21552"}],"curies":[{"name":"wp","href":"https:\/\/api.w.org\/{rel}","templated":true}]}}