{"id":21539,"date":"2023-12-22T13:25:59","date_gmt":"2023-12-22T12:25:59","guid":{"rendered":"https:\/\/www.wepaflyer.com\/?post_type=product&#038;p=21539"},"modified":"2026-05-04T09:42:40","modified_gmt":"2026-05-04T07:42:40","slug":"wus-vliegerring-spezispule-150","status":"publish","type":"product","link":"https:\/\/www.wepaflyer.com\/de\/produkt\/wus-vliegerring-spezispule-150\/","title":{"rendered":"WuS VliegerRing\/SpeziSpule 150"},"content":{"rendered":"<h2>WUS KITE RING \/ SPEZI SPULE 150<\/h2>\n<h3>12 neue Farben<\/h3>\n<p>Der klassische Drachenring! Seit den 1980er Jahren ist dieser Drachenring unter dem Namen \u201eSpezi-Spule\u201c ein Begriff in der Drachenwelt. Drachenring in der besten Gr\u00f6\u00dfe f\u00fcr kleine und gro\u00dfe H\u00e4nde. Dies passt zu fast allen Garnarten f\u00fcr alle Arten von Kinderdrachen und viele Einsteiger-Lenkdrachen. Am h\u00e4ufigsten nachgefragter Drachenring, absoluter Favorit.<\/p>\n<p>Erh\u00e4ltlich in den 12 unten aufgef\u00fchrten Farben. Geben Sie im Warenkorb an, welche Farbe(n) Sie w\u00fcnschen.<\/p>\n<p>Aus robustem PE-Material. Durchmesser von 15 cm. Dieser Drachenring liegt gut in der Hand und hat einen guten Halt.<\/p>\n<p><b>Verf\u00fcgbare Farben:<\/b><\/p>\n<ul>\n<li>Wei\u00df<\/li>\n<li>Schwarz<\/li>\n<li>Anthrazit<\/li>\n<li>Dunkelblau<\/li>\n<li>Cyanblau<\/li>\n<li>Dunkelgr\u00fcn<\/li>\n<li>Hellgr\u00fcn<\/li>\n<li>Lila<\/li>\n<li>Orange<\/li>\n<li>Rot<\/li>\n<li>Gelb<\/li>\n<li>Rosa<\/li>\n<\/ul>\n<div>\n<p><b>Mengenrabatte<\/b>; Beim Kauf gr\u00f6\u00dferer Mengen gew\u00e4hren wir folgende Mengenrabatte:<\/p>\n<ul>\n<li><b>ab 10 St\u00fcck: 5%<\/b><\/li>\n<li><b>ab 25 St\u00fcck: 7,5%<\/b><\/li>\n<li><b>ab 50 St\u00fcck: 10%<\/b><\/li>\n<li><b>ab 100 St\u00fcck: 15%<\/b><\/li>\n<li><strong>ab 250 St\u00fcck: 20%<\/strong><\/li>\n<li><strong>ab 500 St\u00fcck: 25%<\/strong><\/li>\n<\/ul>\n<p>Der Mengenrabatt wird direkt im Warenkorb abgerechnet.<\/p>\n<\/div>\n","protected":false},"excerpt":{"rendered":"<p>12 neue Farben \u00f8 15cm<\/p>\n","protected":false},"featured_media":11988,"comment_status":"closed","ping_status":"closed","template":"","meta":{"_acf_changed":false},"product_brand":[],"product_cat":[1385,2710,2152],"product_tag":[3593],"class_list":{"0":"post-21539","1":"product","2":"type-product","3":"status-publish","4":"has-post-thumbnail","6":"product_cat-drachen-zubehor","7":"product_cat-drachenringe","8":"product_cat-wepa-ultra-sports","9":"product_tag-accessoires","10":"pa_kleur-antraciet-de","11":"pa_kleur-donkerblauw-de","12":"pa_kleur-donkergroen-de","13":"pa_kleur-geel-de","14":"pa_kleur-lichtgroen-de","15":"pa_kleur-paars-de","16":"pa_kleur-middenblauw-de","17":"pa_kleur-oranje-de","18":"pa_kleur-pink-de","19":"pa_kleur-rood-de","20":"pa_kleur-zwart-de","21":"pa_kleur-wit-de","23":"first","24":"instock","25":"taxable","26":"shipping-taxable","27":"purchasable","28":"product-type-variable"},"acf":[],"_links":{"self":[{"href":"https:\/\/www.wepaflyer.com\/de\/wp-json\/wp\/v2\/product\/21539","targetHints":{"allow":["GET"]}}],"collection":[{"href":"https:\/\/www.wepaflyer.com\/de\/wp-json\/wp\/v2\/product"}],"about":[{"href":"https:\/\/www.wepaflyer.com\/de\/wp-json\/wp\/v2\/types\/product"}],"replies":[{"embeddable":true,"href":"https:\/\/www.wepaflyer.com\/de\/wp-json\/wp\/v2\/comments?post=21539"}],"wp:featuredmedia":[{"embeddable":true,"href":"https:\/\/www.wepaflyer.com\/de\/wp-json\/wp\/v2\/media\/11988"}],"wp:attachment":[{"href":"https:\/\/www.wepaflyer.com\/de\/wp-json\/wp\/v2\/media?parent=21539"}],"wp:term":[{"taxonomy":"product_brand","embeddable":true,"href":"https:\/\/www.wepaflyer.com\/de\/wp-json\/wp\/v2\/product_brand?post=21539"},{"taxonomy":"product_cat","embeddable":true,"href":"https:\/\/www.wepaflyer.com\/de\/wp-json\/wp\/v2\/product_cat?post=21539"},{"taxonomy":"product_tag","embeddable":true,"href":"https:\/\/www.wepaflyer.com\/de\/wp-json\/wp\/v2\/product_tag?post=21539"}],"curies":[{"name":"wp","href":"https:\/\/api.w.org\/{rel}","templated":true}]}}