{"id":21535,"date":"2023-12-22T13:25:58","date_gmt":"2023-12-22T12:25:58","guid":{"rendered":"https:\/\/www.wepaflyer.com\/?post_type=product&#038;p=21535"},"modified":"2026-05-04T12:27:42","modified_gmt":"2026-05-04T10:27:42","slug":"cx-quattro-4-leinen-drachen","status":"publish","type":"product","link":"https:\/\/www.wepaflyer.com\/de\/produkt\/cx-quattro-4-leinen-drachen\/","title":{"rendered":"CX Cross Kites Quattro 4-Lines Kite"},"content":{"rendered":"<h3>Cross Kites CX Quattro | R2F<\/h3>\n<div>\n<h4>Sch\u00f6ne 4-Leiner-Lenkmatte f\u00fcr Einsteiger und Fortgeschrittene | R2F | 4 Gr\u00f6\u00dfen<\/h4>\n<p><strong>Einsteiger 4-Leins-Lenkmatte.<\/strong><\/p>\n<h3><span style=\"text-align: justify; color: #333333; font-size: 15px;\">Der CX Cross Kites Quattro ist ein benutzerfreundlicher und stabiler Kite, ideal f\u00fcr den Power-Kiter-Neuling, der das 4-Leiner-Drachenfliegen erlernen m\u00f6chte.\u00a0<\/span><\/h3>\n<\/div>\n<p style=\"text-align: justify;\"><span style=\"line-height: 1.5em;\">Der Kite hat viel Zugkraft, an der jeder Powerkiter langfristig Freude haben wird, auch wenn man schon viele (anstrengende) Kite-Sessions und Adrenalinsch\u00fcbe hinter sich hat.<\/span><\/p>\n<h6><strong>Der CX Cross Kites Quattro ist in 4 Gr\u00f6\u00dfen erh\u00e4ltlich:<\/strong><\/h6>\n<ul>\n<li><strong>CX Quattro 1.5 GREEN | 219 x 81 cm. | 1,5m\u00b2 | R2F (Flugbereit) | Alter 12+ | Windst\u00e4rke 2-6 Bft.<\/strong><\/li>\n<li><strong>CX Quattro 2.5 BLUE | 283 x 103 cm. | 2,5m\u00b2 | R2F (Flugbereit) | Alter 14+ | Windst\u00e4rke 2-6 Bft.<\/strong><\/li>\n<li><strong>CX Quattro 3.5 ORANGE | 335 x 123 cm. | 3,5m\u00b2 | R2F (Flugbereit) | Alter 14+ | Windst\u00e4rke 2-6 Bft.<\/strong><\/li>\n<li><strong>CX Quattro 4.5 GREEN | 379 x 138 cm. | 4,5m\u00b2 | R2F (Flugbereit) | Alter 14+ | Windst\u00e4rke 2-5 Bft.<\/strong><\/li>\n<li><strong>Alle angegebenen Altersangaben sind Richtwerte<\/strong><\/li>\n<\/ul>\n<h6><strong>Alle CrossKites CX Quattro kommen mit:<\/strong><\/h6>\n<ul>\n<li><strong>Passendes 4-Leiner-Lenkset<\/strong><\/li>\n<li><strong>ALU-Quad-Griffe<\/strong><\/li>\n<li><strong>Kite-Killer (Sicherheitsleinen\/Safety Leashes)<\/strong><\/li>\n<li><strong>Handbuch mit Anleitungen<\/strong><\/li>\n<li><strong>Tragetasche<\/strong><\/li>\n<\/ul>\n","protected":false},"excerpt":{"rendered":"<p>Sch\u00f6ne 4-Leiner-Lenkmatte f\u00fcr Einsteiger und Fortgeschrittene | R2F | 4 Gr\u00f6\u00dfen<\/p>\n","protected":false},"featured_media":16200,"comment_status":"closed","ping_status":"closed","template":"","meta":{"_acf_changed":false},"product_brand":[],"product_cat":[2162,1347,2168,1348,1372],"product_tag":[3632],"class_list":{"0":"post-21535","1":"product","2":"type-product","3":"status-publish","4":"has-post-thumbnail","6":"product_cat-4-leiner-lenkmatten","7":"product_cat-angebote","8":"product_cat-cross-kites","9":"product_cat-marken","10":"product_cat-powerkites","11":"product_tag-powerkites","13":"first","14":"instock","15":"sale","16":"taxable","17":"shipping-taxable","18":"purchasable","19":"product-type-variable"},"acf":[],"_links":{"self":[{"href":"https:\/\/www.wepaflyer.com\/de\/wp-json\/wp\/v2\/product\/21535","targetHints":{"allow":["GET"]}}],"collection":[{"href":"https:\/\/www.wepaflyer.com\/de\/wp-json\/wp\/v2\/product"}],"about":[{"href":"https:\/\/www.wepaflyer.com\/de\/wp-json\/wp\/v2\/types\/product"}],"replies":[{"embeddable":true,"href":"https:\/\/www.wepaflyer.com\/de\/wp-json\/wp\/v2\/comments?post=21535"}],"wp:featuredmedia":[{"embeddable":true,"href":"https:\/\/www.wepaflyer.com\/de\/wp-json\/wp\/v2\/media\/16200"}],"wp:attachment":[{"href":"https:\/\/www.wepaflyer.com\/de\/wp-json\/wp\/v2\/media?parent=21535"}],"wp:term":[{"taxonomy":"product_brand","embeddable":true,"href":"https:\/\/www.wepaflyer.com\/de\/wp-json\/wp\/v2\/product_brand?post=21535"},{"taxonomy":"product_cat","embeddable":true,"href":"https:\/\/www.wepaflyer.com\/de\/wp-json\/wp\/v2\/product_cat?post=21535"},{"taxonomy":"product_tag","embeddable":true,"href":"https:\/\/www.wepaflyer.com\/de\/wp-json\/wp\/v2\/product_tag?post=21535"}],"curies":[{"name":"wp","href":"https:\/\/api.w.org\/{rel}","templated":true}]}}