{"id":21519,"date":"2023-12-22T13:25:52","date_gmt":"2023-12-22T12:25:52","guid":{"rendered":"https:\/\/www.wepaflyer.com\/?post_type=product&#038;p=21519"},"modified":"2026-03-17T12:41:01","modified_gmt":"2026-03-17T11:41:01","slug":"cx-air-2-leinen-drachen","status":"publish","type":"product","link":"https:\/\/www.wepaflyer.com\/de\/produkt\/cx-air-2-leinen-drachen\/","title":{"rendered":"CX Air 2-Lines Kite | Starter Kite"},"content":{"rendered":"<h3>Cross Kites CX Air | 2-Lines Starter Kites<\/h3>\n<h5>2-Leiner-Lenkmatte f\u00fcr den Anf\u00e4nger-Lenkdrachenflieger | 5 Gr\u00f6\u00dfen \u2013 10 Versionen<\/h5>\n<p>Der Cross Air ist ein fantastischer 2-Leiner-Lenkmatte f\u00fcr Anf\u00e4nger, die in der Freizeit Drachen steigen lassen m\u00f6chten. Geeignet f\u00fcr Jung und Alt.<\/p>\n<p>Der Drachen ist leicht zu kontrollieren und sehr stabil. Dennoch ist der Cross Air nicht langweilig, denn der Kite ist aufgrund der hohen Drehgeschwindigkeit eine Herausforderung. Hergestellt aus robustem Polyester-Ripstop-Tuch. Lieferung in praktischer Tragetasche.<\/p>\n<h6><strong>Erh\u00e4ltlich in den folgenden Gr\u00f6\u00dfen (2 Farbversionen pro Gr\u00f6\u00dfe, Rainbow &amp; 2-Farbig):<\/strong><\/h6>\n<ul>\n<li><strong>CX Air 1.2 Rainbow &amp; BlauGr\u00fcn | <\/strong><strong>122 x 52 cm. | R2F (Ready-to-Fly) | Alter 6+ | Windst\u00e4rke 2-6 Bft.<\/strong><\/li>\n<li><strong>CX Air 1.5 Rainbow &amp; RotGelb | <\/strong><strong>151 x 64 cm. | R2F (Ready-to-Fly) | Alter 8+ | Windst\u00e4rke 2-6 Bft<\/strong><\/li>\n<li><strong>CX Air 1.8 Rainbow &amp; Gr\u00fcnGelb | <\/strong><strong>180 x 68 cm. | R2F (Ready-to-Fly) | Alter 10+ | Windst\u00e4rke 2-6 Bft<\/strong><\/li>\n<li><strong>CX Air 2.1 Rainbow &amp; BlauGr\u00fcn | 211 x 79 cm. | R2F (Ready-to-Fly) | Alter 12+ | Windst\u00e4rke 2-6 Bft<\/strong><\/li>\n<li><strong>CX Air 2.5 Rainbow &amp; RotGelb | 250 x 94 cm. | R2F (Ready-to-Fly) | Alter 14+ | Windst\u00e4rke 2-5 Bft<\/strong><\/li>\n<li><strong>Alle angegebenen Altersangaben sind Richtwerte<\/strong><\/li>\n<\/ul>\n<p><strong>Alle CrossKites CX Air enthalten:<\/strong><\/p>\n<ul>\n<li><strong>Angemessene Flugleinen<\/strong><\/li>\n<li><strong>Lenkschlaufen (Straps)<\/strong><\/li>\n<li><strong>Handbuch mit Anleitungen<\/strong><\/li>\n<li><strong>Tragetasche<\/strong><\/li>\n<\/ul>\n","protected":false},"excerpt":{"rendered":"<p>2-Leiner-Lenkmatte f\u00fcr den Anf\u00e4nger-Lenkdrachenflieger | 5 Gr\u00f6\u00dfen \u2013 10 Versionen<\/p>\n","protected":false},"featured_media":16177,"comment_status":"closed","ping_status":"closed","template":"","meta":{"_acf_changed":false},"product_brand":[],"product_cat":[2164,1347,2168,1348,1372],"product_tag":[],"class_list":{"0":"post-21519","1":"product","2":"type-product","3":"status-publish","4":"has-post-thumbnail","6":"product_cat-2-leiner-lenkmatten","7":"product_cat-angebote","8":"product_cat-cross-kites","9":"product_cat-marken","10":"product_cat-powerkites","11":"pa_editie-1-2-bluegreen-de-2","12":"pa_editie-1-2-rainbow-de-2","13":"pa_editie-1-5-rainbow-de-2","14":"pa_editie-1-5-redyellow-de-2","15":"pa_editie-1-8-greenyellow-de-2","16":"pa_editie-1-8-rainbow-de-2","17":"pa_editie-2-1-bluegreen-de-2","18":"pa_editie-2-1-rainbow-de-2","19":"pa_editie-2-5-rainbow-de-2","20":"pa_editie-2-5-redyellow-de-2","22":"first","23":"instock","24":"sale","25":"taxable","26":"shipping-taxable","27":"purchasable","28":"product-type-variable"},"acf":[],"_links":{"self":[{"href":"https:\/\/www.wepaflyer.com\/de\/wp-json\/wp\/v2\/product\/21519","targetHints":{"allow":["GET"]}}],"collection":[{"href":"https:\/\/www.wepaflyer.com\/de\/wp-json\/wp\/v2\/product"}],"about":[{"href":"https:\/\/www.wepaflyer.com\/de\/wp-json\/wp\/v2\/types\/product"}],"replies":[{"embeddable":true,"href":"https:\/\/www.wepaflyer.com\/de\/wp-json\/wp\/v2\/comments?post=21519"}],"wp:featuredmedia":[{"embeddable":true,"href":"https:\/\/www.wepaflyer.com\/de\/wp-json\/wp\/v2\/media\/16177"}],"wp:attachment":[{"href":"https:\/\/www.wepaflyer.com\/de\/wp-json\/wp\/v2\/media?parent=21519"}],"wp:term":[{"taxonomy":"product_brand","embeddable":true,"href":"https:\/\/www.wepaflyer.com\/de\/wp-json\/wp\/v2\/product_brand?post=21519"},{"taxonomy":"product_cat","embeddable":true,"href":"https:\/\/www.wepaflyer.com\/de\/wp-json\/wp\/v2\/product_cat?post=21519"},{"taxonomy":"product_tag","embeddable":true,"href":"https:\/\/www.wepaflyer.com\/de\/wp-json\/wp\/v2\/product_tag?post=21519"}],"curies":[{"name":"wp","href":"https:\/\/api.w.org\/{rel}","templated":true}]}}