{"id":21507,"date":"2023-12-22T13:25:47","date_gmt":"2023-12-22T12:25:47","guid":{"rendered":"https:\/\/www.wepaflyer.com\/?post_type=product&#038;p=21507"},"modified":"2026-05-04T12:39:49","modified_gmt":"2026-05-04T10:39:49","slug":"hq-winderset-assortedlines","status":"publish","type":"product","link":"https:\/\/www.wepaflyer.com\/de\/produkt\/hq-winderset-assortedlines\/","title":{"rendered":"HQ Liros LenkSet AssortedLines"},"content":{"rendered":"<h3>HQ-LIROS WINDER-(LENK)SET ASSORTED LINES | 2x ECO-SET<\/h3>\n<h5>Lenksets f\u00fcr 2-Leiner-Drachen in Polyester, Blend und Dyneema Qualit\u00e4t | F\u00fcr jeden Lenkdrachen die richtigen Schn\u00fcre<\/h5>\n<p><b>2 Lenksets aus Polyesterschn\u00fcren + 2 Lenksets aus Blend-Schn\u00fcren + 1 Lenkset aus Dyneema-Schn\u00fcren &gt;&gt;\u00a0 W\u00e4hle die richtigen Schn\u00fcre f\u00fcr deinen Drachen!<\/b><\/p>\n<ul>\n<li><strong>HQ Winderset 2&#215;25 Meter Polyester 25daN<\/strong><\/li>\n<li><strong>HQ Winderset 2&#215;25 Meter Polyester 45daN<\/strong><\/li>\n<li><strong>HQ Winderset 2&#215;25 Meter BlendLine 80daN | <em>ECO-Set = inklusive\u00a0 Lenkschlaufen (Straps)<\/em><\/strong><\/li>\n<li><strong>HQ Winderset 2&#215;30 Meter Blendline 80daN<\/strong><\/li>\n<li><strong>HQ Winderset 2&#215;25 Meter Dyneema BasicLine 25daN | <em>ECO-Set = inklusive Lenkschlaufen (Straps)<\/em><\/strong><\/li>\n<\/ul>\n<p><strong>POLYESTER<\/strong>: Polyesterfasern sind preisg\u00fcnstiger als Dyneema. Deshalb kommen bei \u201eHQ\u201c-Einstiegs-Lenkdrachen im Einstiegspreisbereich auch veredelte, geflochtene Polyesterschn\u00fcre zum Einsatz. Durch die Vordehnung der Leinen wird die nat\u00fcrliche Elastizit\u00e4t der Fasern drastisch reduziert. Polyesterfasern erm\u00f6glichen zudem einen kleinen Leinendurchmesser bei reduziertem Luftwiderstand. Die nach dem Dehnen verbleibende Restdehnung absorbiert Windb\u00f6en besser als Dyneema.<\/p>\n<p><strong>BLENDLINE<\/strong>: Die LIROS Blendlines sind eine Mischung aus Dyneema- und Polyesterfasern. Im Vergleich zu einer reinen Polyesterschnur profitiert die Blendline von der geringen Dehnung der Dyneema-Leine und bietet dadurch das f\u00fcr Dyneema typische direkte Flug- und Lenkverhalten. Aufgrund des Polyesteranteils ist der Leinendurchmesser etwas gr\u00f6\u00dfer als bei reinen Dyneema-Leinen. Dies verbessert jedoch das Handling der Leine und nimmt der Dyneema-Leine ihre Sch\u00e4rfe. Eine preiswerte Schnur f\u00fcr zuk\u00fcnftige Profi-Piloten. <strong>Eines der beiden angebotenen BlendLine Lenksets wird als ECO-Set ausgef\u00fchrt, d.h. komplett mit Lenkschlaufen.<\/strong><\/p>\n<p><strong>DYNEEMA BASIC<\/strong>: Die HQ Dyneema Basic Lines sind von ausgezeichneter Qualit\u00e4t und haben eine strahlend wei\u00dfe Farbe. Diese Schnur ist sch\u00f6n glatt und dicht geflochten und weist wenig Dehnung auf, wodurch Sie eine sehr lineaire und direkte Kontrolle \u00fcber den Drachen haben und schnelle Drehungen und kurze Wendungen ausf\u00fchren k\u00f6nnen. Der Kite reagiert beim Fliegen mit den HQ Dyneema Basic Lines einfach schneller. <strong>Dieses Lenkset ist ab sofort als ECO-Set, also komplett mit Lenkschlaufen, erh\u00e4ltlich.<\/strong><\/p>\n<p>Der Winder (Wickelgriff), auf dem die Lenkschn\u00fcre gewickelt werden, besteht aus stabilem PE-Material, die Schnur ist von ausgezeichneter Qualit\u00e4t, die von HQ getestet und garantiert wird.<\/p>\n<p><strong>ACHTUNG!<\/strong><span>\u00a0: Bei diesen Drachenleinen, die auf einem Wickler (Wickelgriff) aufgewickelt sind, ben\u00f6tigt man noch Zubeh\u00f6r, um tats\u00e4chlich kiten zu k\u00f6nnen. Weitere Informationen finden Sie unter\u00a0<\/span><strong>Drachen Zubeh\u00f6r &gt; Lenkschlaufen und Griffe (Lenkstangen)<\/strong><span>. Der Wickler dient ausschlie\u00dflich der Aufbewahrung der Schn\u00fcre. Die Wickler werden wie abgebildet in den passenden Farben geliefert. Der Wickler besteht aus robustem PE-Material, die Schnur ist von bester Qualit\u00e4t, getestet und garantiert von HQ.<\/span><\/p>\n<p><b>Mengenrabatte<\/b>; Beim Kauf gr\u00f6\u00dferer Mengen gew\u00e4hren wir folgende Mengenrabatte:<\/p>\n<ul>\n<li><b>ab 2 St\u00fcck: 5%<\/b><\/li>\n<li><b>ab 3 St\u00fcck: 7,5%<\/b><\/li>\n<li><b>ab 5 St\u00fcck: 10%<\/b><\/li>\n<\/ul>\n<p>Der Mengenrabatt wird direkt im Warenkorb abgerechnet.<\/p>\n","protected":false},"excerpt":{"rendered":"<p>Lenksets f\u00fcr 2-Leiner-Drachen in Polyester, Blend und Dyneema Qualit\u00e4t | F\u00fcr jeden Lenkdrachen die richtigen Schn\u00fcre<\/p>\n","protected":false},"featured_media":11949,"comment_status":"closed","ping_status":"closed","template":"","meta":{"_acf_changed":false},"product_brand":[],"product_cat":[2172,3382,1348],"product_tag":[3637],"class_list":{"0":"post-21507","1":"product","2":"type-product","3":"status-publish","4":"has-post-thumbnail","6":"product_cat-drachenleinen","7":"product_cat-hq-liros-de","8":"product_cat-marken","9":"product_tag-accessoires","10":"pa_editie-hq-winderset-blendline-80-25-eco-set-de-2","11":"pa_editie-hq-winderset-blendline-80-30-de-2","12":"pa_editie-hq-winderset-dyneemabasic-25-25-de-2","13":"pa_editie-hq-winderset-polyester-25-25-de-2","14":"pa_editie-hq-winderset-polyester-45-25-de-2","16":"first","17":"instock","18":"taxable","19":"shipping-taxable","20":"purchasable","21":"product-type-variable"},"acf":[],"_links":{"self":[{"href":"https:\/\/www.wepaflyer.com\/de\/wp-json\/wp\/v2\/product\/21507","targetHints":{"allow":["GET"]}}],"collection":[{"href":"https:\/\/www.wepaflyer.com\/de\/wp-json\/wp\/v2\/product"}],"about":[{"href":"https:\/\/www.wepaflyer.com\/de\/wp-json\/wp\/v2\/types\/product"}],"replies":[{"embeddable":true,"href":"https:\/\/www.wepaflyer.com\/de\/wp-json\/wp\/v2\/comments?post=21507"}],"wp:featuredmedia":[{"embeddable":true,"href":"https:\/\/www.wepaflyer.com\/de\/wp-json\/wp\/v2\/media\/11949"}],"wp:attachment":[{"href":"https:\/\/www.wepaflyer.com\/de\/wp-json\/wp\/v2\/media?parent=21507"}],"wp:term":[{"taxonomy":"product_brand","embeddable":true,"href":"https:\/\/www.wepaflyer.com\/de\/wp-json\/wp\/v2\/product_brand?post=21507"},{"taxonomy":"product_cat","embeddable":true,"href":"https:\/\/www.wepaflyer.com\/de\/wp-json\/wp\/v2\/product_cat?post=21507"},{"taxonomy":"product_tag","embeddable":true,"href":"https:\/\/www.wepaflyer.com\/de\/wp-json\/wp\/v2\/product_tag?post=21507"}],"curies":[{"name":"wp","href":"https:\/\/api.w.org\/{rel}","templated":true}]}}