{"id":21504,"date":"2023-12-22T13:25:47","date_gmt":"2023-12-22T12:25:47","guid":{"rendered":"https:\/\/www.wepaflyer.com\/?post_type=product&#038;p=21504"},"modified":"2026-03-08T19:39:11","modified_gmt":"2026-03-08T18:39:11","slug":"hq-symphony-speed-ii-2-leiner-speedkite","status":"publish","type":"product","link":"https:\/\/www.wepaflyer.com\/de\/produkt\/hq-symphony-speed-ii-2-leiner-speedkite\/","title":{"rendered":"HQ Symphony Speed II | 2-Lines Speed Kite"},"content":{"rendered":"<h3>HQ Symphony Speed \u200b\u200b\u200b\u200bII | R2F<\/h3>\n<h4>Die 2-Leiner-Lenkmatte f\u00fcr Speed-Junkies | 2 Gr\u00f6\u00dfen<\/h4>\n<p style=\"text-align: justify;\"><b>D\u00e9r Kite f\u00fcr geschwindigkeitss\u00fcchtige Kiter! How much Speed can you handle?!<\/b><\/p>\n<p><b>Symphony Speed \u200b\u200b\u200b\u200bII:<\/b><\/p>\n<ul>\n<li>\u00a0Die Symphony-Line f\u00fcr Piloten, die an ihre Grenzen gehen wollen<\/li>\n<li>H\u00f6heres Seitenverh\u00e4ltnis \u2013 kompromisslos auf hohe Geschwindigkeiten ausgelegt<\/li>\n<li>Entwickelt mit Kenntnissen des Gleitschirmfliegens<\/li>\n<li>Un\u00fcbertroffene Benutzerfreundlichkeit \u2013 keine Kompromisse bei Materialien und Zubeh\u00f6r<\/li>\n<li>Bietet hervorragende Flugleistung und atemberaubende Geschwindigkeiten<\/li>\n<li>Sportliche Designs \u2013 stylisches Taschenkonzept<\/li>\n<li>Kleine Verpackung \u2013 ideal f\u00fcr unterwegs und auf Reisen<\/li>\n<li>Enth\u00e4lt eine ausf\u00fchrliche Anleitung f\u00fcr Sportlenkdrachen<\/li>\n<\/ul>\n<p>\u201eSchlomos\u201c sollten diese Drachen meiden. Unsere Symphony Speed-Modelle sind kompromisslos auf Geschwindigkeit ausgelegt und eignen sich perfekt f\u00fcr Geschwindigkeitss\u00fcchtige. Aufgrund eines h\u00f6heren AR-Streckungsverh\u00e4ltnisses entwickelt der Symphony Speed \u200b\u200bdeutlich h\u00f6here Geschwindigkeiten als normale Symphonys.<\/p>\n<p>Hochwertige Materialien, hervorragende Verarbeitung und absolute Zuverl\u00e4ssigkeit zeichnen alle Symphony Speed \u200b\u200baus. Ihr geringes Packma\u00df macht sie zu idealen Begleitern f\u00fcr unterwegs und im Urlaub.<\/p>\n<p style=\"text-align: justify;\"><b>Spezifikationen<\/b>:<\/p>\n<p><strong>Symphony Speed \u200b\u200b\u200b\u200bII 200:<\/strong><\/p>\n<ul>\n<li>Fl\u00fcgelspannweite: 200 cm<\/li>\n<li>H\u00f6he: 58 cm<\/li>\n<li>Tuch; Ripstop-Nylon<\/li>\n<li>Leinen: inkl. 100daN DyneemaLines, 2&#215;25 Meter auf Wickelgriff mit Handlenkschlaufen<\/li>\n<li>Wind: 2-6 Bft. (6-49 km\/h | 4-31 mph)<\/li>\n<li>Alter: 14+<\/li>\n<\/ul>\n<p><strong>Symphony Speed \u200b\u200b\u200b\u200bII 250:<\/strong><\/p>\n<ul>\n<li>Fl\u00fcgelspannweite: 250 cm<\/li>\n<li>H\u00f6he: 60 cm<\/li>\n<li>Tuch; Ripstop-Nylon<\/li>\n<li>Leinen: inkl. 160daN DyneemaLines, 2&#215;25 Meter auf Wickelgriff mit Handlenkschlaufen<\/li>\n<li>Wind: 2-6 Bft. (6-49 km\/h | 4-31 mph)<\/li>\n<li>Alter: 14+<\/li>\n<\/ul>\n<div>\n<p>BITTE BEACHTEN!: Nur noch eine sehr begrenzte Menge auf Lager&#8230;<\/p>\n<\/div>\n","protected":false},"excerpt":{"rendered":"<p>Die 2-Leiner-Lenkmatte f\u00fcr Speed-Junkies | 2 Gr\u00f6\u00dfen<\/p>\n","protected":false},"featured_media":86285,"comment_status":"closed","ping_status":"closed","template":"","meta":{"_acf_changed":false},"product_brand":[],"product_cat":[2164,2177,1348,1372,1384],"product_tag":[],"class_list":{"0":"post-21504","1":"product","2":"type-product","3":"status-publish","4":"has-post-thumbnail","6":"product_cat-2-leiner-lenkmatten","7":"product_cat-hq-kites","8":"product_cat-marken","9":"product_cat-powerkites","10":"product_cat-sale","11":"pa_editie-200-de-2","12":"pa_editie-250-de-2","14":"first","15":"instock","16":"sale","17":"taxable","18":"shipping-taxable","19":"purchasable","20":"product-type-variable"},"acf":[],"_links":{"self":[{"href":"https:\/\/www.wepaflyer.com\/de\/wp-json\/wp\/v2\/product\/21504","targetHints":{"allow":["GET"]}}],"collection":[{"href":"https:\/\/www.wepaflyer.com\/de\/wp-json\/wp\/v2\/product"}],"about":[{"href":"https:\/\/www.wepaflyer.com\/de\/wp-json\/wp\/v2\/types\/product"}],"replies":[{"embeddable":true,"href":"https:\/\/www.wepaflyer.com\/de\/wp-json\/wp\/v2\/comments?post=21504"}],"wp:featuredmedia":[{"embeddable":true,"href":"https:\/\/www.wepaflyer.com\/de\/wp-json\/wp\/v2\/media\/86285"}],"wp:attachment":[{"href":"https:\/\/www.wepaflyer.com\/de\/wp-json\/wp\/v2\/media?parent=21504"}],"wp:term":[{"taxonomy":"product_brand","embeddable":true,"href":"https:\/\/www.wepaflyer.com\/de\/wp-json\/wp\/v2\/product_brand?post=21504"},{"taxonomy":"product_cat","embeddable":true,"href":"https:\/\/www.wepaflyer.com\/de\/wp-json\/wp\/v2\/product_cat?post=21504"},{"taxonomy":"product_tag","embeddable":true,"href":"https:\/\/www.wepaflyer.com\/de\/wp-json\/wp\/v2\/product_tag?post=21504"}],"curies":[{"name":"wp","href":"https:\/\/api.w.org\/{rel}","templated":true}]}}