{"id":21481,"date":"2023-12-22T13:25:41","date_gmt":"2023-12-22T12:25:41","guid":{"rendered":"https:\/\/www.wepaflyer.com\/?post_type=product&#038;p=21481"},"modified":"2026-02-26T22:43:59","modified_gmt":"2026-02-26T21:43:59","slug":"hq-hood-folie","status":"publish","type":"product","link":"https:\/\/www.wepaflyer.com\/de\/produkt\/hq-hood-folie\/","title":{"rendered":"HQ KAP Foil Power-Liftkites"},"content":{"rendered":"<h3>HQ KAP FOIL | POWER-LIFTKITES (ZUG- &amp; ANKERDRACHEN)<\/h3>\n<h4>Stablose 1-Leiner Drachen | Ankerdrachen f\u00fcr Leinendekorationen &amp; Inflatables | 4 Gr\u00f6\u00dfen<\/h4>\n<p id=\"tw-target-text\" class=\"tw-data-text tw-text-large tw-ta\" dir=\"ltr\" data-placeholder=\"Vertaling\" aria-label=\"Vertaalde tekst: Die KAP-Foils sind stablose Ankerdrachen, die oft als Zugdrachen f\u00fcr Leinendekorationen und Schlauchboote dienen. Man kann sie sehr kompakt zusammenfalten und einfach und problemlos transportieren. Diese HQ KAP-Foils sind wundersch\u00f6ne Zug- und Hebedrachen, die Sie f\u00fcr Luftaufnahmen und als Zugdrachen f\u00fcr kleine, mittlere und gro\u00dfe Leinendekorationen und Schlauchboote verwenden k\u00f6nnen, abh\u00e4ngig von der Gr\u00f6\u00dfe des jeweiligen KAP-Foils. Die Tasche, in der der Kite verpackt ist, kann auch als Heck- oder Schlepptasche verwendet werden. Die HQ KAP-Foils sind grundsolide und nahezu unverw\u00fcstlich und k\u00f6nnen eine enorme Zugkraft entwickeln, daher sollten sie unter Ber\u00fccksichtigung des empfohlenen Mindestalters und der angegebenen Windst\u00e4rken nur von erfahrenen Piloten verwendet werden. Die KAP-Foils sind in folgenden Gr\u00f6\u00dfen erh\u00e4ltlich (Ma\u00dfe, empfohlene Leinenst\u00e4rke, Windst\u00e4rke und Mindestalter sind angegeben):\" data-ved=\"2ahUKEwiYsaG--qyMAxWQxAIHHekBNmoQ3ewLegQICRAV\"><span class=\"Y2IQFc\" lang=\"de\">Die KAP-Foils sind stablose Ankerdrachen, die oft als Zugdrachen f\u00fcr Leinendekorationen und Inflatables dienen. Man kann sie sehr kompakt zusammenfalten und einfach und problemlos transportieren. <\/span><\/p>\n<p class=\"tw-data-text tw-text-large tw-ta\" dir=\"ltr\" data-placeholder=\"Vertaling\" aria-label=\"Vertaalde tekst: Die KAP-Foils sind stablose Ankerdrachen, die oft als Zugdrachen f\u00fcr Leinendekorationen und Schlauchboote dienen. Man kann sie sehr kompakt zusammenfalten und einfach und problemlos transportieren. Diese HQ KAP-Foils sind wundersch\u00f6ne Zug- und Hebedrachen, die Sie f\u00fcr Luftaufnahmen und als Zugdrachen f\u00fcr kleine, mittlere und gro\u00dfe Leinendekorationen und Schlauchboote verwenden k\u00f6nnen, abh\u00e4ngig von der Gr\u00f6\u00dfe des jeweiligen KAP-Foils. Die Tasche, in der der Kite verpackt ist, kann auch als Heck- oder Schlepptasche verwendet werden. Die HQ KAP-Foils sind grundsolide und nahezu unverw\u00fcstlich und k\u00f6nnen eine enorme Zugkraft entwickeln, daher sollten sie unter Ber\u00fccksichtigung des empfohlenen Mindestalters und der angegebenen Windst\u00e4rken nur von erfahrenen Piloten verwendet werden. Die KAP-Foils sind in folgenden Gr\u00f6\u00dfen erh\u00e4ltlich (Ma\u00dfe, empfohlene Leinenst\u00e4rke, Windst\u00e4rke und Mindestalter sind angegeben):\" data-ved=\"2ahUKEwiYsaG--qyMAxWQxAIHHekBNmoQ3ewLegQICRAV\"><span class=\"Y2IQFc\" lang=\"de\">Diese <strong>HQ KAP-Foils<\/strong> sind wundersch\u00f6ne Zug- und Hebedrachen, die Sie f\u00fcr Luftaufnahmen und als Zugdrachen f\u00fcr kleine, mittlere und gro\u00dfe Leinendekorationen und Inflatables verwenden k\u00f6nnen, abh\u00e4ngig von der Gr\u00f6\u00dfe des jeweiligen KAP-Foils. Die Tasche, in der der Kite verpackt ist, kann auch als Heck- oder Schlepptasche verwendet werden.<br \/>\nDie <strong>HQ KAP-Foils<\/strong> sind grundsolide und nahezu unverw\u00fcstlich und k\u00f6nnen eine enorme Zugkraft entwickeln, daher sollten sie unter Ber\u00fccksichtigung des empfohlenen Mindestalters und der angegebenen Windst\u00e4rken nur von erfahrenen Piloten geflogen werden. Die KAP-Foils sind in folgenden Gr\u00f6\u00dfen erh\u00e4ltlich (Abmessungen, empfohlene Leinenst\u00e4rke, Windst\u00e4rke und Mindestalter sind angegeben):<\/span><\/p>\n<ul>\n<li><strong>HQ KAP Foil 1.6: 130x120cm | 90daN Climax BlackLine | 2-6 Bft. | ab 14 Jahren\u00a0<\/strong><\/li>\n<li><strong>HQ KAP Foil 3.0: 180x160cm | 120daN Climax BlackLine | 2-6 Bft. | ab 14 Jahren<\/strong><\/li>\n<li><strong>HQ KAP Foil 5.0: 240x200cm | 150daN Climax BlackLine | 2-6 Bft. | ab 16 Jahren<\/strong><\/li>\n<li><strong>HQ KAP Foil 8.0: 300x266cm | 250daN Climax BlackLine | 1,5-6 Bft. | ab 16 Jahren\u00a0 \u00a0 \u00a0 \u00a0 \u00a0\u00a0<\/strong><\/li>\n<\/ul>\n<p id=\"tw-target-text\" class=\"tw-data-text tw-text-large tw-ta\" dir=\"ltr\" data-placeholder=\"Vertaling\" aria-label=\"Vertaalde tekst: Hergestellt aus robustem Ripstop-Nylongewebe in Farbkombination und Design wie abgebildet. Einzeln verpackt in einer sch\u00f6nen Tasche, die auch als Heck- und\/oder Schlepptasche verwendet werden kann. Mengenrabatte; Beim Kauf gr\u00f6\u00dferer Mengen gew\u00e4hren wir folgende Mengenrabatte: ab 2 St\u00fcck: 2,5 % ab 3 St\u00fcck: 5% Der Mengenrabatt wird direkt im Warenkorb abgerechnet.\" data-ved=\"2ahUKEwiYsaG--qyMAxWQxAIHHekBNmoQ3ewLegQICRAV\"><span class=\"Y2IQFc\" lang=\"de\">Hergestellt aus robustem Ripstop-Nylontuch in Farbkombinationen und Designs wie abgebildet. Einzeln verpackt in einer sch\u00f6nen Tasche, die auch als Heck- und\/oder Schlepptasche verwendet werden kann.<\/span><\/p>\n","protected":false},"excerpt":{"rendered":"<p>Stablose 1-Leiner Drachen | Ankerdrachen f\u00fcr Leinendekorationen &amp; Inflatables | 4 Gr\u00f6\u00dfen<\/p>\n","protected":false},"featured_media":11877,"comment_status":"closed","ping_status":"closed","template":"","meta":{"_acf_changed":false},"product_brand":[],"product_cat":[1396,2182,2177,1348],"product_tag":[],"class_list":{"0":"post-21481","1":"product","2":"type-product","3":"status-publish","4":"has-post-thumbnail","6":"product_cat-drachen","7":"product_cat-festival-drachen","8":"product_cat-hq-kites","9":"product_cat-marken","10":"pa_editie-1-6-de-2","11":"pa_editie-3-0-de-2","12":"pa_editie-5-0-de-2","13":"pa_editie-8-0-de-2","15":"first","16":"instock","17":"sale","18":"taxable","19":"shipping-taxable","20":"purchasable","21":"product-type-variable"},"acf":[],"_links":{"self":[{"href":"https:\/\/www.wepaflyer.com\/de\/wp-json\/wp\/v2\/product\/21481","targetHints":{"allow":["GET"]}}],"collection":[{"href":"https:\/\/www.wepaflyer.com\/de\/wp-json\/wp\/v2\/product"}],"about":[{"href":"https:\/\/www.wepaflyer.com\/de\/wp-json\/wp\/v2\/types\/product"}],"replies":[{"embeddable":true,"href":"https:\/\/www.wepaflyer.com\/de\/wp-json\/wp\/v2\/comments?post=21481"}],"wp:featuredmedia":[{"embeddable":true,"href":"https:\/\/www.wepaflyer.com\/de\/wp-json\/wp\/v2\/media\/11877"}],"wp:attachment":[{"href":"https:\/\/www.wepaflyer.com\/de\/wp-json\/wp\/v2\/media?parent=21481"}],"wp:term":[{"taxonomy":"product_brand","embeddable":true,"href":"https:\/\/www.wepaflyer.com\/de\/wp-json\/wp\/v2\/product_brand?post=21481"},{"taxonomy":"product_cat","embeddable":true,"href":"https:\/\/www.wepaflyer.com\/de\/wp-json\/wp\/v2\/product_cat?post=21481"},{"taxonomy":"product_tag","embeddable":true,"href":"https:\/\/www.wepaflyer.com\/de\/wp-json\/wp\/v2\/product_tag?post=21481"}],"curies":[{"name":"wp","href":"https:\/\/api.w.org\/{rel}","templated":true}]}}