{"id":21477,"date":"2023-12-22T13:25:40","date_gmt":"2023-12-22T12:25:40","guid":{"rendered":"https:\/\/www.wepaflyer.com\/?post_type=product&#038;p=21477"},"modified":"2026-03-09T20:34:15","modified_gmt":"2026-03-09T19:34:15","slug":"hq4i-symphony-beach-sport","status":"publish","type":"product","link":"https:\/\/www.wepaflyer.com\/de\/produkt\/hq4i-symphony-beach-sport\/","title":{"rendered":"HQ Symphony Beach SPORT Trainer Kite"},"content":{"rendered":"<h3>HQ Symphony Beach SPORT Trainer Kite<\/h3>\n<h4>Start Up TrainerKite f\u00fcr Einsteiger und Fortgeschrittene | 3 Gr\u00f6\u00dfen | R2F<\/h4>\n<p>Der Symphony Beach in der <strong>SPORT<\/strong>-Version, mit einer Lenkstange, damit jetzt jeder Anf\u00e4nger seine ersten Schritte mit einem Trainer-Kite machen kann!<\/p>\n<p>Fantastische Flugeigenschaften, einfache Bedienung und grenzenloser Flugspa\u00df zeichnen den neuen <strong>Symphony Beach III SPORT<\/strong> von HQ Kites aus. Dieser Drachen ist nach den W\u00fcnschen und Anforderungen von Drachenflieger-Einsteigern konzipiert und bietet ein hervorragendes Preis-Leistungs-Verh\u00e4ltnis und ist mit perfektem Zubeh\u00f6r ausgestattet. Dieser Symphony Beach SPORT Kite ist in Regenbogenfarben gehalten.<\/p>\n<p>Alle Gr\u00f6\u00dfen der neuen Symphony Beach SPORT-Serie sind mit dem Ziel konzipiert, dem Anf\u00e4nger-Kiter so viel Spa\u00df wie m\u00f6glich zu bieten. Sie fliegen sehr stabil und bieten f\u00fcr ihre Gr\u00f6\u00dfe eine bemerkenswerte Geschwindigkeit und Zugkraft. Die Lenkstange bietet die M\u00f6glichkeit, die ersten Schritte in der Lenkung eines Trainer-Kites zu machen.<\/p>\n<p>Diese Drachen sind ein echter Spa\u00dfdrachen f\u00fcr jeden Anf\u00e4nger und halten ihn stundenlang in Bewegung! <strong>Der Drachen wird mit Flugleinen an der ControlBar geliefert und ist somit sofort flugbereit.<\/strong> Verpackt in einer sch\u00f6nen Drachentasche.<\/p>\n<h6><strong>Erh\u00e4ltlich in den folgenden Gr\u00f6\u00dfen:<\/strong><\/h6>\n<ul>\n<li><strong>HQ Symphony Beach SPORT 1.3 | <span><\/span><\/strong><strong>130 x 55 cm. | R2F | 2&#215;25 Meter PolyesterLines 45daN | Lenkstange | Alter 8+ | Windst\u00e4rke 2-6 Bft.<\/strong><\/li>\n<li><strong>HQ Symphony Beach SPORT 1.8 | <span><\/span><\/strong><strong>180 x 60 cm. | R2F | 2&#215;25 Meter BlendLines 80daN | Lenkstange | Alter 12+ | Windst\u00e4rke 2-6 Bft.<\/strong><\/li>\n<li><strong>HQ Symphony Beach SPORT 2.2 |<span> 220<\/span><\/strong><strong> x 73 cm. | R2F | 2&#215;25 Meter DyneemaLines 100daN | Lenkstange | Alter 14+ | Windst\u00e4rke 2-6 Bft.<\/strong><\/li>\n<li><strong>Alle angegebenen Altersangaben sind Richtwerte<\/strong><\/li>\n<\/ul>\n<p><strong>Alle Symphony Beach SPORTS beinhalten:<\/strong><\/p>\n<ul>\n<li><strong>Passende Lenkschn\u00fcre<\/strong><\/li>\n<li><strong>Lenkstange (Controlbar)<\/strong><\/li>\n<li><strong>Anleitungen<\/strong><\/li>\n<li><strong>Kompakter Kitebag<\/strong><\/li>\n<\/ul>\n","protected":false},"excerpt":{"rendered":"<p>Start Up TrainerKite f\u00fcr Einsteiger und Fortgeschrittene | 3 Gr\u00f6\u00dfen | R2F<\/p>\n","protected":false},"featured_media":86315,"comment_status":"closed","ping_status":"closed","template":"","meta":{"_acf_changed":false},"product_brand":[],"product_cat":[2177,1348,1372,2179],"product_tag":[],"class_list":{"0":"post-21477","1":"product","2":"type-product","3":"status-publish","4":"has-post-thumbnail","6":"product_cat-hq-kites","7":"product_cat-marken","8":"product_cat-powerkites","9":"product_cat-trainer-kites","10":"pa_editie-1-3-de-2","11":"pa_editie-1-3-flame-sport-de","12":"pa_editie-1-8-de-2","13":"pa_editie-2-2-de-2","15":"first","16":"instock","17":"sale","18":"taxable","19":"shipping-taxable","20":"purchasable","21":"product-type-variable"},"acf":[],"_links":{"self":[{"href":"https:\/\/www.wepaflyer.com\/de\/wp-json\/wp\/v2\/product\/21477","targetHints":{"allow":["GET"]}}],"collection":[{"href":"https:\/\/www.wepaflyer.com\/de\/wp-json\/wp\/v2\/product"}],"about":[{"href":"https:\/\/www.wepaflyer.com\/de\/wp-json\/wp\/v2\/types\/product"}],"replies":[{"embeddable":true,"href":"https:\/\/www.wepaflyer.com\/de\/wp-json\/wp\/v2\/comments?post=21477"}],"wp:featuredmedia":[{"embeddable":true,"href":"https:\/\/www.wepaflyer.com\/de\/wp-json\/wp\/v2\/media\/86315"}],"wp:attachment":[{"href":"https:\/\/www.wepaflyer.com\/de\/wp-json\/wp\/v2\/media?parent=21477"}],"wp:term":[{"taxonomy":"product_brand","embeddable":true,"href":"https:\/\/www.wepaflyer.com\/de\/wp-json\/wp\/v2\/product_brand?post=21477"},{"taxonomy":"product_cat","embeddable":true,"href":"https:\/\/www.wepaflyer.com\/de\/wp-json\/wp\/v2\/product_cat?post=21477"},{"taxonomy":"product_tag","embeddable":true,"href":"https:\/\/www.wepaflyer.com\/de\/wp-json\/wp\/v2\/product_tag?post=21477"}],"curies":[{"name":"wp","href":"https:\/\/api.w.org\/{rel}","templated":true}]}}