{"id":21462,"date":"2023-12-22T13:25:31","date_gmt":"2023-12-22T12:25:31","guid":{"rendered":"https:\/\/www.wepaflyer.com\/?post_type=product&#038;p=21462"},"modified":"2026-05-04T12:27:42","modified_gmt":"2026-05-04T10:27:42","slug":"hq4-beamer-4-leinen-drachen","status":"publish","type":"product","link":"https:\/\/www.wepaflyer.com\/de\/produkt\/hq4-beamer-4-leinen-drachen\/","title":{"rendered":"HQ4 Beamer 4-Lines Kite"},"content":{"rendered":"<h3>HQ4 Beamer | Kraftvolle 4-Leiner Lenkmatte | R2F | 4 Gr\u00f6\u00dfen<\/h3>\n<h4>4-Leiner-Power Kite | Radikal &amp; Schnell | Ready to go!<\/h4>\n<p>Du bist auf der Suche nach dem perfekten Kite f\u00fcr deinen n\u00e4chsten Schritt im Powerkiten? Ein Drachen f\u00fcr das n\u00e4chste Level? Dann ist der Beamer die beste Wahl f\u00fcr dich; Ein Drachen, der von Generation zu Generation stetig perfektioniert wurde und nun zu allem f\u00e4hig ist. Die Quad-Line-Griffe des Beamer erm\u00f6glichen eine direkte und pr\u00e4zise Lenkung, um dich \u00fcber Land oder Schnee zu f\u00fchren. Der Beamer erm\u00f6glicht Einsteigern einen einfachen Einstieg in das Powerkiten und bietet erfahrenen Piloten dank des integrierten Know-hows im Bereich Gleitschirm-Design eine gr\u00f6\u00dfere Man\u00f6vrierf\u00e4higkeit. Mit dem Beamer entscheidest du, ob du radikal und schnell sein m\u00f6chtest oder dich lieber entspannter bewegen m\u00f6chtest. Eines ist sicher: Der Beamer ist \u00e4u\u00dferst vielseitig.<\/p>\n<p><strong>Spezifikationen:<\/strong><\/p>\n<p>\u2013 Extrem stabil bei turbulenten Windverh\u00e4ltnissen<\/p>\n<p>\u2013 Ausf\u00fchrliches Zubeh\u00f6r (Quad-Griffe, Dyneema-Leinen, Kite-Killer-Sicherheitssystem)<\/p>\n<p>\u2013 Bremsleinen-Eingang sorgt f\u00fcr zus\u00e4tzliche Leistung<\/p>\n<p>\u2013 Abgesenkte Waage f\u00fcr minimalen Widerstand<\/p>\n<p>\u2013 Gro\u00dfer Windbereich<\/p>\n<p><b>Technische Details:<\/b><\/p>\n<h6><strong>BEAMER 2.0:<\/strong><\/h6>\n<ul>\n<li>Fl\u00fcgelspannweite \u2013 265 cm<\/li>\n<li>H\u00f6he \u2013 90 cm<\/li>\n<li>Tuch \u2013 Ripstop-Nylon<\/li>\n<li>Lemkset (inkl.) &#8211; DyneemaLines 200\/120 daN, 4 x 20 m<\/li>\n<li>Griffe (inkl.) \u2013 Quad-Griffe<\/li>\n<li>Wind \u2013 2\u20137 Bft.<\/li>\n<li>Alter: 16+<\/li>\n<li>Farbe \u2013 Goldgelb<\/li>\n<li>AR \u2013 3,50<\/li>\n<li>Gewicht \u2013 400 g<\/li>\n<\/ul>\n<h6><strong>BEAMER 3.0:<\/strong><\/h6>\n<ul>\n<li>Fl\u00fcgelspannweite \u2013 324 cm<\/li>\n<li>H\u00f6he \u2013 110 cm<\/li>\n<li>Tuch \u2013 Ripstop-Nylon<\/li>\n<li>Lenkset (inkl.) &#8211; DyneemaLines 200\/120 daN, 4 x 20 m<\/li>\n<li>Griffe (inkl.) \u2013 Quad-Griffe<\/li>\n<li>Wind \u2013 2\u20136 Bft.<\/li>\n<li>Alter: 16+<\/li>\n<li>Farbe \u2013 Gr\u00fcn<\/li>\n<li>AR \u2013 3,50<\/li>\n<li>Gewicht \u2013 600 g<\/li>\n<\/ul>\n<h6><strong>BEAMER 4.0:<\/strong><\/h6>\n<ul>\n<li>Fl\u00fcgelspannweite \u2013 374 cm<\/li>\n<li>H\u00f6he \u2013 125 cm<\/li>\n<li>Tuch \u2013 Ripstop-Nylon<\/li>\n<li>Lenkset (inkl.) &#8211; DyneemaLines 200\/120 daN, 4 x 20 m<\/li>\n<li>Griffe (inkl.) \u2013 Quad-Griffe<\/li>\n<li>Wind \u2013 2\u20136 Bft.<\/li>\n<li>Alter: 16+<\/li>\n<li>Farbe \u2013 Rot<\/li>\n<li>AR \u2013 3,50<\/li>\n<li>Gewicht \u2013 750 g<\/li>\n<\/ul>\n<h6><strong>BEAMER 5.0:<\/strong><\/h6>\n<ul>\n<li>Fl\u00fcgelspannweite \u2013 419 cm<\/li>\n<li>H\u00f6he \u2013 140 cm<\/li>\n<li>Tuch \u2013 Ripstop-Nylon<\/li>\n<li>Lenkset (inkl.) &#8211; DyneemaLines 200\/120 daN, 4 x 20 m<\/li>\n<li>Griffe (inkl.) \u2013 Quad-Griffe<\/li>\n<li>Wind \u2013 2\u20135 Bft.<\/li>\n<li>Alter: 16+<\/li>\n<li>Farbe \u2013 Blau<\/li>\n<li>AR \u2013 3,50<\/li>\n<li>Gewicht \u2013 950 g<\/li>\n<\/ul>\n","protected":false},"excerpt":{"rendered":"<p>4-Leiner-Power Kite | Radikal &amp; Schnell | Ready to go!<\/p>\n","protected":false},"featured_media":86170,"comment_status":"closed","ping_status":"closed","template":"","meta":{"_acf_changed":false},"product_brand":[],"product_cat":[2162,2180,1348,1372,1384],"product_tag":[3632],"class_list":{"0":"post-21462","1":"product","2":"type-product","3":"status-publish","4":"has-post-thumbnail","6":"product_cat-4-leiner-lenkmatten","7":"product_cat-hq4","8":"product_cat-marken","9":"product_cat-powerkites","10":"product_cat-sale","11":"product_tag-powerkites","12":"pa_editie-2-0-r2f-de-2","13":"pa_editie-3-0-r2f-de-2","14":"pa_editie-4-0-r2f-de-2","15":"pa_editie-5-0-r2f-de-2","17":"first","18":"instock","19":"sale","20":"taxable","21":"shipping-taxable","22":"purchasable","23":"product-type-variable"},"acf":[],"_links":{"self":[{"href":"https:\/\/www.wepaflyer.com\/de\/wp-json\/wp\/v2\/product\/21462","targetHints":{"allow":["GET"]}}],"collection":[{"href":"https:\/\/www.wepaflyer.com\/de\/wp-json\/wp\/v2\/product"}],"about":[{"href":"https:\/\/www.wepaflyer.com\/de\/wp-json\/wp\/v2\/types\/product"}],"replies":[{"embeddable":true,"href":"https:\/\/www.wepaflyer.com\/de\/wp-json\/wp\/v2\/comments?post=21462"}],"wp:featuredmedia":[{"embeddable":true,"href":"https:\/\/www.wepaflyer.com\/de\/wp-json\/wp\/v2\/media\/86170"}],"wp:attachment":[{"href":"https:\/\/www.wepaflyer.com\/de\/wp-json\/wp\/v2\/media?parent=21462"}],"wp:term":[{"taxonomy":"product_brand","embeddable":true,"href":"https:\/\/www.wepaflyer.com\/de\/wp-json\/wp\/v2\/product_brand?post=21462"},{"taxonomy":"product_cat","embeddable":true,"href":"https:\/\/www.wepaflyer.com\/de\/wp-json\/wp\/v2\/product_cat?post=21462"},{"taxonomy":"product_tag","embeddable":true,"href":"https:\/\/www.wepaflyer.com\/de\/wp-json\/wp\/v2\/product_tag?post=21462"}],"curies":[{"name":"wp","href":"https:\/\/api.w.org\/{rel}","templated":true}]}}