{"id":21440,"date":"2023-12-22T13:25:20","date_gmt":"2023-12-22T12:25:20","guid":{"rendered":"https:\/\/www.wepaflyer.com\/?post_type=product&#038;p=21440"},"modified":"2026-05-04T12:24:34","modified_gmt":"2026-05-04T10:24:34","slug":"plkb-impulse-tr-trainerdrachen","status":"publish","type":"product","link":"https:\/\/www.wepaflyer.com\/de\/produkt\/plkb-impulse-tr-trainerdrachen\/","title":{"rendered":"PLKB Impulse TR TrainerKite"},"content":{"rendered":"<h3>PLKB\/Peter Lynn Impulse TR<\/h3>\n<div>\n<h4>Leistungsstarker TrainerKite von PLKB | Bietet au\u00dferordentliche Power! | 4 Gr\u00f6\u00dfen<\/h4>\n<p><strong>Der Next Level Trainer Kite van PLKB.<\/strong><\/p>\n<p><span style=\"font-family: Poppins; font-size: 15px;\">Damit Ihre Fortschritte beim Powerkiten sowohl Spa\u00df machen als auch herausfordernd sind, ist der Impulse TR sicher, einfach zu fliegen und verf\u00fcgt \u00fcber einen gro\u00dfen Windbereich. Der Impulse TR fliegt problemlos bei leichtem Wind, sodass Anf\u00e4nger ihn mit Zuversicht fliegen, ihn bei st\u00e4rkerem Wind fliegen und die Kraft und Spannung eines echten Power-Drachens erleben k\u00f6nnen!<\/span><\/p>\n<\/div>\n<div>\n<p>Der Impulse TR ist das perfekte Werkzeug, um Ihre Kinder, Partner, Freunde oder Familie in die aufregende Welt des Traktionskitens (Powerkitens) einzuf\u00fchren. Die Stabilit\u00e4t und einfache Bedienung in Kombination mit der \u201ebombenfesten\u201c Konstruktion sorgen f\u00fcr viele Stunden unbeschwertes Kiten. Der Impulse TR bietet eine unterhaltsame und herausfordernde Lernkurve, um das Fliegen von Powerdrachen mit einer Lenkstange zu meistern.<\/p>\n<h6><strong>Impulse TR TrainerKite-Funktionen:<\/strong><\/h6>\n<h6>Riesiger nutzbarer Windbereich<\/h6>\n<p>Der Impulse TR verf\u00fcgt \u00fcber einen gro\u00dfen Windbereich, was ihn zu einem hervorragenden Drachen f\u00fcr schnelle Fortschritte macht. Es fliegt sehr leicht bei leichtem Wind, sodass sich Anf\u00e4nger damit sicher und vertraut f\u00fchlen, aber es funktioniert auch sehr gut bei starkem Wind, wo das Fliegen des Impulse TR zu einem ziemlichen Training werden kann.<\/p>\n<h6>Sicher und einfach<\/h6>\n<p>Die dritte Leine des Impulse TR hat eine Doppelfunktion. Zun\u00e4chst verbindet es die Hinterkante des Kites mit einer Handgelenkschlaufe, sodass der Kite beim Loslassen der Lenkstange vollst\u00e4ndig depowert und zu Boden f\u00e4llt. Die zweite Funktion besteht darin, Ihnen beim Neustart zu helfen, wenn der Kite mit der Nase am Boden ist. Um Ihnen das Drachenfliegen zu erleichtern, sind die Leinen bereits angebracht.<\/p>\n<h6>Gro\u00dfe Stabilit\u00e4t<\/h6>\n<p>Der Impulse TR ist so eingestellt, dass er unter allen Bedingungen extrem stabil fliegt, um dem Piloten jederzeit ein sicheres Gef\u00fchl und vor allem ein SPASS-Erlebnis zu geben. Die gro\u00dfe Stabilit\u00e4t sorgt daf\u00fcr, dass Sie so viel wie m\u00f6glich fliegen k\u00f6nnen, ohne sich anstrengen zu m\u00fcssen, den Drachen in der Luft zu halten. Kurzum: Sie kommen schnell und problemlos voran.<\/p>\n<h6>Einfache Bedienung<\/h6>\n<p>Der Impulse TR ist im unteren Windbereich sehr einfach zu fliegen. Es reagiert au\u00dfergew\u00f6hnlich gut auf Lenkeingaben und dreht sanft. Da der Impulse TR mit einer Lenkstange geflogen wird, ist die Wahrscheinlichkeit, dass der Drachen umkippt, auf null reduziert. Die speziell entwickelten Profile sorgen f\u00fcr die perfekte Balance zwischen Geschwindigkeit &amp; Kontrolle und Herausforderung &amp; Leichtigkeit.<\/p>\n<h6><strong>Verf\u00fcgbar in den folgenden Gr\u00f6\u00dfen:<\/strong><\/h6>\n<ul>\n<li><strong>PLKB Impulse TR 1.5 | Spannweite 212cm.<\/strong><strong> | 1,5m\u00b2 | R2F (Flugbereit) | 3&#215;18 Meter Lenkung &amp; Rem-DyneemaLines 150\/100daN | Alter 10+ | Windst\u00e4rke 3-8 Bft.<\/strong><\/li>\n<li><strong>PLKB Impulse TR 2.0 | Spannweite 245cm.<\/strong><strong> | 2,0m\u00b2 | R2F (Flugbereit) | 3&#215;18 Meter Lenkung &amp; Rem-DyneemaLines 150\/100daN | Alter 12+ | Windst\u00e4rke 3-7 Bft.<\/strong><\/li>\n<li><strong>PLKB Impulse TR 2.5 | Spannweite 274cm.<\/strong><strong> | 2,5m\u00b2 | R2F (Flugbereit) | 3&#215;18 Meter Lenkung &amp; Rem-DyneemaLines 150\/100daN | Alter 14+ | Windst\u00e4rke 2,5-6,5 Bft.<\/strong><\/li>\n<li><strong>PLKB Impulse TR 3.0 | Spannweite 300cm.<\/strong><strong> | 3,0m\u00b2 | R2F (Flugbereit) | 3&#215;18 Meter Lenkung &amp; Rem-DyneemaLines 150\/100daN | Alter 14+ | Windst\u00e4rke 2-6 Bft.<\/strong><\/li>\n<li><strong>Alle angegebenen Altersangaben sind Richtwerte<\/strong><\/li>\n<\/ul>\n<p><strong>Alle PLKB\/Peter Lynn Impulse TR Kites beinhalten:<\/strong><\/p>\n<ul>\n<li><strong>Geeignete Lenk- &amp; Bremsleinen, diese sind vormontiert und farblich gekennzeichnet<\/strong><\/li>\n<li><strong>Lenkstange (Controlbar) f\u00fcr 3-Leiner-Kiten mit Sicherheitsleine (Kite-Killer)<\/strong><\/li>\n<li><strong>Handbuch mit Anleitungen<\/strong><\/li>\n<li><strong>Tragetasche<\/strong><\/li>\n<\/ul>\n<h3><\/h3>\n<\/div>\n<p><iframe loading=\"lazy\" src=\"https:\/\/www.youtube.com\/embed\/AqlnO57bJqg?rel=0\" width=\"347\" height=\"192\" frameborder=\"0\" allowfullscreen=\"allowfullscreen\"><\/iframe><\/p>\n","protected":false},"excerpt":{"rendered":"<p>Leistungsstarker TrainerKite von PLKB | Bietet au\u00dferordentliche Power! | 4 Gr\u00f6\u00dfen<\/p>\n","protected":false},"featured_media":10373,"comment_status":"closed","ping_status":"closed","template":"","meta":{"_acf_changed":false},"product_brand":[],"product_cat":[1348,2163,1372,2179],"product_tag":[3632],"class_list":{"0":"post-21440","1":"product","2":"type-product","3":"status-publish","4":"has-post-thumbnail","6":"product_cat-marken","7":"product_cat-peter-lynn","8":"product_cat-powerkites","9":"product_cat-trainer-kites","10":"product_tag-powerkites","11":"pa_editie-1-5-v20-de-2","12":"pa_editie-2-0-v20-de-2","13":"pa_editie-2-5-v20-de-2","14":"pa_editie-3-0-v20-de-2","16":"first","17":"instock","18":"sale","19":"taxable","20":"shipping-taxable","21":"purchasable","22":"product-type-variable"},"acf":[],"_links":{"self":[{"href":"https:\/\/www.wepaflyer.com\/de\/wp-json\/wp\/v2\/product\/21440","targetHints":{"allow":["GET"]}}],"collection":[{"href":"https:\/\/www.wepaflyer.com\/de\/wp-json\/wp\/v2\/product"}],"about":[{"href":"https:\/\/www.wepaflyer.com\/de\/wp-json\/wp\/v2\/types\/product"}],"replies":[{"embeddable":true,"href":"https:\/\/www.wepaflyer.com\/de\/wp-json\/wp\/v2\/comments?post=21440"}],"wp:featuredmedia":[{"embeddable":true,"href":"https:\/\/www.wepaflyer.com\/de\/wp-json\/wp\/v2\/media\/10373"}],"wp:attachment":[{"href":"https:\/\/www.wepaflyer.com\/de\/wp-json\/wp\/v2\/media?parent=21440"}],"wp:term":[{"taxonomy":"product_brand","embeddable":true,"href":"https:\/\/www.wepaflyer.com\/de\/wp-json\/wp\/v2\/product_brand?post=21440"},{"taxonomy":"product_cat","embeddable":true,"href":"https:\/\/www.wepaflyer.com\/de\/wp-json\/wp\/v2\/product_cat?post=21440"},{"taxonomy":"product_tag","embeddable":true,"href":"https:\/\/www.wepaflyer.com\/de\/wp-json\/wp\/v2\/product_tag?post=21440"}],"curies":[{"name":"wp","href":"https:\/\/api.w.org\/{rel}","templated":true}]}}