{"id":21435,"date":"2023-12-22T13:25:19","date_gmt":"2023-12-22T12:25:19","guid":{"rendered":"https:\/\/www.wepaflyer.com\/?post_type=product&#038;p=21435"},"modified":"2026-03-20T09:56:15","modified_gmt":"2026-03-20T08:56:15","slug":"plkb-hype-tr-trainer-kite","status":"publish","type":"product","link":"https:\/\/www.wepaflyer.com\/de\/produkt\/plkb-hype-tr-trainer-kite\/","title":{"rendered":"PLKB Hype TR Trainer Kite"},"content":{"rendered":"<h3>PLKB\/Peter Lynn HYPE TR<\/h3>\n<h4>PLKB Hype TR | Family TrainerKite | R2F | 4 Gr\u00f6\u00dfen<\/h4>\n<p><strong>Der HYPE TR Trainer Kite, ein richtiger Kite f\u00fcr die ganze Familie!<\/strong><\/p>\n<p>Der <strong>Hype TR TrainerKite<\/strong> ist der perfekte Drachen f\u00fcr einen Tagesausflug mit der ganzen Familie. Der Hype Trainer ist der coole Bruder des regul\u00e4ren Hype Play. Neben einer Reihe cooler Farben ist er mit einer Lenkstange anstelle von Lenkschlaufen ausgestattet, was dem Kite ein cooleres Aussehen und Gef\u00fchl verleiht. Es ist unglaublich einfach einzurichten und zu fliegen. Es ist daher f\u00fcr alle Altersgruppen und Niveaus geeignet. Zum Fliegen des Hype Trainers sind keine Vorkenntnisse im Fliegen erforderlich, da das sanftm\u00fctige Flugverhalten daf\u00fcr sorgt, dass keine pl\u00f6tzlichen Kraftst\u00f6\u00dfe auftreten, wenn der Drachen durch das Windfenster fliegt. Diese muskul\u00f6se Version des Hype Play wird sicherlich viele Kinder dazu inspirieren, einen sicheren, aber ernsthaften Einstieg in den Drachensport zu schaffen.<\/p>\n<h6><strong>Hype TR TrainerKite-Funktionen:<\/strong><\/h6>\n<ul>\n<li>\n<h6>Einfache Handhabung:<\/h6>\n<\/li>\n<\/ul>\n<p>Der Hype Trainer ist der perfekte Begleiter f\u00fcr entspannten Flugspa\u00df, w\u00e4hrend Sie die Grundlagen des Drachenfliegens mit einer Lenkstange erlernen. Peter Lynn hat besondere Anstrengungen unternommen, um den Hype Trainer so zu gestalten, dass jeder, unabh\u00e4ngig von Alter oder K\u00f6nnen, ihn mit Zuversicht fliegen kann. Der Hype Trainer reagiert sehr gut auf kleinste Lenkbewegungen und gibt dem Drachenflieger jederzeit die volle Kontrolle. Jede Gr\u00f6\u00dfe des Hype Trainers basiert auf dem Standard-Hype Play und ist auf besseres Barfliegen und eine lohnende Herausforderung abgestimmt!<\/p>\n<ul>\n<li>\n<h6>Einfacher Neustart:<\/h6>\n<\/li>\n<\/ul>\n<p>Da jeder Drachenflieger vor allem beim Start die Gefahr hat, dass sein Drachen fr\u00fcher oder sp\u00e4ter abst\u00fcrzt, ist es wichtig, dass sich der Drachen leicht wieder starten l\u00e4sst. Aus diesem Grund hat Peter Lynn eine eher runde Form (bzw. ein geringeres Seitenverh\u00e4ltnis) gew\u00e4hlt. Dies stellt sicher, dass der Drachen leicht zur\u00fcckdreht, wenn seine Nase auf dem Boden ist; Ziehen Sie einfach an einer der Lenkschn\u00fcren und schon geht es wieder los.<\/p>\n<ul>\n<li>\n<h6>Super stabil:<\/h6>\n<\/li>\n<\/ul>\n<p>Ein weiteres wichtiges Merkmal jedes Einsteigerdrachens ist die Stabilit\u00e4t. Eine gute Stabilit\u00e4t stellt sicher, dass der Drachen nicht zusammenbricht oder \u201eaufsteigt\u201c, wenn Sie ihn durch das Windfenster fliegen oder wenn der Wind b\u00f6ig ist. Ein guter, stabiler Drachen \u00fcberfordert Sie auch viel weniger, wenn Sie abgelenkt werden. (Man muss den Drachen immer im Auge behalten, es gibt keinen Autopiloten, der korrigiert&#8230;)<\/p>\n<ul>\n<li>\n<h6>Konstante Kraft:<\/h6>\n<\/li>\n<\/ul>\n<p>Obwohl der Hype Trainer ein sehr freundlicher Drachen ist, hat er doch einiges an Kraft, besonders bei st\u00e4rkerem Wind. Peter Lynn hat das beliebte Hype-Design ausgiebig getestet, um einen m\u00f6glichst reibungslosen Flug zu gew\u00e4hrleisten. Wenn Sie den Hype Trainer durch das Windfenster fliegen, kommt es zu keinem pl\u00f6tzlichen Kraftaufbau. Dadurch fliegt der Drachen sehr komfortabel und vorhersehbar. Dieses sanfte und f\u00fcgsame Flugverhalten macht ihn zum perfekten Drachen f\u00fcr die ganze Familie.<\/p>\n<h6><strong>Erh\u00e4ltlich in den folgenden Gr\u00f6\u00dfen:<\/strong><\/h6>\n<ul>\n<li><strong>PLKB Hype TR 1.5 | Spannweite 150cm.<\/strong><strong> | R2F (Flugbereit) | 2&#215;18 Meter DyneemaLines 50daN | Alter 8+ | Windst\u00e4rke 3-6,5 Bft.<\/strong><\/li>\n<li><strong>PLKB Hype TR 1.8 | Spannweite 180cm.<\/strong><strong> | R2F (Flugbereit) | 2&#215;20 Meter DyneemaLines 75daN | Alter 10+ | Windst\u00e4rke 2,5-6 Bft.<\/strong><\/li>\n<li><strong>PLKB Hype TR 2.1 | Spannweite 210cm.<\/strong><strong> | R2F (Flugbereit) | 2&#215;20 Meter DyneemaLines 100daN | Alter 12+ | Windst\u00e4rke 2,5-6 Bft.<\/strong><\/li>\n<li><strong>PLKB Hype TR 2.4 | Spannweite 240cm.<\/strong><strong> | R2F (Flugbereit) | 2&#215;20 Meter DyneemaLines 150daN | Alter 14+ | Windst\u00e4rke 2,5-5,5 Bft.<\/strong><\/li>\n<li><strong>Alle angegebenen Altersangaben sind Richtwerte<\/strong><\/li>\n<\/ul>\n<p><strong>Alle PLKB\/Peter Lynn Hype TR-Drachen enthalten:<\/strong><\/p>\n<ul>\n<li><strong>Passende Lenkschn\u00fcre, diese sind vormontiert und farblich gekennzeichnet<\/strong><\/li>\n<li><strong>Lenkstange (Controlbar)<\/strong><\/li>\n<li><strong>Handbuch mit Anleitungen<\/strong><\/li>\n<li><strong>Tragetasche<\/strong><\/li>\n<\/ul>\n","protected":false},"excerpt":{"rendered":"<p>PLKB Hype TR | Family TrainerKite | R2F | 4 Gr\u00f6\u00dfen<\/p>\n","protected":false},"featured_media":86968,"comment_status":"closed","ping_status":"closed","template":"","meta":{"_acf_changed":false},"product_brand":[],"product_cat":[1347,1348,2163,1372,2179],"product_tag":[],"class_list":{"0":"post-21435","1":"product","2":"type-product","3":"status-publish","4":"has-post-thumbnail","6":"product_cat-angebote","7":"product_cat-marken","8":"product_cat-peter-lynn","9":"product_cat-powerkites","10":"product_cat-trainer-kites","11":"pa_editie-1-5-v20-de-2","12":"pa_editie-1-8-v20-de-2","13":"pa_editie-2-1-v20-de-2","14":"pa_editie-2-4-v20-de-2","16":"first","17":"instock","18":"sale","19":"taxable","20":"shipping-taxable","21":"purchasable","22":"product-type-variable"},"acf":[],"_links":{"self":[{"href":"https:\/\/www.wepaflyer.com\/de\/wp-json\/wp\/v2\/product\/21435","targetHints":{"allow":["GET"]}}],"collection":[{"href":"https:\/\/www.wepaflyer.com\/de\/wp-json\/wp\/v2\/product"}],"about":[{"href":"https:\/\/www.wepaflyer.com\/de\/wp-json\/wp\/v2\/types\/product"}],"replies":[{"embeddable":true,"href":"https:\/\/www.wepaflyer.com\/de\/wp-json\/wp\/v2\/comments?post=21435"}],"wp:featuredmedia":[{"embeddable":true,"href":"https:\/\/www.wepaflyer.com\/de\/wp-json\/wp\/v2\/media\/86968"}],"wp:attachment":[{"href":"https:\/\/www.wepaflyer.com\/de\/wp-json\/wp\/v2\/media?parent=21435"}],"wp:term":[{"taxonomy":"product_brand","embeddable":true,"href":"https:\/\/www.wepaflyer.com\/de\/wp-json\/wp\/v2\/product_brand?post=21435"},{"taxonomy":"product_cat","embeddable":true,"href":"https:\/\/www.wepaflyer.com\/de\/wp-json\/wp\/v2\/product_cat?post=21435"},{"taxonomy":"product_tag","embeddable":true,"href":"https:\/\/www.wepaflyer.com\/de\/wp-json\/wp\/v2\/product_tag?post=21435"}],"curies":[{"name":"wp","href":"https:\/\/api.w.org\/{rel}","templated":true}]}}