{"id":21424,"date":"2023-12-22T13:25:16","date_gmt":"2023-12-22T12:25:16","guid":{"rendered":"https:\/\/www.wepaflyer.com\/?post_type=product&#038;p=21424"},"modified":"2026-05-04T12:39:49","modified_gmt":"2026-05-04T10:39:49","slug":"mp-schluesselanhaenger","status":"publish","type":"product","link":"https:\/\/www.wepaflyer.com\/de\/produkt\/mp-schluesselanhaenger\/","title":{"rendered":"MP Schl\u00fcsselring"},"content":{"rendered":"<h3>MP Schl\u00fcsselring aus vernickeltem Metall<\/h3>\n<h5>Zwei verschiedene Gr\u00f6\u00dfen | \u00d814mm und \u00d825mm<\/h5>\n<p>Bekannter Schl\u00fcsselring, der beim Drachensteigen und anderen Hobbys oft sehr n\u00fctzlich ist.<\/p>\n<p>Die Gr\u00f6\u00dfe \u00d814mm wird beispielsweise auch bei den Acro Racern zur Befestigung der Waageleinen verwendet.<\/p>\n<p><strong>Mengenrabatte<\/strong>; Beim Kauf gr\u00f6\u00dferer Mengen gew\u00e4hren wir folgende Mengenrabatte:<\/p>\n<ul>\n<li><strong>ab 10 St\u00fcck: 5%<\/strong><\/li>\n<li><strong>ab 25 St\u00fcck: 7,5 %<\/strong><\/li>\n<li><strong>ab 50 St\u00fcck: 10 %<\/strong><\/li>\n<li><strong>ab 100 St\u00fcck: 15 %<\/strong><\/li>\n<li><strong>ab 250 St\u00fcck: 20 %<\/strong><\/li>\n<li><strong>ab 500 St\u00fcck: 25 %<\/strong><\/li>\n<\/ul>\n<p>Der Mengenrabatt wird direkt im Warenkorb abgerechnet.<\/p>\n","protected":false},"excerpt":{"rendered":"<p>Zwei verschiedene Gr\u00f6\u00dfen | \u00d814mm &amp; \u00d825mm<\/p>\n","protected":false},"featured_media":11662,"comment_status":"closed","ping_status":"closed","template":"","meta":{"_acf_changed":false},"product_brand":[],"product_cat":[1385,2174,1348,2165],"product_tag":[3637],"class_list":{"0":"post-21424","1":"product","2":"type-product","3":"status-publish","4":"has-post-thumbnail","6":"product_cat-drachen-zubehor","7":"product_cat-drachenteile-metall","8":"product_cat-marken","9":"product_cat-wepa","10":"product_tag-accessoires","11":"pa_grootte-o14mm-de-2","12":"pa_grootte-o16mm-de-2","13":"pa_grootte-o25mm-de-2","15":"first","16":"instock","17":"taxable","18":"shipping-taxable","19":"purchasable","20":"product-type-variable"},"acf":[],"_links":{"self":[{"href":"https:\/\/www.wepaflyer.com\/de\/wp-json\/wp\/v2\/product\/21424","targetHints":{"allow":["GET"]}}],"collection":[{"href":"https:\/\/www.wepaflyer.com\/de\/wp-json\/wp\/v2\/product"}],"about":[{"href":"https:\/\/www.wepaflyer.com\/de\/wp-json\/wp\/v2\/types\/product"}],"replies":[{"embeddable":true,"href":"https:\/\/www.wepaflyer.com\/de\/wp-json\/wp\/v2\/comments?post=21424"}],"wp:featuredmedia":[{"embeddable":true,"href":"https:\/\/www.wepaflyer.com\/de\/wp-json\/wp\/v2\/media\/11662"}],"wp:attachment":[{"href":"https:\/\/www.wepaflyer.com\/de\/wp-json\/wp\/v2\/media?parent=21424"}],"wp:term":[{"taxonomy":"product_brand","embeddable":true,"href":"https:\/\/www.wepaflyer.com\/de\/wp-json\/wp\/v2\/product_brand?post=21424"},{"taxonomy":"product_cat","embeddable":true,"href":"https:\/\/www.wepaflyer.com\/de\/wp-json\/wp\/v2\/product_cat?post=21424"},{"taxonomy":"product_tag","embeddable":true,"href":"https:\/\/www.wepaflyer.com\/de\/wp-json\/wp\/v2\/product_tag?post=21424"}],"curies":[{"name":"wp","href":"https:\/\/api.w.org\/{rel}","templated":true}]}}