{"id":21417,"date":"2023-12-22T13:25:10","date_gmt":"2023-12-22T12:25:10","guid":{"rendered":"https:\/\/www.wepaflyer.com\/?post_type=product&#038;p=21417"},"modified":"2026-01-21T13:14:10","modified_gmt":"2026-01-21T12:14:10","slug":"hq-liros-lenkerset-dyneema-colorlines","status":"publish","type":"product","link":"https:\/\/www.wepaflyer.com\/de\/produkt\/hq-liros-lenkerset-dyneema-colorlines\/","title":{"rendered":"HQ Liros Lenkset Dyneema ColorLines"},"content":{"rendered":"<h3>HQ-LIROS LENKSET DYNEEMA COLOURLINES<\/h3>\n<h5>Top-Leinen mit farbiger Beschichtung | Windersets in 7 St\u00e4rken und verschiedene L\u00e4ngen<\/h5>\n<p id=\"tw-target-text\" class=\"tw-data-text tw-text-large tw-ta\" dir=\"ltr\" data-placeholder=\"Vertaling\" aria-label=\"Vertaalde tekst: Diese HQ Liros Lenkersets Dyneema Colourlines wurden speziell f\u00fcr kleine und gro\u00dfe Lenkdrachen und Matratzen mit schwacher und m\u00e4\u00dfiger bis starker Zugfestigkeit entwickelt. Die Farbe der Leinen entspricht der jeweiligen Garnst\u00e4rke und macht auf einen Blick klar, welche Leinen zu welchem \u200b\u200bDrachen am besten passen. Verf\u00fcgbare Leinenfarben mit entsprechender Bruchkraft: WEISS \u2013 25daN | Erh\u00e4ltlich in 2x15m und 2x20m BLAU \u2013 50daN | Erh\u00e4ltlich in 2x20m, 2x25m und 2x30m GELB \u2013 70daN | Erh\u00e4ltlich in 2x25m, 2x30m und 2x35m VIOLETT \u2013 100daN | Erh\u00e4ltlich in 2x25m, 2x30m und 2x35m GRAU \u2013 120daN | Erh\u00e4ltlich in 2x25m und 2x30m GR\u00dcN \u2013 160daN | Erh\u00e4ltlich in 2x20m, 2x25m, 2x30m und 2x35m ORANGE \u2013 200daN | Erh\u00e4ltlich in 2x25m und 2x30m Bei diesen Windersets HQ Liros COLOUR weisen die verschiedenen Farben deutlich darauf hin, f\u00fcr welche Art von Lenkdrachen und Matratzen sie gedacht sind: WEISS: kleine Lenkdrachen und Matratzen mit relativ geringer Zugkraft BLAU: kleinere Lenkdrachen und Matratzen mit mittlerer Zugfestigkeit GELB: Lenkdrachen und Matratzen mittlerer Gr\u00f6\u00dfe mit mittlerer Zugfestigkeit VIOLETT: Lenkdrachen und Matratzen mit betr\u00e4chtlicher Zugkraft GRAU: Lenkdrachen und Matratzen mit hoher Zugfestigkeit GR\u00dcN: Lenkdrachen und Matratzen mit sehr hoher Zugkraft | speziell f\u00fcr Symphony PRO in der Version 2.2 und 2.5 und \u00e4hnliche Drachen gedacht ORANGE: Lenkdrachen und Matratzen mit extremer Zugfestigkeit\" data-ved=\"2ahUKEwjWhYiZ_4uMAxURg_0HHZVmLnwQ3ewLegQIDBAV\"><span class=\"Y2IQFc\" lang=\"de\">Diese HQ Liros Lenksets Dyneema Colourlines wurden speziell f\u00fcr kleine und gro\u00dfe Lenkdrachen und Lenkmatten mit schwacher und m\u00e4\u00dfiger bis starker Zugkraft entwickelt. Die Farbe der Leinen entspricht der jeweiligen Schnurst\u00e4rke und macht auf einen Blick klar, welche Leinen zu welchem \u200b\u200bDrachen am besten passen.<\/span><\/p>\n<p class=\"tw-data-text tw-text-large tw-ta\" dir=\"ltr\" data-placeholder=\"Vertaling\" aria-label=\"Vertaalde tekst: Diese HQ Liros Lenkersets Dyneema Colourlines wurden speziell f\u00fcr kleine und gro\u00dfe Lenkdrachen und Matratzen mit schwacher und m\u00e4\u00dfiger bis starker Zugfestigkeit entwickelt. Die Farbe der Leinen entspricht der jeweiligen Garnst\u00e4rke und macht auf einen Blick klar, welche Leinen zu welchem \u200b\u200bDrachen am besten passen. Verf\u00fcgbare Leinenfarben mit entsprechender Bruchkraft: WEISS \u2013 25daN | Erh\u00e4ltlich in 2x15m und 2x20m BLAU \u2013 50daN | Erh\u00e4ltlich in 2x20m, 2x25m und 2x30m GELB \u2013 70daN | Erh\u00e4ltlich in 2x25m, 2x30m und 2x35m VIOLETT \u2013 100daN | Erh\u00e4ltlich in 2x25m, 2x30m und 2x35m GRAU \u2013 120daN | Erh\u00e4ltlich in 2x25m und 2x30m GR\u00dcN \u2013 160daN | Erh\u00e4ltlich in 2x20m, 2x25m, 2x30m und 2x35m ORANGE \u2013 200daN | Erh\u00e4ltlich in 2x25m und 2x30m Bei diesen Windersets HQ Liros COLOUR weisen die verschiedenen Farben deutlich darauf hin, f\u00fcr welche Art von Lenkdrachen und Matratzen sie gedacht sind: WEISS: kleine Lenkdrachen und Matratzen mit relativ geringer Zugkraft BLAU: kleinere Lenkdrachen und Matratzen mit mittlerer Zugfestigkeit GELB: Lenkdrachen und Matratzen mittlerer Gr\u00f6\u00dfe mit mittlerer Zugfestigkeit VIOLETT: Lenkdrachen und Matratzen mit betr\u00e4chtlicher Zugkraft GRAU: Lenkdrachen und Matratzen mit hoher Zugfestigkeit GR\u00dcN: Lenkdrachen und Matratzen mit sehr hoher Zugkraft | speziell f\u00fcr Symphony PRO in der Version 2.2 und 2.5 und \u00e4hnliche Drachen gedacht ORANGE: Lenkdrachen und Matratzen mit extremer Zugfestigkeit\" data-ved=\"2ahUKEwjWhYiZ_4uMAxURg_0HHZVmLnwQ3ewLegQIDBAV\"><span class=\"Y2IQFc\" lang=\"de\">Verf\u00fcgbare Schnurfarben mit entsprechender Bruchlast: <\/span><\/p>\n<ul>\n<li class=\"tw-data-text tw-text-large tw-ta\" dir=\"ltr\" data-placeholder=\"Vertaling\" aria-label=\"Vertaalde tekst: Diese HQ Liros Lenkersets Dyneema Colourlines wurden speziell f\u00fcr kleine und gro\u00dfe Lenkdrachen und Matratzen mit schwacher und m\u00e4\u00dfiger bis starker Zugfestigkeit entwickelt. Die Farbe der Leinen entspricht der jeweiligen Garnst\u00e4rke und macht auf einen Blick klar, welche Leinen zu welchem \u200b\u200bDrachen am besten passen. Verf\u00fcgbare Leinenfarben mit entsprechender Bruchkraft: WEISS \u2013 25daN | Erh\u00e4ltlich in 2x15m und 2x20m BLAU \u2013 50daN | Erh\u00e4ltlich in 2x20m, 2x25m und 2x30m GELB \u2013 70daN | Erh\u00e4ltlich in 2x25m, 2x30m und 2x35m VIOLETT \u2013 100daN | Erh\u00e4ltlich in 2x25m, 2x30m und 2x35m GRAU \u2013 120daN | Erh\u00e4ltlich in 2x25m und 2x30m GR\u00dcN \u2013 160daN | Erh\u00e4ltlich in 2x20m, 2x25m, 2x30m und 2x35m ORANGE \u2013 200daN | Erh\u00e4ltlich in 2x25m und 2x30m Bei diesen Windersets HQ Liros COLOUR weisen die verschiedenen Farben deutlich darauf hin, f\u00fcr welche Art von Lenkdrachen und Matratzen sie gedacht sind: WEISS: kleine Lenkdrachen und Matratzen mit relativ geringer Zugkraft BLAU: kleinere Lenkdrachen und Matratzen mit mittlerer Zugfestigkeit GELB: Lenkdrachen und Matratzen mittlerer Gr\u00f6\u00dfe mit mittlerer Zugfestigkeit VIOLETT: Lenkdrachen und Matratzen mit betr\u00e4chtlicher Zugkraft GRAU: Lenkdrachen und Matratzen mit hoher Zugfestigkeit GR\u00dcN: Lenkdrachen und Matratzen mit sehr hoher Zugkraft | speziell f\u00fcr Symphony PRO in der Version 2.2 und 2.5 und \u00e4hnliche Drachen gedacht ORANGE: Lenkdrachen und Matratzen mit extremer Zugfestigkeit\" data-ved=\"2ahUKEwjWhYiZ_4uMAxURg_0HHZVmLnwQ3ewLegQIDBAV\"><strong><span class=\"Y2IQFc\" lang=\"de\">WHITE \u2013 25daN | Erh\u00e4ltlich in 2x15m und 2x20m <\/span><\/strong><\/li>\n<li class=\"tw-data-text tw-text-large tw-ta\" dir=\"ltr\" data-placeholder=\"Vertaling\" aria-label=\"Vertaalde tekst: Diese HQ Liros Lenkersets Dyneema Colourlines wurden speziell f\u00fcr kleine und gro\u00dfe Lenkdrachen und Matratzen mit schwacher und m\u00e4\u00dfiger bis starker Zugfestigkeit entwickelt. Die Farbe der Leinen entspricht der jeweiligen Garnst\u00e4rke und macht auf einen Blick klar, welche Leinen zu welchem \u200b\u200bDrachen am besten passen. Verf\u00fcgbare Leinenfarben mit entsprechender Bruchkraft: WEISS \u2013 25daN | Erh\u00e4ltlich in 2x15m und 2x20m BLAU \u2013 50daN | Erh\u00e4ltlich in 2x20m, 2x25m und 2x30m GELB \u2013 70daN | Erh\u00e4ltlich in 2x25m, 2x30m und 2x35m VIOLETT \u2013 100daN | Erh\u00e4ltlich in 2x25m, 2x30m und 2x35m GRAU \u2013 120daN | Erh\u00e4ltlich in 2x25m und 2x30m GR\u00dcN \u2013 160daN | Erh\u00e4ltlich in 2x20m, 2x25m, 2x30m und 2x35m ORANGE \u2013 200daN | Erh\u00e4ltlich in 2x25m und 2x30m Bei diesen Windersets HQ Liros COLOUR weisen die verschiedenen Farben deutlich darauf hin, f\u00fcr welche Art von Lenkdrachen und Matratzen sie gedacht sind: WEISS: kleine Lenkdrachen und Matratzen mit relativ geringer Zugkraft BLAU: kleinere Lenkdrachen und Matratzen mit mittlerer Zugfestigkeit GELB: Lenkdrachen und Matratzen mittlerer Gr\u00f6\u00dfe mit mittlerer Zugfestigkeit VIOLETT: Lenkdrachen und Matratzen mit betr\u00e4chtlicher Zugkraft GRAU: Lenkdrachen und Matratzen mit hoher Zugfestigkeit GR\u00dcN: Lenkdrachen und Matratzen mit sehr hoher Zugkraft | speziell f\u00fcr Symphony PRO in der Version 2.2 und 2.5 und \u00e4hnliche Drachen gedacht ORANGE: Lenkdrachen und Matratzen mit extremer Zugfestigkeit\" data-ved=\"2ahUKEwjWhYiZ_4uMAxURg_0HHZVmLnwQ3ewLegQIDBAV\"><strong><span class=\"Y2IQFc\" lang=\"de\">BLUE \u2013 50daN | Erh\u00e4ltlich in 2x20m, 2x25m und 2x30m <\/span><\/strong><\/li>\n<li class=\"tw-data-text tw-text-large tw-ta\" dir=\"ltr\" data-placeholder=\"Vertaling\" aria-label=\"Vertaalde tekst: Diese HQ Liros Lenkersets Dyneema Colourlines wurden speziell f\u00fcr kleine und gro\u00dfe Lenkdrachen und Matratzen mit schwacher und m\u00e4\u00dfiger bis starker Zugfestigkeit entwickelt. Die Farbe der Leinen entspricht der jeweiligen Garnst\u00e4rke und macht auf einen Blick klar, welche Leinen zu welchem \u200b\u200bDrachen am besten passen. Verf\u00fcgbare Leinenfarben mit entsprechender Bruchkraft: WEISS \u2013 25daN | Erh\u00e4ltlich in 2x15m und 2x20m BLAU \u2013 50daN | Erh\u00e4ltlich in 2x20m, 2x25m und 2x30m GELB \u2013 70daN | Erh\u00e4ltlich in 2x25m, 2x30m und 2x35m VIOLETT \u2013 100daN | Erh\u00e4ltlich in 2x25m, 2x30m und 2x35m GRAU \u2013 120daN | Erh\u00e4ltlich in 2x25m und 2x30m GR\u00dcN \u2013 160daN | Erh\u00e4ltlich in 2x20m, 2x25m, 2x30m und 2x35m ORANGE \u2013 200daN | Erh\u00e4ltlich in 2x25m und 2x30m Bei diesen Windersets HQ Liros COLOUR weisen die verschiedenen Farben deutlich darauf hin, f\u00fcr welche Art von Lenkdrachen und Matratzen sie gedacht sind: WEISS: kleine Lenkdrachen und Matratzen mit relativ geringer Zugkraft BLAU: kleinere Lenkdrachen und Matratzen mit mittlerer Zugfestigkeit GELB: Lenkdrachen und Matratzen mittlerer Gr\u00f6\u00dfe mit mittlerer Zugfestigkeit VIOLETT: Lenkdrachen und Matratzen mit betr\u00e4chtlicher Zugkraft GRAU: Lenkdrachen und Matratzen mit hoher Zugfestigkeit GR\u00dcN: Lenkdrachen und Matratzen mit sehr hoher Zugkraft | speziell f\u00fcr Symphony PRO in der Version 2.2 und 2.5 und \u00e4hnliche Drachen gedacht ORANGE: Lenkdrachen und Matratzen mit extremer Zugfestigkeit\" data-ved=\"2ahUKEwjWhYiZ_4uMAxURg_0HHZVmLnwQ3ewLegQIDBAV\"><strong><span class=\"Y2IQFc\" lang=\"de\">YELLOW \u2013 70daN | Erh\u00e4ltlich in 2x25m, 2x30m und 2x35m <\/span><\/strong><\/li>\n<li class=\"tw-data-text tw-text-large tw-ta\" dir=\"ltr\" data-placeholder=\"Vertaling\" aria-label=\"Vertaalde tekst: Diese HQ Liros Lenkersets Dyneema Colourlines wurden speziell f\u00fcr kleine und gro\u00dfe Lenkdrachen und Matratzen mit schwacher und m\u00e4\u00dfiger bis starker Zugfestigkeit entwickelt. Die Farbe der Leinen entspricht der jeweiligen Garnst\u00e4rke und macht auf einen Blick klar, welche Leinen zu welchem \u200b\u200bDrachen am besten passen. Verf\u00fcgbare Leinenfarben mit entsprechender Bruchkraft: WEISS \u2013 25daN | Erh\u00e4ltlich in 2x15m und 2x20m BLAU \u2013 50daN | Erh\u00e4ltlich in 2x20m, 2x25m und 2x30m GELB \u2013 70daN | Erh\u00e4ltlich in 2x25m, 2x30m und 2x35m VIOLETT \u2013 100daN | Erh\u00e4ltlich in 2x25m, 2x30m und 2x35m GRAU \u2013 120daN | Erh\u00e4ltlich in 2x25m und 2x30m GR\u00dcN \u2013 160daN | Erh\u00e4ltlich in 2x20m, 2x25m, 2x30m und 2x35m ORANGE \u2013 200daN | Erh\u00e4ltlich in 2x25m und 2x30m Bei diesen Windersets HQ Liros COLOUR weisen die verschiedenen Farben deutlich darauf hin, f\u00fcr welche Art von Lenkdrachen und Matratzen sie gedacht sind: WEISS: kleine Lenkdrachen und Matratzen mit relativ geringer Zugkraft BLAU: kleinere Lenkdrachen und Matratzen mit mittlerer Zugfestigkeit GELB: Lenkdrachen und Matratzen mittlerer Gr\u00f6\u00dfe mit mittlerer Zugfestigkeit VIOLETT: Lenkdrachen und Matratzen mit betr\u00e4chtlicher Zugkraft GRAU: Lenkdrachen und Matratzen mit hoher Zugfestigkeit GR\u00dcN: Lenkdrachen und Matratzen mit sehr hoher Zugkraft | speziell f\u00fcr Symphony PRO in der Version 2.2 und 2.5 und \u00e4hnliche Drachen gedacht ORANGE: Lenkdrachen und Matratzen mit extremer Zugfestigkeit\" data-ved=\"2ahUKEwjWhYiZ_4uMAxURg_0HHZVmLnwQ3ewLegQIDBAV\"><strong><span class=\"Y2IQFc\" lang=\"de\">VIOLET \u2013 100daN | Erh\u00e4ltlich in 2x25m, 2x30m und 2x35m <\/span><\/strong><\/li>\n<li class=\"tw-data-text tw-text-large tw-ta\" dir=\"ltr\" data-placeholder=\"Vertaling\" aria-label=\"Vertaalde tekst: Diese HQ Liros Lenkersets Dyneema Colourlines wurden speziell f\u00fcr kleine und gro\u00dfe Lenkdrachen und Matratzen mit schwacher und m\u00e4\u00dfiger bis starker Zugfestigkeit entwickelt. Die Farbe der Leinen entspricht der jeweiligen Garnst\u00e4rke und macht auf einen Blick klar, welche Leinen zu welchem \u200b\u200bDrachen am besten passen. Verf\u00fcgbare Leinenfarben mit entsprechender Bruchkraft: WEISS \u2013 25daN | Erh\u00e4ltlich in 2x15m und 2x20m BLAU \u2013 50daN | Erh\u00e4ltlich in 2x20m, 2x25m und 2x30m GELB \u2013 70daN | Erh\u00e4ltlich in 2x25m, 2x30m und 2x35m VIOLETT \u2013 100daN | Erh\u00e4ltlich in 2x25m, 2x30m und 2x35m GRAU \u2013 120daN | Erh\u00e4ltlich in 2x25m und 2x30m GR\u00dcN \u2013 160daN | Erh\u00e4ltlich in 2x20m, 2x25m, 2x30m und 2x35m ORANGE \u2013 200daN | Erh\u00e4ltlich in 2x25m und 2x30m Bei diesen Windersets HQ Liros COLOUR weisen die verschiedenen Farben deutlich darauf hin, f\u00fcr welche Art von Lenkdrachen und Matratzen sie gedacht sind: WEISS: kleine Lenkdrachen und Matratzen mit relativ geringer Zugkraft BLAU: kleinere Lenkdrachen und Matratzen mit mittlerer Zugfestigkeit GELB: Lenkdrachen und Matratzen mittlerer Gr\u00f6\u00dfe mit mittlerer Zugfestigkeit VIOLETT: Lenkdrachen und Matratzen mit betr\u00e4chtlicher Zugkraft GRAU: Lenkdrachen und Matratzen mit hoher Zugfestigkeit GR\u00dcN: Lenkdrachen und Matratzen mit sehr hoher Zugkraft | speziell f\u00fcr Symphony PRO in der Version 2.2 und 2.5 und \u00e4hnliche Drachen gedacht ORANGE: Lenkdrachen und Matratzen mit extremer Zugfestigkeit\" data-ved=\"2ahUKEwjWhYiZ_4uMAxURg_0HHZVmLnwQ3ewLegQIDBAV\"><strong><span class=\"Y2IQFc\" lang=\"de\">GREY \u2013 120daN | Erh\u00e4ltlich in 2x25m und 2x30m <\/span><\/strong><\/li>\n<li class=\"tw-data-text tw-text-large tw-ta\" dir=\"ltr\" data-placeholder=\"Vertaling\" aria-label=\"Vertaalde tekst: Diese HQ Liros Lenkersets Dyneema Colourlines wurden speziell f\u00fcr kleine und gro\u00dfe Lenkdrachen und Matratzen mit schwacher und m\u00e4\u00dfiger bis starker Zugfestigkeit entwickelt. Die Farbe der Leinen entspricht der jeweiligen Garnst\u00e4rke und macht auf einen Blick klar, welche Leinen zu welchem \u200b\u200bDrachen am besten passen. Verf\u00fcgbare Leinenfarben mit entsprechender Bruchkraft: WEISS \u2013 25daN | Erh\u00e4ltlich in 2x15m und 2x20m BLAU \u2013 50daN | Erh\u00e4ltlich in 2x20m, 2x25m und 2x30m GELB \u2013 70daN | Erh\u00e4ltlich in 2x25m, 2x30m und 2x35m VIOLETT \u2013 100daN | Erh\u00e4ltlich in 2x25m, 2x30m und 2x35m GRAU \u2013 120daN | Erh\u00e4ltlich in 2x25m und 2x30m GR\u00dcN \u2013 160daN | Erh\u00e4ltlich in 2x20m, 2x25m, 2x30m und 2x35m ORANGE \u2013 200daN | Erh\u00e4ltlich in 2x25m und 2x30m Bei diesen Windersets HQ Liros COLOUR weisen die verschiedenen Farben deutlich darauf hin, f\u00fcr welche Art von Lenkdrachen und Matratzen sie gedacht sind: WEISS: kleine Lenkdrachen und Matratzen mit relativ geringer Zugkraft BLAU: kleinere Lenkdrachen und Matratzen mit mittlerer Zugfestigkeit GELB: Lenkdrachen und Matratzen mittlerer Gr\u00f6\u00dfe mit mittlerer Zugfestigkeit VIOLETT: Lenkdrachen und Matratzen mit betr\u00e4chtlicher Zugkraft GRAU: Lenkdrachen und Matratzen mit hoher Zugfestigkeit GR\u00dcN: Lenkdrachen und Matratzen mit sehr hoher Zugkraft | speziell f\u00fcr Symphony PRO in der Version 2.2 und 2.5 und \u00e4hnliche Drachen gedacht ORANGE: Lenkdrachen und Matratzen mit extremer Zugfestigkeit\" data-ved=\"2ahUKEwjWhYiZ_4uMAxURg_0HHZVmLnwQ3ewLegQIDBAV\"><strong><span class=\"Y2IQFc\" lang=\"de\">GREEN \u2013 160daN | Erh\u00e4ltlich in 2x20m, 2x25m, 2x30m und 2x35m <\/span><\/strong><\/li>\n<li class=\"tw-data-text tw-text-large tw-ta\" dir=\"ltr\" data-placeholder=\"Vertaling\" aria-label=\"Vertaalde tekst: Diese HQ Liros Lenkersets Dyneema Colourlines wurden speziell f\u00fcr kleine und gro\u00dfe Lenkdrachen und Matratzen mit schwacher und m\u00e4\u00dfiger bis starker Zugfestigkeit entwickelt. Die Farbe der Leinen entspricht der jeweiligen Garnst\u00e4rke und macht auf einen Blick klar, welche Leinen zu welchem \u200b\u200bDrachen am besten passen. Verf\u00fcgbare Leinenfarben mit entsprechender Bruchkraft: WEISS \u2013 25daN | Erh\u00e4ltlich in 2x15m und 2x20m BLAU \u2013 50daN | Erh\u00e4ltlich in 2x20m, 2x25m und 2x30m GELB \u2013 70daN | Erh\u00e4ltlich in 2x25m, 2x30m und 2x35m VIOLETT \u2013 100daN | Erh\u00e4ltlich in 2x25m, 2x30m und 2x35m GRAU \u2013 120daN | Erh\u00e4ltlich in 2x25m und 2x30m GR\u00dcN \u2013 160daN | Erh\u00e4ltlich in 2x20m, 2x25m, 2x30m und 2x35m ORANGE \u2013 200daN | Erh\u00e4ltlich in 2x25m und 2x30m Bei diesen Windersets HQ Liros COLOUR weisen die verschiedenen Farben deutlich darauf hin, f\u00fcr welche Art von Lenkdrachen und Matratzen sie gedacht sind: WEISS: kleine Lenkdrachen und Matratzen mit relativ geringer Zugkraft BLAU: kleinere Lenkdrachen und Matratzen mit mittlerer Zugfestigkeit GELB: Lenkdrachen und Matratzen mittlerer Gr\u00f6\u00dfe mit mittlerer Zugfestigkeit VIOLETT: Lenkdrachen und Matratzen mit betr\u00e4chtlicher Zugkraft GRAU: Lenkdrachen und Matratzen mit hoher Zugfestigkeit GR\u00dcN: Lenkdrachen und Matratzen mit sehr hoher Zugkraft | speziell f\u00fcr Symphony PRO in der Version 2.2 und 2.5 und \u00e4hnliche Drachen gedacht ORANGE: Lenkdrachen und Matratzen mit extremer Zugfestigkeit\" data-ved=\"2ahUKEwjWhYiZ_4uMAxURg_0HHZVmLnwQ3ewLegQIDBAV\"><strong><span class=\"Y2IQFc\" lang=\"de\">ORANGE \u2013 200daN | Erh\u00e4ltlich in 2x25m und 2x30m<\/span><\/strong><span class=\"Y2IQFc\" lang=\"de\"><br \/>\n<\/span><\/li>\n<\/ul>\n<p><span class=\"Y2IQFc\" lang=\"de\">Bei diesen Windersets <strong>HQ Liros COLOUR<\/strong> weisen die verschiedenen Farben deutlich darauf hin, f\u00fcr welche Art von Lenkdrachen und Lenkmatten sie gedacht sind: <\/span><\/p>\n<ul>\n<li><strong><span class=\"Y2IQFc\" lang=\"de\">WHITE: kleine Lenkdrachen und Lenkmatten mit relativ geringer Zugkraft <\/span><\/strong><\/li>\n<li><strong><span class=\"Y2IQFc\" lang=\"de\">BLUE: kleinere Lenkdrachen und Lenkmatten mit mittlerer Zugkraft<\/span><\/strong><\/li>\n<li><strong><span class=\"Y2IQFc\" lang=\"de\">YELLOW: Lenkdrachen und Lenkmatten mittlerer Gr\u00f6\u00dfe mit mittlerer Zugkraft<\/span><\/strong><\/li>\n<li><strong><span class=\"Y2IQFc\" lang=\"de\">VIOLET: Lenkdrachen und Lenkmatten mit betr\u00e4chtlicher Zugkraft <\/span><\/strong><\/li>\n<li><strong><span class=\"Y2IQFc\" lang=\"de\">GREY: Lenkdrachen und Lenkmatten mit hoher Zugkraft<\/span><\/strong><\/li>\n<li><strong><span class=\"Y2IQFc\" lang=\"de\">GREEN: Lenkdrachen und Lenkmatten mit sehr hoher Zugkraft | speziell f\u00fcr Symphony PRO in der Version 2.2 und 2.5 und \u00e4hnliche Drachen gedacht <\/span><\/strong><\/li>\n<li><strong><span class=\"Y2IQFc\" lang=\"de\">ORANGE: Lenkdrachen und Lenkmatten mit extremer Zugkraft\u00a0 \u00a0 \u00a0<\/span><\/strong><\/li>\n<\/ul>\n<p><span class=\"Y2IQFc\" lang=\"de\"><strong>HQ Liros Kitelines<\/strong> sind von h\u00f6chster Qualit\u00e4t und speziell f\u00fcr den Kitesport getestet und entwickelt. Maximal vorgestreckt betr\u00e4gt die Dehnung nahezu 0 %. Zur schnellen Erkennung und zum Schutz der Fasern vor UV-Strahlung, Salz und Sand sind diese Lenkschn\u00fcre alle farbig beschichtet.<br \/>\nDie <strong>HQ Liros Lenksets<\/strong> sind mit vern\u00e4hten Sleeves (Ummantelungen) ausgestattet und in verschiedenen L\u00e4ngen und St\u00e4rken erh\u00e4ltlich. <\/span><\/p>\n<p><span class=\"Y2IQFc\" lang=\"de\">Wenn Sie auf der Suche nach qualitativ hochwertigen Lenkschn\u00fcre sind, dann sind die Drachenleinen von <strong>HQ-Liros<\/strong> eine ausgezeichnete Wahl. <\/span><\/p>\n<p><span class=\"Y2IQFc\" lang=\"de\"><strong>ACHTUNG!<\/strong> : Bei diesen Drachenleinen, die auf einem Wickler (Wickelgriff) aufgewickelt sind, ben\u00f6tigt man noch Zubeh\u00f6r, um tats\u00e4chlich kiten zu k\u00f6nnen. Weitere Informationen finden Sie unter <strong>Drachen Zubeh\u00f6r &gt; Lenkschlaufen und Griffe (Lenkstangen)<\/strong>. Der Wickler dient ausschlie\u00dflich der Aufbewahrung der Schn\u00fcre. Die Wickler werden wie abgebildet in den passenden Farben geliefert. Der Wickler besteht aus robustem PE-Material, die Schnur ist von bester Qualit\u00e4t, getestet und garantiert von HQ. <\/span><\/p>\n<p><b>Mengenrabatte<\/b>; Beim Kauf gr\u00f6\u00dferer Mengen gew\u00e4hren wir folgende Mengenrabatte:<\/p>\n<ul>\n<li><b>ab 2 St\u00fcck: 5%<\/b><\/li>\n<li><b>ab 3 St\u00fcck: 7,5%<\/b><\/li>\n<li><b>ab 5 St\u00fcck: 10%<\/b><\/li>\n<\/ul>\n<p>Der Mengenrabatt wird direkt im Warenkorb abgerechnet.<\/p>\n","protected":false},"excerpt":{"rendered":"<p>Top-Leinen mit farbiger Beschichtung | Windersets in 7 St\u00e4rken und verschiedene L\u00e4ngen<\/p>\n","protected":false},"featured_media":29009,"comment_status":"closed","ping_status":"closed","template":"","meta":{"_acf_changed":false},"product_brand":[],"product_cat":[2172,3382,1348],"product_tag":[],"class_list":{"0":"post-21417","1":"product","2":"type-product","3":"status-publish","4":"has-post-thumbnail","6":"product_cat-drachenleinen","7":"product_cat-hq-liros-de","8":"product_cat-marken","9":"pa_grootte-25-15-de-2","10":"pa_grootte-25-20-de-2","11":"pa_grootte-50-20-de-2","12":"pa_grootte-50-25-de-2","13":"pa_grootte-50-30-de-2","14":"pa_grootte-70-25-de-2","15":"pa_grootte-70-30-de-2","16":"pa_grootte-70-35-de-2","17":"pa_grootte-100-25-de-2","18":"pa_grootte-100-30-de","19":"pa_grootte-100-35-de-2","20":"pa_grootte-120-25-de-2","21":"pa_grootte-120-30-de-2","22":"pa_grootte-160-20-de-2","23":"pa_grootte-160-25-de-2","24":"pa_grootte-160-30-de-2","25":"pa_grootte-160-35-de-2","26":"pa_grootte-200-25-de-2","27":"pa_grootte-200-30-de-2","28":"pa_kleur-blue-de","29":"pa_kleur-grey-de","30":"pa_kleur-green-de","31":"pa_kleur-orange-de","32":"pa_kleur-violet-de","33":"pa_kleur-white-de","34":"pa_kleur-yellow-de","36":"first","37":"instock","38":"taxable","39":"shipping-taxable","40":"purchasable","41":"product-type-variable"},"acf":[],"_links":{"self":[{"href":"https:\/\/www.wepaflyer.com\/de\/wp-json\/wp\/v2\/product\/21417","targetHints":{"allow":["GET"]}}],"collection":[{"href":"https:\/\/www.wepaflyer.com\/de\/wp-json\/wp\/v2\/product"}],"about":[{"href":"https:\/\/www.wepaflyer.com\/de\/wp-json\/wp\/v2\/types\/product"}],"replies":[{"embeddable":true,"href":"https:\/\/www.wepaflyer.com\/de\/wp-json\/wp\/v2\/comments?post=21417"}],"wp:featuredmedia":[{"embeddable":true,"href":"https:\/\/www.wepaflyer.com\/de\/wp-json\/wp\/v2\/media\/29009"}],"wp:attachment":[{"href":"https:\/\/www.wepaflyer.com\/de\/wp-json\/wp\/v2\/media?parent=21417"}],"wp:term":[{"taxonomy":"product_brand","embeddable":true,"href":"https:\/\/www.wepaflyer.com\/de\/wp-json\/wp\/v2\/product_brand?post=21417"},{"taxonomy":"product_cat","embeddable":true,"href":"https:\/\/www.wepaflyer.com\/de\/wp-json\/wp\/v2\/product_cat?post=21417"},{"taxonomy":"product_tag","embeddable":true,"href":"https:\/\/www.wepaflyer.com\/de\/wp-json\/wp\/v2\/product_tag?post=21417"}],"curies":[{"name":"wp","href":"https:\/\/api.w.org\/{rel}","templated":true}]}}