{"id":21391,"date":"2023-12-22T13:25:05","date_gmt":"2023-12-22T12:25:05","guid":{"rendered":"https:\/\/www.wepaflyer.com\/?post_type=product&#038;p=21391"},"modified":"2026-01-21T13:13:56","modified_gmt":"2026-01-21T12:13:56","slug":"combat-speedlines-lenkerset","status":"publish","type":"product","link":"https:\/\/www.wepaflyer.com\/de\/produkt\/combat-speedlines-lenkerset\/","title":{"rendered":"Climax Combat SpeedLine Quad-Lenkset | Buggy Kiting"},"content":{"rendered":"<h3>CLIMAX COMBAT SPEEDLINES QUAD-LENKSET BUGGY KITING<\/h3>\n<h5>Dyneema Combat SpeedLine Quad-Lenksets | Buggy Kiting | In 2 Kombinations-St\u00e4rken | DarkOrange\/FlashYellow\/BrightGreen<\/h5>\n<p><strong>Wenn Sie nach den besten Leinen f\u00fcr Buggy Kiting (LongLife) suchen, sind die<span>\u00a0<\/span><\/strong><strong>Climax Combat SpeedLines<span>\u00a0<\/span><\/strong><strong>die beste Wahl.<\/strong><\/p>\n<p><strong>Combat Speed-Lines<\/strong> sind die ultimativen TopLines von Climax, speziell entwickelt f\u00fcr BuggyKiting (Speed). Dank der neuen Pre-Stretch-Methode, bei der die Nicht-Dehnung der Leinen maximiert wird, und einer neuen Art der B\u00fcndelung in der Molekularstruktur der Fasern, erf\u00fcllen d<span class=\"Y2IQFc\" lang=\"de\">ie Combat Speed-Lines alle Anforderungen, die ein professioneller Buggy-Kiter an seine Kite-Lines stellt.<\/span><\/p>\n<p><span>Diese Dyneemaschn\u00fcre sind in nachfolgenden St\u00e4rken und L\u00e4ngen erh\u00e4ltlich:<\/span><\/p>\n<ul>\n<li><strong>200\/100daN | 4x14meter<\/strong><\/li>\n<li><strong>200\/100daN | 4x16meter<\/strong><\/li>\n<li><strong>200\/100daN | 4x18meter<\/strong><\/li>\n<li><strong>200\/100daN | 4x20meter<\/strong><\/li>\n<li><strong>200\/100daN | 4x25meter<\/strong><\/li>\n<li><strong>250\/150daN | 4x16meter<\/strong><\/li>\n<li><strong>250\/150daN | 4x18meter<\/strong><\/li>\n<li><strong>250\/150daN | 4x20meter<\/strong><\/li>\n<\/ul>\n<p id=\"tw-target-text\" class=\"tw-data-text tw-text-large tw-ta\" dir=\"ltr\" data-placeholder=\"Vertaling\" aria-label=\"Vertaalde tekst: Combat Speed-Lines, die ultimativen TopLines von Climax speziell entwickelt f\u00fcr BuggyKiting (Speed). Eine neue Vordehnungsmethode, bei der die Dehnung auf nahezu 0 (Null) reduziert wird, und eine revolution\u00e4re Art der B\u00fcndelung und Flechten bereits in der Molekularstruktur der Fasern verleihen den Combat Speed-Lines folgende charakteristische Eigenschaften:\" data-ved=\"2ahUKEwjAgK69tqWMAxX6hf0HHXtpGn4Q3ewLegQICRAV\"><span class=\"Y2IQFc\" lang=\"de\"><strong>Combat Speed-Lines<\/strong>, die ultimativen TopLines von Climax, speziell entwickelt f\u00fcr BuggyKiting (Speed). Eine neue Vordehnungsmethode, bei der die Dehnung auf nahezu 0 (Null) reduziert wird, und eine revolution\u00e4re Art der B\u00fcndelung und Flechtung bereits in der Molekularstruktur der Fasern, verleihen den Combat Speed-Lines folgende charakteristische Eigenschaften:<\/span><\/p>\n<ul>\n<li><strong>Extrem dehnungsarm<\/strong><\/li>\n<li><strong>Lange Lebensdauer<\/strong><\/li>\n<li><strong>Mit noch mehr Widerstand<\/strong><\/li>\n<li><strong>H\u00f6here Steifigkeit und dadurch eine \u201edirekte Verbindung\u201c mit dem Kite<\/strong><\/li>\n<li><strong>Besonders auff\u00e4llige Farben, DarkOrange, FlashYellow und BrightGreen<\/strong><\/li>\n<\/ul>\n<p id=\"tw-target-text\" class=\"tw-data-text tw-text-large tw-ta\" dir=\"ltr\" data-placeholder=\"Vertaling\" aria-label=\"Vertaalde tekst: Combat Speed-Lines sind die Steuerleinen f\u00fcr deinen Buggy-Drachen. Die Enden der Leinen sind vern\u00e4ht und daher besonders stabil, R2F = Ready-to-Fly. Erh\u00e4ltlich in verschiedenen L\u00e4ngen je St\u00e4rke, immer abgestimmt auf die passenden Lenk- und Bremsleinenst\u00e4rken. Oben sehen Sie die L\u00e4ngen und St\u00e4rken dieses Artikels aufgelistet. Wenn Sie sich f\u00fcr die allerbesten Buggy-Drachenleinen entscheiden, dann sind die Combat Speed \u200b\u200bLines Ihre Wahl.\" data-ved=\"2ahUKEwjAgK69tqWMAxX6hf0HHXtpGn4Q3ewLegQICRAV\"><span class=\"Y2IQFc\" lang=\"de\"><strong>Combat Speed-Lines<\/strong> sind die Lenkschn\u00fcre f\u00fcr deinen Buggy-Drachen. Die Enden der Leinen sind vern\u00e4ht und daher besonders stabil, R2F = Ready-to-Fly. Erh\u00e4ltlich in verschiedenen L\u00e4ngen je St\u00e4rke, immer mit den passenden Lenk- und Bremsleinenst\u00e4rken aufeinander abgestimmt. Oben sehen Sie die L\u00e4ngen und St\u00e4rken dieses Artikels aufgelistet. Wenn Sie sich f\u00fcr die allerbesten Buggy-Drachenleinen entscheiden, dann sind die Combat Speed \u200b\u200bLines Ihre Wahl.<\/span><\/p>\n<p><strong>Achtung!<\/strong><span>\u00a0<\/span>: Zu diesen Schn\u00fcren die auf Wickelgriffe gewickelt sind, braucht man noch Lenkschlaufen (Straps), Lenkstange, Powerclaws, Drachenringe oder Griffe um wirklich kiten zu k\u00f6nnen. Dieses Zubeh\u00f6r findet man an anderer Stelle im Webshop. Der Winder (Wickelgriff) ist ausschlie\u00dflich gedacht um die Lenkschn\u00fcre f\u00fcr den Transport aufzubewahren.<br \/>\n<span>Mit dieser Schnur kann man super gut Loopings fliegen, aber z\u00e4hle die Anzahl der Loopings (Umdrehungen), sodass man vor der Landung des Drachen mit der gleichen Anzahl der Gegendrehungen die Schn\u00fcre wieder parallel bekommt, dann kann man sie einfach und bequem auf den Wickelgriff aufwickeln.<\/span><br \/>\nDie Winder\u00a0 werden in verschiedenen Farben sortiert geliefert.<br \/>\n<span class=\"Y2IQFc\" lang=\"de\">Der Winder\/Wickelgriff besteht aus stabilem PE-Material, die Schnur aus extrem dehnungsarmen Fasern in Combat SpeedLine-Qualit\u00e4t.<\/span><\/p>\n<p><strong>Staffelrabatte<\/strong>; bei Abnahme von gr\u00f6\u00dferen Mengen bieten wir die folgenden Mengenrabatte an:<\/p>\n<ul>\n<li><strong>ab\u00a0 \u00a02 St\u00fcck: 5%<\/strong><\/li>\n<li><strong>ab\u00a0 \u00a03 St\u00fcck: 7,5%<\/strong><\/li>\n<li><strong>ab \u00a0\u00a05 St\u00fcck: 10%<\/strong><\/li>\n<\/ul>\n<p>Der Staffelrabatt wird sofort im Einkaufskorb verrechnet.<\/p>\n","protected":false},"excerpt":{"rendered":"<p>Dyneema Combat SpeedLine Quad-Lenksets | Buggy Kiting | In 2 Kombinations-St\u00e4rken | DarkOrange\/FlashYellow\/BrightGreen<\/p>\n","protected":false},"featured_media":11563,"comment_status":"closed","ping_status":"closed","template":"","meta":{"_acf_changed":false},"product_brand":[],"product_cat":[2159,2172,1348],"product_tag":[],"class_list":{"0":"post-21391","1":"product","2":"type-product","3":"status-publish","4":"has-post-thumbnail","6":"product_cat-climax","7":"product_cat-drachenleinen","8":"product_cat-marken","9":"pa_grootte-200-100-4x14m-de-2","10":"pa_grootte-200-100-4x16m-de-2","11":"pa_grootte-200-100-4x18m-de-2","12":"pa_grootte-200-100-4x20m-de-2","13":"pa_grootte-200-100-4x25m-de-2","14":"pa_grootte-250-150-4x16m-de-2","15":"pa_grootte-250-150-4x18m-de-2","16":"pa_grootte-250-150-4x20m-de-2","18":"first","19":"instock","20":"taxable","21":"shipping-taxable","22":"purchasable","23":"product-type-variable"},"acf":[],"_links":{"self":[{"href":"https:\/\/www.wepaflyer.com\/de\/wp-json\/wp\/v2\/product\/21391","targetHints":{"allow":["GET"]}}],"collection":[{"href":"https:\/\/www.wepaflyer.com\/de\/wp-json\/wp\/v2\/product"}],"about":[{"href":"https:\/\/www.wepaflyer.com\/de\/wp-json\/wp\/v2\/types\/product"}],"replies":[{"embeddable":true,"href":"https:\/\/www.wepaflyer.com\/de\/wp-json\/wp\/v2\/comments?post=21391"}],"wp:featuredmedia":[{"embeddable":true,"href":"https:\/\/www.wepaflyer.com\/de\/wp-json\/wp\/v2\/media\/11563"}],"wp:attachment":[{"href":"https:\/\/www.wepaflyer.com\/de\/wp-json\/wp\/v2\/media?parent=21391"}],"wp:term":[{"taxonomy":"product_brand","embeddable":true,"href":"https:\/\/www.wepaflyer.com\/de\/wp-json\/wp\/v2\/product_brand?post=21391"},{"taxonomy":"product_cat","embeddable":true,"href":"https:\/\/www.wepaflyer.com\/de\/wp-json\/wp\/v2\/product_cat?post=21391"},{"taxonomy":"product_tag","embeddable":true,"href":"https:\/\/www.wepaflyer.com\/de\/wp-json\/wp\/v2\/product_tag?post=21391"}],"curies":[{"name":"wp","href":"https:\/\/api.w.org\/{rel}","templated":true}]}}