{"id":21319,"date":"2023-12-22T13:24:44","date_gmt":"2023-12-22T12:24:44","guid":{"rendered":"https:\/\/www.wepaflyer.com\/?post_type=product&#038;p=21319"},"modified":"2026-05-04T12:39:39","modified_gmt":"2026-05-04T10:39:39","slug":"vektor-farblinien-set","status":"publish","type":"product","link":"https:\/\/www.wepaflyer.com\/de\/produkt\/vektor-farblinien-set\/","title":{"rendered":"Vector ColourLines Sets"},"content":{"rendered":"<h3>Vector ColourLinesSets<\/h3>\n<h4>Vorgedehnte Toplines | 2 x 20 m, 2 x 25 m und 2 x 30 m | In 5 St\u00e4rken<\/h4>\n<p><strong>Die ultimativen Flugleinen f\u00fcr alle Stunt-Kites in Top-Qualit\u00e4t von Vector.<\/strong><\/p>\n<p>Die Vector Colour Lines Sets bestehen immer aus zwei Leinen gleicher L\u00e4nge und St\u00e4rke, die auf einem Wickelgriff (Winder) gewickelt sind.<\/p>\n<p>Verf\u00fcgbare L\u00e4ngen: 2 x 20 m | 2 x 25 m | 2 x 30 m<br \/>\nVerf\u00fcgbare St\u00e4rken (Bruchlast): 50 daN | 75 daN | 110 daN | 170 daN | 210 daN<br \/>\nJede St\u00e4rke hat ihre eigene Farbe und ist somit sofort erkennbar:<\/p>\n<ul>\n<li>50 daN = Grau<\/li>\n<li>75 daN = Rot<\/li>\n<li>110 daN = Blau<\/li>\n<li>170 daN = Grau<\/li>\n<li>210 daN = Fluor Blau (2 x 20 m) oder Orange (2 x 25 m &amp; 2 x 30 m)<\/li>\n<li><strong> Hinweis: Die hier abgebildeten fluoreszierenden gr\u00fcnen Leinen sind nicht mehr erh\u00e4ltlich.<\/strong><\/li>\n<\/ul>\n<p>Vector ColorLines sind an allen Enden ummantelt, optimal vorgedehnt, eng geflochten, haben den perfekten Durchmesser und sind von h\u00f6chster Qualit\u00e4t. So ist die beste Performance Ihres Stuntkites garantiert.<br \/>\n<strong>Vector KiteLines geh\u00f6ren zwar nicht zu den preisg\u00fcnstigsten Leinen, aber Qualit\u00e4t hat ihren Preis.<\/strong><\/p>\n<p>Alternativ sind diese Kitelines auch als 4-Leiner-Set (QuadLines) und in anderen L\u00e4ngen erh\u00e4ltlich. Weitere Informationen finden Sie unter Vector QuadLines Sets.<br \/>\n<strong>Diese Vector ColourLines eignen sich auch f\u00fcr ALLE Vierleiner-Drachen, dann ben\u00f6tigen Sie aber nat\u00fcrlich zwei S\u00e4tze in der gleichen L\u00e4nge und der richtigen St\u00e4rke.<\/strong><\/p>\n","protected":false},"excerpt":{"rendered":"<p>Vorgedehnte Toplines | 2 x 20 m, 2 x 25 m und 2 x 30 m | In 5 St\u00e4rken<\/p>\n","protected":false},"featured_media":11438,"comment_status":"closed","ping_status":"closed","template":"","meta":{"_acf_changed":false},"product_brand":[],"product_cat":[1385,2172,1348,3546,2175],"product_tag":[3637],"class_list":{"0":"post-21319","1":"product","2":"type-product","3":"status-publish","4":"has-post-thumbnail","6":"product_cat-drachen-zubehor","7":"product_cat-drachenleinen","8":"product_cat-marken","9":"product_cat-powerkites-zubehor","10":"product_cat-vector","11":"product_tag-accessoires","12":"pa_grootte-2x20m-50dan-de-2","13":"pa_grootte-2x20m-75dan-de-2","14":"pa_grootte-2x20m110dan-de-2","15":"pa_grootte-2x20m170dan-de-2","16":"pa_grootte-2x20m210dan-de-2","17":"pa_grootte-2x25m-50dan-de-2","18":"pa_grootte-2x25m-75dan-de-2","19":"pa_grootte-2x25m110dan-de-2","20":"pa_grootte-2x25m170dan-de-2","21":"pa_grootte-2x25m210dan-de-2","22":"pa_grootte-2x30m-50dan-de-2","23":"pa_grootte-2x30m-75dan-de-2","24":"pa_grootte-2x30m110dan-de-2","25":"pa_grootte-2x30m170dan-de-2","26":"pa_grootte-2x30m210dan-de-2","28":"first","29":"instock","30":"sale","31":"taxable","32":"shipping-taxable","33":"purchasable","34":"product-type-variable"},"acf":[],"_links":{"self":[{"href":"https:\/\/www.wepaflyer.com\/de\/wp-json\/wp\/v2\/product\/21319","targetHints":{"allow":["GET"]}}],"collection":[{"href":"https:\/\/www.wepaflyer.com\/de\/wp-json\/wp\/v2\/product"}],"about":[{"href":"https:\/\/www.wepaflyer.com\/de\/wp-json\/wp\/v2\/types\/product"}],"replies":[{"embeddable":true,"href":"https:\/\/www.wepaflyer.com\/de\/wp-json\/wp\/v2\/comments?post=21319"}],"wp:featuredmedia":[{"embeddable":true,"href":"https:\/\/www.wepaflyer.com\/de\/wp-json\/wp\/v2\/media\/11438"}],"wp:attachment":[{"href":"https:\/\/www.wepaflyer.com\/de\/wp-json\/wp\/v2\/media?parent=21319"}],"wp:term":[{"taxonomy":"product_brand","embeddable":true,"href":"https:\/\/www.wepaflyer.com\/de\/wp-json\/wp\/v2\/product_brand?post=21319"},{"taxonomy":"product_cat","embeddable":true,"href":"https:\/\/www.wepaflyer.com\/de\/wp-json\/wp\/v2\/product_cat?post=21319"},{"taxonomy":"product_tag","embeddable":true,"href":"https:\/\/www.wepaflyer.com\/de\/wp-json\/wp\/v2\/product_tag?post=21319"}],"curies":[{"name":"wp","href":"https:\/\/api.w.org\/{rel}","templated":true}]}}