{"id":21305,"date":"2023-12-22T13:24:42","date_gmt":"2023-12-22T12:24:42","guid":{"rendered":"https:\/\/www.wepaflyer.com\/?post_type=product&#038;p=21305"},"modified":"2026-05-04T12:39:39","modified_gmt":"2026-05-04T10:39:39","slug":"spitze-endkappe","status":"publish","type":"product","link":"https:\/\/www.wepaflyer.com\/de\/produkt\/spitze-endkappe\/","title":{"rendered":"Endkappe | Tipp"},"content":{"rendered":"<h3>ENDKAPPE | TIPP | 12 verschiedene Durchmesser<\/h3>\n<h4>Endkappen von \u00d8 2mm bis \u00d8 22mm | 12 Durchmessern<\/h4>\n<p>Weiche, schwarze Endkappen aus PVC. Ideal als Schutz \u00fcber Enden von allen m\u00f6glichen St\u00e4ben und Rohren. Prima Qualit\u00e4t.<\/p>\n<p>Derzeit lieferbar in 12 nachfolgenden Durchmessern \u00d8:<\/p>\n<ul>\n<li><strong>\u00d8 2mm<\/strong><\/li>\n<li><strong>\u00d8 3mm<\/strong><\/li>\n<li><strong>\u00d8 4mm<\/strong><\/li>\n<li><strong>\u00d8 5mm<\/strong><\/li>\n<li><strong>\u00d8 6mm<\/strong><\/li>\n<li><strong>\u00d8 7mm<\/strong><\/li>\n<li><strong>\u00d8 8mm<\/strong><\/li>\n<li><strong>\u00d8 9mm<\/strong><\/li>\n<li><strong>\u00d8 10mm<\/strong><\/li>\n<li><strong>\u00d8 12mm<\/strong><\/li>\n<li><strong>\u00d8 13mm<\/strong><\/li>\n<li><strong>\u00d8 22mm<\/strong><\/li>\n<li>Angegeben ist immer der <strong style=\"font-family: Manrope; font-size: max(1.2rem, 1.2vw);\">Innendurchmesser<\/strong><\/li>\n<\/ul>\n<p><strong>ACHTUNG!<\/strong>: Bei Abnahme gr\u00f6\u00dferer Mengen von diesen Artikeln gelten die nachfolgenden <strong>Staffelrabatte<\/strong>:<\/p>\n<ul>\n<li><strong>\u00a0 \u00a0 50 St\u00fcck: 5%<\/strong><\/li>\n<li><strong>\u00a0 100 St\u00fcck: 7,5%<\/strong><\/li>\n<li><strong>\u00a0 250 St\u00fcck: 10%<\/strong><\/li>\n<li><strong>\u00a0 500 St\u00fcck: 20%<\/strong><\/li>\n<li><strong>1000 St\u00fcck: 30%<\/strong><\/li>\n<li><strong>2500 St\u00fcck: 40%<\/strong><\/li>\n<\/ul>\n<p>Bei Eingabe einer Bestellung wird der betreffende Rabatt sofort im Einkaufskorb verrechnet.<\/p>\n","protected":false},"excerpt":{"rendered":"<p>Endkappen von \u00d8 2mm bis \u00d8 22mm | 12 Durchmessern<\/p>\n","protected":false},"featured_media":11423,"comment_status":"closed","ping_status":"closed","template":"","meta":{"_acf_changed":false},"product_brand":[],"product_cat":[1385,3368,1348,2165],"product_tag":[3636],"class_list":{"0":"post-21305","1":"product","2":"type-product","3":"status-publish","4":"has-post-thumbnail","6":"product_cat-drachen-zubehor","7":"product_cat-drachenteile-kunststoff","8":"product_cat-marken","9":"product_cat-wepa","10":"product_tag-onderdelen","11":"pa_grootte-o-2mm-de-2","12":"pa_grootte-o-3mm-de-2","13":"pa_grootte-o-4mm-de-2","14":"pa_grootte-o-5mm-de-2","15":"pa_grootte-o-6mm-de-2","16":"pa_grootte-o-7mm-de-2","17":"pa_grootte-o-8mm-de-2","18":"pa_grootte-o-9mm-de-2","19":"pa_grootte-o10mm-de-2","20":"pa_grootte-o12mm-de-2","21":"pa_grootte-o13mm-de-2","22":"pa_grootte-o14mm-de-2","23":"pa_grootte-o22mm-de-2","25":"first","26":"instock","27":"taxable","28":"shipping-taxable","29":"purchasable","30":"product-type-variable"},"acf":[],"_links":{"self":[{"href":"https:\/\/www.wepaflyer.com\/de\/wp-json\/wp\/v2\/product\/21305","targetHints":{"allow":["GET"]}}],"collection":[{"href":"https:\/\/www.wepaflyer.com\/de\/wp-json\/wp\/v2\/product"}],"about":[{"href":"https:\/\/www.wepaflyer.com\/de\/wp-json\/wp\/v2\/types\/product"}],"replies":[{"embeddable":true,"href":"https:\/\/www.wepaflyer.com\/de\/wp-json\/wp\/v2\/comments?post=21305"}],"wp:featuredmedia":[{"embeddable":true,"href":"https:\/\/www.wepaflyer.com\/de\/wp-json\/wp\/v2\/media\/11423"}],"wp:attachment":[{"href":"https:\/\/www.wepaflyer.com\/de\/wp-json\/wp\/v2\/media?parent=21305"}],"wp:term":[{"taxonomy":"product_brand","embeddable":true,"href":"https:\/\/www.wepaflyer.com\/de\/wp-json\/wp\/v2\/product_brand?post=21305"},{"taxonomy":"product_cat","embeddable":true,"href":"https:\/\/www.wepaflyer.com\/de\/wp-json\/wp\/v2\/product_cat?post=21305"},{"taxonomy":"product_tag","embeddable":true,"href":"https:\/\/www.wepaflyer.com\/de\/wp-json\/wp\/v2\/product_tag?post=21305"}],"curies":[{"name":"wp","href":"https:\/\/api.w.org\/{rel}","templated":true}]}}