{"id":21241,"date":"2023-12-22T13:24:29","date_gmt":"2023-12-22T12:24:29","guid":{"rendered":"https:\/\/www.wepaflyer.com\/?post_type=product&#038;p=21241"},"modified":"2026-05-04T12:39:39","modified_gmt":"2026-05-04T10:39:39","slug":"proteclines-lenkerset","status":"publish","type":"product","link":"https:\/\/www.wepaflyer.com\/de\/produkt\/proteclines-lenkerset\/","title":{"rendered":"Climax ProtecLine Lenkset | Endurance Kiting"},"content":{"rendered":"<h3>CLIMAX PROTECLINES LENKSET ENDURANCE KITING<\/h3>\n<h5>Dyneema ProtecLine Lenksets | Endurance Kiting | In 7 St\u00e4rken | NeonRed-Orange<\/h5>\n<p><strong>Wenn Sie nach den besten Leinen f\u00fcr Endurance Kiting (Longlife) suchen, sind die<span>\u00a0<\/span><\/strong><strong>Climax ProtecLines<span>\u00a0<\/span><\/strong><strong>die beste Wahl.<\/strong><\/p>\n<p><strong>ProtecLines<\/strong> sind die <strong>LONG-LIFE-SCHN\u00dcREN<\/strong>&#8230; Wenn Sie extrem lange Freude an Ihren Leinen haben m\u00f6chten, dann entscheiden Sie sich f\u00fcr die ProtecLines. Speziell entwickelt, um \u00fcber einen extrem langen Zeitraum gleichbleibende Qualit\u00e4t zu liefern und somit eine stabile Leistung zu gew\u00e4hrleisten.<\/p>\n<p>Diese Dyneemaschn\u00fcre sind in nachfolgenden St\u00e4rken und L\u00e4ngen erh\u00e4ltlich:<\/p>\n<ul>\n<li><strong>25daN | 15m \u2013 20m \u2013 25m \u2013 30m &#8211; 35meter<\/strong><\/li>\n<li><strong>50daN | 20m \u2013 25m \u2013 30m \u2013 35m \u2013 40meter<\/strong><\/li>\n<li><strong>70daN | 20m \u2013 25m \u2013 30m \u2013 35m \u2013 40meter<\/strong><\/li>\n<li><strong>100daN | 25m \u2013 30m \u2013 35m \u2013 40meter<\/strong><\/li>\n<li><strong>130daN | 25m \u2013 30m \u2013 35m \u2013 40meter<\/strong><\/li>\n<li><strong>160daN | 25m \u2013 30m \u2013 35meter<\/strong><\/li>\n<li><strong>200daN | 25m \u2013 30m \u2013 35meter<\/strong><\/li>\n<\/ul>\n<p><span>Die\u00a0<\/span><strong>Climax ProtecLines Endurance<\/strong><span> sind von h\u00f6chster Qualit\u00e4t und haben eine leuchtrot\/orange Farbe. Sie werden vor allem beim Endurance Kiting verwendet, wenn Pilot und Drachen an ihre Grenzen oder dar\u00fcber gehen\u2026 Diese Schnur ist super glatt und sehr eng geflochten und hat eine Dehnung von fast 0%, wodurch man eine extrem direkte Lenkung des Kites bekommt und man kann daher auch sehr schnelle Wendungen und extrem kurze Kurven fliegen.\u00a0<\/span>Die ProtecLines zeichnen sich durch folgende charakteristische Merkmale aus:<\/p>\n<ul>\n<li><strong>Modernste Technologie: 5x h\u00f6here Abriebfestigkeit im Vergleich zu SpectraLines durch CSP-Technologie<\/strong><\/li>\n<li><strong>Faserschutzverarbeitung (Protec-Methode)<\/strong><\/li>\n<li><strong>Hervorragende Aerodynamik<\/strong><\/li>\n<li><strong>Auff\u00e4llige leuchtrot\/orange Farbe<\/strong><\/li>\n<\/ul>\n<p><strong>ProtecLines<\/strong> sind die <strong>LONG-LIFE-SCHN\u00dcREN<\/strong> schlechthin und machen dort weiter, wo andere Leinen versagen. Eingefleischte Piloten bevorzugen ProtecLines. Erh\u00e4ltlich in verschiedenen L\u00e4ngen je St\u00e4rke. Oben sehen Sie die angegebene L\u00e4ngen und St\u00e4rken dieses Artikels. Wenn Sie sich f\u00fcr ein Spitzenprodukt entscheiden m\u00f6chten, dann sind die ProtecLines die besten Endurance-Drachenleinen.<\/p>\n<p><strong>Achtung!<\/strong><span>\u00a0<\/span>: Zu diesen Schn\u00fcren die auf Wickelgriffe gewickelt sind, braucht man noch Lenkschlaufen (Straps), Powerclaws, Drachenringe oder Griffe um wirklich kiten zu k\u00f6nnen. Dieses Zubeh\u00f6r findet man an anderer Stelle im Webshop. Der Winder (Wickelgriff) ist ausschlie\u00dflich gedacht um die Lenkschn\u00fcre f\u00fcr den Transport aufzubewahren.<br \/>\n<span>Mit dieser Schnur kann man super gut Loopings fliegen, aber z\u00e4hle die Anzahl der Loopings (Umdrehungen), sodass man vor der Landung des Drachen mit der gleichen Anzahl der Gegendrehungen die Schn\u00fcre wieder parallel bekommt, dann kann man sie einfach und bequem auf den Wickelgriff aufwickeln.<\/span><br \/>\nDie Winder\u00a0 werden in verschiedenen Farben sortiert geliefert.<br \/>\n<span class=\"Y2IQFc\" lang=\"de\">Der Winder\/Wickelgriff besteht aus stabilem PE-Material, die Schnur aus high-tech Fasern in ProtecLine-Qualit\u00e4t.<\/span><\/p>\n<p><strong>Staffelrabatte<\/strong>; bei Abnahme von gr\u00f6\u00dferen Mengen bieten wir die folgenden Mengenrabatte an:<\/p>\n<ul>\n<li><strong>ab\u00a0 \u00a02 St\u00fcck: 5%<\/strong><\/li>\n<li><strong>ab\u00a0 \u00a03 St\u00fcck: 7,5%<\/strong><\/li>\n<li><strong>ab \u00a0\u00a05 St\u00fcck: 10%<\/strong><\/li>\n<\/ul>\n<p>Der Staffelrabatt wird sofort im Einkaufskorb verrechnet.<\/p>\n","protected":false},"excerpt":{"rendered":"<p>Dyneema ProtecLine Lenksets | Endurance Kiting | In 7 St\u00e4rken | NeonRed-Orange<\/p>\n","protected":false},"featured_media":11302,"comment_status":"closed","ping_status":"closed","template":"","meta":{"_acf_changed":false},"product_brand":[],"product_cat":[2159,2172,1348],"product_tag":[3637],"class_list":{"0":"post-21241","1":"product","2":"type-product","3":"status-publish","4":"has-post-thumbnail","6":"product_cat-climax","7":"product_cat-drachenleinen","8":"product_cat-marken","9":"product_tag-accessoires","10":"pa_grootte-25-15-de-2","11":"pa_grootte-25-20-de-2","12":"pa_grootte-25-25-de-2","13":"pa_grootte-25-30-de-2","14":"pa_grootte-25-35-de-2","15":"pa_grootte-50-20-de-2","16":"pa_grootte-50-25-de-2","17":"pa_grootte-50-30-de-2","18":"pa_grootte-50-35-de-2","19":"pa_grootte-50-40-de-2","20":"pa_grootte-70-20-de-2","21":"pa_grootte-70-25-de-2","22":"pa_grootte-70-30-de-2","23":"pa_grootte-70-35-de-2","24":"pa_grootte-70-40-de-2","25":"pa_grootte-100-25-de-2","26":"pa_grootte-100-30-de","27":"pa_grootte-100-35-de-2","28":"pa_grootte-100-40-de-2","29":"pa_grootte-130-25-de-2","30":"pa_grootte-130-30-de-2","31":"pa_grootte-130-35-de-2","32":"pa_grootte-130-40-de-2","33":"pa_grootte-160-25-de-2","34":"pa_grootte-160-30-de-2","35":"pa_grootte-160-35-de-2","36":"pa_grootte-200-25-de-2","37":"pa_grootte-200-30-de-2","38":"pa_grootte-200-35-de-2","40":"first","41":"instock","42":"taxable","43":"shipping-taxable","44":"purchasable","45":"product-type-variable"},"acf":[],"_links":{"self":[{"href":"https:\/\/www.wepaflyer.com\/de\/wp-json\/wp\/v2\/product\/21241","targetHints":{"allow":["GET"]}}],"collection":[{"href":"https:\/\/www.wepaflyer.com\/de\/wp-json\/wp\/v2\/product"}],"about":[{"href":"https:\/\/www.wepaflyer.com\/de\/wp-json\/wp\/v2\/types\/product"}],"replies":[{"embeddable":true,"href":"https:\/\/www.wepaflyer.com\/de\/wp-json\/wp\/v2\/comments?post=21241"}],"wp:featuredmedia":[{"embeddable":true,"href":"https:\/\/www.wepaflyer.com\/de\/wp-json\/wp\/v2\/media\/11302"}],"wp:attachment":[{"href":"https:\/\/www.wepaflyer.com\/de\/wp-json\/wp\/v2\/media?parent=21241"}],"wp:term":[{"taxonomy":"product_brand","embeddable":true,"href":"https:\/\/www.wepaflyer.com\/de\/wp-json\/wp\/v2\/product_brand?post=21241"},{"taxonomy":"product_cat","embeddable":true,"href":"https:\/\/www.wepaflyer.com\/de\/wp-json\/wp\/v2\/product_cat?post=21241"},{"taxonomy":"product_tag","embeddable":true,"href":"https:\/\/www.wepaflyer.com\/de\/wp-json\/wp\/v2\/product_tag?post=21241"}],"curies":[{"name":"wp","href":"https:\/\/api.w.org\/{rel}","templated":true}]}}