{"id":21209,"date":"2023-12-22T13:24:22","date_gmt":"2023-12-22T12:24:22","guid":{"rendered":"https:\/\/www.wepaflyer.com\/?post_type=product&#038;p=21209"},"modified":"2026-05-04T12:39:39","modified_gmt":"2026-05-04T10:39:39","slug":"profilines-lenkerset","status":"publish","type":"product","link":"https:\/\/www.wepaflyer.com\/de\/produkt\/profilines-lenkerset\/","title":{"rendered":"Climax ProfiLine Lenkset | Contest Kiting"},"content":{"rendered":"<h3>CLIMAX PROFILINES LENKSET CONTEST KITING<\/h3>\n<h5>Dyneema ProfiLine Lenksets | Contest Kiting | In 6 St\u00e4rken | Yellow<\/h5>\n<p><strong>Wenn Sie nach den besten Leinen f\u00fcr Contest Kiting (Wettkampf) suchen, sind die<span>\u00a0<\/span><\/strong><strong>Climax ProfiLines<\/strong><strong><span>\u00a0<\/span>die beste Wahl.<\/strong><\/p>\n<p>Diese Dyneemaschn\u00fcre sind in nachfolgenden St\u00e4rken und L\u00e4ngen erh\u00e4ltlich:<\/p>\n<ul>\n<li><strong>20daN | 15m \u2013 20m \u2013 25m \u2013 30m \u2013 35meter<\/strong><\/li>\n<li><strong>38daN | 15m \u2013 20m \u2013 25m \u2013 30m \u2013 35m \u2013 40meter<\/strong><\/li>\n<li><strong>55daN | 20m \u2013 25m \u2013 30m \u2013 35m \u2013 40meter<\/strong><\/li>\n<li><strong>75daN | 20m \u2013 25m \u2013 30m \u2013 35m \u2013 40meter<\/strong><\/li>\n<li><strong>100daN | 20m \u2013 25m \u2013 30m \u2013 35m \u2013 40meter<\/strong><\/li>\n<li><strong>130daN | 20m \u2013 25m \u2013 30m \u2013 35m \u2013 40meter<\/strong><\/li>\n<\/ul>\n<p><strong>ProfiLines<\/strong> sind die Wettkampfleinen f\u00fcr Profis. Immer top, immer zuverl\u00e4ssig. Speziell entwickelt f\u00fcr Spitzenleistungen im ContestKiting, nationalen und internationalen Wettbewerben. Die ProfiLines zeichnen sich durch folgende charakteristische Merkmale aus:<\/p>\n<ul>\n<li><strong>Feinste Flechtung<\/strong><\/li>\n<li><strong>Extrem d\u00fcnn<\/strong><\/li>\n<li><strong>Extrem glatt<\/strong><\/li>\n<li><strong>Impr\u00e4gniert<\/strong><\/li>\n<li><strong>Poliert<\/strong><\/li>\n<\/ul>\n<p id=\"tw-target-text\" class=\"tw-data-text tw-text-large tw-ta\" dir=\"ltr\" data-placeholder=\"Vertaling\" aria-label=\"Vertaalde tekst: ProfiLines sind die Wettkampf-Steuerleinen f\u00fcr 2-Leiner Wettkampf-Lenkdrachen. Wettkampfflieger schw\u00f6ren auf dieses Garn. Erh\u00e4ltlich in verschiedenen L\u00e4ngen je St\u00e4rke. Oben sehen Sie die angegebene L\u00e4nge und St\u00e4rke dieses Artikels. Wenn Sie sich f\u00fcr ein Spitzenprodukt entscheiden, dann sind die ProfiLines die besten Wettkampf-Drachenleinen.\" data-ved=\"2ahUKEwj74tOLw52MAxW1g_0HHX3fBXwQ3ewLegQICBAV\"><span class=\"Y2IQFc\" lang=\"de\">ProfiLines sind die Wettkampf-Lenkschn\u00fcre f\u00fcr 2-Leiner Wettkampf-Lenkdrachen. Wettkampfflieger schw\u00f6ren auf diese Schnur.<br \/>\nErh\u00e4ltlich in verschiedenen L\u00e4ngen je St\u00e4rke. Oben sehen Sie die angegebenen L\u00e4nge und St\u00e4rken dieses Artikels.<br \/>\nWenn Sie sich f\u00fcr ein Spitzenprodukt entscheiden m\u00f6chten, dann sind die ProfiLines die besten Wettkampf-Drachenleinen.<\/span><\/p>\n<p><strong>Achtung!<\/strong><span>\u00a0<\/span>: Zu diesen Schn\u00fcren die auf Wickelgriffe gewickelt sind, braucht man noch Lenkschlaufen (Straps), Powerclaws, Drachenringe oder Griffe um wirklich kiten zu k\u00f6nnen. Dieses Zubeh\u00f6r findet man an anderer Stelle im Webshop. Der Winder (Wickelgriff) ist ausschlie\u00dflich gedacht um die Lenkschn\u00fcre f\u00fcr den Transport aufzubewahren.<br \/>\n<span>Mit dieser Schnur kann man super gut Loopings fliegen, aber z\u00e4hle die Anzahl der Loopings (Umdrehungen), sodass man vor der Landung des Drachen mit der gleichen Anzahl der Gegendrehungen die Schn\u00fcre wieder parallel bekommt, dann kann man sie einfach und bequem auf den Wickelgriff aufwickeln.<\/span><br \/>\nDie Winder\u00a0 werden in verschiedenen Farben sortiert geliefert.<br \/>\n<span class=\"Y2IQFc\" lang=\"de\">Der Winder\/Wickelgriff besteht aus stabilem PE-Material, die Schnur aus hauchd\u00fcnnen Fasern in ProfiLine-Qualit\u00e4t.<\/span><\/p>\n<p><strong>Staffelrabatte<\/strong>; bei Abnahme von gr\u00f6\u00dferen Mengen bieten wir die folgenden Mengenrabatte an:<\/p>\n<ul>\n<li><strong>ab\u00a0 \u00a02 St\u00fcck: 5%<\/strong><\/li>\n<li><strong>ab\u00a0 \u00a03 St\u00fcck: 7,5%<\/strong><\/li>\n<li><strong>ab \u00a0\u00a05 St\u00fcck: 10%<\/strong><\/li>\n<\/ul>\n<p>Der Staffelrabatt wird sofort im Einkaufskorb verrechnet.<\/p>\n","protected":false},"excerpt":{"rendered":"<p>Dyneema ProfiLine Lenksets | Contest Kiting | In 6 St\u00e4rken | Yellow<\/p>\n","protected":false},"featured_media":11209,"comment_status":"closed","ping_status":"closed","template":"","meta":{"_acf_changed":false},"product_brand":[],"product_cat":[2159,2172,1348],"product_tag":[3637],"class_list":{"0":"post-21209","1":"product","2":"type-product","3":"status-publish","4":"has-post-thumbnail","6":"product_cat-climax","7":"product_cat-drachenleinen","8":"product_cat-marken","9":"product_tag-accessoires","10":"pa_grootte-20-15-de-2","11":"pa_grootte-20-20-de-2","12":"pa_grootte-20-25-de-2","13":"pa_grootte-20-30-de-2","14":"pa_grootte-20-35-de-2","15":"pa_grootte-38-15-de-2","16":"pa_grootte-38-20-de-2","17":"pa_grootte-38-25-de-2","18":"pa_grootte-38-30-de-2","19":"pa_grootte-38-35-de-2","20":"pa_grootte-38-40-de-2","21":"pa_grootte-55-20-de-2","22":"pa_grootte-55-25-de-2","23":"pa_grootte-55-30-de-2","24":"pa_grootte-55-35-de-2","25":"pa_grootte-55-40-de-2","26":"pa_grootte-75-20-de-2","27":"pa_grootte-75-25-de-2","28":"pa_grootte-75-30-de-2","29":"pa_grootte-75-35-de-2","30":"pa_grootte-75-40-de-2","31":"pa_grootte-100-20-de-2","32":"pa_grootte-100-25-de-2","33":"pa_grootte-100-30-de","34":"pa_grootte-100-35-de-2","35":"pa_grootte-100-40-de-2","36":"pa_grootte-130-20-de-2","37":"pa_grootte-130-25-de-2","38":"pa_grootte-130-30-de-2","39":"pa_grootte-130-35-de-2","40":"pa_grootte-130-40-de-2","42":"first","43":"instock","44":"taxable","45":"shipping-taxable","46":"purchasable","47":"product-type-variable"},"acf":[],"_links":{"self":[{"href":"https:\/\/www.wepaflyer.com\/de\/wp-json\/wp\/v2\/product\/21209","targetHints":{"allow":["GET"]}}],"collection":[{"href":"https:\/\/www.wepaflyer.com\/de\/wp-json\/wp\/v2\/product"}],"about":[{"href":"https:\/\/www.wepaflyer.com\/de\/wp-json\/wp\/v2\/types\/product"}],"replies":[{"embeddable":true,"href":"https:\/\/www.wepaflyer.com\/de\/wp-json\/wp\/v2\/comments?post=21209"}],"wp:featuredmedia":[{"embeddable":true,"href":"https:\/\/www.wepaflyer.com\/de\/wp-json\/wp\/v2\/media\/11209"}],"wp:attachment":[{"href":"https:\/\/www.wepaflyer.com\/de\/wp-json\/wp\/v2\/media?parent=21209"}],"wp:term":[{"taxonomy":"product_brand","embeddable":true,"href":"https:\/\/www.wepaflyer.com\/de\/wp-json\/wp\/v2\/product_brand?post=21209"},{"taxonomy":"product_cat","embeddable":true,"href":"https:\/\/www.wepaflyer.com\/de\/wp-json\/wp\/v2\/product_cat?post=21209"},{"taxonomy":"product_tag","embeddable":true,"href":"https:\/\/www.wepaflyer.com\/de\/wp-json\/wp\/v2\/product_tag?post=21209"}],"curies":[{"name":"wp","href":"https:\/\/api.w.org\/{rel}","templated":true}]}}