{"id":21185,"date":"2023-12-22T13:24:18","date_gmt":"2023-12-22T12:24:18","guid":{"rendered":"https:\/\/www.wepaflyer.com\/?post_type=product&#038;p=21185"},"modified":"2026-01-21T13:07:20","modified_gmt":"2026-01-21T12:07:20","slug":"powerlines-lenkerset","status":"publish","type":"product","link":"https:\/\/www.wepaflyer.com\/de\/produkt\/powerlines-lenkerset\/","title":{"rendered":"Climax PowerLine Lenkset | Extreme Kiting"},"content":{"rendered":"<h3>CLIMAX POWERLINES LENKSET EXTREME KITING<\/h3>\n<h5>Dyneema PowerLine Lenksets | Extreme Kiting | In 8 St\u00e4rken | GoldYellowOrange<\/h5>\n<p><strong>Wenn Sie nach den besten Leinen f\u00fcr Extreme Kiting suchen, sind die<span>\u00a0<\/span><\/strong><strong>Climax PowerLines<span>\u00a0<\/span><\/strong><strong>die beste Wahl.<\/strong><\/p>\n<p>Diese Dyneemaschn\u00fcre sind in nachfolgenden St\u00e4rken und L\u00e4ngen erh\u00e4ltlich:<\/p>\n<ul>\n<li><strong>25daN | 25m \u2013 30meter<\/strong><\/li>\n<li><strong>40daN | 20m \u2013 25m \u2013 30meter<\/strong><\/li>\n<li><strong>60daN | 25m \u2013 30m \u2013 35meter<\/strong><\/li>\n<li><strong>80daN | 20m \u2013 25m \u2013 30meter<\/strong><\/li>\n<li><strong>110daN | 25m \u2013 30m \u2013 35meter<\/strong><\/li>\n<li><strong>140daN | 30m \u2013 35m \u2013 40meter<\/strong><\/li>\n<li><strong>160daN | 25m \u2013 30m \u2013 35meter<\/strong><\/li>\n<li><strong>200daN | 20m \u2013 25m \u2013 30meter<\/strong><\/li>\n<\/ul>\n<p><strong>Power Lines Extreme<\/strong> sind TopLines von Climax, die speziell f\u00fcr die Erbringung von H\u00f6chstleistungen im ExtremeKiting entwickelt wurden. Damit selbst extremste Man\u00f6ver m\u00f6glich sind, wurden High-Tech-Fasern verwendet.<br \/>\n<span class=\"Y2IQFc\" lang=\"de\">Sie werden vor allem beim extremen Kiten eingesetzt, wenn Pilot und Kite an ihre Grenzen oder dar\u00fcber hinausgehen&#8230; Diese Schnur ist super glatt und sehr eng geflochten und hat nahezu 0% Dehnung, was dir eine \u00e4u\u00dferst pr\u00e4zise und direkte Kontrolle \u00fcber den Kite erm\u00f6glicht und somit sehr schnelle Drehungen und extrem kurze Drehungen m\u00f6glich macht. <\/span>Die Power Lines Extreme zeichnen sich durch folgende charakteristische Merkmale aus:<\/p>\n<ul>\n<li><strong>Extrem vorgedehnt<\/strong><\/li>\n<li><strong>Versiegelte Farbe<\/strong><\/li>\n<li><strong>Salzwasserbest\u00e4ndig<\/strong><\/li>\n<li><strong>UV-Blocker<\/strong><\/li>\n<li><strong>Auff\u00e4llige leuchtend goldgelbe-orange Farbe<\/strong><\/li>\n<\/ul>\n<p id=\"tw-target-text\" class=\"tw-data-text tw-text-large tw-ta\" dir=\"ltr\" data-placeholder=\"Vertaling\" aria-label=\"Vertaalde tekst: Power Lines Extreme sind die Steuerleinen f\u00fcr 2-Leiner-Top-Lenkdrachen. Wettkampfdrachen lassen sich mit diesem Garn fliegen. Erh\u00e4ltlich in verschiedenen L\u00e4ngen je St\u00e4rke. Oben sehen Sie die angegebene L\u00e4nge und St\u00e4rke dieses Artikels. Wenn Sie sich f\u00fcr ein Spitzenprodukt entscheiden, sind die Power Lines Extreme die besten Kiteleinen.\" data-ved=\"2ahUKEwj74tOLw52MAxW1g_0HHX3fBXwQ3ewLegQICBAV\"><span class=\"Y2IQFc\" lang=\"de\"><strong>Power Lines Extreme<\/strong> sind die Lenkschn\u00fcre f\u00fcr 2-Leiner-Top-Lenkdrachen. Wettkampfdrachen lassen sich mit dieser Schnur super fliegen. Erh\u00e4ltlich in verschiedenen L\u00e4ngen je St\u00e4rke. Oben sehen Sie die angegebene L\u00e4nge und St\u00e4rke dieses Artikels. Wenn Sie sich f\u00fcr ein Spitzenprodukt entscheiden m\u00f6chten, dann sind die Power Lines Extreme die besten Kitelines.<\/span><\/p>\n<p><strong>Achtung!<\/strong><span>\u00a0<\/span>: Zu diesen Schn\u00fcren die auf Wickelgriffe gewickelt sind, braucht man noch Lenkschlaufen (Straps), Powerclaws, Drachenringe oder Griffe um wirklich kiten zu k\u00f6nnen. Dieses Zubeh\u00f6r findet man an anderer Stelle im Webshop. Der Winder (Wickelgriff) ist ausschlie\u00dflich gedacht um die Lenkschn\u00fcre f\u00fcr den Transport aufzubewahren.<br \/>\n<span>Mit dieser Schnur kann man super gut Loopings fliegen, aber z\u00e4hle die Anzahl der Loopings (Umdrehungen), sodass man vor der Landung des Drachen mit der gleichen Anzahl der Gegendrehungen die Schn\u00fcre wieder parallel bekommt, dann kann man sie einfach und bequem auf den Wickelgriff aufwickeln.<\/span><br \/>\nDie Winder\u00a0 werden in verschiedenen Farben sortiert geliefert.<br \/>\n<span class=\"Y2IQFc\" lang=\"de\">Der Winder\/Wickelgriff besteht aus stabilem PE-Material, die Schnur aus hochwertigen High-Tech Fasern in PowerLine-Qualit\u00e4t.<\/span><\/p>\n<p><strong>Staffelrabatte<\/strong>; bei Abnahme von gr\u00f6\u00dferen Mengen bieten wir die folgenden Mengenrabatte an:<\/p>\n<ul>\n<li><strong>ab\u00a0 \u00a02 St\u00fcck: 5%<\/strong><\/li>\n<li><strong>ab\u00a0 \u00a03 St\u00fcck: 7,5%<\/strong><\/li>\n<li><strong>ab \u00a0\u00a05 St\u00fcck: 10%<\/strong><\/li>\n<\/ul>\n<p>Der Staffelrabatt wird sofort im Einkaufskorb verrechnet.<\/p>\n","protected":false},"excerpt":{"rendered":"<p>Dyneema PowerLine Lenksets | Extreme Kiting | In 8 St\u00e4rken | GoldYellowOrange<\/p>\n","protected":false},"featured_media":11141,"comment_status":"closed","ping_status":"closed","template":"","meta":{"_acf_changed":false},"product_brand":[],"product_cat":[2159,2172,1348],"product_tag":[],"class_list":{"0":"post-21185","1":"product","2":"type-product","3":"status-publish","4":"has-post-thumbnail","6":"product_cat-climax","7":"product_cat-drachenleinen","8":"product_cat-marken","9":"pa_grootte-25-25-de-2","10":"pa_grootte-25-30-de-2","11":"pa_grootte-40-20-de-2","12":"pa_grootte-40-25-de-2","13":"pa_grootte-40-30-de-2","14":"pa_grootte-60-25-de-2","15":"pa_grootte-60-30-de-2","16":"pa_grootte-60-35-de-2","17":"pa_grootte-80-20-de-2","18":"pa_grootte-80-25-de-2","19":"pa_grootte-80-30-de-2","20":"pa_grootte-110-25-de-2","21":"pa_grootte-110-30-de-2","22":"pa_grootte-110-35-de-2","23":"pa_grootte-140-30-de-2","24":"pa_grootte-140-35-de-2","25":"pa_grootte-140-40-de-2","26":"pa_grootte-160-25-de-2","27":"pa_grootte-160-30-de-2","28":"pa_grootte-160-35-de-2","29":"pa_grootte-200-20-de-2","30":"pa_grootte-200-25-de-2","31":"pa_grootte-200-30-de-2","33":"first","34":"instock","35":"taxable","36":"shipping-taxable","37":"purchasable","38":"product-type-variable"},"acf":[],"_links":{"self":[{"href":"https:\/\/www.wepaflyer.com\/de\/wp-json\/wp\/v2\/product\/21185","targetHints":{"allow":["GET"]}}],"collection":[{"href":"https:\/\/www.wepaflyer.com\/de\/wp-json\/wp\/v2\/product"}],"about":[{"href":"https:\/\/www.wepaflyer.com\/de\/wp-json\/wp\/v2\/types\/product"}],"replies":[{"embeddable":true,"href":"https:\/\/www.wepaflyer.com\/de\/wp-json\/wp\/v2\/comments?post=21185"}],"wp:featuredmedia":[{"embeddable":true,"href":"https:\/\/www.wepaflyer.com\/de\/wp-json\/wp\/v2\/media\/11141"}],"wp:attachment":[{"href":"https:\/\/www.wepaflyer.com\/de\/wp-json\/wp\/v2\/media?parent=21185"}],"wp:term":[{"taxonomy":"product_brand","embeddable":true,"href":"https:\/\/www.wepaflyer.com\/de\/wp-json\/wp\/v2\/product_brand?post=21185"},{"taxonomy":"product_cat","embeddable":true,"href":"https:\/\/www.wepaflyer.com\/de\/wp-json\/wp\/v2\/product_cat?post=21185"},{"taxonomy":"product_tag","embeddable":true,"href":"https:\/\/www.wepaflyer.com\/de\/wp-json\/wp\/v2\/product_tag?post=21185"}],"curies":[{"name":"wp","href":"https:\/\/api.w.org\/{rel}","templated":true}]}}