{"id":21135,"date":"2023-12-22T13:24:06","date_gmt":"2023-12-22T12:24:06","guid":{"rendered":"https:\/\/www.wepaflyer.com\/?post_type=product&#038;p=21135"},"modified":"2026-01-21T13:25:49","modified_gmt":"2026-01-21T12:25:49","slug":"kohlenstoff-kohlenstoff-cfk-superior","status":"publish","type":"product","link":"https:\/\/www.wepaflyer.com\/de\/produkt\/kohlenstoff-kohlenstoff-cfk-superior\/","title":{"rendered":"Kohlefaser\/Carbon (CfK) Superior"},"content":{"rendered":"<h3>Kohlefaser (Carbon) Superior<\/h3>\n<h5>Vollst\u00e4be von 0,28 bis 12 mm | Rohre von 0,7&#215;0,3mm bis 14x12mm | Dar\u00fcber hinaus weitere Abmessungen auf Anfrage<\/h5>\n<p><span>Suchen Sie nach\u00a0<\/span><strong>Kohlefaser<\/strong><span>? Suchen Sie nicht weiter, in unserem Online-Shop finden Sie Carbon-st\u00e4be in allen Gr\u00f6\u00dfen, wie Kohlrfaser auch genannt wird. Kohlefaserst\u00e4be k\u00f6nnen f\u00fcr viele Zwecke verwendet werden, wir verwenden sie haupts\u00e4chlich als Drachenst\u00e4be, aber die M\u00f6glichkeiten mit diesem Material sind endlos.<\/span><\/p>\n<p>Neben Stangen oder<span>\u00a0<\/span><strong>Vollst\u00e4ben<\/strong><span>\u00a0<\/span>gibt es auch<span>\u00a0<\/span><strong>Kohlefaser-Rohre<\/strong>, die hohl sind, leichter als Vollst\u00e4be mit gleichem Durchmesser und deutlich steifer, also weniger oder nicht flexibel.<\/p>\n<p><strong>Bei der Dimensionierung geben wir immer zuerst den Au\u00dfendurchmesser des Rohrs und dann den Innendurchmesser an; Wenn die Gr\u00f6\u00dfe beispielsweise mit 6x4mm angegeben ist, dann betr\u00e4gt der Au\u00dfendurchmesser 6mm und der Innendurchmesser 4mm, die Wandst\u00e4rke betr\u00e4gt dann logischerweise 1 mm, da jedes Rohr 2 W\u00e4nde hat.<\/strong><\/p>\n<h3><strong>Kohlefaser (Carbon) Basic und Superior<\/strong><\/h3>\n<p>In unserem Shop unterscheiden wir zwischen Kohlefaser Basic und Kohlefaser Superior. Wie der Name schon sagt, liegt der Unterschied in der Qualit\u00e4t der Carbonfaser. Kohlefaser Basic ist f\u00fcr die meisten Zwecke ausreichend, wenn Sie jedoch h\u00f6here Anspr\u00fcche an den Kohlefaserstab oder das Kohlefaserrohr haben, empfehlen wir Ihnen, sich f\u00fcr Carbon Superior zu entscheiden. Carbon-Superior-St\u00e4be sind etwas leichter als die Basic-St\u00e4be und weisen eine h\u00f6here Biegebeanspruchung auf. Sie sind daher flexibler und k\u00f6nnen auch unter hoher Belastung arbeiten.<\/p>\n<h3><strong>Wof\u00fcr wird Kohlefaser verwendet?<\/strong><\/h3>\n<p>Wie bereits erw\u00e4hnt, k\u00f6nnen Sie Carbonst\u00e4be f\u00fcr viele Zwecke verwenden. Aus diesem Material werden beispielsweise<span>\u00a0<\/span><strong>Zeltstangen<\/strong><span>\u00a0<\/span>hergestellt, da es leicht ist und sich zudem gut biegen l\u00e4sst. Wenn Sie eine Zeltstange ersetzen m\u00fcssen oder eine ma\u00dfgefertigte Stange ben\u00f6tigen, finden Sie in unserem Shop mit Sicherheit einen passenden Durchmesser.<\/p>\n<p>Sie k\u00f6nnen Kohlefaserst\u00e4be auch f\u00fcr die<span>\u00a0<\/span><strong>Pfeile von Pfeil und Bogen<\/strong><span>\u00a0<\/span>verwenden. Das vielseitige Material sorgt daf\u00fcr, dass Sie es gut nutzen k\u00f6nnen. Sie werden \u00fcberrascht sein, wie viele Kohlefaserprodukte Sie im Alltag verwenden.<\/p>\n<h3><strong>Kohlefaser f\u00fcr Drachenst\u00e4be<\/strong><\/h3>\n<p>Da wir urspr\u00fcnglich ein Drachenhersteller sind, verwenden wir die St\u00e4be haupts\u00e4chlich selbst f\u00fcr<span>\u00a0<\/span><strong>Drachen<\/strong>. Ist Ihr Drachen oder Kite besch\u00e4digt und Sie m\u00fcssen neue Drachenstangen kaufen? F\u00fcr jeden Drachentyp findest du bei uns den passenden Carbon-Stab.<\/p>\n<p>Sie sind sich nicht sicher, welchen Stab Sie kaufen sollen? Welche St\u00e4bes verwendet wurden, kann man fast immer auf der Verpackung oder im Drachen-Handbuch erkennen. Wenn Sie Zweifel haben, k\u00f6nnen Sie uns jederzeit kontaktieren.<\/p>\n<p><b>Mengenrabatte<\/b>; Beim Kauf gr\u00f6\u00dferer Mengen gew\u00e4hren wir folgende Mengenrabatte:<\/p>\n<ul>\n<li><b>ab 5 St\u00fcck: 5%<\/b><\/li>\n<li><b>ab 10 St\u00fcck: 7,5%<\/b><\/li>\n<li><b>ab 25 St\u00fcck: 10%<\/b><\/li>\n<\/ul>\n<p>Der Mengenrabatt wird direkt im Warenkorb abgerechnet.<\/p>\n<p><strong><em>BITTE BEACHTEN!: Die regul\u00e4ren Vollst\u00e4be und Rohre werden immer in einer L\u00e4nge von 200 cm geliefert. Wegen der L\u00e4nge der Pakete worin die Drachenst\u00e4be verpackt werden, zahlen Sie einen Versandzuschlag pro Paket; Dieser Zuschlag wird automatisch berechnet und im Bestellformular angezeigt<\/em><\/strong><\/p>\n","protected":false},"excerpt":{"rendered":"<p>Vollst\u00e4be von 0,28 bis 12 mm | Rohre von 0,7&#215;0,3mm bis 14x12mm | Dar\u00fcber hinaus weitere Abmessungen auf Anfrage<\/p>\n","protected":false},"featured_media":11078,"comment_status":"closed","ping_status":"closed","template":"","meta":{"_acf_changed":false},"product_brand":[],"product_cat":[1385,2173,1348,2165],"product_tag":[],"class_list":{"0":"post-21135","1":"product","2":"type-product","3":"status-publish","4":"has-post-thumbnail","6":"product_cat-drachen-zubehor","7":"product_cat-drachenstabe","8":"product_cat-marken","9":"product_cat-wepa","10":"product_shipping_class-stabe","11":"pa_editie-carbon-superior-vol-o-028mm-de-2","12":"pa_editie-carbon-superior-vol-o-05mm-de-2","13":"pa_editie-carbon-superior-vol-o-07mm-de-2","14":"pa_editie-carbon-superior-vol-o-085mm-de-2","15":"pa_editie-carbon-superior-vol-o-10mm","16":"pa_editie-carbon-superior-vol-o-12mm-de-2","17":"pa_editie-carbon-superior-vol-o-13mm-de-2","18":"pa_editie-carbon-superior-vol-o-15mm-de-2","19":"pa_editie-carbon-superior-vol-o-16mm-de-2","20":"pa_editie-carbon-superior-vol-o-18mm-de-2","21":"pa_editie-carbon-superior-vol-o-20mm","22":"pa_editie-carbon-superior-vol-o-25mm-de-2","23":"pa_editie-carbon-superior-vol-o-3mm-de-2","24":"pa_editie-carbon-superior-vol-o-4mm-de-2","25":"pa_editie-carbon-superior-vol-o-5mm-de-2","26":"pa_editie-carbon-superior-vol-o-6mm-de-2","27":"pa_editie-carbon-superior-vol-o-7mm-de-2","28":"pa_editie-carbon-superior-vol-o-8mm-de-2","29":"pa_editie-carbon-superior-vol-o-9mm-de-2","30":"pa_editie-carbon-superior-vol-o10mm-de-2","31":"pa_editie-carbon-superior-vol-o11mm-de-2","32":"pa_editie-carbon-superior-vol-o12mm-de-2","33":"pa_editie-carbonsuperiorbuis-o-07x03mm-de-2","34":"pa_editie-carbonsuperiorbuis-o-10x05mm-de-2","35":"pa_editie-carbonsuperiorbuis-o-15x07mm-de-2","36":"pa_editie-carbonsuperiorbuis-o-20x10mm-de-2","37":"pa_editie-carbonsuperiorbuis-o-25x15mm-de-2","38":"pa_editie-carbonsuperiorbuis-o-3x15mm-de-2","39":"pa_editie-carbonsuperiorbuis-o-3x2mm-de-2","40":"pa_editie-carbonsuperiorbuis-o-4x25mm-de-2","41":"pa_editie-carbonsuperiorbuis-o-4x2mm-de-2","42":"pa_editie-carbonsuperiorbuis-o-4x3mm","43":"pa_editie-carbonsuperiorbuis-o-55x3mm-de-2","44":"pa_editie-carbonsuperiorbuis-o-5x35mm-de-2","45":"pa_editie-carbonsuperiorbuis-o-5x3mm-de-2","46":"pa_editie-carbonsuperiorbuis-o-5x4mm-de-2","47":"pa_editie-carbonsuperiorbuis-o-6x35mm-de-2","48":"pa_editie-carbonsuperiorbuis-o-6x4mm-de-2","49":"pa_editie-carbonsuperiorbuis-o-6x5mm-de-2","50":"pa_editie-carbonsuperiorbuis-o-7x5mm-de-2","51":"pa_editie-carbonsuperiorbuis-o-8x5mm-de-2","52":"pa_editie-carbonsuperiorbuis-o-8x6mm-de-2","53":"pa_editie-carbonsuperiorbuis-o10x6mm-de-2","54":"pa_editie-carbonsuperiorbuis-o10x7mm-de-2","55":"pa_editie-carbonsuperiorbuis-o10x8mm-de-2","56":"pa_editie-carbonsuperiorbuis-o12x-8mm-de-2","57":"pa_editie-carbonsuperiorbuis-o12x-9mm-de-2","58":"pa_editie-carbonsuperiorbuis-o12x10mm-de-2","59":"pa_editie-carbonsuperiorbuis-o14x10mm-de-2","60":"pa_editie-carbonsuperiorbuis-o14x11mm-de-2","61":"pa_editie-carbonsuperiorbuis-o14x12mm-de-2","62":"pa_grootte-carbon-superior-vol-o-20mm-de","63":"pa_grootte-o-07x03mm-de-2","64":"pa_grootte-o-10x05mm-de-2","65":"pa_grootte-o-12mm-de-3","66":"pa_grootte-o-13mm-de-2","67":"pa_grootte-o-15x07mm-de-2","68":"pa_grootte-o-15mm-de-2","69":"pa_grootte-o-16mm-de-2","70":"pa_grootte-o-18mm-de-2","71":"pa_grootte-o-1mm-de-2","72":"pa_grootte-o-20x10mm-de-2","73":"pa_grootte-o-25x15mm-de-2","74":"pa_grootte-o-25mm-de-2","75":"pa_grootte-o-2mm-de-2","76":"pa_grootte-o-3x15mm-de-2","77":"pa_grootte-o-3mm-de-2","78":"pa_grootte-o-3x2mm-de-2","79":"pa_grootte-o-4x25mm-de-2","80":"pa_grootte-o-4mm-de-2","81":"pa_grootte-o-4x2mm-de-2","82":"pa_grootte-o-55x3mm-de-2","83":"pa_grootte-o-5x35mm-de-2","84":"pa_grootte-o-5mm-de-2","85":"pa_grootte-o-5x3mm-de-2","86":"pa_grootte-o-5x4mm-de-2","87":"pa_grootte-o-6x35mm-de-2","88":"pa_grootte-o-6mm-de-2","89":"pa_grootte-o-6x4mm-de-2","90":"pa_grootte-o-6x5mm-de-2","91":"pa_grootte-o-7mm-de-2","92":"pa_grootte-o-7x5mm-de-2","93":"pa_grootte-o-8mm-de-2","94":"pa_grootte-o-8x5mm-de-2","95":"pa_grootte-o-8x6mm-de-2","96":"pa_grootte-o-9mm-de-2","97":"pa_grootte-o028mm-de-2","98":"pa_grootte-o05mm-de-2","99":"pa_grootte-o07mm-de-2","100":"pa_grootte-o085mm-de-2","101":"pa_grootte-o10mm-de-2","102":"pa_grootte-o10x6mm-de-2","103":"pa_grootte-o10x7mm-de-2","104":"pa_grootte-o10x8mm-de-2","105":"pa_grootte-o11mm-de-3","106":"pa_grootte-o12mm-de-2","107":"pa_grootte-o12x10mm-de-2","108":"pa_grootte-o12x8mm-de-2","109":"pa_grootte-o12x9mm-de-2","110":"pa_grootte-o14-mm-de-2","111":"pa_grootte-o14x10mm-de-2","112":"pa_grootte-o14x11mm-de-2","113":"pa_grootte-o14x12mm-de-2","115":"first","116":"instock","117":"taxable","118":"shipping-taxable","119":"purchasable","120":"product-type-variable"},"acf":[],"_links":{"self":[{"href":"https:\/\/www.wepaflyer.com\/de\/wp-json\/wp\/v2\/product\/21135","targetHints":{"allow":["GET"]}}],"collection":[{"href":"https:\/\/www.wepaflyer.com\/de\/wp-json\/wp\/v2\/product"}],"about":[{"href":"https:\/\/www.wepaflyer.com\/de\/wp-json\/wp\/v2\/types\/product"}],"replies":[{"embeddable":true,"href":"https:\/\/www.wepaflyer.com\/de\/wp-json\/wp\/v2\/comments?post=21135"}],"wp:featuredmedia":[{"embeddable":true,"href":"https:\/\/www.wepaflyer.com\/de\/wp-json\/wp\/v2\/media\/11078"}],"wp:attachment":[{"href":"https:\/\/www.wepaflyer.com\/de\/wp-json\/wp\/v2\/media?parent=21135"}],"wp:term":[{"taxonomy":"product_brand","embeddable":true,"href":"https:\/\/www.wepaflyer.com\/de\/wp-json\/wp\/v2\/product_brand?post=21135"},{"taxonomy":"product_cat","embeddable":true,"href":"https:\/\/www.wepaflyer.com\/de\/wp-json\/wp\/v2\/product_cat?post=21135"},{"taxonomy":"product_tag","embeddable":true,"href":"https:\/\/www.wepaflyer.com\/de\/wp-json\/wp\/v2\/product_tag?post=21135"}],"curies":[{"name":"wp","href":"https:\/\/api.w.org\/{rel}","templated":true}]}}