{"id":21077,"date":"2023-12-22T13:23:54","date_gmt":"2023-12-22T12:23:54","guid":{"rendered":"https:\/\/www.wepaflyer.com\/?post_type=product&#038;p=21077"},"modified":"2026-03-09T15:28:15","modified_gmt":"2026-03-09T14:28:15","slug":"fiberglas-superior","status":"publish","type":"product","link":"https:\/\/www.wepaflyer.com\/de\/produkt\/fiberglas-superior\/","title":{"rendered":"Fiberglas (GfK) Superior"},"content":{"rendered":"<h3>Fiberglas (Glasfaser) Superior<\/h3>\n<h4>Vollst\u00e4be von 2 bis 25 mm | Rohre von 4x2mm bis 38x34mm | <strong>Dar\u00fcber hinaus weitere Abmessungen auf Anfrage<\/strong><\/h4>\n<p>Wenn du hohe Anspr\u00fcche an deinen Kite und damit auch an die dazugeh\u00f6rigen Teile, wie z. B. Stangen, stellst, dann w\u00e4hle <strong>Fiberglas<\/strong>\u00a0in SUPERIOR-Qualit\u00e4t.<\/p>\n<p>Die erstklassige Verharzung sorgt f\u00fcr eine optimale Verbindung der Glasfaserfasern und eine l\u00e4ngere Lebensdauer. Im Vergleich mit den BASIC-St\u00e4ben halten die SUPERIOR-St\u00e4be und -Rohre eine h\u00f6here Biegebeanspruchung aus (Vollstangen) oder sind leichter und steifer (Rohre), was die Leistung des Kites erh\u00f6ht. Nat\u00fcrlich k\u00f6nnen diese Glasfaserst\u00e4be und -rohre auch f\u00fcr andere Zwecke verwendet werden.<\/p>\n<p>Die SUPERIOR-Vollst\u00e4be und -Rohre k\u00f6nnen in zwei Produktionsqualit\u00e4ten unterteilt werden, n\u00e4mlich in <strong>UD = Uni-Directional<\/strong> und in <strong>UDIB = Uni-Directional &amp; Internal-Braided<\/strong>. Die St\u00e4be und Rohre werden immer in einer dieser beiden Qualit\u00e4ten hergestellt, die je nach Produktionsdurchgang variieren.<\/p>\n<p><strong>Bei der Dimensionierung geben wir immer zuerst den Au\u00dfendurchmesser des Rohrs und dann den Innendurchmesser an; Wenn die Gr\u00f6\u00dfe beispielsweise mit 6x4mm angegeben ist, dann betr\u00e4gt der Au\u00dfendurchmesser 6mm und der Innendurchmesser 4mm, die Wandst\u00e4rke betr\u00e4gt dann logischerweise 1 mm, da jedes Rohr 2 W\u00e4nde hat.<\/strong><\/p>\n<p><strong>WICHTIG! \u2013 Die folgenden Vollst\u00e4be und Rohre sind auf Anfrage und je nach Verf\u00fcgbarkeit erh\u00e4ltlich, in der Regel in L\u00e4ngen von 200 cm, bei gr\u00f6\u00dferen Mengen auch in Sonderl\u00e4ngen. Diese Durchmesser sind im Webshop mit dem Hinweis \u201eDERZEIT NICHT LIEFERBAR\u201c gekennzeichnet. Fordern Sie ein Angebot an.<\/strong><\/p>\n<p><strong>Vollst\u00e4be mit Durchmessern von 20, 22, 25 und 30 mm sowie weitere Durchmesser auf Anfrage. Rohre in den Durchmessern 18\u00d714 \u2013 18\u00d715 \u2013 20\u00d718 \u2013 22\u00d720 \u2013 23,5\u00d720 \u2013 25\u00d722 \u2013 29\u00d726,5 \u2013 30\u00d727 \u2013 32\u00d728 \u2013 34\u00d732 \u2013 35\u00d732 \u2013 40\u00d737 \u2013 44\u00d741 \u2013 45\u00d742 \u2013 50\u00d746 \u2013 60\u00d756 \u2013 80\u00d776 \u2013 100\u00d794 mm + andere Durchmesser auf Anfrage.<\/strong><\/p>\n<h3><strong>Fiberglas Basic und Superior<\/strong><\/h3>\n<p>In unserem Shop unterscheiden wir zwischen Fiberglas Basic und Fiberglas Superior. Wie der Name schon sagt, liegt der Unterschied in der Qualit\u00e4t des Fiberglases. Fiberglass Basic ist f\u00fcr die meisten Zwecke ausreichend, wenn Sie jedoch h\u00f6here Anspr\u00fcche an den Fiberglasstab oder das Fiberglasrohr haben, empfehlen wir Ihnen, sich f\u00fcr Fiberglass Superior zu entscheiden. Fiberglas-Superior-St\u00e4be sind etwas leichter als die Basic-St\u00e4be und weisen eine h\u00f6here Biegebeanspruchung auf. Sie sind daher flexibler und k\u00f6nnen auch unter hoher Belastung arbeiten.<\/p>\n<h3><strong>Wof\u00fcr wird Glasfaser verwendet?<\/strong><\/h3>\n<p>Wie bereits erw\u00e4hnt, k\u00f6nnen Sie Glasfaserstangen f\u00fcr viele Zwecke verwenden. Beispielsweise werden Zeltstangen aus diesem Material hergestellt, da es leicht ist und sich zudem gut biegen l\u00e4sst. Wenn Sie eine Zeltstange ersetzen m\u00fcssen oder eine ma\u00dfgefertigte Stange ben\u00f6tigen, finden Sie in unserem Shop mit Sicherheit einen passenden Durchmesser.<\/p>\n<p>Sie k\u00f6nnen auch Glasfaserst\u00e4be f\u00fcr die <strong>Pfeile von Pfeil und Bogen<\/strong> verwenden. Das vielseitige Material sorgt daf\u00fcr, dass Sie es gut nutzen k\u00f6nnen. Sie werden \u00fcberrascht sein, wie viele Glasfaserprodukte Sie im t\u00e4glichen Leben verwenden.<\/p>\n<h3><strong>Fiberglas f\u00fcr Drachenst\u00e4be<\/strong><\/h3>\n<p>Da wir urspr\u00fcnglich ein Drachenhersteller sind, verwenden wir die St\u00e4be haupts\u00e4chlich selbst f\u00fcr <strong>Drachen<\/strong>. Ist Ihr Drachen oder Kite besch\u00e4digt und Sie m\u00fcssen neue Drachenst\u00e4be kaufen? F\u00fcr jeden Drachentyp finden Sie den passenden Fiberglas-Stab.<\/p>\n<p>Sie sind sich nicht sicher, welchen Stab Sie kaufen sollen? Welche St\u00e4be verwendet wurden, kann man fast immer auf der Verpackung oder im Kite-Handbuch erkennen. Wenn Sie Zweifel haben, k\u00f6nnen Sie uns jederzeit kontaktieren.<\/p>\n<p><b>Mengenrabatte<\/b>; Beim Kauf gr\u00f6\u00dferer Mengen gew\u00e4hren wir folgende Mengenrabatte:<\/p>\n<ul>\n<li><b>ab 5 St\u00fcck: 5%<\/b><\/li>\n<li><b>ab 10 St\u00fcck: 7,5%<\/b><\/li>\n<li><b>ab 25 St\u00fcck: 10%<\/b><\/li>\n<\/ul>\n<p>Der Mengenrabatt wird direkt im Warenkorb abgerechnet.<\/p>\n<p><strong><em>BITTE BEACHTEN!: Die regul\u00e4ren Vollst\u00e4be und Rohre werden immer in einer L\u00e4nge von 200 cm geliefert. Wegen der L\u00e4nge der Pakete worin die Drachenst\u00e4be verpackt werden, zahlen Sie einen Versandzuschlag pro Paket; Dieser Zuschlag wird automatisch berechnet und im Bestellformular angezeigt<\/em><\/strong><\/p>\n","protected":false},"excerpt":{"rendered":"<p>Vollst\u00e4be von 2 bis 25 mm | Rohre von 4x2mm bis 38x34mm | <strong>Dar\u00fcber hinaus weitere Abmessungen auf Anfrage<\/strong><\/p>\n","protected":false},"featured_media":10970,"comment_status":"closed","ping_status":"closed","template":"","meta":{"_acf_changed":false},"product_brand":[],"product_cat":[1385,2173,1348,2165],"product_tag":[],"class_list":{"0":"post-21077","1":"product","2":"type-product","3":"status-publish","4":"has-post-thumbnail","6":"product_cat-drachen-zubehor","7":"product_cat-drachenstabe","8":"product_cat-marken","9":"product_cat-wepa","10":"product_shipping_class-stabe","11":"pa_grootte-o-5x3-mm-de-2","12":"pa_grootte-o-6x4-mm-de-2","13":"pa_grootte-o-8x6-mm-de-2","14":"pa_grootte-o-20mm-de-2","15":"pa_grootte-o-20mm-black-de-2","16":"pa_grootte-o-30mm-de-2","17":"pa_grootte-o-40mm-de-2","18":"pa_grootte-o-4x25-mm-de-2","19":"pa_grootte-o-4x25mm-black-de-2","20":"pa_grootte-o-50mm-de-2","21":"pa_grootte-o-50x35mm-de","22":"pa_grootte-o-5x3mm-black-de-2","23":"pa_grootte-o-60mm-de-2","24":"pa_grootte-o-6x4mm-black-de-2","25":"pa_grootte-o-70mm-de-2","26":"pa_grootte-o-7x5-mm-de-2","27":"pa_grootte-o-80mm-de-2","28":"pa_grootte-o-8x5-mm-de-2","29":"pa_grootte-o-8x5mm-black-de-2","30":"pa_grootte-o-8x5mm-yellow-de-2","31":"pa_grootte-o-90mm-de-2","32":"pa_grootte-o100x94mm-de","33":"pa_grootte-o10mm-de-2","34":"pa_grootte-o10x6mm-de-2","35":"pa_grootte-o10x8mm-de-2","36":"pa_grootte-o110mm-de-2","37":"pa_grootte-o120mm-de-2","38":"pa_grootte-o120mm-black-de-2","39":"pa_grootte-o12x10-mm-de-2","40":"pa_grootte-o12x9-mm-de-2","41":"pa_grootte-o12x8mm-de-2","42":"pa_grootte-o130mm-de-2","43":"pa_grootte-o140mm-de-2","44":"pa_grootte-o14x11-mm-de-2","45":"pa_grootte-o14x12-mm-de-2","46":"pa_grootte-o150mm-de-2","47":"pa_grootte-o160mm-de-2","48":"pa_grootte-o160mm-black-de-2","49":"pa_grootte-o16x12mm-de-2","50":"pa_grootte-o180mm-de-2","51":"pa_grootte-o18x14mm-de","52":"pa_grootte-o18x15mm-de","53":"pa_grootte-o200mm-de-2","54":"pa_grootte-o20x17mm-de-2","55":"pa_grootte-o20x18mm-de","56":"pa_grootte-o22mm-de-2","57":"pa_grootte-o22x20mm-de","58":"pa_grootte-o235x20mm-de","59":"pa_grootte-o250mm-black-de-2","60":"pa_grootte-o25mm-de-2","61":"pa_grootte-o25x22mm-de","62":"pa_grootte-o29x26mm-de","63":"pa_grootte-o30mm-de","64":"pa_grootte-o30x27mm-de","65":"pa_grootte-o32x28mm-de","66":"pa_grootte-o34x32mm-de","67":"pa_grootte-o35x32mm-de","68":"pa_grootte-o38x34mm-de","69":"pa_grootte-o40x37mm-de","70":"pa_grootte-o44x41mm-de","71":"pa_grootte-o45x42mm-de","72":"pa_grootte-o50x46mm-de","73":"pa_grootte-o60x56mm-de","74":"pa_grootte-o80x76mm-de","76":"first","77":"instock","78":"sale","79":"taxable","80":"shipping-taxable","81":"purchasable","82":"product-type-variable"},"acf":[],"_links":{"self":[{"href":"https:\/\/www.wepaflyer.com\/de\/wp-json\/wp\/v2\/product\/21077","targetHints":{"allow":["GET"]}}],"collection":[{"href":"https:\/\/www.wepaflyer.com\/de\/wp-json\/wp\/v2\/product"}],"about":[{"href":"https:\/\/www.wepaflyer.com\/de\/wp-json\/wp\/v2\/types\/product"}],"replies":[{"embeddable":true,"href":"https:\/\/www.wepaflyer.com\/de\/wp-json\/wp\/v2\/comments?post=21077"}],"wp:featuredmedia":[{"embeddable":true,"href":"https:\/\/www.wepaflyer.com\/de\/wp-json\/wp\/v2\/media\/10970"}],"wp:attachment":[{"href":"https:\/\/www.wepaflyer.com\/de\/wp-json\/wp\/v2\/media?parent=21077"}],"wp:term":[{"taxonomy":"product_brand","embeddable":true,"href":"https:\/\/www.wepaflyer.com\/de\/wp-json\/wp\/v2\/product_brand?post=21077"},{"taxonomy":"product_cat","embeddable":true,"href":"https:\/\/www.wepaflyer.com\/de\/wp-json\/wp\/v2\/product_cat?post=21077"},{"taxonomy":"product_tag","embeddable":true,"href":"https:\/\/www.wepaflyer.com\/de\/wp-json\/wp\/v2\/product_tag?post=21077"}],"curies":[{"name":"wp","href":"https:\/\/api.w.org\/{rel}","templated":true}]}}