{"id":21063,"date":"2023-12-22T13:23:50","date_gmt":"2023-12-22T12:23:50","guid":{"rendered":"https:\/\/www.wepaflyer.com\/?post_type=product&#038;p=21063"},"modified":"2026-01-21T13:06:48","modified_gmt":"2026-01-21T12:06:48","slug":"glasfaser-gfk-basic","status":"publish","type":"product","link":"https:\/\/www.wepaflyer.com\/de\/produkt\/glasfaser-gfk-basic\/","title":{"rendered":"Fiberglas (GfK) Basic"},"content":{"rendered":"<h3>Fiberglas (Glasfaser) Basic<\/h3>\n<h5>Vollst\u00e4be von 1 bis 8 mm | Rohre von 4x2mm bis 8x6mm<\/h5>\n<p>Suchen Sie nach\u00a0<strong>Glasfaser<\/strong>? Suchen Sie nicht weiter, in unserem Online-Shop finden Sie Glasfaserst\u00e4be in vielen Durchmessern, auch bekannt unter dem Namen <strong>Fiberglas<\/strong>. Glasfaserst\u00e4be k\u00f6nnen f\u00fcr viele Zwecke verwendet werden, wir verwenden sie haupts\u00e4chlich als Drachenst\u00e4be, aber die M\u00f6glichkeiten mit diesem Material sind endlos.<\/p>\n<p>Neben Stangen oder Vollst\u00e4ben gibt es auch Glasfaserrohre, die hohl sind, leichter als Vollst\u00e4be mit gleichem Durchmesser und viel steifer, also weniger oder nicht flexibel.<\/p>\n<p><strong>Bei der Dimensionierung geben wir immer zuerst den Au\u00dfendurchmesser des Rohrs und dann den Innendurchmesser an; Wenn die Gr\u00f6\u00dfe beispielsweise mit 6x4mm angegeben ist, dann betr\u00e4gt der Au\u00dfendurchmesser 6mm und der Innendurchmesser 4mm, die Wandst\u00e4rke betr\u00e4gt dann logischerweise 1 mm, da jedes Rohr 2 W\u00e4nde hat.<\/strong><\/p>\n<h3><strong>Fiberglas Basic und Superior<\/strong><\/h3>\n<p>In unserem Shop unterscheiden wir zwischen Fiberglas Basic und Fiberglas Superior. Wie der Name schon sagt, liegt der Unterschied in der Qualit\u00e4t des Fiberglases. Fiberglass Basic ist f\u00fcr die meisten Zwecke ausreichend, wenn Sie jedoch h\u00f6here Anspr\u00fcche an den Fiberglasstab oder das Fiberglasrohr haben, empfehlen wir Ihnen, sich f\u00fcr Fiberglass Superior zu entscheiden. Fiberglas-Superior-St\u00e4be sind etwas leichter als die Basic-St\u00e4be und weisen eine h\u00f6here Biegebeanspruchung auf. Sie sind daher flexibler und k\u00f6nnen auch h\u00f6here Belastung aushalten.<\/p>\n<h3><strong>Wof\u00fcr wird Glasfaser verwendet?<\/strong><\/h3>\n<p>Wie bereits erw\u00e4hnt, k\u00f6nnen Sie Glasfaserstangen f\u00fcr viele Zwecke verwenden. Beispielsweise werden Zeltstangen aus diesem Material hergestellt, da es leicht ist und sich zudem gut biegen l\u00e4sst. Wenn Sie eine Zeltstange ersetzen m\u00fcssen oder eine ma\u00dfgefertigte Stange ben\u00f6tigen, finden Sie in unserem Shop mit Sicherheit einen passenden Durchmesser.<\/p>\n<p>Sie k\u00f6nnen auch Glasfaserst\u00e4be f\u00fcr die <strong>Pfeile von Pfeil und Bogen<\/strong> verwenden. Das vielseitige Material sorgt daf\u00fcr, dass Sie es gut nutzen k\u00f6nnen. Sie werden \u00fcberrascht sein, wie viele Glasfaserprodukte Sie im t\u00e4glichen Leben verwenden.<\/p>\n<h3><strong>Fiberglas f\u00fcr Drachenst\u00e4be<\/strong><\/h3>\n<p>Da wir urspr\u00fcnglich ein Drachenhersteller sind, verwenden wir die Stangen selbst haupts\u00e4chlich f\u00fcr <strong>Drachen<\/strong>. Ist Ihr Drachengest\u00e4nge zerbrochen und Sie brauchen neue Drachenst\u00e4be? F\u00fcr jeden Drachentyp finden Sie den passenden Fiberglas-Drachenstab.<\/p>\n<p>Sie sind sich nicht sicher, welchen Stab Sie ben\u00f6tigen? Welche St\u00e4be bei Ihrem Drachen verwendet sind, kann man fast immer auf der Verpackung oder in der Drachenanleitung erkennen. Wenn Sie Zweifel haben, k\u00f6nnen Sie uns jederzeit kontaktieren.<\/p>\n<p><b>Mengenrabatte<\/b>; Beim Kauf gr\u00f6\u00dferer Mengen gew\u00e4hren wir folgende Mengenrabatte:<\/p>\n<ul>\n<li><b>ab 50 St\u00fcck: 5%<\/b><\/li>\n<li><b>ab 100 St\u00fcck: 7,5%<\/b><\/li>\n<li><b>ab 250 St\u00fcck: 10%<\/b><\/li>\n<li><strong>ab 500 St\u00fcck: 20%<\/strong><\/li>\n<li><strong>ab 1000 St\u00fcck: 30%<\/strong><\/li>\n<li><strong>ab 2500 St\u00fcck: 40%<\/strong><\/li>\n<\/ul>\n<p>Der Mengenrabatt wird direkt im Warenkorb abgerechnet.<\/p>\n<p><strong><em>BITTE BEACHTEN!: Die regul\u00e4ren Vollst\u00e4be und Rohre werden immer in einer L\u00e4nge von 200 cm geliefert. Wegen der L\u00e4nge der Pakete worin die Drachenst\u00e4be verpackt werden, zahlen Sie einen Versandzuschlag pro Paket; Dieser Zuschlag wird automatisch berechnet und im Bestellformular angezeigt<\/em><\/strong><\/p>\n","protected":false},"excerpt":{"rendered":"<p>Vollst\u00e4be von 1 bis 8 mm | Rohre von 4x2mm bis 8x6mm<\/p>\n","protected":false},"featured_media":10942,"comment_status":"closed","ping_status":"closed","template":"","meta":{"_acf_changed":false},"product_brand":[],"product_cat":[1385,2173,1348,2165],"product_tag":[],"class_list":{"0":"post-21063","1":"product","2":"type-product","3":"status-publish","4":"has-post-thumbnail","6":"product_cat-drachen-zubehor","7":"product_cat-drachenstabe","8":"product_cat-marken","9":"product_cat-wepa","10":"product_shipping_class-stabe","11":"pa_editie-fiberglas-basic-buis-o-4x2-mm-de-2","12":"pa_editie-fiberglas-basic-buis-o-5x3-mm-de-2","13":"pa_editie-fiberglas-basic-buis-o-6x4-mm-de-2","14":"pa_editie-fiberglas-basic-buis-o-8x6-mm-de-2","15":"pa_editie-fiberglas-basic-volstaaf-o15mm-de","16":"pa_editie-fiberglas-basic-volstaaf-o25mm-de","17":"pa_editie-fiberglas-basic-volstaaf-o2mm-de-2","18":"pa_editie-fiberglas-basic-volstaaf-o3mm-de-2","19":"pa_editie-fiberglas-basic-volstaaf-o4mm-de-2","20":"pa_editie-fiberglas-basic-volstaaf-o4mm-zwart-de-2","21":"pa_editie-fiberglas-basic-volstaaf-o5mm-de-2","22":"pa_editie-fiberglas-basic-volstaaf-o5mm-zwart-de-2","23":"pa_editie-fiberglas-basic-volstaaf-o6mm-de-2","24":"pa_editie-fiberglas-basic-volstaaf-o7mm-de-2","25":"pa_editie-fiberglas-basic-volstaaf-o8mm-de-2","26":"pa_editie-fiberglas-basic-volstaaf-o1mm-de","27":"pa_grootte-fiberglas-basic-volstaaf-o1mm-de","28":"pa_grootte-o-4x2-mm-de-2","29":"pa_grootte-o-5x3-mm-de-2","30":"pa_grootte-o-6x4-mm-de-2","31":"pa_grootte-o-8x6-mm-de-2","32":"pa_grootte-o2mm-de-2","33":"pa_grootte-o3mm-de-2","34":"pa_grootte-o4mm-de-2","35":"pa_grootte-o5mm-de-2","36":"pa_grootte-o6mm-de-2","37":"pa_grootte-o7mm-de-2","38":"pa_grootte-o8mm-de-2","39":"pa_kleur-zwart-de","40":"pa_kleur-wit-de","42":"first","43":"instock","44":"taxable","45":"shipping-taxable","46":"purchasable","47":"product-type-variable"},"acf":[],"_links":{"self":[{"href":"https:\/\/www.wepaflyer.com\/de\/wp-json\/wp\/v2\/product\/21063","targetHints":{"allow":["GET"]}}],"collection":[{"href":"https:\/\/www.wepaflyer.com\/de\/wp-json\/wp\/v2\/product"}],"about":[{"href":"https:\/\/www.wepaflyer.com\/de\/wp-json\/wp\/v2\/types\/product"}],"replies":[{"embeddable":true,"href":"https:\/\/www.wepaflyer.com\/de\/wp-json\/wp\/v2\/comments?post=21063"}],"wp:featuredmedia":[{"embeddable":true,"href":"https:\/\/www.wepaflyer.com\/de\/wp-json\/wp\/v2\/media\/10942"}],"wp:attachment":[{"href":"https:\/\/www.wepaflyer.com\/de\/wp-json\/wp\/v2\/media?parent=21063"}],"wp:term":[{"taxonomy":"product_brand","embeddable":true,"href":"https:\/\/www.wepaflyer.com\/de\/wp-json\/wp\/v2\/product_brand?post=21063"},{"taxonomy":"product_cat","embeddable":true,"href":"https:\/\/www.wepaflyer.com\/de\/wp-json\/wp\/v2\/product_cat?post=21063"},{"taxonomy":"product_tag","embeddable":true,"href":"https:\/\/www.wepaflyer.com\/de\/wp-json\/wp\/v2\/product_tag?post=21063"}],"curies":[{"name":"wp","href":"https:\/\/api.w.org\/{rel}","templated":true}]}}