{"id":21042,"date":"2023-12-22T12:23:45","date_gmt":"2023-12-22T11:23:45","guid":{"rendered":"https:\/\/www.wepaflyer.com\/?post_type=product&#038;p=21042"},"modified":"2026-01-21T13:06:48","modified_gmt":"2026-01-21T12:06:48","slug":"climax-whitelines-lenkerset","status":"publish","type":"product","link":"https:\/\/www.wepaflyer.com\/de\/produkt\/climax-whitelines-lenkerset\/","title":{"rendered":"Climax Basic WhiteLines Lenkset | Allround Kiting"},"content":{"rendered":"<h3>CLIMAX BASIC WHITELINES LENKSET ALLROUND KITING<\/h3>\n<h5>Dyneema Basic WhiteLine Lenksets | Allround Kiting | In 6 St\u00e4rken<\/h5>\n<p><strong>Climax Basic WhiteLines sind die Dyneemalines mit dem besten Preis-Leistungs-Verh\u00e4ltnis.<\/strong><\/p>\n<p>Diese Dyneemaschn\u00fcre sind in nachfolgenden St\u00e4rken und L\u00e4ngen erh\u00e4ltlich:<\/p>\n<ul>\n<li><strong>25daN | 25m \u2013 30m \u2013 35meter<\/strong><\/li>\n<li><strong>40daN | 20m \u2013 25m \u2013 30meter<\/strong><\/li>\n<li><strong>60daN | 25m \u2013 30m \u2013 35meter<\/strong><\/li>\n<li><strong>80daN | 25m \u2013 30m \u2013 35meter<\/strong><\/li>\n<li><strong>110daN | 25m \u2013 30m \u2013 35meter<\/strong><\/li>\n<li><strong>140daN | 25m \u2013 30m \u2013 35meter<\/strong><\/li>\n<\/ul>\n<p>Bei den Wahloptionen gibt die erstgenannte Zahl die Bruchlast in daN an, die zweite Zahl die L\u00e4nge der Lenksetschn\u00fcre der Lenksets in Metern.<br \/>\n<span>Man kann durchaus feststellen dass wir hier ein breites Sortiment an St\u00e4rken und L\u00e4ngen anbieten und das man immer die gesuchte Schnur in der gew\u00fcnschten St\u00e4rke und L\u00e4nge finden m\u00fcsste.<\/span><\/p>\n<p><span>Die\u00a0<\/span><strong>Climax BasicWhiteLines<\/strong><span>\u00a0sind von hervorragender Qualit\u00e4t und in hellwei\u00dfer Farbe. Diese Schnur ist sch\u00f6n glatt, fest geflochten und hat wenig Dehnung, wodurch man eine sehr direkte Lenkung des Drachen bekommt und deshalb auch schnelle Wendungen und kurze Kurven fliegen kann. Der Lenkdrache reagiert bei der Lenkung mit\u00a0<strong>Climax BasicWhiteLines <\/strong>einfach schneller.<\/span><\/p>\n<p><strong>Achtung!<\/strong> : Zu diesen Schn\u00fcren die auf Wickelgriffe gewickelt sind, braucht man noch Lenkschlaufen (Straps), Powerclaws, Drachenringe oder Griffe um wirklich kiten zu k\u00f6nnen. Dieses Zubeh\u00f6r findet man an anderer Stelle im Webshop. Der Winder (Wickelgriff) ist ausschlie\u00dflich gedacht um die Lenkschn\u00fcre f\u00fcr den Transport aufzubewahren.<br \/>\n<span>Mit dieser Schnur kann man gut Loopings fliegen, aber z\u00e4hle die Anzahl der Loopings (Umdrehungen), sodass man vor der Landung des Drachen mit der gleichen Anzahl der Gegendrehungen die Schn\u00fcre wieder parallel bekommt, dann kann man sie einfach und bequem auf den Wickelgriff aufwickeln.<\/span><br \/>\nDie Winder\u00a0 werden in verschiedenen Farben sortiert geliefert, die Climax WhiteLine ist immer von gleichm\u00e4\u00dfiger und guter Qualit\u00e4t in hellwei\u00df.<br \/>\nDie Wickelgriffe sind aus robustem PE-Material gefertigt, die Schnur ist geflochten und in hochwertige Climax BasicWhiteLine Qualit\u00e4t.<\/p>\n<p><strong>Staffelrabatte<\/strong>; bei Abnahme von gr\u00f6\u00dferen Mengen bieten wir die folgenden Mengenrabatte an:<\/p>\n<ul>\n<li><strong>ab\u00a0 \u00a02 St\u00fcck: 5%<\/strong><\/li>\n<li><strong>ab\u00a0 \u00a03 St\u00fcck: 7,5%<\/strong><\/li>\n<li><strong>ab \u00a0\u00a05 St\u00fcck: 10%<\/strong><\/li>\n<\/ul>\n<p>Der Staffelrabatt wird sofort im Einkaufskorb verrechnet.<\/p>\n","protected":false},"excerpt":{"rendered":"<p>Dyneema WhiteLine Lenksets | Allround Kiting | In 6 St\u00e4rken<\/p>\n","protected":false},"featured_media":20620,"comment_status":"closed","ping_status":"closed","template":"","meta":{"_acf_changed":false},"product_brand":[],"product_cat":[2159,2172,1348],"product_tag":[],"class_list":{"0":"post-21042","1":"product","2":"type-product","3":"status-publish","4":"has-post-thumbnail","6":"product_cat-climax","7":"product_cat-drachenleinen","8":"product_cat-marken","9":"pa_grootte-25-25-de-2","10":"pa_grootte-25-30-de-2","11":"pa_grootte-25-35-de-2","12":"pa_grootte-40-20-de-2","13":"pa_grootte-40-25-de-2","14":"pa_grootte-40-30-de-2","15":"pa_grootte-60-25-de-2","16":"pa_grootte-60-30-de-2","17":"pa_grootte-60-35-de-2","18":"pa_grootte-80-25-de-2","19":"pa_grootte-80-30-de-2","20":"pa_grootte-80-35-de-2","21":"pa_grootte-110-25-de-2","22":"pa_grootte-110-30-de-2","23":"pa_grootte-110-35-de-2","24":"pa_grootte-140-25-de-2","25":"pa_grootte-140-30-de-2","26":"pa_grootte-140-35-de-2","27":"pa_grootte-160-25-de-2","28":"pa_grootte-160-30-de-2","30":"first","31":"instock","32":"taxable","33":"shipping-taxable","34":"purchasable","35":"product-type-variable"},"acf":[],"_links":{"self":[{"href":"https:\/\/www.wepaflyer.com\/de\/wp-json\/wp\/v2\/product\/21042","targetHints":{"allow":["GET"]}}],"collection":[{"href":"https:\/\/www.wepaflyer.com\/de\/wp-json\/wp\/v2\/product"}],"about":[{"href":"https:\/\/www.wepaflyer.com\/de\/wp-json\/wp\/v2\/types\/product"}],"replies":[{"embeddable":true,"href":"https:\/\/www.wepaflyer.com\/de\/wp-json\/wp\/v2\/comments?post=21042"}],"wp:featuredmedia":[{"embeddable":true,"href":"https:\/\/www.wepaflyer.com\/de\/wp-json\/wp\/v2\/media\/20620"}],"wp:attachment":[{"href":"https:\/\/www.wepaflyer.com\/de\/wp-json\/wp\/v2\/media?parent=21042"}],"wp:term":[{"taxonomy":"product_brand","embeddable":true,"href":"https:\/\/www.wepaflyer.com\/de\/wp-json\/wp\/v2\/product_brand?post=21042"},{"taxonomy":"product_cat","embeddable":true,"href":"https:\/\/www.wepaflyer.com\/de\/wp-json\/wp\/v2\/product_cat?post=21042"},{"taxonomy":"product_tag","embeddable":true,"href":"https:\/\/www.wepaflyer.com\/de\/wp-json\/wp\/v2\/product_tag?post=21042"}],"curies":[{"name":"wp","href":"https:\/\/api.w.org\/{rel}","templated":true}]}}