{"id":21029,"date":"2023-12-22T12:23:43","date_gmt":"2023-12-22T11:23:43","guid":{"rendered":"https:\/\/www.wepaflyer.com\/?post_type=product&#038;p=21029"},"modified":"2026-01-21T13:06:41","modified_gmt":"2026-01-21T12:06:41","slug":"hoehepunkt-whiteline","status":"publish","type":"product","link":"https:\/\/www.wepaflyer.com\/de\/produkt\/hoehepunkt-whiteline\/","title":{"rendered":"Climax Basic WhiteLines DyneemaLine"},"content":{"rendered":"<h3>CLIMAX BASIC WHITELINES ALLROUND KITING<\/h3>\n<h5>DyneemaLine f\u00fcr Allround Kiting | 6 verschiedene St\u00e4rken<\/h5>\n<p><strong>Climax Basic WhiteLines <\/strong><strong>sind die Dyneema Schn\u00fcre mit dem besten Preis-Leistungsverh\u00e4ltnis.<\/strong><\/p>\n<p>Diese Dyneemaschn\u00fcre sind lieferbar auf Spulen von 25 bis 140 daN St\u00e4rke und in L\u00e4ngen von 100 oder 1.000 Metern.<\/p>\n<p><strong>Bei den Optionen findet man s\u00e4mtliche St\u00e4rken und L\u00e4ngen gelistet.<\/strong><\/p>\n<p>Man kann durchaus feststellen dass wir hier ein breites Sortiment an St\u00e4rken und L\u00e4ngen anbieten und das man immer die gesuchte Schnur in der gew\u00fcnschten St\u00e4rke und L\u00e4nge finden m\u00fcsste.<\/p>\n<p>Die\u00a0<strong>Climax Basic WhiteLines<\/strong>\u00a0sind von hervorragender Qualit\u00e4t und in hellwei\u00dfer Farbe. Sie werden vor allem benutzt bei der Lenkung von Lenkdrachen, aber sie sind auch geeignet f\u00fcr kleine und gro\u00dfe Einleinerdrachen. Diese Schnur ist sch\u00f6n glatt, fest geflochten und hat wenig Dehnung, wodurch man eine sehr direkte Lenkung des Drachen bekommt und deshalb auch schnelle Wendungen und kurze Kurven fliegen kann. Der Lenkdrache reagiert bei der Lenkung mit\u00a0<strong>Climax Basic WhiteLines\u00a0<\/strong>einfach schneller.<\/p>\n<p><strong>Achtung!<\/strong>\u00a0: Von diesen Leinen kann man selber Lenksets in jeder gew\u00fcnschten L\u00e4nge fertigen, vielleicht braucht man dazu noch Mantelschnur oder Splicesets um die perfekten Lenksets zu bekommen. Dieses und auch anderes Zubeh\u00f6r findet man anderswo in der Kategorie\u00a0<strong>Drachenschn\u00fcre und Spulen.<\/strong><\/p>\n<p>Mit dieser Schnur kann man gut Loopings fliegen, aber z\u00e4hle die Anzahl der Loopings (Umdrehungen), sodass man vor der Landung des Drachen mit der gleichen Anzahl der Gegendrehungen die Schn\u00fcre wieder parallel bekommt, dann kann man sie einfach und bequem auf den Wickelgriff aufwickeln.<\/p>\n<p>Wickelgriffe, Griffe und Drachenringe worauf man die Climax Basic WhiteLines wickeln kann findet man\u00a0 anderswo in der Kategorie\u00a0<strong>Drachenschn\u00fcre und Spulen.<\/strong><\/p>\n<p>Bei\u00a0<strong>Climax\u00ae<\/strong>\u00a0steht die Qualit\u00e4t an oberster Stelle, du kannst dich bei diesem Produkt darauf verlassen dass bei der Produktion und in der Verarbeitung gr\u00f6\u00dften Wert auf Handhabung der Qualit\u00e4t gelegt wird mit dem Resultat das man optimale Leistungen erwarten darf.<\/p>\n<p><strong>Staffelrabatte<\/strong>; bei Abnahme von gr\u00f6\u00dferen Mengen bieten wir die folgenden Staffelrabatte an:<\/p>\n<ul>\n<li><strong>ab\u00a0 \u00a02 St\u00fcck: 5%<\/strong><\/li>\n<li><strong>ab\u00a0 \u00a03 St\u00fcck: 7,5%<\/strong><\/li>\n<li><strong>ab \u00a0\u00a05 St\u00fcck: 10%<\/strong><\/li>\n<\/ul>\n<p>Der Staffelrabatt wird sofort im Einkaufskorb verrechnet.<\/p>\n<h3>Dyneema-Lines by Climax and more&#8230; | Spulen | Allgemeine Infos zu DyneemaLines<\/h3>\n<p><strong>\u00a0<\/strong>Die Leinen mit der geringsten Dehnung sind die DyneemaLines. Dies hat den Vorteil, dass die Lenkung des Kites sehr direkt erfolgt, da keine Dehnung (= Verz\u00f6gerung) erfolgt und der Kite somit sehr pr\u00e4zise gesteuert werden kann und extrem schnell auf Lenkbewegungen reagiert. Zudem k\u00f6nnen die DyneemaLines h\u00e4ufig miteinander verdrillt oder zusammengedreht werden (z.B. bei Loopings), ohne dass dies gro\u00dfen Einfluss auf die Lenkung hat und ohne dass sich die Leinen durchschneiden.<\/p>\n<p>Die beliebtesten und gefragtesten Dyneema-Lines sind die <strong>Climax Basic WhiteLines<\/strong>, die f\u00fcr fast alle Lenkdrachen (Einsteiger) geeignet und preislich sehr interessant sind.<\/p>\n<p>Die <strong>TT-DyneemaLines<\/strong> bieten eine vergleichbare Qualit\u00e4t wie die <strong>Climax Basic WhiteLines<\/strong>, k\u00f6nnen aber auch in extremen St\u00e4rken pro Meter bestellt werden!<\/p>\n<p>Wenn Sie ein bisschen Farbe m\u00f6gen, sind die Color <strong>TopLines<\/strong> eine tolle Option.<\/p>\n<p>Wenn Ihnen das Beste nicht gut genug ist oder Sie eine ganz besondere Schnur f\u00fcr einen ganz bestimmten Einsatzbereich suchen, k\u00f6nnen Sie aus der gesamten <strong>ClimaxLines-Kollektion<\/strong> w\u00e4hlen; <strong>Basic WhiteLines, Combat KS &amp; SK Lines, PowerLines, ProfiLines und ProtecLines<\/strong>. Nachfolgend finden Sie eine kurze Erl\u00e4uterung, wof\u00fcr diese extremen Schn\u00fcre konkret gedacht sind:<\/p>\n<p><strong>\u00a0<\/strong><strong>Combat SK Lines: Snow- und Buggy-Kiting<\/strong><\/p>\n<ul>\n<li><strong>Combat KS Lines: Kitesurfing<\/strong><\/li>\n<li><strong>Power Lines: Extremes Kiting<\/strong><\/li>\n<li><strong>Profi Lines: Wettkampf Kiting<\/strong><\/li>\n<li><strong>Protec Lines: Endurance (Ausdauer) Kiting<\/strong><\/li>\n<li><strong>Basic WhiteLines: Allround Kiting<\/strong><\/li>\n<\/ul>\n","protected":false},"excerpt":{"rendered":"<p>DyneemaLine f\u00fcr Allround Kiting | 6 verschiedene St\u00e4rken<\/p>\n","protected":false},"featured_media":20572,"comment_status":"closed","ping_status":"closed","template":"","meta":{"_acf_changed":false},"product_brand":[],"product_cat":[2159,1385,2171,1348],"product_tag":[],"class_list":{"0":"post-21029","1":"product","2":"type-product","3":"status-publish","4":"has-post-thumbnail","6":"product_cat-climax","7":"product_cat-drachen-zubehor","8":"product_cat-drachenschnure","9":"product_cat-marken","10":"pa_grootte-1000m-25dan-de-2","11":"pa_grootte-1000m-40dan-de-2","12":"pa_grootte-1000m-60dan-de-2","13":"pa_grootte-1000m-80dan-de-2","14":"pa_grootte-1000m-110dan-de-2","15":"pa_grootte-1000m-140dan-de-2","16":"pa_grootte-100m-25dan-de-2","17":"pa_grootte-100m-40dan-de-2","18":"pa_grootte-100m-60dan-de-2","19":"pa_grootte-100m-80dan-de-2","20":"pa_grootte-100m-110dan-de-2","21":"pa_grootte-100m-140dan-de-2","23":"first","24":"instock","25":"taxable","26":"shipping-taxable","27":"purchasable","28":"product-type-variable"},"acf":[],"_links":{"self":[{"href":"https:\/\/www.wepaflyer.com\/de\/wp-json\/wp\/v2\/product\/21029","targetHints":{"allow":["GET"]}}],"collection":[{"href":"https:\/\/www.wepaflyer.com\/de\/wp-json\/wp\/v2\/product"}],"about":[{"href":"https:\/\/www.wepaflyer.com\/de\/wp-json\/wp\/v2\/types\/product"}],"replies":[{"embeddable":true,"href":"https:\/\/www.wepaflyer.com\/de\/wp-json\/wp\/v2\/comments?post=21029"}],"wp:featuredmedia":[{"embeddable":true,"href":"https:\/\/www.wepaflyer.com\/de\/wp-json\/wp\/v2\/media\/20572"}],"wp:attachment":[{"href":"https:\/\/www.wepaflyer.com\/de\/wp-json\/wp\/v2\/media?parent=21029"}],"wp:term":[{"taxonomy":"product_brand","embeddable":true,"href":"https:\/\/www.wepaflyer.com\/de\/wp-json\/wp\/v2\/product_brand?post=21029"},{"taxonomy":"product_cat","embeddable":true,"href":"https:\/\/www.wepaflyer.com\/de\/wp-json\/wp\/v2\/product_cat?post=21029"},{"taxonomy":"product_tag","embeddable":true,"href":"https:\/\/www.wepaflyer.com\/de\/wp-json\/wp\/v2\/product_tag?post=21029"}],"curies":[{"name":"wp","href":"https:\/\/api.w.org\/{rel}","templated":true}]}}