{"id":21026,"date":"2023-12-22T12:23:42","date_gmt":"2023-12-22T11:23:42","guid":{"rendered":"https:\/\/www.wepaflyer.com\/?post_type=product&#038;p=21026"},"modified":"2026-01-21T13:06:36","modified_gmt":"2026-01-21T12:06:36","slug":"hoehepunkt-vario-quick","status":"publish","type":"product","link":"https:\/\/www.wepaflyer.com\/de\/produkt\/hoehepunkt-vario-quick\/","title":{"rendered":"Climax Vario-Quick Schnurabl\u00e4ngsatz"},"content":{"rendered":"<h3>Climax Vario-Quick Schnurabl\u00e4ngsatz<\/h3>\n<h5>Schnurabl\u00e4ngsatz | F\u00fcr Lenkschn\u00fcre von 0,6 &#8211; 1,0 &#8211; 1,1 &#8211; 1,7mm<\/h5>\n<p id=\"tw-target-text\" class=\"tw-data-text tw-text-large tw-ta\" dir=\"ltr\" data-placeholder=\"Vertaling\" aria-label=\"Vertaalde tekst: Climax Vario-Quick Linientrimmer Steuerleinenschneider | F\u00fcr Linien von 0,6 \u2013 1,0 \u2013 1,1 \u2013 1,7 mm Unverzichtbares Accessoire f\u00fcr den anspruchsvollen Fliegerpiloten. Mit diesem Leinentrimmer-Set kannst du ungleich lange Leinen auf exakt die gleiche L\u00e4nge verl\u00e4ngern und so deinen Kite sehr pr\u00e4zise steuern. Auch perfekt, um Leinen mit Dehnung nahezu dehnungsfrei zu bekommen, sodass Sie einen direkteren Kontakt mit Ihrem Lenkdrachen haben. Klare Anweisungen zur Verwendung mit Bildern sind enthalten. Das Vario-Quick-Set f\u00fcr Schn\u00fcre von 0,6 bis 1,0 mm besteht aus 2 Teilen und wird in der Farbe Orange geliefert. Das Vario-Quick-Set f\u00fcr Schn\u00fcre von 1,1 bis 1,7 mm besteht aus 2 Teilen und wird in der Farbe Gelb geliefert. Mengenrabatte; Beim Kauf gr\u00f6\u00dferer Mengen gew\u00e4hren wir folgende Mengenrabatte: ab 2 St\u00fcck: 5% ab 3 St\u00fcck: 7,5 % ab 5 St\u00fcck: 10% Der Mengenrabatt wird direkt im Warenkorb abgerechnet.\" data-ved=\"2ahUKEwjFvv6mm5aMAxVQ-QIHHRI2HswQ3ewLegQICBAV\"><span class=\"Y2IQFc\" lang=\"de\">Unverzichtbares Zubeh\u00f6r f\u00fcr den anspruchsvollen Drachenpiloten.<br \/>\nMit diesem Schnurabl\u00e4ngsatz kannst du ungleich lange Leinen auf exakt die gleiche L\u00e4nge einstellen und so deinen Kite sehr pr\u00e4zise lenken.<br \/>\nAuch perfekt, um Schn\u00fcre mit Dehnung nahezu dehnungsfrei zu bekommen, sodass Sie einen direkteren Kontakt mit Ihrem Lenkdrachen haben. <\/span><\/p>\n<p class=\"tw-data-text tw-text-large tw-ta\" dir=\"ltr\" data-placeholder=\"Vertaling\" aria-label=\"Vertaalde tekst: Climax Vario-Quick Linientrimmer Steuerleinenschneider | F\u00fcr Linien von 0,6 \u2013 1,0 \u2013 1,1 \u2013 1,7 mm Unverzichtbares Accessoire f\u00fcr den anspruchsvollen Fliegerpiloten. Mit diesem Leinentrimmer-Set kannst du ungleich lange Leinen auf exakt die gleiche L\u00e4nge verl\u00e4ngern und so deinen Kite sehr pr\u00e4zise steuern. Auch perfekt, um Leinen mit Dehnung nahezu dehnungsfrei zu bekommen, sodass Sie einen direkteren Kontakt mit Ihrem Lenkdrachen haben. Klare Anweisungen zur Verwendung mit Bildern sind enthalten. Das Vario-Quick-Set f\u00fcr Schn\u00fcre von 0,6 bis 1,0 mm besteht aus 2 Teilen und wird in der Farbe Orange geliefert. Das Vario-Quick-Set f\u00fcr Schn\u00fcre von 1,1 bis 1,7 mm besteht aus 2 Teilen und wird in der Farbe Gelb geliefert. Mengenrabatte; Beim Kauf gr\u00f6\u00dferer Mengen gew\u00e4hren wir folgende Mengenrabatte: ab 2 St\u00fcck: 5% ab 3 St\u00fcck: 7,5 % ab 5 St\u00fcck: 10% Der Mengenrabatt wird direkt im Warenkorb abgerechnet.\" data-ved=\"2ahUKEwjFvv6mm5aMAxVQ-QIHHRI2HswQ3ewLegQICBAV\"><span class=\"Y2IQFc\" lang=\"de\">Klare Anweisungen zur Verwendung mit Bildern sind enthalten. <\/span><\/p>\n<ul>\n<li class=\"tw-data-text tw-text-large tw-ta\" dir=\"ltr\" data-placeholder=\"Vertaling\" aria-label=\"Vertaalde tekst: Climax Vario-Quick Linientrimmer Steuerleinenschneider | F\u00fcr Linien von 0,6 \u2013 1,0 \u2013 1,1 \u2013 1,7 mm Unverzichtbares Accessoire f\u00fcr den anspruchsvollen Fliegerpiloten. Mit diesem Leinentrimmer-Set kannst du ungleich lange Leinen auf exakt die gleiche L\u00e4nge verl\u00e4ngern und so deinen Kite sehr pr\u00e4zise steuern. Auch perfekt, um Leinen mit Dehnung nahezu dehnungsfrei zu bekommen, sodass Sie einen direkteren Kontakt mit Ihrem Lenkdrachen haben. Klare Anweisungen zur Verwendung mit Bildern sind enthalten. Das Vario-Quick-Set f\u00fcr Schn\u00fcre von 0,6 bis 1,0 mm besteht aus 2 Teilen und wird in der Farbe Orange geliefert. Das Vario-Quick-Set f\u00fcr Schn\u00fcre von 1,1 bis 1,7 mm besteht aus 2 Teilen und wird in der Farbe Gelb geliefert. Mengenrabatte; Beim Kauf gr\u00f6\u00dferer Mengen gew\u00e4hren wir folgende Mengenrabatte: ab 2 St\u00fcck: 5% ab 3 St\u00fcck: 7,5 % ab 5 St\u00fcck: 10% Der Mengenrabatt wird direkt im Warenkorb abgerechnet.\" data-ved=\"2ahUKEwjFvv6mm5aMAxVQ-QIHHRI2HswQ3ewLegQICBAV\"><span class=\"Y2IQFc\" lang=\"de\">Das <strong>Vario-Quick-Set<\/strong> f\u00fcr Schn\u00fcre von 0,6 bis 1,0 mm besteht aus 2 Teilen und wird in der Farbe Orange geliefert. <\/span><\/li>\n<li class=\"tw-data-text tw-text-large tw-ta\" dir=\"ltr\" data-placeholder=\"Vertaling\" aria-label=\"Vertaalde tekst: Climax Vario-Quick Linientrimmer Steuerleinenschneider | F\u00fcr Linien von 0,6 \u2013 1,0 \u2013 1,1 \u2013 1,7 mm Unverzichtbares Accessoire f\u00fcr den anspruchsvollen Fliegerpiloten. Mit diesem Leinentrimmer-Set kannst du ungleich lange Leinen auf exakt die gleiche L\u00e4nge verl\u00e4ngern und so deinen Kite sehr pr\u00e4zise steuern. Auch perfekt, um Leinen mit Dehnung nahezu dehnungsfrei zu bekommen, sodass Sie einen direkteren Kontakt mit Ihrem Lenkdrachen haben. Klare Anweisungen zur Verwendung mit Bildern sind enthalten. Das Vario-Quick-Set f\u00fcr Schn\u00fcre von 0,6 bis 1,0 mm besteht aus 2 Teilen und wird in der Farbe Orange geliefert. Das Vario-Quick-Set f\u00fcr Schn\u00fcre von 1,1 bis 1,7 mm besteht aus 2 Teilen und wird in der Farbe Gelb geliefert. Mengenrabatte; Beim Kauf gr\u00f6\u00dferer Mengen gew\u00e4hren wir folgende Mengenrabatte: ab 2 St\u00fcck: 5% ab 3 St\u00fcck: 7,5 % ab 5 St\u00fcck: 10% Der Mengenrabatt wird direkt im Warenkorb abgerechnet.\" data-ved=\"2ahUKEwjFvv6mm5aMAxVQ-QIHHRI2HswQ3ewLegQICBAV\"><span class=\"Y2IQFc\" lang=\"de\">Das <strong>Vario-Quick-Set<\/strong> f\u00fcr Schn\u00fcre von 1,1 bis 1,7 mm besteht aus 2 Teilen und wird in der Farbe Gelb geliefert.\u00a0<\/span><\/li>\n<\/ul>\n<p><b>Mengenrabatte<\/b>; Beim Kauf gr\u00f6\u00dferer Mengen gew\u00e4hren wir folgende Mengenrabatte:<\/p>\n<ul>\n<li><strong>ab 2 St\u00fcck: 5%<\/strong><\/li>\n<li><strong>ab 3 St\u00fcck: 7,5%<\/strong><\/li>\n<li><strong>ab 5 St\u00fcck: 10%<\/strong><\/li>\n<\/ul>\n<p>Der Mengenrabatt wird direkt im Warenkorb verrechnet.<\/p>\n","protected":false},"excerpt":{"rendered":"<p>Schnurabl\u00e4ngsatz | F\u00fcr Lenkschn\u00fcre von 0,6 &#8211; 1,0 &#8211; 1,1 &#8211; 1,7mm<\/p>\n","protected":false},"featured_media":20568,"comment_status":"closed","ping_status":"closed","template":"","meta":{"_acf_changed":false},"product_brand":[],"product_cat":[2159,2183,2172,1348],"product_tag":[],"class_list":{"0":"post-21026","1":"product","2":"type-product","3":"status-publish","4":"has-post-thumbnail","6":"product_cat-climax","7":"product_cat-kite-zubehor","8":"product_cat-drachenleinen","9":"product_cat-marken","10":"pa_grootte-06-10mm-de-2","11":"pa_grootte-11-17mm-de-2","13":"first","14":"instock","15":"taxable","16":"shipping-taxable","17":"purchasable","18":"product-type-variable"},"acf":[],"_links":{"self":[{"href":"https:\/\/www.wepaflyer.com\/de\/wp-json\/wp\/v2\/product\/21026","targetHints":{"allow":["GET"]}}],"collection":[{"href":"https:\/\/www.wepaflyer.com\/de\/wp-json\/wp\/v2\/product"}],"about":[{"href":"https:\/\/www.wepaflyer.com\/de\/wp-json\/wp\/v2\/types\/product"}],"replies":[{"embeddable":true,"href":"https:\/\/www.wepaflyer.com\/de\/wp-json\/wp\/v2\/comments?post=21026"}],"wp:featuredmedia":[{"embeddable":true,"href":"https:\/\/www.wepaflyer.com\/de\/wp-json\/wp\/v2\/media\/20568"}],"wp:attachment":[{"href":"https:\/\/www.wepaflyer.com\/de\/wp-json\/wp\/v2\/media?parent=21026"}],"wp:term":[{"taxonomy":"product_brand","embeddable":true,"href":"https:\/\/www.wepaflyer.com\/de\/wp-json\/wp\/v2\/product_brand?post=21026"},{"taxonomy":"product_cat","embeddable":true,"href":"https:\/\/www.wepaflyer.com\/de\/wp-json\/wp\/v2\/product_cat?post=21026"},{"taxonomy":"product_tag","embeddable":true,"href":"https:\/\/www.wepaflyer.com\/de\/wp-json\/wp\/v2\/product_tag?post=21026"}],"curies":[{"name":"wp","href":"https:\/\/api.w.org\/{rel}","templated":true}]}}