{"id":21004,"date":"2023-12-22T12:23:37","date_gmt":"2023-12-22T11:23:37","guid":{"rendered":"https:\/\/www.wepaflyer.com\/?post_type=product&#038;p=21004"},"modified":"2026-01-21T13:06:32","modified_gmt":"2026-01-21T12:06:32","slug":"hoehepunkt-profiline","status":"publish","type":"product","link":"https:\/\/www.wepaflyer.com\/de\/produkt\/hoehepunkt-profiline\/","title":{"rendered":"Climax ProfiLine Contest Kiting"},"content":{"rendered":"<h3>CLIMAX PROFILINE CONTEST KITING<\/h3>\n<h5>DyneemaLine f\u00fcr Contest Kiting | 6 verschiedene St\u00e4rken<\/h5>\n<p><strong>Wenn Sie nach den besten Leinen f\u00fcr Contest Kiting (Wettkampf) suchen, sind die <\/strong><strong>Climax ProfiLines<\/strong><strong> die beste Wahl.<\/strong><\/p>\n<p>Diese Dyneemaschn\u00fcre sind lieferbar auf Spulen von 20 bis 130 daN St\u00e4rke und in L\u00e4ngen von 20 oder 100 Metern.<\/p>\n<p><strong>Bei den Optionen findet man s\u00e4mtliche St\u00e4rken und L\u00e4ngen gelistet.<\/strong><\/p>\n<p>Man kann durchaus feststellen dass wir hier ein breites Sortiment an St\u00e4rken und L\u00e4ngen anbieten und das man immer die gesuchte Schnur in der gew\u00fcnschten St\u00e4rke und L\u00e4nge finden m\u00fcsste.<\/p>\n<p>Die\u00a0<strong>Climax ProfiLines Contest<\/strong>\u00a0sind von h\u00f6chster Qualit\u00e4t und haben eine hellgelbe Farbe. Sie werden vor allem beim Contest Kiting verwendet, wenn Pilot und Drachen an ihre Grenzen oder dar\u00fcber gehen&#8230; Diese Schnur ist super glatt und sehr eng geflochten und hat eine Dehnung von fast 0%, wodurch man eine extrem direkte Lenkung des Kites bekommt und man kann daher auch sehr schnelle Wendungen und extrem kurze Kurven fliegen. Der Kite reagiert beim Fliegen mit\u00a0<strong>Climax ProfiLines Contest<\/strong>\u00a0einfach blitzschnell.<\/p>\n<p><strong>Achtung!<\/strong>\u00a0: Von diesen Leinen kann man selber Lenksets in jeder gew\u00fcnschten L\u00e4nge fertigen, vielleicht braucht man dazu noch Mantelschnur oder Splicesets um die perfekte Lenksets zu bekommen. Dieses und auch anderes Zubeh\u00f6r findet man anderswo in der Kategorie\u00a0<strong>Drachenschn\u00fcre und Spulen.<\/strong><\/p>\n<p>Mit dieser Schnur kann man gut Loopings fliegen, aber z\u00e4hle die Anzahl der Loopings (Umdrehungen), sodas man vor der Landung des Drachen mit der gleichen Anzahl der Gegendrehungen die Schn\u00fcre wieder parallel bekommt, dann kann man sie einfach und bequem auf den Wickelgriff aufwickeln.<\/p>\n<p>Wickelgriffe, Griffe und Drachenringe worauf man die Climax ProfiLines Contest wickeln kann findet man\u00a0 anderswo in der Kategorie\u00a0<strong>Drachenschn\u00fcre und Spulen.<\/strong><\/p>\n<p>Bei\u00a0<strong>Climax\u00ae<\/strong>\u00a0steht die Qualit\u00e4t an oberster Stelle, du kannst dich bei diesem Produkt darauf verlassen dass bei der Produktion und in der Verarbeitung gr\u00f6\u00dften Wert auf Handhabung der Qualit\u00e4t gelegt wird mit dem Resultat das man optimale Leistungen erwarten darf.<\/p>\n<p><strong>Staffelrabatte<\/strong>; bei Abnahme von gr\u00f6\u00dferen Mengen bieten wir die folgenden Staffelrabatte an:<\/p>\n<ul>\n<li><strong>ab 2 St\u00fcck: 5%<\/strong><\/li>\n<li><strong>ab 3 St\u00fcck: 7,5%<\/strong><\/li>\n<li><strong>ab 5 St\u00fcck: 10%<\/strong><\/li>\n<\/ul>\n<p>Der Staffelrabatt wird sofort im Einkaufskorb verrechnet.<\/p>\n<h3>Dyneema-Lines by Climax and more&#8230; | Spulen | Allgemeine Infos zu DyneemaLines<strong>\u00a0<\/strong><\/h3>\n<p>Die Leinen mit der geringsten Dehnung sind die DyneemaLines. Dies hat den Vorteil, dass die Lenkung des Kites sehr direkt erfolgt, da keine Dehnung (= Verz\u00f6gerung) erfolgt und der Kite somit sehr pr\u00e4zise gesteuert werden kann und extrem schnell auf Lenkbewegungen reagiert. Zudem k\u00f6nnen die DyneemaLines h\u00e4ufig miteinander verdrillt oder zusammengedreht werden (z.B. bei Loopings), ohne dass dies gro\u00dfen Einfluss auf die Lenkung hat und ohne dass sich die Leinen durchschneiden.<\/p>\n<p>Die beliebtesten und gefragtesten Dyneema-Lines sind die <strong>Climax Basic WhiteLines<\/strong>, die f\u00fcr fast alle Lenkdrachen (Einsteiger) geeignet und preislich sehr interessant sind.<\/p>\n<p>Die <strong>TT-DyneemaLines<\/strong> bieten eine vergleichbare Qualit\u00e4t wie die <strong>Climax Basic WhiteLines<\/strong>, k\u00f6nnen aber auch in extremen St\u00e4rken pro Meter bestellt werden!<\/p>\n<p>Wenn Sie ein bisschen Farbe m\u00f6gen, sind die Color <strong>TopLines<\/strong> eine tolle Option.<\/p>\n<p>Wenn Ihnen das Beste nicht gut genug ist oder Sie eine ganz besondere Schnur f\u00fcr einen ganz bestimmten Einsatzbereich suchen, k\u00f6nnen Sie aus der gesamten <strong>ClimaxLines-Kollektion<\/strong> w\u00e4hlen; <strong>Basic WhiteLines, Combat KS &amp; SK Lines, PowerLines, ProfiLines und ProtecLines<\/strong>. Nachfolgend finden Sie eine kurze Erl\u00e4uterung, wof\u00fcr diese extremen Schn\u00fcre konkret gedacht sind:<\/p>\n<p><strong>\u00a0<\/strong><strong>Combat SK Lines: Snow- und Buggy-Kiting<\/strong><\/p>\n<ul>\n<li><strong>Combat KS Lines: Kitesurfing<\/strong><\/li>\n<li><strong>Power Lines: Extremes Kiting<\/strong><\/li>\n<li><strong>Profi Lines: Wettkampf Kiting<\/strong><\/li>\n<li><strong>Protec Lines: Endurance (Ausdauer) Kiting<\/strong><\/li>\n<li><strong>Basic WhiteLines: Allround Kiting<\/strong><\/li>\n<\/ul>\n","protected":false},"excerpt":{"rendered":"<p>DyneemaLine f\u00fcr Contest Kiting | 6 verschiedene St\u00e4rken<\/p>\n","protected":false},"featured_media":20528,"comment_status":"closed","ping_status":"closed","template":"","meta":{"_acf_changed":false},"product_brand":[],"product_cat":[2159,2171,1348],"product_tag":[],"class_list":{"0":"post-21004","1":"product","2":"type-product","3":"status-publish","4":"has-post-thumbnail","6":"product_cat-climax","7":"product_cat-drachenschnure","8":"product_cat-marken","9":"pa_grootte-climax-profiline-100m-20dan-de-2","10":"pa_grootte-climax-profiline-100m-38dan-de-2","11":"pa_grootte-climax-profiline-100m-55dan-de-2","12":"pa_grootte-climax-profiline-100m-75dan-de-2","13":"pa_grootte-climax-profiline-100m-100dan-de-2","14":"pa_grootte-climax-profiline-100m-130dan-de-2","15":"pa_grootte-climax-profiline-20m-20dan-de-2","16":"pa_grootte-climax-profiline-20m-38dan-de-2","17":"pa_grootte-climax-profiline-20m-55dan-de-2","19":"first","20":"instock","21":"taxable","22":"shipping-taxable","23":"purchasable","24":"product-type-variable"},"acf":[],"_links":{"self":[{"href":"https:\/\/www.wepaflyer.com\/de\/wp-json\/wp\/v2\/product\/21004","targetHints":{"allow":["GET"]}}],"collection":[{"href":"https:\/\/www.wepaflyer.com\/de\/wp-json\/wp\/v2\/product"}],"about":[{"href":"https:\/\/www.wepaflyer.com\/de\/wp-json\/wp\/v2\/types\/product"}],"replies":[{"embeddable":true,"href":"https:\/\/www.wepaflyer.com\/de\/wp-json\/wp\/v2\/comments?post=21004"}],"wp:featuredmedia":[{"embeddable":true,"href":"https:\/\/www.wepaflyer.com\/de\/wp-json\/wp\/v2\/media\/20528"}],"wp:attachment":[{"href":"https:\/\/www.wepaflyer.com\/de\/wp-json\/wp\/v2\/media?parent=21004"}],"wp:term":[{"taxonomy":"product_brand","embeddable":true,"href":"https:\/\/www.wepaflyer.com\/de\/wp-json\/wp\/v2\/product_brand?post=21004"},{"taxonomy":"product_cat","embeddable":true,"href":"https:\/\/www.wepaflyer.com\/de\/wp-json\/wp\/v2\/product_cat?post=21004"},{"taxonomy":"product_tag","embeddable":true,"href":"https:\/\/www.wepaflyer.com\/de\/wp-json\/wp\/v2\/product_tag?post=21004"}],"curies":[{"name":"wp","href":"https:\/\/api.w.org\/{rel}","templated":true}]}}