{"id":20981,"date":"2023-12-22T12:23:33","date_gmt":"2023-12-22T11:23:33","guid":{"rendered":"https:\/\/www.wepaflyer.com\/?post_type=product&#038;p=20981"},"modified":"2026-05-05T17:12:16","modified_gmt":"2026-05-05T15:12:16","slug":"climax-nostretch-pflegegarn","status":"publish","type":"product","link":"https:\/\/www.wepaflyer.com\/de\/produkt\/climax-nostretch-pflegegarn\/","title":{"rendered":"Climax NoStretch Waageleinen"},"content":{"rendered":"<h3>CLIMAX \u201eNO STRETCH\u201c WAAGELEINEN<\/h3>\n<h4>SPULEN VON 50 METERN | Waageleinen ummantelt mit Dyneema-Kern | In 5 St\u00e4rken<\/h4>\n<p><strong>Climax<\/strong>-Waageleinen sind von h\u00f6chster Qualit\u00e4t.<br \/>\nOhne Dehnung und perfekt geeignet zum Stricken fester Knoten und Schlaufen, es verrutscht kaum.<\/p>\n<p>F\u00fcr jeden Drachen die richtige St\u00e4rke und immer in mehreren Farben erh\u00e4ltlich, auch pro Meter erh\u00e4ltlich!<\/p>\n<p>Erh\u00e4ltlich in 5 verschiedenen St\u00e4rken.<\/p>\n<ul>\n<li>Die St\u00e4rke von 15daN (\u00d8 0,7mm) ist in <strong>Schwarz und Grau<\/strong> erh\u00e4ltlich, geben Sie die gew\u00fcnschte Farbe im Bestellformular unter Bestellhinweise an.<\/li>\n<li>Die St\u00e4rke von 35daN (\u00d8 0,8mm) ist in <strong>Schwarz, Grau, Neonorange und Neongelb<\/strong> erh\u00e4ltlich, geben Sie die gew\u00fcnschte Farbe im Bestellformular unter Bestellhinweise an.<\/li>\n<li>Die St\u00e4rke von 60daN (\u00d8 0,9mm) ist in <strong>Schwarz, Grau, Neonorange und Neongelb<\/strong> erh\u00e4ltlich, geben Sie die gew\u00fcnschte Farbe im Bestellformular unter Bestellhinweise an.<\/li>\n<li>Die St\u00e4rke von 90daN (\u00d8 1,0mm) ist in <strong>Schwarz, Grau, Neonorange und Neongelb<\/strong> erh\u00e4ltlich, geben Sie die gew\u00fcnschte Farbe im Bestellformular unter Bestellhinweise an.<\/li>\n<li>Die St\u00e4rke von 140daN (\u00d8 1,2mm) ist in <strong>Schwarz, Grau, Neonorange und Neongelb<\/strong> erh\u00e4ltlich, geben Sie die gew\u00fcnschte Farbe im Bestellformular unter Bestellhinweise an.<\/li>\n<\/ul>\n<p><strong>Die Climax \u201eNo Stretch\u201c-Waageleinen werden standardm\u00e4\u00dfig auf 50-Meter-Spulen verpackt und sind ausschlie\u00dflich auf diesen Spulen erh\u00e4ltlich. Geben Sie daher bei Ihrer Bestellung die Zahl \u201e1\u201c ein, wenn Sie eine 50-Meter-Spule bestellen m\u00f6chten; geben Sie \u201e2\u201c ein, um zwei 50-Meter-Spulen zu erhalten, \u201e3\u201c f\u00fcr drei 50-Meter-Spulen usw.<\/strong><\/p>\n","protected":false},"excerpt":{"rendered":"<p>SPULEN VON 50 METERN | Waageleinen ummantelt mit Dyneema-Kern | In 5 St\u00e4rken<\/p>\n","protected":false},"featured_media":20476,"comment_status":"closed","ping_status":"closed","template":"","meta":{"_acf_changed":false},"product_brand":[],"product_cat":[2159,1385,2171,1348],"product_tag":[3637],"class_list":{"0":"post-20981","1":"product","2":"type-product","3":"status-publish","4":"has-post-thumbnail","6":"product_cat-climax","7":"product_cat-drachen-zubehor","8":"product_cat-drachenschnure","9":"product_cat-marken","10":"product_tag-accessoires","11":"pa_grootte-15dan-de-2","12":"pa_grootte-35dan-de-2","13":"pa_grootte-60dan-de-2","14":"pa_grootte-90dan-de-2","15":"pa_grootte-140dan-de-2","17":"first","18":"instock","19":"sale","20":"taxable","21":"shipping-taxable","22":"purchasable","23":"product-type-variable"},"acf":[],"_links":{"self":[{"href":"https:\/\/www.wepaflyer.com\/de\/wp-json\/wp\/v2\/product\/20981","targetHints":{"allow":["GET"]}}],"collection":[{"href":"https:\/\/www.wepaflyer.com\/de\/wp-json\/wp\/v2\/product"}],"about":[{"href":"https:\/\/www.wepaflyer.com\/de\/wp-json\/wp\/v2\/types\/product"}],"replies":[{"embeddable":true,"href":"https:\/\/www.wepaflyer.com\/de\/wp-json\/wp\/v2\/comments?post=20981"}],"wp:featuredmedia":[{"embeddable":true,"href":"https:\/\/www.wepaflyer.com\/de\/wp-json\/wp\/v2\/media\/20476"}],"wp:attachment":[{"href":"https:\/\/www.wepaflyer.com\/de\/wp-json\/wp\/v2\/media?parent=20981"}],"wp:term":[{"taxonomy":"product_brand","embeddable":true,"href":"https:\/\/www.wepaflyer.com\/de\/wp-json\/wp\/v2\/product_brand?post=20981"},{"taxonomy":"product_cat","embeddable":true,"href":"https:\/\/www.wepaflyer.com\/de\/wp-json\/wp\/v2\/product_cat?post=20981"},{"taxonomy":"product_tag","embeddable":true,"href":"https:\/\/www.wepaflyer.com\/de\/wp-json\/wp\/v2\/product_tag?post=20981"}],"curies":[{"name":"wp","href":"https:\/\/api.w.org\/{rel}","templated":true}]}}