{"id":20976,"date":"2023-12-22T12:23:32","date_gmt":"2023-12-22T11:23:32","guid":{"rendered":"https:\/\/www.wepaflyer.com\/?post_type=product&#038;p=20976"},"modified":"2026-01-21T13:06:24","modified_gmt":"2026-01-21T12:06:24","slug":"climax-blackline-lenkerset","status":"publish","type":"product","link":"https:\/\/www.wepaflyer.com\/de\/produkt\/climax-blackline-lenkerset\/","title":{"rendered":"Climax BlackLine Lenkset | Easy Kiting"},"content":{"rendered":"<h3>CLIMAX BLACKLINE LENKSET EASY KITING<\/h3>\n<h5>Dacron BlackLine Lenksets | Easy Kiting | In 4 St\u00e4rken<\/h5>\n<p><strong>Climax BlackLines sind di\u00e9 DacronLines in perfekter Qualit\u00e4t f\u00fcr den &#8222;Urlaubsdrachenpiloten&#8220;.<\/strong><strong>\u00a0<\/strong><\/p>\n<p id=\"tw-target-text\" class=\"tw-data-text tw-text-large tw-ta\" dir=\"ltr\" data-placeholder=\"Vertaling\" aria-label=\"Vertaalde tekst: Sie k\u00f6nnen BlackLines-Lenks\u00e4tze f\u00fcr alle Einsteiger-Lenkdrachen verwenden. Sie haben keine professionellen Anforderungen an die Flugleinen, m\u00f6chten aber dennoch eine hervorragende Qualit\u00e4t und ein gutes Preis-Leistungs-Verh\u00e4ltnis erhalten, mit diesen Climax BlackLine-Lenks\u00e4tzen bekommen Sie das auf jeden Fall!\" data-ved=\"2ahUKEwj0r-yonZuMAxUX_rsIHZYAHEAQ3ewLegQICRAV\"><span class=\"Y2IQFc\" lang=\"de\">Sie k\u00f6nnen BlackLines-Lenks\u00e4tze f\u00fcr alle Einsteiger-Lenkdrachen verwenden. Sie haben keine professionellen Anforderungen an die Flugleinen, m\u00f6chten aber dennoch eine hervorragende Qualit\u00e4t und ein gutes Preis-Leistungs-Verh\u00e4ltnis erhalten, mit diesen Climax BlackLine-Lenksets bekommen Sie das auf jeden Fall!<\/span><\/p>\n<p>Die BlackLines von Climax\u00ae sind eine der besseren, wenn nicht sogar die beste Dacron-Linie auf dem Markt. Dacron-Schnur von besonderer Qualit\u00e4t, erkennbar an dem eingewebten schwarzen Faden, daher der Name \u201eBlackLine\u201c.<\/p>\n<p>Diese Dacronschn\u00fcre sind in nachfolgenden St\u00e4rken und L\u00e4ngen erh\u00e4ltlich:<\/p>\n<ul>\n<li><strong>25daN | 30meter<\/strong><\/li>\n<li><strong>40daN | 30meter<\/strong><\/li>\n<li><strong>65daN | 30meter<\/strong><\/li>\n<li><strong>110daN | 30meter<\/strong><\/li>\n<\/ul>\n<p id=\"tw-target-text\" class=\"tw-data-text tw-text-large tw-ta\" dir=\"ltr\" data-placeholder=\"Vertaling\" aria-label=\"Vertaalde tekst: Bei den Auswahlm\u00f6glichkeiten gibt die erste Zahl die Bruchkraft in daN an, die zweite Zahl die L\u00e4nge der Lenksatzleinen in Metern. Man kann also sagen, dass man hier eine gro\u00dfe Auswahl hat und die passende Garnst\u00e4rke f\u00fcr seinen Lenkdrachen suchen und finden kann.\" data-ved=\"2ahUKEwj0r-yonZuMAxUX_rsIHZYAHEAQ3ewLegQICRAV\"><span class=\"Y2IQFc\" lang=\"de\">Bei den Auswahloptionen gibt die erste Zahl die Bruchlast in daN an, die zweite Zahl die L\u00e4nge der Lenksatzschn\u00fcre in Metern. Man kann also sagen, dass man hier eine gro\u00dfe Auswahl hat und die passende Schnurst\u00e4rke f\u00fcr seinen Lenkdrachen suchen und finden kann.<\/span><\/p>\n<p id=\"tw-target-text\" class=\"tw-data-text tw-text-large tw-ta\" dir=\"ltr\" data-placeholder=\"Vertaling\" aria-label=\"Vertaalde tekst: Die Vorteile der BlackLines gegen\u00fcber den oft bei einfachen Lenkdrachen enthaltenen Polyesterleinen (auch \u201eGummileinen\u201c genannt) liegen auf der Hand; Feine Flechtung, Anti-Tangle-Eigenschaft, d. h. es gibt wenig \u201eVerdrehung\u201c in der Schnur, sch\u00f6n rund geflochten und verarbeitet. Schlie\u00dflich verf\u00fcgt es \u00fcber eine nahezu perfekte Dehnbarkeit zur Sto\u00dfd\u00e4mpfung f\u00fcr Dacron-Garn.\" data-ved=\"2ahUKEwj0r-yonZuMAxUX_rsIHZYAHEAQ3ewLegQICRAV\"><span class=\"Y2IQFc\" lang=\"de\">Die Vorteile der BlackLines gegen\u00fcber den oft bei einfachen &#8222;Supermarkt&#8220;-Lenkdrachen enthaltenen Polyesterleinen (auch \u201eGummileinen\u201c genannt) liegen auf der Hand; Feine Flechtung, Anti-Tangle-Eigenschaft, d. h. es gibt wenig \u201eVerdrehung\u201c in der Schnur, sch\u00f6n rund geflochten und verarbeitet. Schlie\u00dflich verf\u00fcgt es \u00fcber eine nahezu perfekte Dehnbarkeit zur Sto\u00dfd\u00e4mpfung f\u00fcr Dacron-Schn\u00fcre.<\/span><\/p>\n<p><strong>ACHTUNG!<\/strong> Hinweis: Bei allen Schn\u00fcren, die auf einem Winder (Wickelgriff) aufgewickelt sind, ben\u00f6tigt man zum tats\u00e4chlichen Drachensteigen noch Lenkschlaufen (Straps), PowerClaws, Drachenringe oder Griffe. Diese finden Sie an anderer Stelle im Webshop. <span>Der Winder (Wickelgriff) ist ausschlie\u00dflich gedacht um die Lenkschn\u00fcre f\u00fcr den Transport aufzubewahren.<\/span><br \/>\nMit diesen Lenkschn\u00fcren kann man tolle Loopingss fliegen, allerdings sind den M\u00f6glichkeiten Grenzen gesetzt, es handelt sich nat\u00fcrlich nicht um Hightech-Dyneemaline. Die Winder\/Wickelgriffe werden in verschiedenen Farben sortiert geliefert und bestehen aus robustem PE-Material.<\/p>\n<p>Die <strong>Dacron BlackLines von Climax\u00ae<\/strong> sind f\u00fcr diejenigen Drachenflieger, die auch das Beste in dieser Leinenqualit\u00e4t suchen. Die beste Dacron-Schn\u00fcre zu \u00fcberraschend g\u00fcnstigen Preisen.<br \/>\n<strong>ACHTUNG!<\/strong> : Bei sehr starkem Wind muss man darauf achten, ob die Zugkraft des Drachens f\u00fcr diese Drachenleinen nicht zu gro\u00df wird.<\/p>\n<p>Die Schn\u00fcren werden von Climax\u00ae hergestellt und sind daher von h\u00f6chster Qualit\u00e4t.<\/p>\n<p><strong>Staffelrabatte<\/strong>; bei Abnahme von gr\u00f6\u00dferen Mengen bieten wir die folgenden Mengenrabatte an:<\/p>\n<ul>\n<li><strong>ab\u00a0 \u00a02 St\u00fcck: 5%<\/strong><\/li>\n<li><strong>ab\u00a0 \u00a03 St\u00fcck: 7,5%<\/strong><\/li>\n<li><strong>ab \u00a0\u00a05 St\u00fcck: 10%<\/strong><\/li>\n<\/ul>\n<p>Der Staffelrabatt wird sofort im Einkaufskorb verrechnet.<\/p>\n","protected":false},"excerpt":{"rendered":"<p>Dacron BlackLine Lenksets | Easy Kiting | In 4 St\u00e4rken<\/p>\n","protected":false},"featured_media":20452,"comment_status":"closed","ping_status":"closed","template":"","meta":{"_acf_changed":false},"product_brand":[],"product_cat":[2159,2172,1348],"product_tag":[],"class_list":{"0":"post-20976","1":"product","2":"type-product","3":"status-publish","4":"has-post-thumbnail","6":"product_cat-climax","7":"product_cat-drachenleinen","8":"product_cat-marken","9":"pa_grootte-25-de-2","10":"pa_grootte-40-de-2","11":"pa_grootte-65-de-2","12":"pa_grootte-110-de-2","14":"first","15":"instock","16":"taxable","17":"shipping-taxable","18":"purchasable","19":"product-type-variable"},"acf":[],"_links":{"self":[{"href":"https:\/\/www.wepaflyer.com\/de\/wp-json\/wp\/v2\/product\/20976","targetHints":{"allow":["GET"]}}],"collection":[{"href":"https:\/\/www.wepaflyer.com\/de\/wp-json\/wp\/v2\/product"}],"about":[{"href":"https:\/\/www.wepaflyer.com\/de\/wp-json\/wp\/v2\/types\/product"}],"replies":[{"embeddable":true,"href":"https:\/\/www.wepaflyer.com\/de\/wp-json\/wp\/v2\/comments?post=20976"}],"wp:featuredmedia":[{"embeddable":true,"href":"https:\/\/www.wepaflyer.com\/de\/wp-json\/wp\/v2\/media\/20452"}],"wp:attachment":[{"href":"https:\/\/www.wepaflyer.com\/de\/wp-json\/wp\/v2\/media?parent=20976"}],"wp:term":[{"taxonomy":"product_brand","embeddable":true,"href":"https:\/\/www.wepaflyer.com\/de\/wp-json\/wp\/v2\/product_brand?post=20976"},{"taxonomy":"product_cat","embeddable":true,"href":"https:\/\/www.wepaflyer.com\/de\/wp-json\/wp\/v2\/product_cat?post=20976"},{"taxonomy":"product_tag","embeddable":true,"href":"https:\/\/www.wepaflyer.com\/de\/wp-json\/wp\/v2\/product_tag?post=20976"}],"curies":[{"name":"wp","href":"https:\/\/api.w.org\/{rel}","templated":true}]}}