{"id":20945,"date":"2023-12-22T12:23:23","date_gmt":"2023-12-22T11:23:23","guid":{"rendered":"https:\/\/www.wepaflyer.com\/?post_type=product&#038;p=20945"},"modified":"2026-05-04T12:39:09","modified_gmt":"2026-05-04T10:39:09","slug":"hoehepunkt-black-line","status":"publish","type":"product","link":"https:\/\/www.wepaflyer.com\/de\/produkt\/hoehepunkt-black-line\/","title":{"rendered":"Climax BlackLine DacronLine"},"content":{"rendered":"<h3>DACRON BLACKLINE SPULE<\/h3>\n<h5>Dacron BlackLine by Climax\u00ae | In 10 St\u00e4rken<\/h5>\n<p>Die BlackLines von Climax\u00ae sind eine der besseren, wenn nicht sogar die beste Dacron-Leinen auf dem Markt. Dacron-Schn\u00fcre von besonderer Qualit\u00e4t, erkennbar an dem eingewebten schwarzen Faden, daher der Name \u201eBlackLine\u201c.<\/p>\n<p>Die Climax\u00ae Dacron BlackLines sind speziell f\u00fcr den 1-Leiner-Drachenflug konzipiert, aber nat\u00fcrlich kannst du damit auch einfach deinen Lenkdrachen fliegen! Die Vorteile der BlackLines liegen auf der Hand; Feine Flechtung, Anti-Tangle-Eigenschaft, d. h. es gibt wenig \u201eVerdrehung\u201c in der Schnur, sch\u00f6n rund geflochten und verarbeitet und l\u00e4sst sich leicht und perfekt splei\u00dfen.<span style=\"line-height: 1.5 em;\"> Schlie\u00dflich verf\u00fcgt es \u00fcber eine f\u00fcr DacronLines nahezu perfekte Dehnbarkeit zur Sto\u00dfd\u00e4mpfung.<\/span><\/p>\n<p>Diese Climax\u00ae BlackLines sind in nachfolgenden St\u00e4rken erh\u00e4ltlich:<\/p>\n<p><strong>10daN | 25daN | 40daN | 65daN | 110daN | 140daN | 170daN | 260daN | 400daN | 500daN.<\/strong><\/p>\n<p>Jede St\u00e4rke ist auf Spulen in drei L\u00e4ngen lieferbar, nl.<span>\u00a0<\/span><strong>100meter | 500meter | 1.000meter<\/strong><\/p>\n<p><strong>Bei den Bestelloptionen die gew\u00fcnschte St\u00e4rke und L\u00e4nge anklicken und fertig&#8230;! <span class=\"Y2IQFc\" lang=\"de\">Hier wird immer zuerst die Schnurst\u00e4rke und dann die Spulenl\u00e4nge angegeben. Wenn dort also beispielsweise 140\/500 steht, betr\u00e4gt die Schnurst\u00e4rke 140 daN und die Spulenl\u00e4nge 500 Meter.<\/span><\/strong><\/p>\n<p>Die Dacron BlackLines von Climax\u00ae sind f\u00fcr diejenigen Drachenflieger, die auch das Beste in dieser Leinenqualit\u00e4t suchen. Die beste Dacron-Schnur zu \u00fcberraschend g\u00fcnstigen Preisen. ACHTUNG! : Bei sehr starkem Wind muss man darauf achten, ob die Zugkraft des Drachens f\u00fcr diese Drachenleinen (bei den niedrigeren St\u00e4rken) nicht zu gro\u00df wird.<\/p>\n<p>Die Schnur wird von Climax\u00ae hergestellt und ist daher von h\u00f6chster Qualit\u00e4t.<\/p>\n<p><b>Mengenrabatte<\/b>; Beim Kauf gr\u00f6\u00dferer Mengen gew\u00e4hren wir folgende Mengenrabatte:<\/p>\n<ul>\n<li><b>ab 2 St\u00fcck: 5%<\/b><\/li>\n<li><b>ab 3 St\u00fcck: 7,5%<\/b><\/li>\n<li><b>ab 5 St\u00fcck: 10%<\/b><\/li>\n<\/ul>\n<p><span>Der Mengenrabatt wird direkt im Warenkorb abgerechnet.<\/span><\/p>\n","protected":false},"excerpt":{"rendered":"<p>Dacron BlackLine by Climax\u00ae | In 10 St\u00e4rken<\/p>\n","protected":false},"featured_media":20332,"comment_status":"closed","ping_status":"closed","template":"","meta":{"_acf_changed":false},"product_brand":[],"product_cat":[2159,1385,2171,1348],"product_tag":[3637],"class_list":{"0":"post-20945","1":"product","2":"type-product","3":"status-publish","4":"has-post-thumbnail","6":"product_cat-climax","7":"product_cat-drachen-zubehor","8":"product_cat-drachenschnure","9":"product_cat-marken","10":"product_tag-accessoires","11":"pa_grootte-10-100-de-2","12":"pa_grootte-10-500-de-2","13":"pa_grootte-10-1000-de-2","14":"pa_grootte-25-100-de-2","15":"pa_grootte-25-500-de-2","16":"pa_grootte-25-1000-de-2","17":"pa_grootte-40-100-de-2","18":"pa_grootte-40-500-de-2","19":"pa_grootte-40-1000-de-2","20":"pa_grootte-65-100-de-2","21":"pa_grootte-65-500-de-2","22":"pa_grootte-65-1000-de-2","23":"pa_grootte-110-100-de-2","24":"pa_grootte-110-500-de-2","25":"pa_grootte-110-1000-de-2","26":"pa_grootte-140-100-de-2","27":"pa_grootte-140-500-de-2","28":"pa_grootte-140-1000-de-2","29":"pa_grootte-170-100-de-2","30":"pa_grootte-170-500-de-2","31":"pa_grootte-170-1000-de-2","32":"pa_grootte-260-100-de-2","33":"pa_grootte-260-500-de-2","34":"pa_grootte-260-1000-de-2","35":"pa_grootte-400-100-de-2","36":"pa_grootte-400-500-de-2","37":"pa_grootte-400-1000-de-2","38":"pa_grootte-500-100-de-2","39":"pa_grootte-500-1000-de-2","40":"pa_grootte-500-500-4-30-de","42":"first","43":"instock","44":"taxable","45":"shipping-taxable","46":"purchasable","47":"product-type-variable"},"acf":[],"_links":{"self":[{"href":"https:\/\/www.wepaflyer.com\/de\/wp-json\/wp\/v2\/product\/20945","targetHints":{"allow":["GET"]}}],"collection":[{"href":"https:\/\/www.wepaflyer.com\/de\/wp-json\/wp\/v2\/product"}],"about":[{"href":"https:\/\/www.wepaflyer.com\/de\/wp-json\/wp\/v2\/types\/product"}],"replies":[{"embeddable":true,"href":"https:\/\/www.wepaflyer.com\/de\/wp-json\/wp\/v2\/comments?post=20945"}],"wp:featuredmedia":[{"embeddable":true,"href":"https:\/\/www.wepaflyer.com\/de\/wp-json\/wp\/v2\/media\/20332"}],"wp:attachment":[{"href":"https:\/\/www.wepaflyer.com\/de\/wp-json\/wp\/v2\/media?parent=20945"}],"wp:term":[{"taxonomy":"product_brand","embeddable":true,"href":"https:\/\/www.wepaflyer.com\/de\/wp-json\/wp\/v2\/product_brand?post=20945"},{"taxonomy":"product_cat","embeddable":true,"href":"https:\/\/www.wepaflyer.com\/de\/wp-json\/wp\/v2\/product_cat?post=20945"},{"taxonomy":"product_tag","embeddable":true,"href":"https:\/\/www.wepaflyer.com\/de\/wp-json\/wp\/v2\/product_tag?post=20945"}],"curies":[{"name":"wp","href":"https:\/\/api.w.org\/{rel}","templated":true}]}}