{"id":20933,"date":"2023-12-22T12:23:21","date_gmt":"2023-12-22T11:23:21","guid":{"rendered":"https:\/\/www.wepaflyer.com\/?post_type=product&#038;p=20933"},"modified":"2026-01-21T13:06:18","modified_gmt":"2026-01-21T12:06:18","slug":"drachenpapier-pro-blatt-pergamin","status":"publish","type":"product","link":"https:\/\/www.wepaflyer.com\/de\/produkt\/drachenpapier-pro-blatt-pergamin\/","title":{"rendered":"Drachenpapier pro Bogen: Pergamin"},"content":{"rendered":"<h3><span style=\"line-height: 1.5em;\">DRACHENPAPIER pro Bogen: Pergamin<\/span><\/h3>\n<h5><span style=\"line-height: 1.5em;\">PRO SATZ | 30 gr\/m\u00b2 &#8211; 100&#215;70 cm | In 11 Farben<\/span><\/h5>\n<p><span style=\"line-height: 1.5em;\">Stabiles, gl\u00e4nzendes Drachenpapier <strong>&#8222;Pergamin&#8220;<\/strong> zum Basteln eigener Drachen oder anderer Sachen. <\/span><\/p>\n<p><span style=\"line-height: 1.5em;\">Erh\u00e4ltlich in 11 Farben: <strong>Wei\u00df-Gelb-Rot-Blau-Hellgr\u00fcn-Orange-Lila-Rosa-Dunkelgr\u00fcn-Goldgelb-Braun<\/strong>.<br \/>\nSie k\u00f6nnen dieses Drachenpapier pro Bogen bestellen. Legen Sie den Bogen in den Warenkorb und w\u00e4hlen Sie die gew\u00fcnschte Farbe und Menge aus.<\/span><\/p>\n<p><span style=\"line-height: 1.5em;\">Wenn Sie mehr ben\u00f6tigen, werfen Sie einen Blick auf das Drachenpapier im 25er-Set.<br \/>\nSie k\u00f6nnen Ihre Wunschfarbe in Sets zu je 25 St\u00fcck bestellen oder sich f\u00fcr ein gemischtes Set \u201e<b>MIX\u201c<\/b> entscheiden, das ein paar B\u00f6gen aller Farben sortiert enth\u00e4lt.<\/span><\/p>\n","protected":false},"excerpt":{"rendered":"<p><span style=\"line-height: 1.5em;\">PRO SATZ | 30 gr\/m\u00b2 &#8211; 100&#215;70 cm | In 11 Farben<\/span><\/p>\n","protected":false},"featured_media":20324,"comment_status":"closed","ping_status":"closed","template":"","meta":{"_acf_changed":false},"product_brand":[],"product_cat":[1385,2154,1348,2165],"product_tag":[],"class_list":{"0":"post-20933","1":"product","2":"type-product","3":"status-publish","4":"has-post-thumbnail","6":"product_cat-drachen-zubehor","7":"product_cat-drachentuch","8":"product_cat-marken","9":"product_cat-wepa","10":"pa_kleur-blauw-de","11":"pa_kleur-bruin-de","12":"pa_kleur-donkergroen-de","13":"pa_kleur-geel-de","14":"pa_kleur-goudgeel-de","15":"pa_kleur-lichtgroen-de","16":"pa_kleur-paars-de","17":"pa_kleur-oranje-de","18":"pa_kleur-pink-de","19":"pa_kleur-rood-de","20":"pa_kleur-wit-de","22":"first","23":"instock","24":"taxable","25":"shipping-taxable","26":"purchasable","27":"product-type-variable"},"acf":[],"_links":{"self":[{"href":"https:\/\/www.wepaflyer.com\/de\/wp-json\/wp\/v2\/product\/20933","targetHints":{"allow":["GET"]}}],"collection":[{"href":"https:\/\/www.wepaflyer.com\/de\/wp-json\/wp\/v2\/product"}],"about":[{"href":"https:\/\/www.wepaflyer.com\/de\/wp-json\/wp\/v2\/types\/product"}],"replies":[{"embeddable":true,"href":"https:\/\/www.wepaflyer.com\/de\/wp-json\/wp\/v2\/comments?post=20933"}],"wp:featuredmedia":[{"embeddable":true,"href":"https:\/\/www.wepaflyer.com\/de\/wp-json\/wp\/v2\/media\/20324"}],"wp:attachment":[{"href":"https:\/\/www.wepaflyer.com\/de\/wp-json\/wp\/v2\/media?parent=20933"}],"wp:term":[{"taxonomy":"product_brand","embeddable":true,"href":"https:\/\/www.wepaflyer.com\/de\/wp-json\/wp\/v2\/product_brand?post=20933"},{"taxonomy":"product_cat","embeddable":true,"href":"https:\/\/www.wepaflyer.com\/de\/wp-json\/wp\/v2\/product_cat?post=20933"},{"taxonomy":"product_tag","embeddable":true,"href":"https:\/\/www.wepaflyer.com\/de\/wp-json\/wp\/v2\/product_tag?post=20933"}],"curies":[{"name":"wp","href":"https:\/\/api.w.org\/{rel}","templated":true}]}}