{"id":20918,"date":"2023-12-22T12:23:17","date_gmt":"2023-12-22T11:23:17","guid":{"rendered":"https:\/\/www.wepaflyer.com\/?post_type=product&#038;p=20918"},"modified":"2026-01-21T13:06:08","modified_gmt":"2026-01-21T12:06:08","slug":"tyvek-overall-1442r","status":"publish","type":"product","link":"https:\/\/www.wepaflyer.com\/de\/produkt\/tyvek-overall-1442r\/","title":{"rendered":"Tyvek OVERALL 1442R (SOFT)"},"content":{"rendered":"<h3>TYVEK OVERALL 1442R (SOFT)<\/h3>\n<h5>Schutzoverall aus Tyvek SOFT |\u00a0 1442R-Qualit\u00e4t | M\/L + XL<\/h5>\n<p>Der perfekte Schutz gegen Schmutz, Wasser, Dampf, leichte Chemikalien usw.<\/p>\n<p>Solide Verarbeitung mit flexiblen Kanten, um die \u00d6ffnungen von \u00c4rmeln, Beinen und Kopf eingen\u00e4htes Gummiband.<\/p>\n<p>Flexible Taille (elastisch) und Rei\u00dfverschluss vom Hals bis zum Nabel, um das An- und Ausziehen sowie den Ein- und Ausstieg zu erleichtern.<\/p>\n<p>Aus eigener Produktion.<\/p>\n<p>(Waschbar).<\/p>\n<p><b>Gr\u00f6\u00dfen<\/b>:\u00a0 M\/L = 170\u2013185 cm &amp; XL = 185\u2013195 cm (Oberkante bis unteres Hosenbein)<\/p>\n<p><b>Mengenrabatte<\/b>; Beim Kauf gr\u00f6\u00dferer Mengen gew\u00e4hren wir folgende Mengenrabatte:<\/p>\n<ul>\n<li><b>ab 5 St\u00fcck: 5%<\/b><\/li>\n<li><b>ab 10 St\u00fcck: 7,5%<\/b><\/li>\n<li><b>ab 25 St\u00fcck: 10%<\/b><\/li>\n<\/ul>\n<p>Der Mengenrabatt wird direkt im Warenkorb abgerechnet.<\/p>\n","protected":false},"excerpt":{"rendered":"<p>Schutzoverall aus Tyvek SOFT |\u00a0 1442R-Qualit\u00e4t | M\/L + XL<\/p>\n","protected":false},"featured_media":20306,"comment_status":"closed","ping_status":"closed","template":"","meta":{"_acf_changed":false},"product_brand":[],"product_cat":[1384,2170],"product_tag":[],"class_list":{"0":"post-20918","1":"product","2":"type-product","3":"status-publish","4":"has-post-thumbnail","6":"product_cat-sale","7":"product_cat-tyvek","8":"pa_grootte-m-l-de-2","9":"pa_grootte-xl-de-2","11":"first","12":"instock","13":"sale","14":"taxable","15":"shipping-taxable","16":"purchasable","17":"product-type-variable"},"acf":[],"_links":{"self":[{"href":"https:\/\/www.wepaflyer.com\/de\/wp-json\/wp\/v2\/product\/20918","targetHints":{"allow":["GET"]}}],"collection":[{"href":"https:\/\/www.wepaflyer.com\/de\/wp-json\/wp\/v2\/product"}],"about":[{"href":"https:\/\/www.wepaflyer.com\/de\/wp-json\/wp\/v2\/types\/product"}],"replies":[{"embeddable":true,"href":"https:\/\/www.wepaflyer.com\/de\/wp-json\/wp\/v2\/comments?post=20918"}],"wp:featuredmedia":[{"embeddable":true,"href":"https:\/\/www.wepaflyer.com\/de\/wp-json\/wp\/v2\/media\/20306"}],"wp:attachment":[{"href":"https:\/\/www.wepaflyer.com\/de\/wp-json\/wp\/v2\/media?parent=20918"}],"wp:term":[{"taxonomy":"product_brand","embeddable":true,"href":"https:\/\/www.wepaflyer.com\/de\/wp-json\/wp\/v2\/product_brand?post=20918"},{"taxonomy":"product_cat","embeddable":true,"href":"https:\/\/www.wepaflyer.com\/de\/wp-json\/wp\/v2\/product_cat?post=20918"},{"taxonomy":"product_tag","embeddable":true,"href":"https:\/\/www.wepaflyer.com\/de\/wp-json\/wp\/v2\/product_tag?post=20918"}],"curies":[{"name":"wp","href":"https:\/\/api.w.org\/{rel}","templated":true}]}}