{"id":20917,"date":"2023-12-22T12:23:14","date_gmt":"2023-12-22T11:23:14","guid":{"rendered":"https:\/\/www.wepaflyer.com\/?post_type=product&#038;p=20917"},"modified":"2026-01-21T13:06:08","modified_gmt":"2026-01-21T12:06:08","slug":"speedwing-x1-klassischer-power-lenkdrachen","status":"publish","type":"product","link":"https:\/\/www.wepaflyer.com\/de\/produkt\/speedwing-x1-klassischer-power-lenkdrachen\/","title":{"rendered":"Speedwing X1 \u2013 Klassischer Power-Lenkdrachen"},"content":{"rendered":"<h3><span style=\"line-height: 1.5em;\">SPEEDWING X1 \u2013 KLASSISCHER POWER-STUNTKITE<\/span><\/h3>\n<h4><span style=\"line-height: 1.5em;\">Einer der Klassiker unter den Lenkdrachen | 120 x 120 cm. | Kite Only oder R2F<\/span><\/h4>\n<h4><strong>Legend\u00e4re Speedwing \u2013 letzte Chance, jetzt zum Hammerpreis!<\/strong><\/h4>\n<p><span style=\"line-height: 1.5em;\"><b>Einer der Klassiker im Allround-Stuntkiten.<\/b><\/span><\/p>\n<p><span style=\"line-height: 1.5em;\">Die Produktion der Speedwings steht seit einiger Zeit unter der Kontrolle von <strong>CX<\/strong> <b>Cross Kites<\/b> und wird auch verkauft unter diesem Label vermarktet.<\/span><\/p>\n<p><span style=\"line-height: 1.5em;\">Der <b>SPEEDWING X1<\/b> ist ein Drachen f\u00fcr extremere Lenkdrachenfl\u00fcge.<\/span><\/p>\n<p><span style=\"line-height: 1.5em;\">Schnell und mit viel Zugskraft bietet der <b>Speedwing X1<\/b> auch die M\u00f6glichkeit, mit anderen X1, in Formation zu fliegen (Stack-Kiting). Alles, was Sie brauchen, sind 3 Verbindungsleinen in 90daN St\u00e4rke in 100cm L\u00e4nge inklusive Schlaufen, plus eventuell st\u00e4rkere Flugleinen, wenn Sie in Formationen von 3, 5, 10 oder mehr fliegen m\u00f6chten. Die Verbindungssets f\u00fcr das Stackkiting des <b>Speedwing X1<\/b> finden Sie ebenfalls hier im Webshop.<\/span><\/p>\n<p><span style=\"line-height: 1.5em;\">Der <b>Speedwing X1<\/b> ist noch in 6 verschiedenen Farben erh\u00e4ltlich. W\u00e4hlen Sie die Farbe, die zu Ihnen passt: <strong>Blue &#8211; Gold &#8211; Green &#8211; Orange &#8211; Seablue &#8211; Yellow<\/strong><\/span><\/p>\n<p><span style=\"line-height: 1.5em;\">Der <b>Speedwing X1<\/b> eignet sich f\u00fcr Einsteiger im Speed- &amp; Leistungsklasse und fliegt optimal bei Windst\u00e4rken zwischen 2 und 7 Bft.<\/span><\/p>\n<p><span style=\"line-height: 1.5em;\">Das Gest\u00e4nge besteht aus 6 mm Kohlefaserrohr in einer L\u00e4nge von 82,5 cm. <\/span><span style=\"line-height: 1.5em;\">Dieser Drachen hat ein Gewicht von ca. 110 Gramm und die empfohlene Flugleinenst\u00e4rke liegt bei ca. 50 daN (beim Formationsflug st\u00e4rkere Leinen verwenden!).<\/span><\/p>\n<p><span style=\"line-height: 1.5em;\"><b>Hinweis!: Dieser Drachen wird sowohl als Kite-Only (ohne Flugleinen und\u00a0 Lenkschlaufen (Straps)) als auch als R2F (Ready-to-Fly) geliefert.<\/b><\/span><\/p>\n<p>Bei der R2F-Version sind HQ Basic Straps &amp; 2&#215;25 Meter Dyneema-Lenkschn\u00fcre in einer St\u00e4rke von 60 daN im Lieferumfang enthalten.<\/p>\n<p><span style=\"line-height: 1.5em;\">Der Drachen ist einzeln in einer sch\u00f6nen und stabilen Transporttasche verpackt.<\/span><\/p>\n<p><span style=\"line-height: 1.5em;\">Empfohlene Schnurst\u00e4rken f\u00fcr den Formationsflug (<b>Stack-Kiting<\/b>) sind:<\/span><\/p>\n<ul>\n<li><b>3er Formation: 75 daN<\/b><\/li>\n<li><b>5er Formation: 110daN<\/b><\/li>\n<li><b>\u00a010er-Formation: 170 daN<\/b><\/li>\n<\/ul>\n","protected":false},"excerpt":{"rendered":"<p><span style=\"line-height: 1.5em;\">SPEEDWING X1 \u2013 KLASSISCHER POWER-STUNTKITE |\u00a0<\/span><span style=\"line-height: 1.5em;\">Einer der Klassiker unter den Lenkdrachen | 120 x 120 cm. | Kite Only oder R2F<\/span><\/p>\n","protected":false},"featured_media":20242,"comment_status":"closed","ping_status":"closed","template":"","meta":{"_acf_changed":false},"product_brand":[],"product_cat":[2168,1396,2169,1348,1384,3556],"product_tag":[],"class_list":{"0":"post-20917","1":"product","2":"type-product","3":"status-publish","4":"has-post-thumbnail","6":"product_cat-cross-kites","7":"product_cat-drachen","8":"product_cat-lenkdrachen","9":"product_cat-marken","10":"product_cat-sale","11":"product_cat-speedwing-de","12":"pa_breedte-cm-120-de","13":"pa_editie-speedwing-x1-blue-de-2","14":"pa_editie-speedwing-x1-blue-r2f-de-2","15":"pa_editie-speedwing-x1-gold-de-2","16":"pa_editie-speedwing-x1-gold-r2f-de-2","17":"pa_editie-speedwing-x1-green-de-2","18":"pa_editie-speedwing-x1-green-r2f-de-2","19":"pa_editie-speedwing-x1-orange-de-2","20":"pa_editie-speedwing-x1-orange-r2f-de-2","21":"pa_editie-speedwing-x1-purple-de-2","22":"pa_editie-speedwing-x1-purple-r2f-de-2","23":"pa_editie-speedwing-x1-red-de-2","24":"pa_editie-speedwing-x1-red-r2f-de-2","25":"pa_editie-speedwing-x1-seablue-de-2","26":"pa_editie-speedwing-x1-seablue-r2f-de-2","27":"pa_editie-speedwing-x1-yellow-de-2","28":"pa_editie-speedwing-x1-yellow-r2f-de-2","29":"pa_kleur-blue-de","30":"pa_kleur-gold-de","31":"pa_kleur-green-de","32":"pa_kleur-orange-de","33":"pa_kleur-purple-de","34":"pa_kleur-red-de","35":"pa_kleur-seablue-de","36":"pa_kleur-yellow-de","37":"pa_lengte-cm-120-de","39":"first","40":"instock","41":"sale","42":"taxable","43":"shipping-taxable","44":"purchasable","45":"product-type-variable"},"acf":[],"_links":{"self":[{"href":"https:\/\/www.wepaflyer.com\/de\/wp-json\/wp\/v2\/product\/20917","targetHints":{"allow":["GET"]}}],"collection":[{"href":"https:\/\/www.wepaflyer.com\/de\/wp-json\/wp\/v2\/product"}],"about":[{"href":"https:\/\/www.wepaflyer.com\/de\/wp-json\/wp\/v2\/types\/product"}],"replies":[{"embeddable":true,"href":"https:\/\/www.wepaflyer.com\/de\/wp-json\/wp\/v2\/comments?post=20917"}],"wp:featuredmedia":[{"embeddable":true,"href":"https:\/\/www.wepaflyer.com\/de\/wp-json\/wp\/v2\/media\/20242"}],"wp:attachment":[{"href":"https:\/\/www.wepaflyer.com\/de\/wp-json\/wp\/v2\/media?parent=20917"}],"wp:term":[{"taxonomy":"product_brand","embeddable":true,"href":"https:\/\/www.wepaflyer.com\/de\/wp-json\/wp\/v2\/product_brand?post=20917"},{"taxonomy":"product_cat","embeddable":true,"href":"https:\/\/www.wepaflyer.com\/de\/wp-json\/wp\/v2\/product_cat?post=20917"},{"taxonomy":"product_tag","embeddable":true,"href":"https:\/\/www.wepaflyer.com\/de\/wp-json\/wp\/v2\/product_tag?post=20917"}],"curies":[{"name":"wp","href":"https:\/\/api.w.org\/{rel}","templated":true}]}}