{"id":20910,"date":"2023-12-22T12:23:13","date_gmt":"2023-12-22T11:23:13","guid":{"rendered":"https:\/\/www.wepaflyer.com\/?post_type=product&#038;p=20910"},"modified":"2026-01-21T13:06:08","modified_gmt":"2026-01-21T12:06:08","slug":"revolution-reflex-xx-vogelspinne","status":"publish","type":"product","link":"https:\/\/www.wepaflyer.com\/de\/produkt\/revolution-reflex-xx-vogelspinne\/","title":{"rendered":"Revolution Reflex XX Vogelspinne"},"content":{"rendered":"<h2>Revolution Reflex XX TARANTULA<\/h2>\n<h3>Revolution REFLEX-Serie mit \u201eAutopilot\u201c \u2013 Wahl der Profis<\/h3>\n<h3>249 x 84 cm<\/p>\n<p>inkl. Carbongriffe; KEINE Zeilen<\/h3>\n<p><b>Reflex XX TARANTULA: Absoluter Funkite und ultimative Kontrolle!! Mit der Tarantula hat die XX-Familie nun endlich eine Starkwind-Variante.<\/b><\/p>\n<p>Ein v\u00f6llig neuer Durchbruch im Kite-Technologiedesign von Revolution!<\/p>\n<p>Die <b>REVOLUTION REFLEX<\/b>-Serie mit \u201eAuto-Pilot\u201c.<\/p>\n<p><b>REFLEX XX \u2013 The Ultimate One<\/b> \u2013 Dynamische Fl\u00fcgelformung, einzigartig und exklusiv f\u00fcr eine Revolution verwendet.<\/p>\n<p>Unser neues Reflex-Design ist die markanteste Entwicklung der letzten Jahrzehnte. Dies ist ein \u201eMust-Have\u201c-Produkt f\u00fcr alle Kiter. Das patentierte Reflex-Design ist ein Durchbruch, der eine bessere Stabilit\u00e4t, eine gr\u00f6\u00dfere Windreichweite und vollst\u00e4ndige Kontrolle bietet, insbesondere unter schwierigen Bedingungen wie extrem leichtem Wind, Turbulenzen und \u201eR\u00e4ndern des Windfensters\u201c.<\/p>\n<p>In der Praxis bedeutet dies, dass der Rev Reflex in Situationen, in denen der Kiter die Kontrolle \u00fcber seinen Kite verliert, automatisch in den Wiederherstellungsmodus \u201eAuto-Pilot\u201c wechselt, sodass der Kite v\u00f6llig selbstst\u00e4ndig in die Mitte des Windfensters zur\u00fcckkehrt.<\/p>\n<p>Die Reflex-Technologie bietet dem Fl\u00fcgel die M\u00f6glichkeit, seine Form w\u00e4hrend des Fluges dynamisch zu \u00e4ndern. Unser neues Stoffdesign Reflex XX ist absolut \u201estressresistent\u201c und mit Streifen ausgestattet. Unsere neue \u201eNo Fray\u201c-Vorderkante ist bei allen Reflex-Modellen im Lieferumfang enthalten. Sowohl der \u201eRX\u201c als auch der \u201eXX\u201c sind mit dem neuen superleichten, supersteifen Reflex 5\/16\u201c-Rahmen ausgestattet. Neue Carbon Light-Griffe mit mehreren Knoteneinstellungen sind bei den RX- und XX-Modellen im Lieferumfang enthalten.<\/p>\n<p>Der Reflex will schweben (schweben)! Eine der wichtigsten F\u00e4higkeiten, die Sie beherrschen m\u00fcssen, um den Rev. zu meistern. Super stabil und ein gro\u00dfes Windfenster von 10-42 Kmh! Macht das Fahren unter allen Bedingungen einfacher und macht mehr Spa\u00df. Scharfere Bewegungen mit effizienter Fl\u00fcgelbelastung.<\/p>\n<p>Schnellere Beschleunigung mit den neuen \u201eReflex steiferen Sch\u00e4ften\u201c.<\/p>\n<p>Super stabiler R\u00fcckw\u00e4rtsflug. Im Grunde entf\u00e4llt der \u201eFl\u00fcgelschlag\u201c.<\/p>\n<p>Entspanntes Flugerlebnis. Einfachere Kontrolle &amp; weniger Schwung.<\/p>\n<p><b>Revolution Reflex (patentierte Technologie) bietet zusammenfassend:<\/b><\/p>\n<p>Beeindruckendes Windfliegen (10-42 km\/h) und ein riesiges Windfenster.<\/p>\n<p>Bei Windst\u00e4rken \u00fcber 13 Kmh mehr Power und mehr Spa\u00df. Als h\u00e4tte man zwei Drachen in einem Reflex! Super stabil und will immer schweben (schweben), gr\u00f6\u00dfere Leinwandfl\u00e4che.<\/p>\n<p>Der Reflex XX in gr\u00f6\u00dferer Form, 249 x 84 cm (Breite x H\u00f6he).<\/p>\n<p>Icarex-Polyestergewebe mit einer nicht ausfransenden Vorderkante und ma\u00dfgeschneiderten Endstopfen.<\/p>\n<p>Benutzerdefinierte Reflex-H\u00fclle\/Tasche (H\u00fclle\/Tasche).<\/p>\n<p>Kite-only wiegt nur 255 Gramm.<\/p>\n<ul>\n<li><b>Niveau: Anf\u00e4nger bis Profis<\/b><\/li>\n<li><b>Windbereich: 10\u201342 km\/h<\/b><\/li>\n<li><b>Fl\u00fcgelspannweite: 249 cm<\/b><\/li>\n<li><b>H\u00f6he: 84 cm<\/b><\/li>\n<li><b>Gewicht: 255 Gramm<\/b><\/li>\n<li><b>Rahmen: Rev Carbonfaser 5\/16\u2033 Reflex<\/b><\/li>\n<\/ul>\n<div>\n<p><b>Mengenrabatte<\/b>; Beim Kauf gr\u00f6\u00dferer Mengen gew\u00e4hren wir folgende Mengenrabatte:<\/p>\n<ul>\n<li><b>ab 2 St\u00fcck: 5%<\/b><\/li>\n<li><b>ab 3 St\u00fcck: 7,5%<\/b><\/li>\n<li><b>ab 5 St\u00fcck: 10%<\/b><\/li>\n<\/ul>\n<p>Der Mengenrabatt wird direkt im Warenkorb abgerechnet.<\/p>\n<\/div>\n","protected":false},"excerpt":{"rendered":"<p>249 x 84 cm inkl. Carbongriffe; KEINE Linien<\/p>\n","protected":false},"featured_media":10663,"comment_status":"closed","ping_status":"closed","template":"","meta":{"_acf_changed":false},"product_brand":[],"product_cat":[1396,1348,2166,2167],"product_tag":[],"class_list":{"0":"post-20910","1":"product","2":"type-product","3":"status-publish","4":"has-post-thumbnail","6":"product_cat-drachen","7":"product_cat-marken","8":"product_cat-quad-line-kites","9":"product_cat-revolution-kites","10":"pa_editie-revolution-reflex-xx-tarantula-de-2","11":"pa_editie-revolution-reflex-xx-tarantula-bluered-de-2","12":"pa_editie-revolution-reflex-xx-tarantula-brightblueblue-de-2","13":"pa_editie-revolution-reflex-xx-tarantula-greenblack-de-2","14":"pa_editie-revolution-reflex-xx-tarantula-limepurple-de-2","15":"pa_editie-revolution-reflex-xx-tarantula-redblack-de-2","16":"pa_editie-revolution-reflex-xx-tarantula-yelloworange-de-2","17":"pa_kleur-tarantula-de","18":"pa_kleur-tarantula-bluered-de","19":"pa_kleur-tarantula-brightblueblue-de","20":"pa_kleur-tarantula-greenblack-de","21":"pa_kleur-tarantula-limepurple-de","22":"pa_kleur-tarantula-redblack-de","23":"pa_kleur-tarantula-yelloworange-de","25":"first","26":"instock","27":"taxable","28":"shipping-taxable","29":"purchasable","30":"product-type-variable"},"acf":[],"_links":{"self":[{"href":"https:\/\/www.wepaflyer.com\/de\/wp-json\/wp\/v2\/product\/20910","targetHints":{"allow":["GET"]}}],"collection":[{"href":"https:\/\/www.wepaflyer.com\/de\/wp-json\/wp\/v2\/product"}],"about":[{"href":"https:\/\/www.wepaflyer.com\/de\/wp-json\/wp\/v2\/types\/product"}],"replies":[{"embeddable":true,"href":"https:\/\/www.wepaflyer.com\/de\/wp-json\/wp\/v2\/comments?post=20910"}],"wp:featuredmedia":[{"embeddable":true,"href":"https:\/\/www.wepaflyer.com\/de\/wp-json\/wp\/v2\/media\/10663"}],"wp:attachment":[{"href":"https:\/\/www.wepaflyer.com\/de\/wp-json\/wp\/v2\/media?parent=20910"}],"wp:term":[{"taxonomy":"product_brand","embeddable":true,"href":"https:\/\/www.wepaflyer.com\/de\/wp-json\/wp\/v2\/product_brand?post=20910"},{"taxonomy":"product_cat","embeddable":true,"href":"https:\/\/www.wepaflyer.com\/de\/wp-json\/wp\/v2\/product_cat?post=20910"},{"taxonomy":"product_tag","embeddable":true,"href":"https:\/\/www.wepaflyer.com\/de\/wp-json\/wp\/v2\/product_tag?post=20910"}],"curies":[{"name":"wp","href":"https:\/\/api.w.org\/{rel}","templated":true}]}}