{"id":20896,"date":"2023-12-22T12:23:10","date_gmt":"2023-12-22T11:23:10","guid":{"rendered":"https:\/\/www.wepaflyer.com\/?post_type=product&#038;p=20896"},"modified":"2026-01-21T13:06:08","modified_gmt":"2026-01-21T12:06:08","slug":"revolution-exp-reflex","status":"publish","type":"product","link":"https:\/\/www.wepaflyer.com\/de\/produkt\/revolution-exp-reflex\/","title":{"rendered":"Revolution EXP Reflex"},"content":{"rendered":"<h2>Revolution EXP Reflex<\/h2>\n<h3>Drachen mit Reflex-Technologie-Stunt<\/h3>\n<h3>236 cm Fl\u00fcgelspannweite<\/p>\n<p>inkl. Griffe; KEINE Zeilen<\/h3>\n<p>Keine vorherige Flugerfahrung erforderlich. Der EXP, unser Basismodell, ist einfacher zu fliegen, als Sie es sich jemals vorstellen k\u00f6nnen. Der 4-Leiner ist ein unglaublich langlebiger EXP und ein fantastischer Spa\u00df f\u00fcr neue Enthusiasten.<\/p>\n<p>Alle unsere Drachen werden mit einer Trainings-DVD geliefert, die alles vom Aufbau bis hin zu bew\u00e4hrten Steuerungstechniken f\u00fcr schnelles Erlernen und fortgeschrittene Bewegungen zeigt. Vorw\u00e4rts, r\u00fcckw\u00e4rts, schweben und im Handumdrehen stoppen &#8230; all das ist mit dem EXP m\u00f6glich.<\/p>\n<p>Der EXP ist jetzt mit der patentierten Revolution Reflex-Technologie ausgestattet!<\/p>\n<p>Die EXP-Verpackung: Drachen, Griffe und Anleitung.<\/p>\n<ul>\n<li><b>Niveau: Anf\u00e4nger<\/b><\/li>\n<li><b>Windbereich: 6\u201333 km\/h<\/b><\/li>\n<li><b>Fl\u00fcgelspannweite: 236 cm<\/b><\/li>\n<li><b>H\u00f6he: 79 cm<\/b><\/li>\n<li><b>Rahmen: 3-fach<\/b><\/li>\n<\/ul>\n<p><b>Mengenrabatte<\/b>; Beim Kauf gr\u00f6\u00dferer Mengen gew\u00e4hren wir folgende Mengenrabatte:<\/p>\n<ul>\n<li><b>ab 2 St\u00fcck: 5%<\/b><\/li>\n<li><b>ab 3 St\u00fcck: 7,5%<\/b><\/li>\n<li><b>ab 5 St\u00fcck: 10%<\/b><\/li>\n<\/ul>\n<p>Der Mengenrabatt wird direkt im Warenkorb abgerechnet.<\/p>\n","protected":false},"excerpt":{"rendered":"<p>236 x 79 cm inkl. Griffe; KEINE Linien<\/p>\n","protected":false},"featured_media":10649,"comment_status":"closed","ping_status":"closed","template":"","meta":{"_acf_changed":false},"product_brand":[],"product_cat":[1396,1348,2166,2167],"product_tag":[],"class_list":{"0":"post-20896","1":"product","2":"type-product","3":"status-publish","4":"has-post-thumbnail","6":"product_cat-drachen","7":"product_cat-marken","8":"product_cat-quad-line-kites","9":"product_cat-revolution-kites","10":"pa_editie-revolution-exp-1-green-black-darkgreen-de-2","11":"pa_editie-revolution-exp-2-yellow-orange-red-de-2","12":"pa_editie-revolution-exp-3-red-black-grey-de-2","13":"pa_editie-revolution-exp-4-lime-blue-black-de-2","14":"pa_editie-revolution-exp-5-blue-darkblue-grey-de-2","15":"pa_editie-revolution-exp-6-red-white-blue-de-2","16":"pa_kleur-blue-darkblue-grey-de","17":"pa_kleur-green-black-darkgreen-de","18":"pa_kleur-lime-blue-black-de","19":"pa_kleur-red-black-grey-de","20":"pa_kleur-red-white-blue-de","21":"pa_kleur-yellow-orange-red-de","23":"first","24":"instock","25":"taxable","26":"shipping-taxable","27":"purchasable","28":"product-type-variable"},"acf":[],"_links":{"self":[{"href":"https:\/\/www.wepaflyer.com\/de\/wp-json\/wp\/v2\/product\/20896","targetHints":{"allow":["GET"]}}],"collection":[{"href":"https:\/\/www.wepaflyer.com\/de\/wp-json\/wp\/v2\/product"}],"about":[{"href":"https:\/\/www.wepaflyer.com\/de\/wp-json\/wp\/v2\/types\/product"}],"replies":[{"embeddable":true,"href":"https:\/\/www.wepaflyer.com\/de\/wp-json\/wp\/v2\/comments?post=20896"}],"wp:featuredmedia":[{"embeddable":true,"href":"https:\/\/www.wepaflyer.com\/de\/wp-json\/wp\/v2\/media\/10649"}],"wp:attachment":[{"href":"https:\/\/www.wepaflyer.com\/de\/wp-json\/wp\/v2\/media?parent=20896"}],"wp:term":[{"taxonomy":"product_brand","embeddable":true,"href":"https:\/\/www.wepaflyer.com\/de\/wp-json\/wp\/v2\/product_brand?post=20896"},{"taxonomy":"product_cat","embeddable":true,"href":"https:\/\/www.wepaflyer.com\/de\/wp-json\/wp\/v2\/product_cat?post=20896"},{"taxonomy":"product_tag","embeddable":true,"href":"https:\/\/www.wepaflyer.com\/de\/wp-json\/wp\/v2\/product_tag?post=20896"}],"curies":[{"name":"wp","href":"https:\/\/api.w.org\/{rel}","templated":true}]}}