{"id":20887,"date":"2023-12-22T12:23:09","date_gmt":"2023-12-22T11:23:09","guid":{"rendered":"https:\/\/www.wepaflyer.com\/?post_type=product&#038;p=20887"},"modified":"2026-01-21T13:06:02","modified_gmt":"2026-01-21T12:06:02","slug":"revolution-adler","status":"publish","type":"product","link":"https:\/\/www.wepaflyer.com\/de\/produkt\/revolution-adler\/","title":{"rendered":"Revolution ADLER"},"content":{"rendered":"<h2>Revolution EAGLE<\/h2>\n<h3>240 x 80 cm. | inkl. Carbongriffe \u2013 KEINE Linien<\/h3>\n<p><strong>Revolution ist seit mehr als 30 Jahren f\u00fchrend in der Sportdrachentechnologie. Unsere neueste Kreation ist der erstaunliche Revolution Eagle Raptor!<\/strong><\/p>\n<p>Ob Sie von der Sch\u00f6nheit und Kraft des Adlers fasziniert sind; Oder Ihr Instinkt verlangt, dass Sie noch einmal hinschauen &#8230; Das Image und die Leistung von Revolution Eagle ziehen die Aufmerksamkeit aller auf sich!<\/p>\n<p>Mit einer Spannweite von 2,5 Metern und einem Gewicht von weniger als 285 Gramm ist die Streckung au\u00dfergew\u00f6hnlich! Erfahrene Rev-Piloten lieben das tolle Handling und Eagle Glide bei sehr leichtem Wind. Wir geben einen Windbereich von null bis etwa 22 km\/h an. Die Struktur besteht aus einem 5\/16-Zoll-Reflexschaft (CFC-Rohr) in der dreiteiligen Vorderkante und Race-Sch\u00e4ften f\u00fcr die vertikalen Stangen.<\/p>\n<p>Mit der Revolution 4-Leinen-Steuerung liegt die Spannung des Drachenfliegens in Ihren H\u00e4nden. Die einfache Drehbewegung des Handgelenks gen\u00fcgt, um ein hohes Ma\u00df an Kontrolle und Pr\u00e4zision zu erreichen, wie Sie in Tausenden von YouTube-Videos \u201eRev Kites\u201c gesehen haben.<\/p>\n<p>Revolutionen werden in Amerika hergestellt und sind mit unserer patentierten Kohlefaser-Achsentechnologie auf Langlebigkeit ausgelegt. Wir verwenden ausschlie\u00dflich Materialien h\u00f6chster Qualit\u00e4t. Beinhaltet ultraleichtes Rip-Stop-Gewebe, Griffe aus Edelstahl und Carbon sowie Carbonfaserrohre in Luft- und Raumfahrtqualit\u00e4t. Unsere hochwertige Spectra-Dyneema-Leine ist eine hochfeste, vorgestreckte 90-Pfund-Testleine, die pr\u00e4zisionsgebunden ist, mit individuell gef\u00e4rbten Bez\u00fcgen und Ready-To-Fly ausgestattet ist. Ihr Revolution ist auf jahrelangen Leistungsgenuss ausgelegt.<\/p>\n<p>Der Revolution Eagle bringt Drachenfliegen auf ein neues Level! Die sofortige Reaktion und die pr\u00e4zise Steuerung sind erstaunlich!! Der Revolution Eagle ahmt realistisch den tats\u00e4chlichen Flug eines Adlers nach, der Erwachsene, Kinder, Hunde und insbesondere V\u00f6gel t\u00e4uscht! Gleiten, gleiten und kreisen Sie in der Thermik, genau wie ein echtes Raubtier. Das Gef\u00fchl, durch die Luft zu gleiten ist&#8230; nun ja, man wird zum Adler.<\/p>\n<p><em><strong>Dies ist nicht nur der n\u00e4chste Schritt, es ist die nat\u00fcrliche Entwicklung des kontrollierten Fluges.<\/strong><\/em><\/p>\n<p><em><strong>Werden Sie zum Revolutionsadler!<\/strong><\/em><\/p>\n<p><b>Revolution EAGLE bietet zusammenfassend:<\/b><\/p>\n<p>Beeindruckendes Leichtwindfliegen (0-25 km\/h) und ein riesiges Windfenster.<\/p>\n<p>Mit einer Fl\u00fcgelspannweite von etwa 240 cm und einem Gewicht von weniger als 283 Gramm bietet der Eagle ein au\u00dfergew\u00f6hnliches Verh\u00e4ltnis von Fl\u00fcgelspannweite zu Gewicht.<\/p>\n<p>Erfahrene Rev-Flyer lieben die erstaunliche Kontrolle und die Gleitf\u00e4higkeit bei sehr leichtem Wind. Der Windbereich wird mit 0 bis 25 km\/h (0 bis 4 Bft.) angegeben. Als Gest\u00e4nge f\u00fcr die Seiten (Kanten) ist das bekannte und steife 5\/16&#8243; Carbonrohr verbaut, f\u00fcr die Seiten (Kanten) der 1\/4&#8243; Race Frame Wird f\u00fcr die eingebauten vertikalen Stangen verwendet.<\/p>\n<ul>\n<li><b>Niveau: Vom erfahrenen Piloten zum Profi<\/b><\/li>\n<li><b>Windbereich: 0\u201325 km\/h<\/b><\/li>\n<li><b>Fl\u00fcgelspannweite: 240 cm<\/b><\/li>\n<li><b>H\u00f6he: 80 cm<\/b><\/li>\n<li><b>Gewicht: 283 Gramm<\/b><\/li>\n<li><b>Rahmen: Rev Carbonfaser 5\/16\u2033 Reflex<\/b><\/li>\n<li><b>8 (acht) verschiedene Augenfarben &#8211; Piercing Blue | W\u00fctendes Rot | Neidgr\u00fcn | Nat\u00fcrliches Gold | Bedrohliches Schwarz | Kakaobraun | Bronzegl\u00fchen | S\u00fc\u00dfes Rosa<\/b><\/li>\n<\/ul>\n<p><b>Mengenrabatte<\/b>; Beim Kauf gr\u00f6\u00dferer Mengen gew\u00e4hren wir folgende Mengenrabatte:<\/p>\n<ul>\n<li><b>ab 2 St\u00fcck: 5%<\/b><\/li>\n<li><b>ab 3 St\u00fcck: 7,5%<\/b><\/li>\n<li><b>ab 5 St\u00fcck: 10%<\/b><\/li>\n<\/ul>\n<p>Der Mengenrabatt wird direkt im Warenkorb abgerechnet.<\/p>\n","protected":false},"excerpt":{"rendered":"<p>240 x 80 cm inkl. Carbongriffe | KEINE Linien<\/p>\n","protected":false},"featured_media":10642,"comment_status":"closed","ping_status":"closed","template":"","meta":{"_acf_changed":false},"product_brand":[],"product_cat":[1396,1348,2166,2167],"product_tag":[],"class_list":{"0":"post-20887","1":"product","2":"type-product","3":"status-publish","4":"has-post-thumbnail","6":"product_cat-drachen","7":"product_cat-marken","8":"product_cat-quad-line-kites","9":"product_cat-revolution-kites","10":"pa_editie-revolution-eagle-angry-red-de-2","11":"pa_editie-revolution-eagle-bronze-glow-de-2","12":"pa_editie-revolution-eagle-cocoa-brown-de-2","13":"pa_editie-revolution-eagle-envy-green-de-2","14":"pa_editie-revolution-eagle-menacing-black-de-2","15":"pa_editie-revolution-eagle-natural-gold-de-2","16":"pa_editie-revolution-eagle-piercing-blue-de-2","17":"pa_editie-revolution-eagle-sweet-pink-de-2","18":"pa_kleur-angre-red-de","19":"pa_kleur-angry-red-de","20":"pa_kleur-bronze-glow-de","21":"pa_kleur-cocoa-brown-de","22":"pa_kleur-envy-green-de","23":"pa_kleur-menacing-black-de","24":"pa_kleur-natural-gold-de","25":"pa_kleur-piercing-blue-de","26":"pa_kleur-sweet-pink-de","28":"first","29":"instock","30":"taxable","31":"shipping-taxable","32":"purchasable","33":"product-type-variable"},"acf":[],"_links":{"self":[{"href":"https:\/\/www.wepaflyer.com\/de\/wp-json\/wp\/v2\/product\/20887","targetHints":{"allow":["GET"]}}],"collection":[{"href":"https:\/\/www.wepaflyer.com\/de\/wp-json\/wp\/v2\/product"}],"about":[{"href":"https:\/\/www.wepaflyer.com\/de\/wp-json\/wp\/v2\/types\/product"}],"replies":[{"embeddable":true,"href":"https:\/\/www.wepaflyer.com\/de\/wp-json\/wp\/v2\/comments?post=20887"}],"wp:featuredmedia":[{"embeddable":true,"href":"https:\/\/www.wepaflyer.com\/de\/wp-json\/wp\/v2\/media\/10642"}],"wp:attachment":[{"href":"https:\/\/www.wepaflyer.com\/de\/wp-json\/wp\/v2\/media?parent=20887"}],"wp:term":[{"taxonomy":"product_brand","embeddable":true,"href":"https:\/\/www.wepaflyer.com\/de\/wp-json\/wp\/v2\/product_brand?post=20887"},{"taxonomy":"product_cat","embeddable":true,"href":"https:\/\/www.wepaflyer.com\/de\/wp-json\/wp\/v2\/product_cat?post=20887"},{"taxonomy":"product_tag","embeddable":true,"href":"https:\/\/www.wepaflyer.com\/de\/wp-json\/wp\/v2\/product_tag?post=20887"}],"curies":[{"name":"wp","href":"https:\/\/api.w.org\/{rel}","templated":true}]}}