{"id":20881,"date":"2023-12-22T12:23:06","date_gmt":"2023-12-22T11:23:06","guid":{"rendered":"https:\/\/www.wepaflyer.com\/?post_type=product&#038;p=20881"},"modified":"2026-01-21T13:06:02","modified_gmt":"2026-01-21T12:06:02","slug":"revolution-1-5-reflex-rx","status":"publish","type":"product","link":"https:\/\/www.wepaflyer.com\/de\/produkt\/revolution-1-5-reflex-rx\/","title":{"rendered":"Revolution 1.5 Reflex RX"},"content":{"rendered":"<h2>Revolution 1.5 Reflex RX<\/h2>\n<h3>Revolution REFLEX-Serie mit \u201eAutopilot\u201c \u2013 Wahl der Profis<\/h3>\n<h3>236 x 79 cm<\/p>\n<p>inkl. Carbongriffe; KEINE Zeilen<\/h3>\n<p>Ein v\u00f6llig neuer Durchbruch im Kite-Technologiedesign von Revolution!<\/p>\n<p>Die <b>REVOLUTION REFLEX<\/b>-Serie mit \u201eAuto-Pilot\u201c.<\/p>\n<p><b>REFLEX<\/b> ist Dynamic Wing Shaping, einzigartig und ausschlie\u00dflich bei einer Revolution verwendet.<\/p>\n<p>Unser neues Reflex-Design ist die markanteste Entwicklung der letzten Jahrzehnte. Dies ist ein \u201eMust-Have\u201c-Produkt f\u00fcr alle Kiter. Das patentierte Reflex-Design ist ein Durchbruch, der eine bessere Stabilit\u00e4t, eine gr\u00f6\u00dfere Windreichweite und vollst\u00e4ndige Kontrolle bietet, insbesondere unter schwierigen Bedingungen wie extrem leichtem Wind, Turbulenzen und \u201eR\u00e4ndern des Windfensters\u201c.<\/p>\n<p>In der Praxis bedeutet dies, dass der Rev Reflex in Situationen, in denen der Kiter die Kontrolle \u00fcber seinen Kite verliert, automatisch in den Wiederherstellungsmodus \u201eAuto-Pilot\u201c wechselt, sodass der Kite v\u00f6llig selbstst\u00e4ndig in die Mitte des Windfensters zur\u00fcckkehrt.<\/p>\n<p>Die Reflex-Technologie bietet dem Fl\u00fcgel die M\u00f6glichkeit, seine Form w\u00e4hrend des Fluges dynamisch zu \u00e4ndern. Unser neues Tuchdesign Reflex RX ist absolut \u201estressresistent\u201c und mit Streifen ausgestattet. Unsere neue \u201eNo Fray\u201c-Vorderkante ist bei allen Reflex-Modellen im Lieferumfang enthalten. Sowohl der \u201eRX\u201c als auch der \u201eXX\u201c sind mit dem neuen superleichten, supersteifen Reflex 5\/16\u201c-Rahmen ausgestattet. Neue Carbon Light-Griffe mit mehreren Knoteneinstellungen sind bei den RX- und XX-Modellen im Lieferumfang enthalten.<\/p>\n<p>Der Reflex will schweben (schweben)! Eine der wichtigsten F\u00e4higkeiten, die Sie beherrschen m\u00fcssen, um den Rev. zu meistern. Super stabil und ein gro\u00dfes Windfenster von 0-33 Kmh! Macht das Fahren unter allen Bedingungen einfacher und macht mehr Spa\u00df. Scharfere Bewegungen mit effizienter Fl\u00fcgelbelastung.<\/p>\n<p>Schnellere Beschleunigung mit den neuen \u201eReflex steiferen Sch\u00e4ften\u201c.<\/p>\n<p>Super stabiler R\u00fcckw\u00e4rtsflug. Im Grunde entf\u00e4llt der \u201eFl\u00fcgelschlag\u201c.<\/p>\n<p>Entspanntes Flugerlebnis. Einfachere Kontrolle &amp; weniger Schwung.<\/p>\n<p><b>Revolution Reflex (patentierte Technologie) bietet zusammenfassend:<\/b><\/p>\n<p>Beeindruckendes Leichtwindfliegen (0-13 Kmh) und ein riesiges Windfenster.<\/p>\n<p>Bei Windst\u00e4rken \u00fcber 13 Kmh mehr Power und mehr Spa\u00df. Als h\u00e4tte man zwei Drachen in einem Reflex! Super stabil und will immer schweben (schweben), gr\u00f6\u00dfere Leinwandfl\u00e4che.<\/p>\n<p>Jetzt in den gleichen Abmessungen wie der 1.5 Classic und der EXP, 236 x 79 cm (Breite x H\u00f6he).<\/p>\n<p>Icarex-Polyestergewebe mit einer nicht ausfransenden Vorderkante und ma\u00dfgeschneiderten Endstopfen.<\/p>\n<p>Benutzerdefinierte Reflex-H\u00fclle\/Tasche (H\u00fclle\/Tasche).<\/p>\n<p>Kite-only wiegt weniger als 255 Gramm.<\/p>\n<ul>\n<li><b>Niveau: Anf\u00e4nger bis Profis<\/b><\/li>\n<li><b>Windbereich: 0\u201323 km\/h<\/b><\/li>\n<li><b>Fl\u00fcgelspannweite: 236 cm<\/b><\/li>\n<li><b>H\u00f6he: 79 cm<\/b><\/li>\n<li><b>Gewicht: 250 Gramm<\/b><\/li>\n<li><b>Rahmen: Rev Carbonfaser 5\/16\u2033 Reflex<\/b><\/li>\n<\/ul>\n<p><b>Mengenrabatte<\/b>; Beim Kauf gr\u00f6\u00dferer Mengen gew\u00e4hren wir folgende Mengenrabatte:<\/p>\n<ul>\n<li><b>ab 2 St\u00fcck: 5%<\/b><\/li>\n<li><b>ab 3 St\u00fcck: 7,5%<\/b><\/li>\n<li><b>ab 5 St\u00fcck: 10%<\/b><\/li>\n<\/ul>\n<p>Der Mengenrabatt wird direkt im Warenkorb abgerechnet.<\/p>\n","protected":false},"excerpt":{"rendered":"<p>236 x 79 cm inkl. Carbongriffe; KEINE Linien<\/p>\n","protected":false},"featured_media":10636,"comment_status":"closed","ping_status":"closed","template":"","meta":{"_acf_changed":false},"product_brand":[],"product_cat":[1396,1348,2166,2167],"product_tag":[],"class_list":{"0":"post-20881","1":"product","2":"type-product","3":"status-publish","4":"has-post-thumbnail","6":"product_cat-drachen","7":"product_cat-marken","8":"product_cat-quad-line-kites","9":"product_cat-revolution-kites","10":"pa_editie-revolution-1-5-reflex-rx-brightblue-de-2","11":"pa_editie-revolution-1-5-reflex-rx-lime-de-2","12":"pa_editie-revolution-1-5-reflex-rx-midnightblue-de-2","13":"pa_editie-revolution-1-5-reflex-rx-purple-de-2","14":"pa_editie-revolution-1-5-reflex-rx-red-de-2","15":"pa_editie-revolution-1-5-reflex-rx-spider-web-one-version-blue-de-2","16":"pa_kleur-brightblue-de","17":"pa_kleur-lime-de","18":"pa_kleur-midnightblue-de","19":"pa_kleur-purple-de","20":"pa_kleur-red-de","21":"pa_kleur-spider-web-de","23":"first","24":"instock","25":"taxable","26":"shipping-taxable","27":"purchasable","28":"product-type-variable"},"acf":[],"_links":{"self":[{"href":"https:\/\/www.wepaflyer.com\/de\/wp-json\/wp\/v2\/product\/20881","targetHints":{"allow":["GET"]}}],"collection":[{"href":"https:\/\/www.wepaflyer.com\/de\/wp-json\/wp\/v2\/product"}],"about":[{"href":"https:\/\/www.wepaflyer.com\/de\/wp-json\/wp\/v2\/types\/product"}],"replies":[{"embeddable":true,"href":"https:\/\/www.wepaflyer.com\/de\/wp-json\/wp\/v2\/comments?post=20881"}],"wp:featuredmedia":[{"embeddable":true,"href":"https:\/\/www.wepaflyer.com\/de\/wp-json\/wp\/v2\/media\/10636"}],"wp:attachment":[{"href":"https:\/\/www.wepaflyer.com\/de\/wp-json\/wp\/v2\/media?parent=20881"}],"wp:term":[{"taxonomy":"product_brand","embeddable":true,"href":"https:\/\/www.wepaflyer.com\/de\/wp-json\/wp\/v2\/product_brand?post=20881"},{"taxonomy":"product_cat","embeddable":true,"href":"https:\/\/www.wepaflyer.com\/de\/wp-json\/wp\/v2\/product_cat?post=20881"},{"taxonomy":"product_tag","embeddable":true,"href":"https:\/\/www.wepaflyer.com\/de\/wp-json\/wp\/v2\/product_tag?post=20881"}],"curies":[{"name":"wp","href":"https:\/\/api.w.org\/{rel}","templated":true}]}}