{"id":20880,"date":"2023-12-22T12:23:04","date_gmt":"2023-12-22T11:23:04","guid":{"rendered":"https:\/\/www.wepaflyer.com\/?post_type=product&#038;p=20880"},"modified":"2026-01-21T13:05:59","modified_gmt":"2026-01-21T12:05:59","slug":"parakite-5000-old-school","status":"publish","type":"product","link":"https:\/\/www.wepaflyer.com\/de\/produkt\/parakite-5000-old-school\/","title":{"rendered":"ParaKite 5000 Old School Power Kite"},"content":{"rendered":"<h3 id=\"tw-target-text\" class=\"tw-data-text tw-text-large tw-ta\" dir=\"ltr\" data-placeholder=\"Vertaling\" aria-label=\"Vertaalde tekst: PARAKITE 3500 OUDE SCHOOL 340cm. Spanwijdte | 3,0 m\u00b2 Stuurmat, 2-lijns. Bijzonder krachtige stuurmat voor ervaren beginners, gevorderden en waaghalzen. Oldschool straight-ahead powerkite. Als er een stevige bries staat, heb je je handen meer dan vol... Gemaakt van robuust spinnakerdoek in het ontwerp zoals afgebeeld. Kite wordt R2F (Ready-to-Fly) geleverd met Dyneema stuurlijnenset 140kg op winder en extra grote superzacht gevoerde stuurlussen \u201cLibre BIG-One\u201d voor eindeloos vliegerplezier. Als powerkiten jouw ding is en je gemakkelijk wilt genieten van de kracht van wind en vliegers, dan is deze kite een uitstekende keuze! Verpakt in een eenvoudige draagtas.\" data-ved=\"2ahUKEwjh9p6Q4tmJAxW1hf0HHZcmL8kQ3ewLegQICRAU\"><span class=\"Y2IQFc\" lang=\"nl\">PARAKITE 5000 OLD SCHOOL | R2F<\/span><\/h3>\n<h4 class=\"tw-data-text tw-text-large tw-ta\" dir=\"ltr\" data-placeholder=\"Vertaling\" aria-label=\"Vertaalde tekst: PARAKITE 3500 OUDE SCHOOL 340cm. Spanwijdte | 3,0 m\u00b2 Stuurmat, 2-lijns. Bijzonder krachtige stuurmat voor ervaren beginners, gevorderden en waaghalzen. Oldschool straight-ahead powerkite. Als er een stevige bries staat, heb je je handen meer dan vol... Gemaakt van robuust spinnakerdoek in het ontwerp zoals afgebeeld. Kite wordt R2F (Ready-to-Fly) geleverd met Dyneema stuurlijnenset 140kg op winder en extra grote superzacht gevoerde stuurlussen \u201cLibre BIG-One\u201d voor eindeloos vliegerplezier. Als powerkiten jouw ding is en je gemakkelijk wilt genieten van de kracht van wind en vliegers, dan is deze kite een uitstekende keuze! Verpakt in een eenvoudige draagtas.\" data-ved=\"2ahUKEwjh9p6Q4tmJAxW1hf0HHZcmL8kQ3ewLegQICRAU\"><span class=\"Y2IQFc\" lang=\"nl\">PARAKITE 5000 OLD SCHOOL | R2F | 490cm. Spannweite | 4,5 m\u00b2 Lenkmatte | 2-Leiner<\/span><\/h4>\n<p class=\"tw-data-text tw-text-large tw-ta\" dir=\"ltr\" data-placeholder=\"Translation\" aria-label=\"\u00dcbersetzter Text: PARAKITE 3500 OLD SCHOOL 340cm. Spannweite | 3,0 m\u00b2 Lenkung Matte, 2-zeilig. Besonders leistungsstarke Lenkmatte f\u00fcr erfahrene Einsteiger, Fortgeschrittene und Draufg\u00e4nger Es weht eine starke Brise, Sie haben alle H\u00e4nde voll zu tun... Hergestellt aus robustem Spinnakertuch im abgebildeten Design. Kite R2F (Ready-to-Fly) wird mit Dyneema-Steuerleinensatz 140 kg auf Wickler und extra gro\u00dfem Super geliefert Weich gepolsterte Lenkschlaufen. \u201eLibre BIG-One\u201c f\u00fcr endlosen Drachenflugspa\u00df. Wenn Sie Powerkiten m\u00f6gen und die Kraft von Wind und Drachen einfach genie\u00dfen m\u00f6chten, ist dieser Drachen eine ausgezeichnete Wahl! eine einfache Tragetasche.\u201c data-ved=\"><span class=\"Y2IQFc\" lang=\"nl\">Extrem leistungsstarke Lenkmatte f\u00fcr erfahrene Anf\u00e4nger, Fortgeschrittene und Draufg\u00e4nger.<\/span><\/p>\n<p class=\"tw-data-text tw-text-large tw-ta\" dir=\"ltr\" data-placeholder=\"Translation\" aria-label=\"\u00dcbersetzter Text: PARAKITE 3500 OLD SCHOOL 340cm. Spannweite | 3,0 m\u00b2 Lenkung Matte, 2-zeilig. Besonders leistungsstarke Lenkmatte f\u00fcr erfahrene Einsteiger, Fortgeschrittene und Draufg\u00e4nger Es weht eine starke Brise, Sie haben alle H\u00e4nde voll zu tun... Hergestellt aus robustem Spinnakertuch im abgebildeten Design. Kite R2F (Ready-to-Fly) wird mit Dyneema-Steuerleinensatz 140 kg auf Wickler und extra gro\u00dfem Super geliefert Weich gepolsterte Lenkschlaufen. \u201eLibre BIG-One\u201c f\u00fcr endlosen Drachenflugspa\u00df. Wenn Sie Powerkiten m\u00f6gen und die Kraft von Wind und Drachen einfach genie\u00dfen m\u00f6chten, ist dieser Drachen eine ausgezeichnete Wahl! eine einfache Tragetasche.\u201c data-ved=\"><strong><span class=\"Y2IQFc\" lang=\"nl\">OldSchool Geradeaus-Powerdrachen.<\/span><\/strong><\/p>\n<p class=\"tw-data-text tw-text-large tw-ta\" dir=\"ltr\" data-placeholder=\"Translation\" aria-label=\"\u00dcbersetzter Text: PARAKITE 3500 OLD SCHOOL 340cm. Spannweite | 3,0 m\u00b2 Lenkung Matte, 2-zeilig. Besonders leistungsstarke Lenkmatte f\u00fcr erfahrene Einsteiger, Fortgeschrittene und Draufg\u00e4nger Es weht eine starke Brise, Sie haben alle H\u00e4nde voll zu tun... Hergestellt aus robustem Spinnakertuch im abgebildeten Design. Kite R2F (Ready-to-Fly) wird mit Dyneema-Steuerleinensatz 140 kg auf Wickler und extra gro\u00dfem Super geliefert Weich gepolsterte Lenkschlaufen. \u201eLibre BIG-One\u201c f\u00fcr endlosen Drachenflugspa\u00df. Wenn Sie Powerkiten m\u00f6gen und die Kraft von Wind und Drachen einfach genie\u00dfen m\u00f6chten, ist dieser Drachen eine ausgezeichnete Wahl! eine einfache Tragetasche.\u201c data-ved=\"><span class=\"Y2IQFc\" lang=\"nl\"><span>Bei flinker Brise hat man alle H\u00e4nde voll zu tun, bei starkem Wind wird es zu einer echten Herausforderung\u2026<\/span><\/span><\/p>\n<p>Hergestellt aus robustem Spinnakertuch im abgebildeten Design.<\/p>\n<p><strong>Der Drachen wird R2F (Ready-to-Fly) mit passendem Dyneema-Lenkset von 140-160 kg auf Wickelgriff und gepolsterten Lenkschlaufen \u201eLibre Classic\u201c f\u00fcr endlosen Drachenflugspa\u00df geliefert. <\/strong><\/p>\n<p class=\"tw-data-text tw-text-large tw-ta\" dir=\"ltr\" data-placeholder=\"Translation\" aria-label=\"\u00dcbersetzter Text: PARAKITE 3500 OLD SCHOOL 340cm. Spannweite | 3,0 m\u00b2 Lenkung Matte, 2-zeilig. Besonders leistungsstarke Lenkmatte f\u00fcr erfahrene Einsteiger, Fortgeschrittene und Draufg\u00e4nger Es weht eine starke Brise, Sie haben alle H\u00e4nde voll zu tun... Hergestellt aus robustem Spinnakertuch im abgebildeten Design. Kite R2F (Ready-to-Fly) wird mit Dyneema-Steuerleinensatz 140 kg auf Wickler und extra gro\u00dfem Super geliefert Weich gepolsterte Lenkschlaufen. \u201eLibre BIG-One\u201c f\u00fcr endlosen Drachenflugspa\u00df. Wenn Sie Powerkiten m\u00f6gen und die Kraft von Wind und Drachen einfach genie\u00dfen m\u00f6chten, ist dieser Drachen eine ausgezeichnete Wahl! eine einfache Tragetasche.\u201c data-ved=\"><span class=\"Y2IQFc\" lang=\"nl\">Wenn Powerkiten Ihr Ding ist und Sie die Kraft von Wind und Drachen einfach genie\u00dfen m\u00f6chten, dann ist dieser Drachen eine ausgezeichnete Wahl!<\/span><\/p>\n<p dir=\"ltr\" data-placeholder=\"\u00dcbersetzung\" aria-label=\"\u00dcbersetzter Text: PARAKITE 3500 OLD SCHOOL 340cm. Spannweite | 3,0 m\u00b2 Lenkmatte, 2-leinig. Besonders leistungsstarke Lenkmatte f\u00fcr erfahrene Anf\u00e4nger, Fortgeschrittene und Draufg\u00e4nger Geradeaus-Power-Drachen der alten Schule Wenn eine starke Brise weht, haben Sie alle H\u00e4nde voll zu tun... Aus robustem Material Spinnakertuch im abgebildeten Design. Der Kite wird R2F (Ready-to-Fly) mit Dyneema-Steuerleinensatz 140 kg auf der Winde und extra gro\u00dfen, superweich gepolsterten Steuerschlaufen \u201eLibre BIG-One\u201c f\u00fcr endlosen Drachenflugspa\u00df mit der Kraft von geliefert Wind und Drachen, dann ist dieser Drachen eine ausgezeichnete Wahl, verpackt in einer einfachen Tragetasche. data-ved=\"><strong>Jetzt oder nie!<\/strong><\/p>\n<p class=\"tw-data-text tw-text-large tw-ta\" dir=\"ltr\" data-placeholder=\"Translation\" aria-label=\"\u00dcbersetzter Text: PARAKITE 3500 OLD SCHOOL 340cm. Spannweite | 3,0 m\u00b2 Lenkung Matte, 2-zeilig. Besonders leistungsstarke Lenkmatte f\u00fcr erfahrene Einsteiger, Fortgeschrittene und Draufg\u00e4nger Es weht eine starke Brise, Sie haben alle H\u00e4nde voll zu tun... Hergestellt aus robustem Spinnakertuch im abgebildeten Design. Kite R2F (Ready-to-Fly) wird mit Dyneema-Steuerleinensatz 140 kg auf Wickler und extra gro\u00dfem Super geliefert Weich gepolsterte Lenkschlaufen. \u201eLibre BIG-One\u201c f\u00fcr endlosen Drachenflugspa\u00df. Wenn Sie Powerkiten m\u00f6gen und die Kraft von Wind und Drachen einfach genie\u00dfen m\u00f6chten, ist dieser Drachen eine ausgezeichnete Wahl! eine einfache Tragetasche.\u201c data-ved=\"><span class=\"Y2IQFc\" lang=\"nl\">Verpackt in einer einfachen Tragetasche.<\/span><\/p>\n","protected":false},"excerpt":{"rendered":"<p class=\"tw-data-text tw-text-large tw-ta\" dir=\"ltr\" data-placeholder=\"Vertaling\" aria-label=\"Vertaalde tekst: PARAKITE 3500 OUDE SCHOOL 340cm. Spanwijdte | 3,0 m\u00b2 Stuurmat, 2-lijns. Bijzonder krachtige stuurmat voor ervaren beginners, gevorderden en waaghalzen. Oldschool straight-ahead powerkite. Als er een stevige bries staat, heb je je handen meer dan vol... Gemaakt van robuust spinnakerdoek in het ontwerp zoals afgebeeld. Kite wordt R2F (Ready-to-Fly) geleverd met Dyneema stuurlijnenset 140kg op winder en extra grote superzacht gevoerde stuurlussen \u201cLibre BIG-One\u201d voor eindeloos vliegerplezier. Als powerkiten jouw ding is en je gemakkelijk wilt genieten van de kracht van wind en vliegers, dan is deze kite een uitstekende keuze! Verpakt in een eenvoudige draagtas.\" data-ved=\"2ahUKEwjh9p6Q4tmJAxW1hf0HHZcmL8kQ3ewLegQICRAU\"><span class=\"Y2IQFc\" lang=\"nl\">PARAKITE 5000 OLD SCHOOL | R2F | 490cm. Spannweite | 4,5 m\u00b2 Lenkmatte | 2-Leiner<\/span><\/p>\n","protected":false},"featured_media":20128,"comment_status":"closed","ping_status":"closed","template":"","meta":{"_acf_changed":false},"product_brand":[],"product_cat":[2164,1348,1372,1384,2165],"product_tag":[],"class_list":{"0":"post-20880","1":"product","2":"type-product","3":"status-publish","4":"has-post-thumbnail","6":"product_cat-2-leiner-lenkmatten","7":"product_cat-marken","8":"product_cat-powerkites","9":"product_cat-sale","10":"product_cat-wepa","12":"first","13":"instock","14":"sale","15":"taxable","16":"shipping-taxable","17":"purchasable","18":"product-type-simple"},"acf":[],"_links":{"self":[{"href":"https:\/\/www.wepaflyer.com\/de\/wp-json\/wp\/v2\/product\/20880","targetHints":{"allow":["GET"]}}],"collection":[{"href":"https:\/\/www.wepaflyer.com\/de\/wp-json\/wp\/v2\/product"}],"about":[{"href":"https:\/\/www.wepaflyer.com\/de\/wp-json\/wp\/v2\/types\/product"}],"replies":[{"embeddable":true,"href":"https:\/\/www.wepaflyer.com\/de\/wp-json\/wp\/v2\/comments?post=20880"}],"wp:featuredmedia":[{"embeddable":true,"href":"https:\/\/www.wepaflyer.com\/de\/wp-json\/wp\/v2\/media\/20128"}],"wp:attachment":[{"href":"https:\/\/www.wepaflyer.com\/de\/wp-json\/wp\/v2\/media?parent=20880"}],"wp:term":[{"taxonomy":"product_brand","embeddable":true,"href":"https:\/\/www.wepaflyer.com\/de\/wp-json\/wp\/v2\/product_brand?post=20880"},{"taxonomy":"product_cat","embeddable":true,"href":"https:\/\/www.wepaflyer.com\/de\/wp-json\/wp\/v2\/product_cat?post=20880"},{"taxonomy":"product_tag","embeddable":true,"href":"https:\/\/www.wepaflyer.com\/de\/wp-json\/wp\/v2\/product_tag?post=20880"}],"curies":[{"name":"wp","href":"https:\/\/api.w.org\/{rel}","templated":true}]}}